{"id":399,"date":"2015-10-29T14:16:35","date_gmt":"2015-10-29T13:16:35","guid":{"rendered":"http:\/\/semmelweis.hu\/molecularimaging\/?page_id=399"},"modified":"2022-03-24T14:52:36","modified_gmt":"2022-03-24T13:52:36","slug":"fobi","status":"publish","type":"page","link":"https:\/\/semmelweis.hu\/molecularimaging\/muszerek\/fobi\/","title":{"rendered":"FOBI"},"content":{"rendered":"<p style=\"text-align: justify\">A FOBI egy teljes test\u00a0 k\u00e9palkot\u00e1sra alkalmas eszk\u00f6z.<img loading=\"lazy\" decoding=\"async\" class=\"wp-image-748 alignright\" src=\"https:\/\/semmelweis.hu\/molecularimaging\/files\/2015\/12\/IMG_0980-e1449227467562-1024x768.jpg\" alt=\"IMG_0980\" width=\"336\" height=\"252\" srcset=\"https:\/\/semmelweis.hu\/molecularimaging\/files\/2015\/12\/IMG_0980-e1449227467562-1024x768.jpg 1024w, https:\/\/semmelweis.hu\/molecularimaging\/files\/2015\/12\/IMG_0980-e1449227467562-300x225.jpg 300w, https:\/\/semmelweis.hu\/molecularimaging\/files\/2015\/12\/IMG_0980-e1449227467562-400x300.jpg 400w\" sizes=\"auto, (max-width: 336px) 100vw, 336px\" \/> A FOBI seg\u00edts\u00e9g\u00e9vel a k\u00e9k-z\u00f6ld tartom\u00e1nyt\u00f3l a k\u00f6zeli infrav\u00f6r\u00f6s tartom\u00e1nyig is sikeresen detekt\u00e1lhatunk (400-800 nm). A fluoreszcens gerjeszt\u00e9st LED-ek seg\u00edts\u00e9g\u00e9vel biztos\u00edthatjuk 450 \u00e9s 650 nanom\u00e9teren. A m\u0171szer egyszer\u0171 kialak\u00edt\u00e1sa \u00e9s optim\u00e1lis programja lehet\u0151v\u00e9 teszi a k\u00f6nny\u0171 haszn\u00e1latot \u00e9s gyors adatelemz\u00e9st.<\/p>\n","protected":false},"excerpt":{"rendered":"<p>A FOBI egy teljes test\u00a0 k\u00e9palkot\u00e1sra alkalmas eszk\u00f6z. A FOBI seg\u00edts\u00e9g\u00e9vel a k\u00e9k-z\u00f6ld tartom\u00e1nyt\u00f3l a k\u00f6zeli infrav\u00f6r\u00f6s tartom\u00e1nyig is sikeresen detekt\u00e1lhatunk (400-800 nm). A fluoreszcens gerjeszt\u00e9st LED-ek seg\u00edts\u00e9g\u00e9vel biztos\u00edthatjuk 450 \u00e9s 650 nanom\u00e9teren. A m\u0171szer egyszer\u0171 kialak\u00edt\u00e1sa \u00e9s optim\u00e1lis programja lehet\u0151v\u00e9 teszi a k\u00f6nny\u0171 haszn\u00e1latot \u00e9s gyors adatelemz\u00e9st.<\/p>\n","protected":false},"author":320,"featured_media":0,"parent":12,"menu_order":5,"comment_status":"closed","ping_status":"closed","template":"","meta":{"_acf_changed":false,"footnotes":""},"categories":[],"tags":[],"class_list":["post-399","page","type-page","status-publish","hentry"],"acf":[],"_links":{"self":[{"href":"https:\/\/semmelweis.hu\/molecularimaging\/wp-json\/wp\/v2\/pages\/399","targetHints":{"allow":["GET"]}}],"collection":[{"href":"https:\/\/semmelweis.hu\/molecularimaging\/wp-json\/wp\/v2\/pages"}],"about":[{"href":"https:\/\/semmelweis.hu\/molecularimaging\/wp-json\/wp\/v2\/types\/page"}],"author":[{"embeddable":true,"href":"https:\/\/semmelweis.hu\/molecularimaging\/wp-json\/wp\/v2\/users\/320"}],"replies":[{"embeddable":true,"href":"https:\/\/semmelweis.hu\/molecularimaging\/wp-json\/wp\/v2\/comments?post=399"}],"version-history":[{"count":10,"href":"https:\/\/semmelweis.hu\/molecularimaging\/wp-json\/wp\/v2\/pages\/399\/revisions"}],"predecessor-version":[{"id":1673,"href":"https:\/\/semmelweis.hu\/molecularimaging\/wp-json\/wp\/v2\/pages\/399\/revisions\/1673"}],"up":[{"embeddable":true,"href":"https:\/\/semmelweis.hu\/molecularimaging\/wp-json\/wp\/v2\/pages\/12"}],"wp:attachment":[{"href":"https:\/\/semmelweis.hu\/molecularimaging\/wp-json\/wp\/v2\/media?parent=399"}],"wp:term":[{"taxonomy":"category","embeddable":true,"href":"https:\/\/semmelweis.hu\/molecularimaging\/wp-json\/wp\/v2\/categories?post=399"},{"taxonomy":"post_tag","embeddable":true,"href":"https:\/\/semmelweis.hu\/molecularimaging\/wp-json\/wp\/v2\/tags?post=399"}],"curies":[{"name":"wp","href":"https:\/\/api.w.org\/{rel}","templated":true}]}}