{"id":389,"date":"2015-10-29T14:00:42","date_gmt":"2015-10-29T13:00:42","guid":{"rendered":"http:\/\/semmelweis.hu\/molecularimaging\/?page_id=389"},"modified":"2015-12-11T10:28:46","modified_gmt":"2015-12-11T09:28:46","slug":"cellvizio-dual-band","status":"publish","type":"page","link":"https:\/\/semmelweis.hu\/molecularimaging\/muszerek\/cellvizio-dual-band\/","title":{"rendered":"CellVizio Dual Band"},"content":{"rendered":"<p style=\"text-align: justify\">A CellVizio Dual Band egy endoszk\u00f3pba <img loading=\"lazy\" decoding=\"async\" class=\"alignright\" src=\"https:\/\/semmelweis.hu\/hirek\/files\/2014\/08\/RS21436_KA-20140807-IMG_2878-szigeti-krisztian-interju-scr-600x400.jpg\" alt=\"RS21436_KA-20140807-IMG_2878-szigeti-krisztian-interju-scr\" width=\"367\" height=\"244\" \/>\u00e9p\u00edtett, k\u00e9t k\u00fcl\u00f6nb\u00f6z\u0151 hull\u00e1mhosszon\u00a0(Ex: 490 \u00e9s 660 nm) m\u0171k\u00f6d\u0151 konfok\u00e1lis mikroszk\u00f3p, ami az eddig alkalmazott k\u00e9sz\u00fcl\u00e9kekn\u00e9l j\u00f3val nagyobb felbont\u00e1s\u00fa, ak\u00e1r sejtszint\u0171 mozg\u00f3k\u00e9pet \u00e1ll\u00edt el\u0151, 10-50 felv\u00e9telt k\u00e9sz\u00edtve m\u00e1sodpercenk\u00e9nt. A nagyfelbont\u00e1s\u00fa k\u00e9palkot\u00e1sra alkalmas video-mikroszk\u00f3p az\u00e9rt k\u00fcl\u00f6nleges, mert b\u00e1rmilyen sz\u00f6vet val\u00f3s idej\u0171 el\u00e9r\u00e9s\u00e9t lehet\u0151v\u00e9 teszi, vagyis l\u00e1that\u00f3v\u00e1 v\u00e1lnak a szervezeten bel\u00fcl zajl\u00f3 folyamatok. Az optikai sz\u00e1lakat a term\u00e9szetes testny\u00edl\u00e1sokon, illetve ha sz\u00fcks\u00e9ges, lyukbemetsz\u00e9sen kereszt\u00fcl endoszk\u00f3ppal vezetik\u00a0az \u00e1llatmodellbe, majd az \u00e9rintett ter\u00fclet (p\u00e9ld\u00e1ul egy tumor k\u00f6zel\u00e9ben fut\u00f3 \u00e9rh\u00e1l\u00f3zat, \u00edgy a daganat fejl\u0151d\u00e9se) l\u00e1that\u00f3v\u00e1 v\u00e1lik a saj\u00e1t optikai tulajdons\u00e1gai r\u00e9v\u00e9n, vagy a fest\u00e9kanyag bevitel\u00e9t k\u00f6vet\u0151en. A sejtszint\u0171 m\u0171k\u00f6d\u00e9st, nanor\u00e9szecsk\u00e9ket, ereket, agyi strukt\u00far\u00e1kat \u00e9s szinte b\u00e1rmilyen \u00e9l\u0151 sz\u00f6vetet vizsg\u00e1l\u00f3 berendez\u00e9s a jelenleg el\u00e9rhet\u0151 legkisebb m\u00e9ret\u0171 video-mikroszk\u00f3p, amit nagyfelbont\u00e1s\u00fa k\u00e9palkot\u00e1sra terveztek. Felhaszn\u00e1l\u00e1si ter\u00fclete igen sz\u00e9les: a neurol\u00f3gia \u00e9s az onkol\u00f3gia, mint klasszikus k\u00e9palkot\u00e1si ter\u00fclet mellett p\u00e9ld\u00e1ul gyullad\u00e1sos folyamatok vizsg\u00e1lat\u00e1ra is alkalmas. A klinikumban e m\u00f3dszer kev\u00e9sb\u00e9 kifinomult v\u00e1ltozat\u00e1t haszn\u00e1lj\u00e1k, mint optikai biopszi\u00e1t.<\/p>\n<p>&nbsp;<\/p>\n","protected":false},"excerpt":{"rendered":"<p>A CellVizio Dual Band egy endoszk\u00f3pba \u00e9p\u00edtett, k\u00e9t k\u00fcl\u00f6nb\u00f6z\u0151 hull\u00e1mhosszon\u00a0(Ex: 490 \u00e9s 660 nm) m\u0171k\u00f6d\u0151 konfok\u00e1lis mikroszk\u00f3p, ami az eddig alkalmazott k\u00e9sz\u00fcl\u00e9kekn\u00e9l j\u00f3val nagyobb felbont\u00e1s\u00fa, ak\u00e1r sejtszint\u0171 mozg\u00f3k\u00e9pet \u00e1ll\u00edt el\u0151, 10-50 felv\u00e9telt k\u00e9sz\u00edtve m\u00e1sodpercenk\u00e9nt. A nagyfelbont\u00e1s\u00fa k\u00e9palkot\u00e1sra alkalmas video-mikroszk\u00f3p az\u00e9rt k\u00fcl\u00f6nleges, mert b\u00e1rmilyen sz\u00f6vet val\u00f3s idej\u0171 el\u00e9r\u00e9s\u00e9t lehet\u0151v\u00e9 teszi, vagyis l\u00e1that\u00f3v\u00e1 v\u00e1lnak a szervezeten bel\u00fcl &hellip;<\/p>\n","protected":false},"author":320,"featured_media":0,"parent":12,"menu_order":4,"comment_status":"closed","ping_status":"closed","template":"","meta":{"_acf_changed":false,"footnotes":""},"categories":[],"tags":[],"class_list":["post-389","page","type-page","status-publish","hentry"],"acf":[],"_links":{"self":[{"href":"https:\/\/semmelweis.hu\/molecularimaging\/wp-json\/wp\/v2\/pages\/389","targetHints":{"allow":["GET"]}}],"collection":[{"href":"https:\/\/semmelweis.hu\/molecularimaging\/wp-json\/wp\/v2\/pages"}],"about":[{"href":"https:\/\/semmelweis.hu\/molecularimaging\/wp-json\/wp\/v2\/types\/page"}],"author":[{"embeddable":true,"href":"https:\/\/semmelweis.hu\/molecularimaging\/wp-json\/wp\/v2\/users\/320"}],"replies":[{"embeddable":true,"href":"https:\/\/semmelweis.hu\/molecularimaging\/wp-json\/wp\/v2\/comments?post=389"}],"version-history":[{"count":10,"href":"https:\/\/semmelweis.hu\/molecularimaging\/wp-json\/wp\/v2\/pages\/389\/revisions"}],"predecessor-version":[{"id":844,"href":"https:\/\/semmelweis.hu\/molecularimaging\/wp-json\/wp\/v2\/pages\/389\/revisions\/844"}],"up":[{"embeddable":true,"href":"https:\/\/semmelweis.hu\/molecularimaging\/wp-json\/wp\/v2\/pages\/12"}],"wp:attachment":[{"href":"https:\/\/semmelweis.hu\/molecularimaging\/wp-json\/wp\/v2\/media?parent=389"}],"wp:term":[{"taxonomy":"category","embeddable":true,"href":"https:\/\/semmelweis.hu\/molecularimaging\/wp-json\/wp\/v2\/categories?post=389"},{"taxonomy":"post_tag","embeddable":true,"href":"https:\/\/semmelweis.hu\/molecularimaging\/wp-json\/wp\/v2\/tags?post=389"}],"curies":[{"name":"wp","href":"https:\/\/api.w.org\/{rel}","templated":true}]}}