{"id":384,"date":"2015-10-29T13:39:29","date_gmt":"2015-10-29T12:39:29","guid":{"rendered":"http:\/\/semmelweis.hu\/molecularimaging\/?page_id=384"},"modified":"2022-03-24T14:55:49","modified_gmt":"2022-03-24T13:55:49","slug":"nanox-ct","status":"publish","type":"page","link":"https:\/\/semmelweis.hu\/molecularimaging\/muszerek\/nanox-ct\/","title":{"rendered":"NanoX-CT"},"content":{"rendered":"<p style=\"text-align: justify\"><span style=\"color: #000000\">A NanoX-CT egy<img loading=\"lazy\" decoding=\"async\" class=\"wp-image-739 alignright\" src=\"https:\/\/semmelweis.hu\/molecularimaging\/files\/2015\/11\/NanoXCT-e1448890944836-1024x769.jpg\" alt=\"NanoXCT\" width=\"335\" height=\"252\" srcset=\"https:\/\/semmelweis.hu\/molecularimaging\/files\/2015\/11\/NanoXCT-e1448890944836-1024x769.jpg 1024w, https:\/\/semmelweis.hu\/molecularimaging\/files\/2015\/11\/NanoXCT-e1448890944836-300x225.jpg 300w, https:\/\/semmelweis.hu\/molecularimaging\/files\/2015\/11\/NanoXCT-e1448890944836-400x300.jpg 400w\" sizes=\"auto, (max-width: 335px) 100vw, 335px\" \/>alacsony d\u00f3zis\u00fa \u00e9s nagy felbont\u00e1s\u00fa kis\u00e1llat k\u00e9palkot\u00f3 rendszer. A voxel m\u00e9rettartom\u00e1ny (11-34 mikron k\u00f6z\u00f6tt), \u00e9s a v\u00e1ltoztathat\u00f3 zoomol\u00e1s lehet\u0151v\u00e9 teszi mind a mikroszk\u00f3pikus, mind a teljes testen t\u00f6rt\u00e9n\u0151 k\u00e9palkot\u00e1st ex vivo csontokon, sz\u00f6veteken valamint egereken, patk\u00e1nyokon \u00e9s egy\u00e9b labor \u00e1llatokon is. A NanoX-CT erre a c\u00e9lra sz\u00e1nt GPU-ja lehet\u0151v\u00e9 teszi a CT-k\u00e9pek val\u00f3s idej\u0171 rekonstrukci\u00f3j\u00e1t.<\/span><\/p>\n<p style=\"text-align: justify\"><span style=\"color: #000000\"><a href=\"https:\/\/semmelweis.hu\/molecularimaging\/files\/2015\/11\/nanoX-CT.png\"><br \/>\n<\/a><br \/>\n<\/span><\/p>\n","protected":false},"excerpt":{"rendered":"<p>A NanoX-CT egyalacsony d\u00f3zis\u00fa \u00e9s nagy felbont\u00e1s\u00fa kis\u00e1llat k\u00e9palkot\u00f3 rendszer. A voxel m\u00e9rettartom\u00e1ny (11-34 mikron k\u00f6z\u00f6tt), \u00e9s a v\u00e1ltoztathat\u00f3 zoomol\u00e1s lehet\u0151v\u00e9 teszi mind a mikroszk\u00f3pikus, mind a teljes testen t\u00f6rt\u00e9n\u0151 k\u00e9palkot\u00e1st ex vivo csontokon, sz\u00f6veteken valamint egereken, patk\u00e1nyokon \u00e9s egy\u00e9b labor \u00e1llatokon is. A NanoX-CT erre a c\u00e9lra sz\u00e1nt GPU-ja lehet\u0151v\u00e9 teszi a CT-k\u00e9pek val\u00f3s &hellip;<\/p>\n","protected":false},"author":320,"featured_media":0,"parent":12,"menu_order":3,"comment_status":"closed","ping_status":"closed","template":"","meta":{"_acf_changed":false,"footnotes":""},"categories":[],"tags":[],"class_list":["post-384","page","type-page","status-publish","hentry"],"acf":[],"_links":{"self":[{"href":"https:\/\/semmelweis.hu\/molecularimaging\/wp-json\/wp\/v2\/pages\/384","targetHints":{"allow":["GET"]}}],"collection":[{"href":"https:\/\/semmelweis.hu\/molecularimaging\/wp-json\/wp\/v2\/pages"}],"about":[{"href":"https:\/\/semmelweis.hu\/molecularimaging\/wp-json\/wp\/v2\/types\/page"}],"author":[{"embeddable":true,"href":"https:\/\/semmelweis.hu\/molecularimaging\/wp-json\/wp\/v2\/users\/320"}],"replies":[{"embeddable":true,"href":"https:\/\/semmelweis.hu\/molecularimaging\/wp-json\/wp\/v2\/comments?post=384"}],"version-history":[{"count":10,"href":"https:\/\/semmelweis.hu\/molecularimaging\/wp-json\/wp\/v2\/pages\/384\/revisions"}],"predecessor-version":[{"id":1677,"href":"https:\/\/semmelweis.hu\/molecularimaging\/wp-json\/wp\/v2\/pages\/384\/revisions\/1677"}],"up":[{"embeddable":true,"href":"https:\/\/semmelweis.hu\/molecularimaging\/wp-json\/wp\/v2\/pages\/12"}],"wp:attachment":[{"href":"https:\/\/semmelweis.hu\/molecularimaging\/wp-json\/wp\/v2\/media?parent=384"}],"wp:term":[{"taxonomy":"category","embeddable":true,"href":"https:\/\/semmelweis.hu\/molecularimaging\/wp-json\/wp\/v2\/categories?post=384"},{"taxonomy":"post_tag","embeddable":true,"href":"https:\/\/semmelweis.hu\/molecularimaging\/wp-json\/wp\/v2\/tags?post=384"}],"curies":[{"name":"wp","href":"https:\/\/api.w.org\/{rel}","templated":true}]}}