{"id":357,"date":"2015-10-29T09:13:46","date_gmt":"2015-10-29T08:13:46","guid":{"rendered":"http:\/\/semmelweis.hu\/molecularimaging\/?page_id=357"},"modified":"2015-12-10T15:28:27","modified_gmt":"2015-12-10T14:28:27","slug":"szervezeti-filozofia","status":"publish","type":"page","link":"https:\/\/semmelweis.hu\/molecularimaging\/celjaink\/szervezeti-filozofia\/","title":{"rendered":"Szervezeti filoz\u00f3fia"},"content":{"rendered":"<h2><b>Kutat\u00e1si ir\u00e1nyok<a href=\"https:\/\/semmelweis.hu\/molecularimaging\/files\/2014\/03\/IWG_szerv-fil.png\"><img loading=\"lazy\" decoding=\"async\" class=\"alignnone size-full wp-image-306 alignright\" src=\"https:\/\/semmelweis.hu\/molecularimaging\/files\/2014\/03\/IWG_szerv-fil.png\" alt=\"IWG_szerv fil\" width=\"253\" height=\"250\" srcset=\"https:\/\/semmelweis.hu\/molecularimaging\/files\/2014\/03\/IWG_szerv-fil.png 253w, https:\/\/semmelweis.hu\/molecularimaging\/files\/2014\/03\/IWG_szerv-fil-90x90.png 90w\" sizes=\"auto, (max-width: 253px) 100vw, 253px\" \/><\/a><\/b><\/h2>\n<p style=\"text-align: justify\"><span style=\"font-weight: 400\">C\u00e9lunk, hogy a kvantitat\u00edv in vivo k\u00e9palkot\u00e1s m\u00f3dszereit sikeresen \u00e1t\u00fcltess\u00fck a tudom\u00e1nyos kutat\u00e1sok legsz\u00e9lesebb k\u00f6r\u00e9be. \u00d6n\u00e1ll\u00f3 tudom\u00e1nyos kutat\u00e1sainkkal \u00faj lehet\u0151s\u00e9geket v\u00e1zoljunk fel a k\u00e9palkot\u00e1shoz jelenleg \u00e9s a j\u00f6v\u0151ben kapcsol\u00f3d\u00f3 tudom\u00e1nyter\u00fcleteken.<\/span><\/p>\n<p style=\"text-align: justify\"><span style=\"font-weight: 400\">Kutat\u00e1sainkat a radiok\u00e9mia, nanotechnol\u00f3gia, nukle\u00e1ris medicina, molekul\u00e1ris k\u00e9palkot\u00e1s, optikai k\u00e9palkot\u00e1s, orvosi m\u0171szerfejleszt\u00e9sek, rekonstrukci\u00f3s algoritmusok \u00e9s a statisztika tudom\u00e1nyter\u00fcletek leg\u00fajabb eredm\u00e9nyeire \u00e9p\u00edtj\u00fck.<\/span><\/p>\n<p style=\"text-align: justify\"><span style=\"font-weight: 400\">Kutat\u00e1saink sor\u00e1n kiemelt hangs\u00falyt fektet\u00fcnk az orvosi (onkol\u00f3giai, neurol\u00f3giai \u00e9s m\u00e1j k\u00e9palkot\u00e1s) radio-k\u00e9miai (ter\u00e1pi\u00e1s \u00e9s diagnosztikai c\u00e9l\u00fa nanor\u00e9szecsk\u00e9k) statisztikai \u00e9s fizikai (automatiz\u00e1lt \u00e9s kvantitat\u00edv k\u00e9pfeldolgoz\u00e1s, \u00faj rekonstrukci\u00f3s \u00e9s k\u00e9palkot\u00f3 technik\u00e1k) ter\u00fcletekre.<\/span><\/p>\n<p style=\"text-align: justify\"><span style=\"font-weight: 400\">C\u00e9lunk, hogy ezeken a tudom\u00e1nyter\u00fcleteken vil\u00e1gszinten elismerj\u00e9k eredm\u00e9nyeinket. A csoport eredm\u00e9nyeit elismert peer-review \u00fajs\u00e1gokban publik\u00e1ljuk, el\u0151ad\u00e1sainkat \u00e9s posztereinket a fenti tudom\u00e1nyter\u00fcletek szempontj\u00e1b\u00f3l magas sz\u00ednvonal\u00fa konferenci\u00e1kon mutatjuk be. A nemzetk\u00f6zi kollabor\u00e1ci\u00f3k r\u00e9v\u00e9n, olyan kapcsolati h\u00e1l\u00f3zatot szeretn\u00e9nk ki\u00e9p\u00edteni, amelynek seg\u00edts\u00e9g\u00e9vel tagjaink a legjobb egyetemeken, szemesztereken\u00a0\u00e9s\u00a0ny\u00e1ri gyakorlatokon vehetnek r\u00e9szt.<\/span><\/p>\n<h4 style=\"text-align: justify\"><b><i>Kutat\u00e1si m\u00e9r\u0151sz\u00e1mok<\/i><\/b><\/h4>\n<ul style=\"text-align: justify\">\n<li><span style=\"font-weight: 400\">A kutat\u00e1sok sz\u00ednvonal\u00e1nak megfelel\u0151en c\u00e9lunk, az \u00e9vi legal\u00e1bb 12 db nemzetk\u00f6zileg elismert, impakt faktorral rendelkez\u0151 foly\u00f3iratban k\u00f6z\u00f6lt publik\u00e1ci\u00f3, amelyeknek \u00f6sszes\u00edtett impakt faktora legyen legal\u00e1bb 40.<\/span><\/li>\n<li><span style=\"font-weight: 400\">Minden fontosnak tartott orvosi \u00e9s fizikusi konferenci\u00e1n val\u00f3 r\u00e9szv\u00e9tel poszter vagy el\u0151ad\u00e1s bemutat\u00e1s\u00e1val. Ezek \u00e9ves sz\u00e1ma legyen legal\u00e1bb 10.<\/span><\/li>\n<li><span style=\"font-weight: 400\">A kutat\u00e1saink sz\u00ednvonal\u00e1t szint\u00e9n jellemz\u0151 szabadalmak sz\u00e1ma \u00e1tlagosan \u00e9vi 1\u00a0legyen.<\/span><\/li>\n<\/ul>\n<h2 style=\"text-align: justify\"><b>Oktat\u00e1si ir\u00e1nyok<\/b><\/h2>\n<p style=\"text-align: justify\"><span style=\"font-weight: 400\">C\u00e9lunk, hogy olyan komplex szeml\u00e9letm\u00f3dot adjunk \u00e1t a n\u00e1lunk tanul\u00f3knak (TDK, diploma \u00e9s szakdolgozat k\u00e9sz\u00edt\u0151k, \u00f6n\u00e1ll\u00f3 laborosok, PhD hallgat\u00f3k, PhD kurzusaink hallgat\u00f3i) amellyel felv\u00e9rtezve a vil\u00e1g b\u00e1rmely vezet\u0151 k\u00e9palkot\u00f3 laborat\u00f3rium\u00e1ban, int\u00e9zet\u00e9ben vagy profit orient\u00e1lt v\u00e1llalkoz\u00e1s\u00e1ban meg\u00e1llj\u00e1k a hely\u00fcket.<\/span><\/p>\n<p style=\"text-align: justify\"><span style=\"font-weight: 400\">A csoport munk\u00e1j\u00e1hoz csatlakoz\u00f3 &#8211; Semmelweis Egyetem, E\u00f6tv\u00f6s Lor\u00e1nd Tudom\u00e1nyegyetem, Budapesti M\u0171szaki Egyetem, P\u00e1zm\u00e1ny P\u00e9ter Katolikus Egyetem &#8211; hallgat\u00f3k r\u00e9sz\u00e9re sz\u00e9lesk\u00f6r\u0171 tudom\u00e1nyos k\u00e9pz\u00e9s megval\u00f3s\u00edt\u00e1s\u00e1t t\u0171zt\u00fck ki c\u00e9lul, mind a TDK, mind a diplomamunka, mind a PhD k\u00e9pz\u00e9s sor\u00e1n.<\/span><\/p>\n<p style=\"text-align: justify\"><span style=\"font-weight: 400\">Minden hallgat\u00f3nkt\u00f3l elv\u00e1rjuk, hogy a szakirodalomban gyorsan \u00e9s hat\u00e9konyan tudjon inform\u00e1ci\u00f3kat keresni, tudjon publik\u00e1ci\u00f3kat feldolgozni, valamint saj\u00e1t kutat\u00e1si t\u00e9m\u00e1j\u00e1b\u00f3l el\u0151ad\u00e1st tartani. Elv\u00e1rjuk tov\u00e1bb\u00e1, hogy r\u00e9szt vegyen a rendszeres cikkolvas\u00f3 szemin\u00e1riumokon, nemzetk\u00f6zileg elismert megh\u00edvott \u00e9s bels\u0151 el\u0151ad\u00f3k \u00e1ltal tartott szemin\u00e1riumokon. Jelenjen meg a k\u00f6z\u00f6s brainstorming-okon, amelyek keret\u00e9ben aktu\u00e1lis projekteket vagy tudom\u00e1nyos k\u00e9rd\u00e9sek megold\u00e1s\u00e1hoz sz\u00fcks\u00e9ges kutat\u00e1si protokollokat dolgozunk ki.<\/span><\/p>\n<p style=\"text-align: justify\"><span style=\"font-weight: 400\">M\u00e1s tudom\u00e1nyter\u00fcleten dolgoz\u00f3 PhD hallgat\u00f3knak, akik k\u00e9palkot\u00e1si ismereteiket akarj\u00e1k b\u0151v\u00edteni \u201cKvantitat\u00edv multimod\u00e1lis in vivo k\u00e9palkot\u00e1s\u201d c\u00edmmel PhD kurzust tartunk. Ennek c\u00e9lja a multimod\u00e1lis kvantitat\u00edv in vivo klinikai \u00e9s preklinikai k\u00e9palkot\u00e1si m\u00f3dszerek bemutat\u00e1sa, k\u00fcl\u00f6nleges \u00e9s \u00faj technik\u00e1k alapjainak megismer\u00e9se a hallgat\u00f3kkal mind elm\u00e9leti, mind gyakorlati szempontb\u00f3l. A kurzus sor\u00e1n a hallgat\u00f3k \u00f6n\u00e1ll\u00f3 munka sor\u00e1n gyakorolhatj\u00e1k a kvantitat\u00edv k\u00e9pfeldolgoz\u00e1s l\u00e9p\u00e9seit is.<\/span><\/p>\n<h4 style=\"text-align: justify\"><b><i>Oktat\u00e1si m\u00e9r\u0151sz\u00e1mok<\/i><\/b><\/h4>\n<ul style=\"text-align: justify\">\n<li><span style=\"font-weight: 400\">Egyetemi szemeszterenk\u00e9nt legal\u00e1bb 4\u00a0szemin\u00e1rium megtart\u00e1sa.<\/span><\/li>\n<li><span style=\"font-weight: 400\">Minden \u00e9vben \u00e1tlagosan 3 TDK el\u0151ad\u00e1s tart\u00e1sa a Semmelweis Egyetemen TDK konferenci\u00e1j\u00e1n. Tov\u00e1bb\u00e1 r\u00e9szv\u00e9tel m\u00e1s TDK Konferenci\u00e1kon is. Ezeken c\u00e9l a d\u00edjaz\u00e1s, \u00e9s az orsz\u00e1gos versenyre val\u00f3 kijut\u00e1s.<\/span><\/li>\n<li><span style=\"font-weight: 400\">Minden \u00e9vben \u00e1tlagosan 2 db diploma, szakdolgozat bead\u00e1sa.<\/span><\/li>\n<li>A PhD kurzus ind\u00edt\u00e1sa minden m\u00e1sodik \u00e9vben.<\/li>\n<\/ul>\n<h2 style=\"text-align: justify\"><b>\u00dczleti ir\u00e1nyok<\/b><\/h2>\n<p style=\"text-align: justify\"><span style=\"font-weight: 400\">C\u00e9lunk, hogy a labor olyan innov\u00e1ci\u00f3s \u00f6tletek b\u00f6lcs\u0151je legyen, amelyek nem csak tudom\u00e1nyosan mutatnak \u00faj utakat, hanem \u00fczletileg is sikeres p\u00e1ly\u00e1t futnak be. Ennek l\u00e9trej\u00f6tt\u00e9hez a naprak\u00e9sz tudom\u00e1nyos h\u00e1tt\u00e9r ismerete, a megfelel\u0151 \u00fczleti szeml\u00e9letm\u00f3d elsaj\u00e1t\u00edt\u00e1sa, a jogi k\u00f6rnyezet ismerete valamint a szem\u00e9lyes motiv\u00e1ci\u00f3 \u00e9s a kreativit\u00e1s egy\u00fcttesen sz\u00fcks\u00e9ges.<\/span><\/p>\n<p style=\"text-align: justify\"><span style=\"font-weight: 400\">Minden csoporttagunk sz\u00e1m\u00e1ra biztos\u00edtani szeretn\u00e9nk, hogy alapvet\u0151 j\u00e1rtass\u00e1got szerezzen a term\u00e9szettudom\u00e1nyos innov\u00e1ci\u00f3n alapul\u00f3 start-up \u00e9s spin-off c\u00e9gek m\u0171k\u00f6d\u00e9s\u00e9r\u0151l, azok elind\u00edt\u00e1sainak probl\u00e9m\u00e1ir\u00f3l, valamint ezeknek a probl\u00e9m\u00e1knak megold\u00e1si lehet\u0151s\u00e9geir\u0151l. Elsaj\u00e1t\u00edtsa az \u00fczleti gondolkod\u00e1s alapjait, \u00e9s minim\u00e1lis gyakorlatot szerezzen az ilyen\u00a0v\u00e1llalkoz\u00e1sok m\u0171k\u00f6dtet\u00e9s\u00e9ben.<\/span><\/p>\n<h4 style=\"text-align: justify\"><b><i>\u00dczleti m\u00e9r\u0151sz\u00e1mok<\/i><\/b><\/h4>\n<ul style=\"text-align: justify\">\n<li><span style=\"font-weight: 400\">A szemin\u00e1riumok keret\u00e9ben bemutatni a StartUp c\u00e9gekben rejl\u0151 lehet\u0151s\u00e9geket, a szabadalmi v\u00e9detts\u00e9g (iparjog) keretein, \u00e9s az \u00e9lettudom\u00e1nyos\/IT v\u00e1llalkoz\u00e1s alapjait.<\/span><\/li>\n<li><span style=\"font-weight: 400\">K\u00e9t-h\u00e1rom \u00e9vente elind\u00edtani egy olyan spin-off c\u00e9get, amely fejl\u0151d\u00e9se sor\u00e1n p\u00e9ldamutat\u00e1s\u00e1val \u00e9s anyagi lehet\u0151s\u00e9geivel t\u00e1mogatja a labor munk\u00e1j\u00e1t.<\/span><\/li>\n<\/ul>\n<h2 style=\"text-align: justify\"><b>Szervezeti fel\u00e9p\u00edt\u00e9s<\/b><\/h2>\n<p style=\"text-align: justify\"><span style=\"font-weight: 400\">C\u00e9lunk, hogy olyan munkak\u00f6rnyezetet teremts\u00fcnk csoporttagjaink r\u00e9sz\u00e9re, amely kell\u0151en inspir\u00e1l\u00f3, \u00e9s ennek seg\u00edts\u00e9g\u00e9vel \u00f6n\u00e1ll\u00f3 \u00e9s innovat\u00edv gondolatok megtal\u00e1l\u00e1s\u00e1ra \u00f6szt\u00f6n\u00f6z. Mindenkinek szeretn\u00e9nk es\u00e9lyt adni, hogy megtal\u00e1lja \u00f6nmag\u00e1t, \u00e9s c\u00e9ljaival\u00a0\u00f6sszhangban dolgozhasson a csapat j\u00f6v\u0151j\u00e9\u00e9rt, tanulhasson \u00e9s fejl\u0151dhessen.<\/span><\/p>\n<p style=\"text-align: justify\"><span style=\"font-weight: 400\">A csoport munk\u00e1j\u00e1t meghat\u00e1roz\u00f3, a horizont\u00e1lis fel\u00e9p\u00edt\u00e9sben is megjelen\u0151 h\u00e1rom f\u0151 tudom\u00e1ny-r\u00e9szter\u00fclet, a radio-k\u00e9mia, orvos-biol\u00f3gia \u00e9s statisztika-fizika. Minden r\u00e9szter\u00fcletet egy PhD-val rendelkez\u0151 csoporttag vezet, az \u0151 feladata a r\u00e1b\u00edzott PhD hallgat\u00f3k, diplomamunk\u00e1sok, \u00f6n\u00e1ll\u00f3 laborosok \u00e9s\u00a0TDK-sok koordin\u00e1l\u00e1sa, illetve\u00a0munk\u00e1jukban\u00a0val\u00f3 halad\u00e1s\u00e1nak nyomon k\u00f6vet\u00e9se. C\u00e9lunk, hogy tagjaink v\u00e9gzetts\u00e9g\u00e9t tekintve mindh\u00e1rom szakter\u00fclet k\u00e9pviselve legyen.<\/span><\/p>\n<p style=\"text-align: justify\"><span style=\"font-weight: 400\">B\u00e1r szervezet horizont\u00e1lis fel\u00e9p\u00edt\u00e9se\u00a0t\u00fckr\u00f6zi a klasszikus tudom\u00e1nyter\u00fcleti besorol\u00e1st (amely a k\u00e9palkot\u00e1s sor\u00e1n is megjelenhet), azonban ez nem jelenti elszigetelt munkacsoportok l\u00e9trej\u00f6tt\u00e9t, hanem\u00a0seg\u00edti a koordin\u00e1ci\u00f3t \u00e9s a s\u00falypontok megteremt\u00e9s\u00e9t a projektek k\u00f6z\u00f6tt. A vertik\u00e1lis fel\u00e9p\u00edt\u00e9sben fontos szempont, hogy a tapasztalat \u00e1tad\u00e1sa megval\u00f3suljon az \u00faj tagok fel\u00e9.<\/span><\/p>\n<h2 style=\"text-align: justify\"><b>Forr\u00e1sok megteremt\u00e9se<\/b><\/h2>\n<p style=\"text-align: justify\"><span style=\"font-weight: 400\">A kutat\u00e1sokhoz \u00e9s az \u00faj projektek elind\u00edt\u00e1s\u00e1hoz t\u00f6bbf\u00e9le forr\u00e1s kihaszn\u00e1l\u00e1sa sz\u00fcks\u00e9ges. Az egyetemi kutat\u00f3csoportokt\u00f3l elt\u00e9r\u0151en biztos\u00edtani kell, hogy p\u00e9nz\u00fcgyi forr\u00e1saink t\u00f6bb l\u00e1bon \u00e1lljanak.<\/span><\/p>\n<p style=\"text-align: justify\"><span style=\"font-weight: 400\">A csoport finansz\u00edroz\u00e1s\u00e1t bels\u0151 egyetemi forr\u00e1sokb\u00f3l, magyar, eur\u00f3pai valamint m\u00e1s nemzetk\u00f6zi alapkutat\u00e1si \u00e9s fejleszt\u00e9si p\u00e1ly\u00e1zatokb\u00f3l, k\u00f6zvetlen\u00fcl sz\u00e1rmaz\u00f3 megb\u00edz\u00e1sokb\u00f3l, valamint a spin-off c\u00e9gek \u00e1ltal az egyetemnek \u00e9s a kutat\u00f3csoportnak jutatott \u201croyalty\u201d \u00f6sszegekb\u0151l \u00e9s adom\u00e1nyokb\u00f3l kell finansz\u00edrozni. El\u0151 kell seg\u00edteni a c\u00e9lzott projektalap\u00fa \u00e9s innovat\u00edv p\u00e9nz\u00fcgyi forr\u00e1sok megtal\u00e1l\u00e1s\u00e1t.<\/span><\/p>\n<h4 style=\"text-align: justify\"><b><i>P\u00e9nz\u00fcgyi m\u00e9r\u0151sz\u00e1mok<\/i><\/b><\/h4>\n<ul>\n<li style=\"text-align: justify\"><span style=\"font-weight: 400\">Jelent\u0151s sz\u00e1m\u00fa egy\u00e9ni\u00a0\u00e9s\u00a0kollabor\u00e1ci\u00f3s p\u00e1ly\u00e1zat meg\u00edr\u00e1sa \u00e9s megnyer\u00e9se. C\u00e9lunk, hogy ezen p\u00e1ly\u00e1zatokb\u00f3l \u00e9ves 200.000 EUR \u00f6sszeget teremts\u00fcnk el\u0151.<\/span><\/li>\n<li style=\"text-align: justify\"><span style=\"font-weight: 400\">Ezekb\u0151l a royalty \u00e9s adom\u00e1nyok \u00f6sszege \u00e9ves \u00e1tlagban &#8211; 2020-ig &#8211; el\u00e9rje a 20.000 EUR-t.<\/span><\/li>\n<\/ul>\n","protected":false},"excerpt":{"rendered":"<p>Kutat\u00e1si ir\u00e1nyok <a href=\"https:\/\/semmelweis.hu\/molecularimaging\/files\/2014\/03\/IWG_szerv-fil.png\"><\/a> C\u00e9lunk, hogy a kvantitat\u00edv in vivo k\u00e9palkot\u00e1s m\u00f3dszereit sikeresen \u00e1t\u00fcltess\u00fck a tudom\u00e1nyos kutat\u00e1sok legsz\u00e9lesebb k\u00f6r\u00e9be. \u00d6n\u00e1ll\u00f3 tudom\u00e1nyos kutat\u00e1sainkkal \u00faj lehet\u0151s\u00e9geket v\u00e1zoljunk fel a k\u00e9palkot\u00e1shoz jelenleg \u00e9s a j\u00f6v\u0151ben kapcsol\u00f3d\u00f3 tudom\u00e1nyter\u00fcleteken. Kutat\u00e1sainkat a radiok\u00e9mia, nanotechnol\u00f3gia, nukle\u00e1ris medicina, molekul\u00e1ris k\u00e9palkot\u00e1s, optikai k\u00e9palkot\u00e1s, orvosi m\u0171szerfejleszt\u00e9sek, rekonstrukci\u00f3s algoritmusok \u00e9s a statisztika tudom\u00e1nyter\u00fcletek leg\u00fajabb eredm\u00e9nyeire \u00e9p\u00edtj\u00fck. Kutat\u00e1saink sor\u00e1n &hellip;<\/p>\n","protected":false},"author":320,"featured_media":0,"parent":10,"menu_order":3,"comment_status":"closed","ping_status":"closed","template":"","meta":{"_acf_changed":false,"footnotes":""},"categories":[],"tags":[],"class_list":["post-357","page","type-page","status-publish","hentry"],"acf":[],"_links":{"self":[{"href":"https:\/\/semmelweis.hu\/molecularimaging\/wp-json\/wp\/v2\/pages\/357","targetHints":{"allow":["GET"]}}],"collection":[{"href":"https:\/\/semmelweis.hu\/molecularimaging\/wp-json\/wp\/v2\/pages"}],"about":[{"href":"https:\/\/semmelweis.hu\/molecularimaging\/wp-json\/wp\/v2\/types\/page"}],"author":[{"embeddable":true,"href":"https:\/\/semmelweis.hu\/molecularimaging\/wp-json\/wp\/v2\/users\/320"}],"replies":[{"embeddable":true,"href":"https:\/\/semmelweis.hu\/molecularimaging\/wp-json\/wp\/v2\/comments?post=357"}],"version-history":[{"count":10,"href":"https:\/\/semmelweis.hu\/molecularimaging\/wp-json\/wp\/v2\/pages\/357\/revisions"}],"predecessor-version":[{"id":803,"href":"https:\/\/semmelweis.hu\/molecularimaging\/wp-json\/wp\/v2\/pages\/357\/revisions\/803"}],"up":[{"embeddable":true,"href":"https:\/\/semmelweis.hu\/molecularimaging\/wp-json\/wp\/v2\/pages\/10"}],"wp:attachment":[{"href":"https:\/\/semmelweis.hu\/molecularimaging\/wp-json\/wp\/v2\/media?parent=357"}],"wp:term":[{"taxonomy":"category","embeddable":true,"href":"https:\/\/semmelweis.hu\/molecularimaging\/wp-json\/wp\/v2\/categories?post=357"},{"taxonomy":"post_tag","embeddable":true,"href":"https:\/\/semmelweis.hu\/molecularimaging\/wp-json\/wp\/v2\/tags?post=357"}],"curies":[{"name":"wp","href":"https:\/\/api.w.org\/{rel}","templated":true}]}}