{"id":338,"date":"2015-10-22T00:00:00","date_gmt":"2015-10-21T22:00:00","guid":{"rendered":"http:\/\/semmelweis.hu\/molecularimaging\/bme-dipl\/"},"modified":"2018-02-07T12:33:41","modified_gmt":"2018-02-07T11:33:41","slug":"bme-dipl","status":"publish","type":"page","link":"https:\/\/semmelweis.hu\/molecularimaging\/oktatas\/korabbi-eredmenyek\/bme-dipl\/","title":{"rendered":"Budapesti M\u0171szaki \u00e9s Gazdas\u00e1gtudom\u00e1nyi Egyetem Diplomamunka\/Szakdolgozat"},"content":{"rendered":"<p><strong>2018<\/strong><\/p>\n<ul>\n<li><strong>M\u00e9ly agyi elektr\u00f3d\u00e1k in vivo lokaliz\u00e1ci\u00f3ja egerekben v\u00e9gzett ideg\u00e9lettani k\u00eds\u00e9rletekben<br \/>\n <\/strong>Kir\u00e1ly B\u00e1lint<br \/>\n <em>Term\u00e9szettudom\u00e1nyi Kar, Fizika szak<\/em><\/li>\n<\/ul>\n<p style=\"text-align: justify\"><strong>2015<\/strong><\/p>\n<ul style=\"text-align: justify\">\n<li><strong>Komplex dokumentummenedzsment \u00e9s \u00fcgyviteli rendszer fejleszt\u00e9se<\/strong><br \/>\n B\u00f3ta D\u00e1niel<br \/>\n <em>Villamosm\u00e9rn\u00f6ki \u00e9s Informatikai Kar, Eg\u00e9szs\u00e9g\u00fcgyi m\u00e9rn\u00f6k szak MSc<\/p>\n<p> <\/em><\/li>\n<li><strong>Neurodegenerat\u00edv \u00e9s neuroinflamm\u00e1ci\u00f3s folyamatok in vitro \u00e9s in vivo vizsg\u00e1lata<\/strong><br \/>\n M\u00e9sz\u00e1ros Judit<br \/>\n <em>Villamosm\u00e9rn\u00f6ki \u00e9s Informatikai Kar, Orvosi laborat\u00f3riumi \u00e9s\u00a0k\u00e9palkot\u00f3\u00a0diagnosztikai analitikus szak<\/em><\/li>\n<\/ul>\n<p style=\"text-align: justify\"><strong>2014<\/strong><\/p>\n<ul style=\"text-align: justify\">\n<li><strong>A m\u00e1j funkcion\u00e1lis \u00e9s morfol\u00f3giai in vivo k\u00e9palkot\u00f3 vizsg\u00e1lata \u00e1llatmodelleken<\/strong><br \/>\n Veres D\u00e1niel S\u00e1ndor<br \/>\n <em>Villamosm\u00e9rn\u00f6ki \u00e9s Informatikai Kar, Eg\u00e9szs\u00e9g\u00fcgyi m\u00e9rn\u00f6k szak MSc<\/p>\n<p> <\/em><\/li>\n<li><strong>\u00daj t\u00edpus\u00fa dinamikus r\u00f6ntgen k\u00e9palkot\u00e1s<\/strong><br \/>\n J\u00e1nosa D\u00e1vid P\u00e9ter<br \/>\n <em>Villamosm\u00e9rn\u00f6ki \u00e9s Informatikai Kar, Eg\u00e9szs\u00e9g\u00fcgyi m\u00e9rn\u00f6k szak MSc<\/p>\n<p> <\/em><\/li>\n<li><strong>A 18F-FDG radiofarmakon haszn\u00e1lata \u00e1llatmodellekben metabolikus aktivit\u00e1s in vivo meghat\u00e1roz\u00e1s\u00e1ra<\/strong><br \/>\n M\u00e1rton T\u00edmea<br \/>\n <em>Vegy\u00e9sz- \u00e9s biom\u00e9rn\u00f6ki Kar, Biom\u00e9rn\u00f6k szak MSc<\/em><\/li>\n<\/ul>\n<p style=\"text-align: justify\"><strong>2012<\/strong><\/p>\n<ul style=\"text-align: justify\">\n<li><strong>Automatikus szegment\u00e1ci\u00f3 \u00e9s diagnosztikai elj\u00e1r\u00e1sok kidolgoz\u00e1sa preklinikai k\u00e9palkot\u00f3 rendszerekben<\/strong><br \/>\n Vermes Anna<br \/>\n <em>Term\u00e9szettudom\u00e1nyi Kar, Fizikus MSc<\/em><\/li>\n<\/ul>\n<p style=\"text-align: justify\"><strong>2010<\/strong><\/p>\n<ul style=\"text-align: justify\">\n<li><strong>Sz\u00f6veti strukt\u00far\u00e1k elemz\u00e9se Cone-Beam CT m\u00e9r\u00e9sek\u00a0alapj\u00e1n<\/strong><br \/>\n Dr. Korom Csaba<br \/>\n <em>Villamosm\u00e9rn\u00f6ki \u00e9s Informatikai Kar, Eg\u00e9szs\u00e9g\u00fcgyi m\u00e9rn\u00f6k szak MSc<\/em><\/li>\n<\/ul>\n<p>&nbsp;<\/p>\n<p>&nbsp;<\/p>\n","protected":false},"excerpt":{"rendered":"<p>2018 M\u00e9ly agyi elektr\u00f3d\u00e1k in vivo lokaliz\u00e1ci\u00f3ja egerekben v\u00e9gzett ideg\u00e9lettani k\u00eds\u00e9rletekben Kir\u00e1ly B\u00e1lint Term\u00e9szettudom\u00e1nyi Kar, Fizika szak 2015 Komplex dokumentummenedzsment \u00e9s \u00fcgyviteli rendszer fejleszt\u00e9se B\u00f3ta D\u00e1niel Villamosm\u00e9rn\u00f6ki \u00e9s Informatikai Kar, Eg\u00e9szs\u00e9g\u00fcgyi m\u00e9rn\u00f6k szak MSc Neurodegenerat\u00edv \u00e9s neuroinflamm\u00e1ci\u00f3s folyamatok in vitro \u00e9s in vivo vizsg\u00e1lata M\u00e9sz\u00e1ros Judit Villamosm\u00e9rn\u00f6ki \u00e9s Informatikai Kar, Orvosi laborat\u00f3riumi \u00e9s\u00a0k\u00e9palkot\u00f3\u00a0diagnosztikai analitikus szak &hellip;<\/p>\n","protected":false},"author":12,"featured_media":0,"parent":817,"menu_order":9,"comment_status":"closed","ping_status":"closed","template":"","meta":{"_acf_changed":false,"footnotes":""},"categories":[],"tags":[],"class_list":["post-338","page","type-page","status-publish","hentry"],"acf":[],"_links":{"self":[{"href":"https:\/\/semmelweis.hu\/molecularimaging\/wp-json\/wp\/v2\/pages\/338","targetHints":{"allow":["GET"]}}],"collection":[{"href":"https:\/\/semmelweis.hu\/molecularimaging\/wp-json\/wp\/v2\/pages"}],"about":[{"href":"https:\/\/semmelweis.hu\/molecularimaging\/wp-json\/wp\/v2\/types\/page"}],"author":[{"embeddable":true,"href":"https:\/\/semmelweis.hu\/molecularimaging\/wp-json\/wp\/v2\/users\/12"}],"replies":[{"embeddable":true,"href":"https:\/\/semmelweis.hu\/molecularimaging\/wp-json\/wp\/v2\/comments?post=338"}],"version-history":[{"count":10,"href":"https:\/\/semmelweis.hu\/molecularimaging\/wp-json\/wp\/v2\/pages\/338\/revisions"}],"predecessor-version":[{"id":1236,"href":"https:\/\/semmelweis.hu\/molecularimaging\/wp-json\/wp\/v2\/pages\/338\/revisions\/1236"}],"up":[{"embeddable":true,"href":"https:\/\/semmelweis.hu\/molecularimaging\/wp-json\/wp\/v2\/pages\/817"}],"wp:attachment":[{"href":"https:\/\/semmelweis.hu\/molecularimaging\/wp-json\/wp\/v2\/media?parent=338"}],"wp:term":[{"taxonomy":"category","embeddable":true,"href":"https:\/\/semmelweis.hu\/molecularimaging\/wp-json\/wp\/v2\/categories?post=338"},{"taxonomy":"post_tag","embeddable":true,"href":"https:\/\/semmelweis.hu\/molecularimaging\/wp-json\/wp\/v2\/tags?post=338"}],"curies":[{"name":"wp","href":"https:\/\/api.w.org\/{rel}","templated":true}]}}