{"id":331,"date":"2015-10-22T00:00:00","date_gmt":"2015-10-21T22:00:00","guid":{"rendered":"http:\/\/semmelweis.hu\/molecularimaging\/fizikus-tema-05\/"},"modified":"2015-10-22T00:00:00","modified_gmt":"2015-10-21T22:00:00","slug":"fizikus-tema-05","status":"publish","type":"page","link":"https:\/\/semmelweis.hu\/molecularimaging\/fizikus-tema-05\/","title":{"rendered":"In vivo vizsg\u00e1latok sor\u00e1n kapott rekonstrukci\u00f3k automatikus korregisztr\u00e1ci\u00f3ja 3D atlaszokkal"},"content":{"rendered":"\n<div>\n<p><b><span><span><span><img decoding=\"async\" border=\"0\" src=\"https:\/\/sites.google.com\/site\/imagingwg\/_\/rsrc\/1329317295333\/home\/diploma-tdk-phd-temak\/fiz-05.png\" \/><br \/><font size=\"1\"><a href=\"https:\/\/semmelweis.hu\/molecularimaging\/home\/diploma-tdk-phd-temak\/mi-ez\">Mi ez?<\/a><\/font><\/span><\/span><\/span><\/b><\/p>\n<p align=\"center\"><b><span>In vivo vizsg\u00e1latok sor\u00e1n kapott rekonstrukci\u00f3k automatikus korregisztr\u00e1ci\u00f3ja 3D atlaszokkal<\/span><\/b><\/p>\n<p><span>Le\u00edr\u00e1s:<\/span><span><span>\u00a0<\/span><\/span><span><br \/>\u00a0\u00a0 \u00a0Az elm\u00falt \u00e9vekben a kis\u00e1llatokon v\u00e9gzett in vivo k\u00e9palkot\u00e1s jelent\u0151s fejl\u0151d\u00e9sen esett \u00e1t. A multimod\u00e1lis k\u00e9palkot\u00e1s sor\u00e1n elt\u00e9r\u0151 fizikai elven m\u0171k\u00f6d\u0151 k\u00e9palkot\u00f3 eszk\u00f6z\u00f6k (PET, SPECT, CT, MRI, OCT) seg\u00edts\u00e9g\u00e9vel az \u00e9l\u0151 szervezetekben zajl\u00f3 molekul\u00e1ris folyamatokat nanoliteres felbont\u00e1ssal vizsg\u00e1lhatjuk &#8211; pontos anat\u00f3miai lokaliz\u00e1ci\u00f3val. A pontos orvosi diagn\u00f3zis fel\u00e1ll\u00edt\u00e1s\u00e1hoz az \u00e9lettani folyamatok t\u00e9rbeli \u00e9s id\u0151beli le\u00edr\u00e1sa sz\u00fcks\u00e9ges, meghat\u00e1rozva a szervekben, sz\u00f6vetekben tal\u00e1lhat\u00f3 anyagok koncentr\u00e1ci\u00f3j\u00e1t \u00e9s ezek v\u00e1ltoz\u00e1s\u00e1t. A k\u00eds\u00e9rletek sor\u00e1n kapott nagy mennyis\u00e9g\u0171 k\u00e9pi inform\u00e1ci\u00f3 feldolgoz\u00e1sa jelenleg nagyr\u00e9szt szakmailag k\u00e9pzett szem\u00e9lyzet seg\u00edts\u00e9g\u00e9vel zajlik. Ennek oka, hogy b\u00e1r l\u00e9teznek olyan 3D atlaszok amelyekben a szervek tal\u00e1lhat\u00f3k, de az in vivo rekonstrukci\u00f3k \u00e9s az atlaszok korregiszt\u00e1ci\u00f3ja nem megoldott. A teljesen automatikus ki\u00e9rt\u00e9kel\u00e9shez sz\u00fcks\u00e9ges j\u00f3l m\u0171k\u00f6d\u0151 algoritmusok jelenleg j\u00f3r\u00e9szt hi\u00e1nyoznak. A munka t\u00e9m\u00e1ja egy olyan elj\u00e1r\u00e1s kidolgoz\u00e1sa, amely az anat\u00f3miai atlaszok \u00e9s az elt\u00e9r\u0151 modalit\u00e1sok sor\u00e1n nyert rekonstrukci\u00f3k korregisztr\u00e1ci\u00f3j\u00e1val seg\u00edti a fenti algoritmusok fejleszt\u00e9s\u00e9t. A munka sor\u00e1n a hallgat\u00f3 megismeri az elt\u00e9r\u0151 modalit\u00e1sok seg\u00edts\u00e9g\u00e9vel nyert k\u00e9pek fizikai \u00e9s biol\u00f3giai inform\u00e1ci\u00f3tartalm\u00e1t, az atlaszok t\u00edpusait, az eddig l\u00e9tez\u0151 korregisztr\u00e1ci\u00f3s elj\u00e1r\u00e1sokat. A hallgat\u00f3 feladata egy sikeresen alkalmazott algoritmus olyan m\u00f3don t\u00f6rt\u00e9n\u0151 \u00e1talak\u00edt\u00e1sa, hogy az megfelel\u0151en m\u0171k\u00f6dj\u00f6n a leggyakrabban haszn\u00e1lt modalit\u00e1sok \u00e9s atlaszok egyes\u00edt\u00e9s\u00e9re.<\/span><\/p>\n<p><span>\u00a0<\/span><\/p>\n<p><span>Elv\u00e1r\u00e1sok:<\/span><\/p>\n<p><span>\u00a0\u00a0 \u00a0Interdiszciplin\u00e1ris megk\u00f6zel\u00edt\u00e9s, programoz\u00e1si ismeretek, orvosi k\u00e9palkot\u00e1si ismeretek vagy \u00e9rdekl\u0151d\u00e9s a t\u00e9ma ir\u00e1nt.<\/span><\/p>\n<\/div>\n","protected":false},"excerpt":{"rendered":"<p><a href=\"https:\/\/semmelweis.hu\/molecularimaging\/home\/diploma-tdk-phd-temak\/mi-ez\">Mi ez?<\/a> In vivo vizsg\u00e1latok sor\u00e1n kapott rekonstrukci\u00f3k automatikus korregisztr\u00e1ci\u00f3ja 3D atlaszokkal Le\u00edr\u00e1s:\u00a0\u00a0\u00a0 \u00a0Az elm\u00falt \u00e9vekben a kis\u00e1llatokon v\u00e9gzett in vivo k\u00e9palkot\u00e1s jelent\u0151s fejl\u0151d\u00e9sen esett \u00e1t. A multimod\u00e1lis k\u00e9palkot\u00e1s sor\u00e1n elt\u00e9r\u0151 fizikai elven m\u0171k\u00f6d\u0151 k\u00e9palkot\u00f3 eszk\u00f6z\u00f6k (PET, SPECT, CT, MRI, OCT) seg\u00edts\u00e9g\u00e9vel az \u00e9l\u0151 szervezetekben zajl\u00f3 molekul\u00e1ris folyamatokat nanoliteres felbont\u00e1ssal vizsg\u00e1lhatjuk &#8211; pontos anat\u00f3miai lokaliz\u00e1ci\u00f3val. A pontos &hellip;<\/p>\n","protected":false},"author":12,"featured_media":0,"parent":0,"menu_order":0,"comment_status":"closed","ping_status":"closed","template":"","meta":{"_acf_changed":false,"footnotes":""},"categories":[],"tags":[],"class_list":["post-331","page","type-page","status-publish","hentry"],"acf":[],"_links":{"self":[{"href":"https:\/\/semmelweis.hu\/molecularimaging\/wp-json\/wp\/v2\/pages\/331","targetHints":{"allow":["GET"]}}],"collection":[{"href":"https:\/\/semmelweis.hu\/molecularimaging\/wp-json\/wp\/v2\/pages"}],"about":[{"href":"https:\/\/semmelweis.hu\/molecularimaging\/wp-json\/wp\/v2\/types\/page"}],"author":[{"embeddable":true,"href":"https:\/\/semmelweis.hu\/molecularimaging\/wp-json\/wp\/v2\/users\/12"}],"replies":[{"embeddable":true,"href":"https:\/\/semmelweis.hu\/molecularimaging\/wp-json\/wp\/v2\/comments?post=331"}],"version-history":[{"count":0,"href":"https:\/\/semmelweis.hu\/molecularimaging\/wp-json\/wp\/v2\/pages\/331\/revisions"}],"wp:attachment":[{"href":"https:\/\/semmelweis.hu\/molecularimaging\/wp-json\/wp\/v2\/media?parent=331"}],"wp:term":[{"taxonomy":"category","embeddable":true,"href":"https:\/\/semmelweis.hu\/molecularimaging\/wp-json\/wp\/v2\/categories?post=331"},{"taxonomy":"post_tag","embeddable":true,"href":"https:\/\/semmelweis.hu\/molecularimaging\/wp-json\/wp\/v2\/tags?post=331"}],"curies":[{"name":"wp","href":"https:\/\/api.w.org\/{rel}","templated":true}]}}