{"id":329,"date":"2015-10-22T00:00:00","date_gmt":"2015-10-21T22:00:00","guid":{"rendered":"http:\/\/semmelweis.hu\/molecularimaging\/fizikus-tema-03\/"},"modified":"2019-11-12T15:24:37","modified_gmt":"2019-11-12T14:24:37","slug":"fizikus-tema-03","status":"publish","type":"page","link":"https:\/\/semmelweis.hu\/molecularimaging\/oktatas\/uj_kutatasi_temak\/fizikus-tema-03\/","title":{"rendered":"\u00daj t\u00edpus\u00fa SPECT rekonstrukci\u00f3s algoritmus fejleszt\u00e9se"},"content":{"rendered":"<p><b><img decoding=\"async\" src=\"https:\/\/sites.google.com\/site\/imagingwg\/_\/rsrc\/1329317295333\/home\/diploma-tdk-phd-temak\/fiz-03.png\" alt=\"\" border=\"0\" \/><br \/>\n<span style=\"font-size: xx-small\"><a href=\"https:\/\/semmelweis.hu\/molecularimaging\/home\/diploma-tdk-phd-temak\/mi-ez\">Mi ez?<\/a><\/span><\/b><\/p>\n<p style=\"text-align: justify\"><strong>Le\u00edr\u00e1s<\/strong><br \/>\nAz elm\u00falt \u00e9vekben az in vivo k\u00e9palkot\u00e1s jelent\u0151s fejl\u0151d\u00e9sen esett \u00e1t. Sz\u00e1mtalan \u00faj SPECT k\u00e9palkot\u00f3 eszk\u00f6z jelent meg a gyakorlatban (pl: MultiPinhole kollim\u00e1torok) amelyek \u00faj rekonstrukci\u00f3s szoftverek meg\u00edr\u00e1s\u00e1t tett\u00e9k sz\u00fcks\u00e9gess\u00e9. A munk\u00e1ban egy \u00faj t\u00edpus\u00fa SPECT eszk\u00f6z rekonstrukci\u00f3s elj\u00e1r\u00e1s\u00e1t kell kifejleszteni. A m\u00f3dszer minden szempontb\u00f3l (eszk\u00f6z fel\u00e9p\u00edt\u00e9s, rekonstrukci\u00f3 elvei) szak\u00edt a kor\u00e1bbi megszok\u00e1sokkal. A fejleszt\u00e9s sor\u00e1n a hallgat\u00f3 r\u00e9szt vesz az elm\u00e9leti modell fel\u00e9p\u00edt\u00e9s\u00e9ben, az elm\u00e9letben kisz\u00e1molt modellek leprogramoz\u00e1s\u00e1ban, majd a tesztm\u00e9r\u00e9sek kivitelez\u00e9se sor\u00e1n kapott m\u00e9r\u00e9si eredm\u00e9nyek ki\u00e9rt\u00e9kel\u00e9s\u00e9ben. C\u00e9l az eszk\u00f6z protot\u00edpus\u00e1nak meg\u00e9p\u00edt\u00e9se \u00e9s rekonstrukci\u00f3s szoftver\u00e9nek kifejleszt\u00e9se.<\/p>\n<p style=\"text-align: justify\"><strong>Elv\u00e1r\u00e1sok<\/strong><br \/>\nK\u00e9palkot\u00f3 rendszerek rekonstrukci\u00f3s algoritmusainak ismerete vagy \u00e9rdekl\u0151d\u00e9s a t\u00e9ma ir\u00e1nt; szoftverfejleszt\u00e9si ismeretek (els\u0151sorban C++, MATLAB).<\/p>\n","protected":false},"excerpt":{"rendered":"<p><a href=\"https:\/\/semmelweis.hu\/molecularimaging\/home\/diploma-tdk-phd-temak\/mi-ez\">Mi ez?<\/a> Le\u00edr\u00e1s Az elm\u00falt \u00e9vekben az in vivo k\u00e9palkot\u00e1s jelent\u0151s fejl\u0151d\u00e9sen esett \u00e1t. Sz\u00e1mtalan \u00faj SPECT k\u00e9palkot\u00f3 eszk\u00f6z jelent meg a gyakorlatban (pl: MultiPinhole kollim\u00e1torok) amelyek \u00faj rekonstrukci\u00f3s szoftverek meg\u00edr\u00e1s\u00e1t tett\u00e9k sz\u00fcks\u00e9gess\u00e9. A munk\u00e1ban egy \u00faj t\u00edpus\u00fa SPECT eszk\u00f6z rekonstrukci\u00f3s elj\u00e1r\u00e1s\u00e1t kell kifejleszteni. A m\u00f3dszer minden szempontb\u00f3l (eszk\u00f6z fel\u00e9p\u00edt\u00e9s, rekonstrukci\u00f3 elvei) szak\u00edt a kor\u00e1bbi megszok\u00e1sokkal. A &hellip;<\/p>\n","protected":false},"author":12,"featured_media":0,"parent":181,"menu_order":0,"comment_status":"closed","ping_status":"closed","template":"","meta":{"_acf_changed":false,"footnotes":""},"categories":[],"tags":[],"class_list":["post-329","page","type-page","status-publish","hentry"],"acf":[],"_links":{"self":[{"href":"https:\/\/semmelweis.hu\/molecularimaging\/wp-json\/wp\/v2\/pages\/329","targetHints":{"allow":["GET"]}}],"collection":[{"href":"https:\/\/semmelweis.hu\/molecularimaging\/wp-json\/wp\/v2\/pages"}],"about":[{"href":"https:\/\/semmelweis.hu\/molecularimaging\/wp-json\/wp\/v2\/types\/page"}],"author":[{"embeddable":true,"href":"https:\/\/semmelweis.hu\/molecularimaging\/wp-json\/wp\/v2\/users\/12"}],"replies":[{"embeddable":true,"href":"https:\/\/semmelweis.hu\/molecularimaging\/wp-json\/wp\/v2\/comments?post=329"}],"version-history":[{"count":2,"href":"https:\/\/semmelweis.hu\/molecularimaging\/wp-json\/wp\/v2\/pages\/329\/revisions"}],"predecessor-version":[{"id":1424,"href":"https:\/\/semmelweis.hu\/molecularimaging\/wp-json\/wp\/v2\/pages\/329\/revisions\/1424"}],"up":[{"embeddable":true,"href":"https:\/\/semmelweis.hu\/molecularimaging\/wp-json\/wp\/v2\/pages\/181"}],"wp:attachment":[{"href":"https:\/\/semmelweis.hu\/molecularimaging\/wp-json\/wp\/v2\/media?parent=329"}],"wp:term":[{"taxonomy":"category","embeddable":true,"href":"https:\/\/semmelweis.hu\/molecularimaging\/wp-json\/wp\/v2\/categories?post=329"},{"taxonomy":"post_tag","embeddable":true,"href":"https:\/\/semmelweis.hu\/molecularimaging\/wp-json\/wp\/v2\/tags?post=329"}],"curies":[{"name":"wp","href":"https:\/\/api.w.org\/{rel}","templated":true}]}}