{"id":320,"date":"2015-10-22T00:00:00","date_gmt":"2015-10-21T22:00:00","guid":{"rendered":"http:\/\/semmelweis.hu\/molecularimaging\/gyogyszeresz-tema-02\/"},"modified":"2015-11-30T11:42:25","modified_gmt":"2015-11-30T10:42:25","slug":"gyogyszeresz-tema-02","status":"publish","type":"page","link":"https:\/\/semmelweis.hu\/molecularimaging\/gyogyszeresz-tema-02\/","title":{"rendered":"Nanor\u00e9szecske alap\u00fa CT kontrasztanyag szint\u00e9zise \u00e9s tesztel\u00e9se"},"content":{"rendered":"<p><b><img decoding=\"async\" src=\"https:\/\/sites.google.com\/site\/imagingwg\/_\/rsrc\/1329317295333\/home\/diploma-tdk-phd-temak\/gyogy-02.png\" alt=\"\" border=\"0\" \/><br \/>\n<span style=\"font-size: xx-small\"><a href=\"https:\/\/semmelweis.hu\/molecularimaging\/home\/diploma-tdk-phd-temak\/mi-ez\">Mi ez?<\/a><\/span><\/b><\/p>\n<p style=\"text-align: justify\"><strong>Le\u00edr\u00e1s\u00a0<\/strong><br \/>\nA nanor\u00e9szecsk\u00e9k sz\u00e1mos el\u0151ny\u00f6s tulajdons\u00e1ggal rendelkeznek, amelyek miatt az elm\u00falt \u00e9vtizedben felhaszn\u00e1l\u00e1suk az in vivo kutat\u00e1sokban jelent\u0151sen emelkedett. A nanor\u00e9szecsk\u00e9k alkalmasak arra, hogy funkcionaliz\u00e1ci\u00f3juk seg\u00edts\u00e9g\u00e9vel c\u00e9lzottan lehessen \u0151ket a szervezet kiv\u00e1lasztott pontj\u00e1ra eljuttatni, mik\u00f6zben k\u00e9palkot\u00f3 elj\u00e1r\u00e1sok seg\u00edts\u00e9g\u00e9vel l\u00e1that\u00f3v\u00e1 tehetj\u00fck helyzet\u00fcket. A feladat sor\u00e1n t\u00f6bbf\u00e9le nanor\u00e9szecske (pl.: feh\u00e9rje, liposz\u00f3ma alap\u00fa) szint\u00e9zis\u00e9t, in vitro tesztel\u00e9s\u00e9t v\u00e9gezz\u00fck el. Majd a funkcionaliz\u00e1lt nanor\u00e9szecsk\u00e9ket in vivo \u00e1llatk\u00eds\u00e9rletekben NanoSPECT\/CT k\u00e9sz\u00fcl\u00e9kben tesztelj\u00fck \u00e9s valid\u00e1ljuk. A hallgat\u00f3 a feladat elv\u00e9gz\u00e9se sor\u00e1n megismerkedik a leg\u00fajabb hibrid k\u00e9palkot\u00f3 rendszerekkel, a multimod\u00e1lis nanor\u00e9szecsk\u00e9kkel \u00e9s a biodisztrib\u00faci\u00f3t befoly\u00e1sol\u00f3 param\u00e9terekkel. Feladata lesz a szint\u00e9zis kidolgoz\u00e1sa \u00e9s tesztel\u00e9se, a valid\u00e1l\u00e1sok \u00e9s in vitro k\u00eds\u00e9rletek kivitelez\u00e9se, tov\u00e1bb\u00e1 az \u00e1llatk\u00eds\u00e9rletek eredm\u00e9nyeinek \u00e9rt\u00e9kel\u00e9se.<\/p>\n<p style=\"text-align: justify\"><strong>Elv\u00e1r\u00e1sok<\/strong><br \/>\nInterdiszciplin\u00e1ris \u00e9rdekl\u0151d\u00e9si k\u00f6r, laborat\u00f3riumi gyakorlat \u00e9s elm\u00e9leti k\u00e9miai ismeretek, orvosi k\u00e9palkot\u00e1si ismeretek vagy \u00e9rdekl\u0151d\u00e9s a t\u00e9ma ir\u00e1nt.<\/p>\n","protected":false},"excerpt":{"rendered":"<p><a href=\"https:\/\/semmelweis.hu\/molecularimaging\/home\/diploma-tdk-phd-temak\/mi-ez\">Mi ez?<\/a> Le\u00edr\u00e1s\u00a0 A nanor\u00e9szecsk\u00e9k sz\u00e1mos el\u0151ny\u00f6s tulajdons\u00e1ggal rendelkeznek, amelyek miatt az elm\u00falt \u00e9vtizedben felhaszn\u00e1l\u00e1suk az in vivo kutat\u00e1sokban jelent\u0151sen emelkedett. A nanor\u00e9szecsk\u00e9k alkalmasak arra, hogy funkcionaliz\u00e1ci\u00f3juk seg\u00edts\u00e9g\u00e9vel c\u00e9lzottan lehessen \u0151ket a szervezet kiv\u00e1lasztott pontj\u00e1ra eljuttatni, mik\u00f6zben k\u00e9palkot\u00f3 elj\u00e1r\u00e1sok seg\u00edts\u00e9g\u00e9vel l\u00e1that\u00f3v\u00e1 tehetj\u00fck helyzet\u00fcket. A feladat sor\u00e1n t\u00f6bbf\u00e9le nanor\u00e9szecske (pl.: feh\u00e9rje, liposz\u00f3ma alap\u00fa) szint\u00e9zis\u00e9t, in vitro tesztel\u00e9s\u00e9t v\u00e9gezz\u00fck &hellip;<\/p>\n","protected":false},"author":12,"featured_media":0,"parent":0,"menu_order":0,"comment_status":"closed","ping_status":"closed","template":"","meta":{"_acf_changed":false,"footnotes":""},"categories":[],"tags":[],"class_list":["post-320","page","type-page","status-publish","hentry"],"acf":[],"_links":{"self":[{"href":"https:\/\/semmelweis.hu\/molecularimaging\/wp-json\/wp\/v2\/pages\/320","targetHints":{"allow":["GET"]}}],"collection":[{"href":"https:\/\/semmelweis.hu\/molecularimaging\/wp-json\/wp\/v2\/pages"}],"about":[{"href":"https:\/\/semmelweis.hu\/molecularimaging\/wp-json\/wp\/v2\/types\/page"}],"author":[{"embeddable":true,"href":"https:\/\/semmelweis.hu\/molecularimaging\/wp-json\/wp\/v2\/users\/12"}],"replies":[{"embeddable":true,"href":"https:\/\/semmelweis.hu\/molecularimaging\/wp-json\/wp\/v2\/comments?post=320"}],"version-history":[{"count":4,"href":"https:\/\/semmelweis.hu\/molecularimaging\/wp-json\/wp\/v2\/pages\/320\/revisions"}],"predecessor-version":[{"id":683,"href":"https:\/\/semmelweis.hu\/molecularimaging\/wp-json\/wp\/v2\/pages\/320\/revisions\/683"}],"wp:attachment":[{"href":"https:\/\/semmelweis.hu\/molecularimaging\/wp-json\/wp\/v2\/media?parent=320"}],"wp:term":[{"taxonomy":"category","embeddable":true,"href":"https:\/\/semmelweis.hu\/molecularimaging\/wp-json\/wp\/v2\/categories?post=320"},{"taxonomy":"post_tag","embeddable":true,"href":"https:\/\/semmelweis.hu\/molecularimaging\/wp-json\/wp\/v2\/tags?post=320"}],"curies":[{"name":"wp","href":"https:\/\/api.w.org\/{rel}","templated":true}]}}