{"id":319,"date":"2015-10-22T00:00:00","date_gmt":"2015-10-21T22:00:00","guid":{"rendered":"http:\/\/semmelweis.hu\/molecularimaging\/gyogyszeresz-tema-01\/"},"modified":"2019-11-12T15:11:34","modified_gmt":"2019-11-12T14:11:34","slug":"gyogyszeresz-tema-01","status":"publish","type":"page","link":"https:\/\/semmelweis.hu\/molecularimaging\/oktatas\/uj_kutatasi_temak\/gyogyszeresz-tema-01\/","title":{"rendered":"Multimod\u00e1lis nanor\u00e9szecske szint\u00e9zise \u00e9s vizsg\u00e1lata"},"content":{"rendered":"<div><img decoding=\"async\" src=\"https:\/\/sites.google.com\/site\/imagingwg\/_\/rsrc\/1329317295333\/home\/diploma-tdk-phd-temak\/gyogy-01.png\" alt=\"\" border=\"0\" \/><br \/>\n<span style=\"font-size: xx-small\"><a href=\"https:\/\/semmelweis.hu\/molecularimaging\/home\/diploma-tdk-phd-temak\/mi-ez\">Mi ez?<\/a><\/span><\/div>\n<p style=\"text-align: justify\"><strong>Le\u00edr\u00e1s<\/strong><br \/>\nAz in vivo k\u00e9palkot\u00e1s sor\u00e1n egyszerre t\u00f6bb modalit\u00e1s alapj\u00e1n t\u00f6rt\u00e9nik a k\u00e9pi inform\u00e1ci\u00f3 gy\u0171jt\u00e9se. A nanor\u00e9szecsk\u00e9k ide\u00e1lis multimod\u00e1lis kontrasztanyagok, mert felruh\u00e1zhat\u00f3k olyan fizikai, k\u00e9miai \u00e9s biol\u00f3giai tulajdons\u00e1gokkal, amelyek alkalmass\u00e1 teszik \u0151ket szimult\u00e1n SPECT, PET, CT \u00e9s MRI k\u00e9palkot\u00e1sra. A projekt c\u00e9lja egy reproduk\u00e1lhat\u00f3 m\u00e9ret\u0171, form\u00e1j\u00fa \u00e9s min\u0151s\u00e9g\u0171, \u00faj t\u00edpus\u00fa \u00e9s \u00f6sszet\u00e9tel\u0171 nanor\u00e9szecske el\u0151\u00e1ll\u00edt\u00e1si elj\u00e1r\u00e1s\u00e1nak kidolgoz\u00e1sa. A projekt sor\u00e1n berlini-k\u00e9k alap\u00fa nanopartikulumot vizsg\u00e1lunk amely alkalmas izot\u00f3pok \u00e9s param\u00e1gneses ionok kel\u00e1l\u00e1s\u00e1ra. A feladatban a hallgat\u00f3 r\u00e9szt vesz a t\u00f6bbf\u00e9le k\u00fcls\u0151 burkolattal \u00e9s geometriai param\u00e9terrel ell\u00e1tott nanor\u00e9szecske el\u0151\u00e1ll\u00edt\u00e1s\u00e1ban, a szint\u00e9zis kidolgoz\u00e1s\u00e1ban, valamint a keletkezett nanor\u00e9szecske AFM \u00e9s DLS vizsg\u00e1lat\u00e1ban. A szintetiz\u00e1l\u00e1st k\u00f6vet\u0151en a nanor\u00e9szecseke in vitro \u00e9s in vivo (NanoSPECT\/CT) tesztel\u00e9s\u00e9ben \u00e9s valid\u00e1l\u00e1s\u00e1ban.<\/p>\n<p style=\"text-align: justify\"><strong>Elv\u00e1r\u00e1sok<\/strong><br \/>\nInterdiszciplin\u00e1ris \u00e9rdekl\u0151d\u00e9si k\u00f6r, laborat\u00f3riumi gyakorlat \u00e9s elm\u00e9leti k\u00e9miai ismeretek, orvosi k\u00e9palkot\u00e1si ismeretek vagy \u00e9rdekl\u0151d\u00e9s a t\u00e9ma ir\u00e1nt.<\/p>\n","protected":false},"excerpt":{"rendered":"<p><a href=\"https:\/\/semmelweis.hu\/molecularimaging\/home\/diploma-tdk-phd-temak\/mi-ez\">Mi ez?<\/a> Le\u00edr\u00e1s Az in vivo k\u00e9palkot\u00e1s sor\u00e1n egyszerre t\u00f6bb modalit\u00e1s alapj\u00e1n t\u00f6rt\u00e9nik a k\u00e9pi inform\u00e1ci\u00f3 gy\u0171jt\u00e9se. A nanor\u00e9szecsk\u00e9k ide\u00e1lis multimod\u00e1lis kontrasztanyagok, mert felruh\u00e1zhat\u00f3k olyan fizikai, k\u00e9miai \u00e9s biol\u00f3giai tulajdons\u00e1gokkal, amelyek alkalmass\u00e1 teszik \u0151ket szimult\u00e1n SPECT, PET, CT \u00e9s MRI k\u00e9palkot\u00e1sra. A projekt c\u00e9lja egy reproduk\u00e1lhat\u00f3 m\u00e9ret\u0171, form\u00e1j\u00fa \u00e9s min\u0151s\u00e9g\u0171, \u00faj t\u00edpus\u00fa \u00e9s \u00f6sszet\u00e9tel\u0171 nanor\u00e9szecske el\u0151\u00e1ll\u00edt\u00e1si elj\u00e1r\u00e1s\u00e1nak &hellip;<\/p>\n","protected":false},"author":12,"featured_media":0,"parent":181,"menu_order":0,"comment_status":"closed","ping_status":"closed","template":"","meta":{"_acf_changed":false,"footnotes":""},"categories":[],"tags":[],"class_list":["post-319","page","type-page","status-publish","hentry"],"acf":[],"_links":{"self":[{"href":"https:\/\/semmelweis.hu\/molecularimaging\/wp-json\/wp\/v2\/pages\/319","targetHints":{"allow":["GET"]}}],"collection":[{"href":"https:\/\/semmelweis.hu\/molecularimaging\/wp-json\/wp\/v2\/pages"}],"about":[{"href":"https:\/\/semmelweis.hu\/molecularimaging\/wp-json\/wp\/v2\/types\/page"}],"author":[{"embeddable":true,"href":"https:\/\/semmelweis.hu\/molecularimaging\/wp-json\/wp\/v2\/users\/12"}],"replies":[{"embeddable":true,"href":"https:\/\/semmelweis.hu\/molecularimaging\/wp-json\/wp\/v2\/comments?post=319"}],"version-history":[{"count":6,"href":"https:\/\/semmelweis.hu\/molecularimaging\/wp-json\/wp\/v2\/pages\/319\/revisions"}],"predecessor-version":[{"id":1420,"href":"https:\/\/semmelweis.hu\/molecularimaging\/wp-json\/wp\/v2\/pages\/319\/revisions\/1420"}],"up":[{"embeddable":true,"href":"https:\/\/semmelweis.hu\/molecularimaging\/wp-json\/wp\/v2\/pages\/181"}],"wp:attachment":[{"href":"https:\/\/semmelweis.hu\/molecularimaging\/wp-json\/wp\/v2\/media?parent=319"}],"wp:term":[{"taxonomy":"category","embeddable":true,"href":"https:\/\/semmelweis.hu\/molecularimaging\/wp-json\/wp\/v2\/categories?post=319"},{"taxonomy":"post_tag","embeddable":true,"href":"https:\/\/semmelweis.hu\/molecularimaging\/wp-json\/wp\/v2\/tags?post=319"}],"curies":[{"name":"wp","href":"https:\/\/api.w.org\/{rel}","templated":true}]}}