{"id":318,"date":"2015-10-22T00:00:00","date_gmt":"2015-10-21T22:00:00","guid":{"rendered":"http:\/\/semmelweis.hu\/molecularimaging\/mi-ez\/"},"modified":"2019-11-12T15:31:55","modified_gmt":"2019-11-12T14:31:55","slug":"mi-ez","status":"publish","type":"page","link":"https:\/\/semmelweis.hu\/molecularimaging\/mi-ez\/","title":{"rendered":"Mi ez?"},"content":{"rendered":"<div><img decoding=\"async\" src=\"https:\/\/sites.google.com\/site\/imagingwg\/_\/rsrc\/1329317295333\/home\/diploma-tdk-phd-temak\/orv-04.png\" alt=\"\" border=\"0\" \/>\u00a0\u00a0<span style=\"font-family: 'trebuchet ms', sans-serif;font-size: x-large\">Mit jelentenek a sz\u00ednk\u00f3dok?\u00a0<\/span><\/div>\n<div>\u00a0<\/div>\n<div style=\"text-align: left\">Ki\u00edrt feladataink el\u00e9g sz\u00e9lesk\u00f6r\u0171 tud\u00e1sb\u00e1zisra alapoznak. Mivel mindegyik elt\u00e9r\u0151 m\u00e9rt\u00e9kben\u00a0ig\u00e9nyel\u00a0tud\u00e1sh\u00e1tteret, megpr\u00f3b\u00e1ltuk a klasszikus tant\u00e1rgy besorol\u00e1s b\u00e1zisrendszer\u00e9ben megmutatni, mennyire domin\u00e1ns egy t\u00e9m\u00e1ban az adott tant\u00e1rgy.<\/div>\n<div style=\"text-align: left\">\u00a0<\/div>\n<div style=\"text-align: left\">Sz\u00ednk\u00f3dok:<\/div>\n<div style=\"text-align: left\">\u00a0<\/div>\n<div style=\"text-align: left\"><span style=\"color: #38761d\">Z\u00f6ld<\/span>: ezen sz\u00edn jel\u00f6li a k\u00e9mia \u00e9s vegy\u00e9szet t\u00e9mak\u00f6rt. Tartalmazza az analitikai \u00e9s biok\u00e9miai m\u00f3dszerekt\u0151l kezdve a labor eszk\u00f6z\u00f6k haszn\u00e1lat\u00e1t is.<\/div>\n<div style=\"text-align: center\">\n<p style=\"text-align: left\"><span style=\"font-family: 'trebuchet ms', sans-serif\"><span style=\"color: #ff0000\">Piros<\/span>: orvosi kutat\u00e1sok, bele\u00e9rtve a fiziol\u00f3gi\u00e1s folyamatok okainak megtal\u00e1l\u00e1s\u00e1t \u00e9s a lehets\u00e9ges diagnosztikai \u00e9s ter\u00e1pi\u00e1s eszk\u00f6z\u00f6k felder\u00edt\u00e9s\u00e9t <\/span><\/p>\n<p style=\"text-align: left\"><span style=\"font-family: 'trebuchet ms', sans-serif\"><span style=\"color: #0000ff\">K\u00e9k<\/span>: fizikai m\u00f3dszerek, bele\u00e9rtve a m\u00e9r\u00e9si elj\u00e1r\u00e1sok alapelveit, izot\u00f3pok felhaszn\u00e1l\u00e1s\u00e1t valamint elj\u00e1r\u00e1sok fejleszt\u00e9s\u00e9t, adatok \u00e9rt\u00e9kel\u00e9s\u00e9t<\/span><\/p>\n<\/div>\n<div>\u00a0<\/div>\n","protected":false},"excerpt":{"rendered":"<p>\u00a0\u00a0Mit jelentenek a sz\u00ednk\u00f3dok?\u00a0 \u00a0 Ki\u00edrt feladataink el\u00e9g sz\u00e9lesk\u00f6r\u0171 tud\u00e1sb\u00e1zisra alapoznak. Mivel mindegyik elt\u00e9r\u0151 m\u00e9rt\u00e9kben\u00a0ig\u00e9nyel\u00a0tud\u00e1sh\u00e1tteret, megpr\u00f3b\u00e1ltuk a klasszikus tant\u00e1rgy besorol\u00e1s b\u00e1zisrendszer\u00e9ben megmutatni, mennyire domin\u00e1ns egy t\u00e9m\u00e1ban az adott tant\u00e1rgy. \u00a0 Sz\u00ednk\u00f3dok: \u00a0 Z\u00f6ld: ezen sz\u00edn jel\u00f6li a k\u00e9mia \u00e9s vegy\u00e9szet t\u00e9mak\u00f6rt. Tartalmazza az analitikai \u00e9s biok\u00e9miai m\u00f3dszerekt\u0151l kezdve a labor eszk\u00f6z\u00f6k haszn\u00e1lat\u00e1t is. Piros: orvosi &hellip;<\/p>\n","protected":false},"author":12,"featured_media":0,"parent":0,"menu_order":0,"comment_status":"closed","ping_status":"closed","template":"","meta":{"_acf_changed":false,"footnotes":""},"categories":[],"tags":[],"class_list":["post-318","page","type-page","status-publish","hentry"],"acf":[],"_links":{"self":[{"href":"https:\/\/semmelweis.hu\/molecularimaging\/wp-json\/wp\/v2\/pages\/318","targetHints":{"allow":["GET"]}}],"collection":[{"href":"https:\/\/semmelweis.hu\/molecularimaging\/wp-json\/wp\/v2\/pages"}],"about":[{"href":"https:\/\/semmelweis.hu\/molecularimaging\/wp-json\/wp\/v2\/types\/page"}],"author":[{"embeddable":true,"href":"https:\/\/semmelweis.hu\/molecularimaging\/wp-json\/wp\/v2\/users\/12"}],"replies":[{"embeddable":true,"href":"https:\/\/semmelweis.hu\/molecularimaging\/wp-json\/wp\/v2\/comments?post=318"}],"version-history":[{"count":4,"href":"https:\/\/semmelweis.hu\/molecularimaging\/wp-json\/wp\/v2\/pages\/318\/revisions"}],"predecessor-version":[{"id":1425,"href":"https:\/\/semmelweis.hu\/molecularimaging\/wp-json\/wp\/v2\/pages\/318\/revisions\/1425"}],"wp:attachment":[{"href":"https:\/\/semmelweis.hu\/molecularimaging\/wp-json\/wp\/v2\/media?parent=318"}],"wp:term":[{"taxonomy":"category","embeddable":true,"href":"https:\/\/semmelweis.hu\/molecularimaging\/wp-json\/wp\/v2\/categories?post=318"},{"taxonomy":"post_tag","embeddable":true,"href":"https:\/\/semmelweis.hu\/molecularimaging\/wp-json\/wp\/v2\/tags?post=318"}],"curies":[{"name":"wp","href":"https:\/\/api.w.org\/{rel}","templated":true}]}}