{"id":316,"date":"2015-10-22T00:00:00","date_gmt":"2015-10-21T22:00:00","guid":{"rendered":"http:\/\/semmelweis.hu\/molecularimaging\/kapcsolat-2\/"},"modified":"2019-11-12T14:14:35","modified_gmt":"2019-11-12T13:14:35","slug":"kapcsolat-2","status":"publish","type":"page","link":"https:\/\/semmelweis.hu\/molecularimaging\/kapcsolat-2\/","title":{"rendered":"Kapcsolat"},"content":{"rendered":"<h4 style=\"text-align:center;font-family:trebuchet ms,sans-serif;font-weight:normal\"><a name=\"TOC-Kapcsolat\"><\/a><font size=\"5\"><b>Kapcsolat<\/b><\/font><\/h4>\n<p style=\"font-family:trebuchet ms,sans-serif\"><font size=\"2\">Semmelweis Nanobiotechnol\u00f3giai \u00e9s In Vivo K\u00e9palkot\u00f3 K\u00f6zpont<br \/>1094 Budapest, T\u0171zolt\u00f3 u. 37-47<\/font><\/p>\n<p style=\"font-family:trebuchet ms,sans-serif\"><font size=\"2\">N\u00e9v: Dr. Szigeti Kriszti\u00e1n<br \/>Tel.: +36 1 459 1500\/60238<br \/>Fax: +36 1 266 66 56<\/font><\/p>\n<div style=\"text-align:left;font-family:trebuchet ms,sans-serif\">\n<div class=\"sites-embed-align-center-wrapping-off\">\n<div class=\"sites-embed-border-off sites-embed\" style=\"width:425px\">\n<div class=\"sites-embed-content sites-embed-type-map\">\n<!-- iframe plugin v.4.9 wordpress.org\/plugins\/iframe\/ -->\n<iframe loading=\"lazy\" src=\"\/\/maps.google.com\/maps?f=q&#038;source=s_q&#038;hl=hu&#038;geocode=&#038;q=Budapest,+T%C5%B1zolt%C3%B3+utca,+Magyarorsz%C3%A1g&#038;aq=0&#038;sll=47.031909,19.771&#038;sspn=0.007751,0.021136&#038;vpsrc=6&#038;ie=UTF8&#038;hq=&#038;hnear=Budapest,+T%C5%B1zolt%C3%B3+utca,+Magyarorsz%C3%A1g&#038;ll=47.481613,19.077814&#038;spn=0.003843,0.010568&#038;t=m&#038;z=14&#038;output=embed\" width=\"425\" height=\"350\" scrolling=\"yes\" class=\"iframe-class\" frameborder=\"0\"><\/iframe>\n<\/div>\n<\/div>\n<\/div>\n<\/div>\n<div style=\"text-align:center\"><small><a href=\"http:\/\/maps.google.com\/maps?f=q&amp;source=embed&amp;hl=hu&amp;geocode=&amp;q=Budapest,+T%C5%B1zolt%C3%B3+utca,+Magyarorsz%C3%A1g&amp;aq=0&amp;sll=47.031909,19.771&amp;sspn=0.007751,0.021136&amp;vpsrc=6&amp;ie=UTF8&amp;hq=&amp;hnear=Budapest,+T%C5%B1zolt%C3%B3+utca,+Magyarorsz%C3%A1g&amp;ll=47.481613,19.077814&amp;spn=0.003843,0.010568&amp;t=m&amp;z=14\">Nagyobb t\u00e9rk\u00e9pre v\u00e1lt\u00e1s<\/a><\/small><\/div>\n","protected":false},"excerpt":{"rendered":"<p><a name=\"TOC-Kapcsolat\"><\/a>Kapcsolat<br \/>\nSemmelweis Nanobiotechnol\u00f3giai \u00e9s In Vivo K\u00e9palkot\u00f3 K\u00f6zpont1094 Budapest, T\u0171zolt\u00f3 u. 37-47<br \/>\nN\u00e9v: Dr. Szigeti Kriszti\u00e1nTel.: +36 1 459 1500\/60238Fax: +36 1 266 66 56<\/p>\n<p><a href=\"http:\/\/maps.google.com\/maps?f=q&amp;source=embed&amp;hl=hu&amp;geocode=&amp;q=Budapest,+T%C5%B1zolt%C3%B3+utca,+Magyarorsz%C3%A1g&amp;aq=0&amp;sll=47.031909,19.771&amp;sspn=0.007751,0.021136&amp;vpsrc=6&amp;ie=UTF8&amp;hq=&amp;hnear=Budapest,+T%C5%B1zolt%C3%B3+utca,+Magyarorsz%C3%A1g&amp;ll=47.481613,19.077814&amp;spn=0.003843,0.010568&amp;t=m&amp;z=14\">Nagyobb t\u00e9rk\u00e9pre v\u00e1lt\u00e1s<\/a><\/p>\n","protected":false},"author":12,"featured_media":0,"parent":0,"menu_order":6,"comment_status":"closed","ping_status":"closed","template":"","meta":{"_acf_changed":false,"footnotes":""},"categories":[],"tags":[],"class_list":["post-316","page","type-page","status-publish","hentry"],"acf":[],"_links":{"self":[{"href":"https:\/\/semmelweis.hu\/molecularimaging\/wp-json\/wp\/v2\/pages\/316","targetHints":{"allow":["GET"]}}],"collection":[{"href":"https:\/\/semmelweis.hu\/molecularimaging\/wp-json\/wp\/v2\/pages"}],"about":[{"href":"https:\/\/semmelweis.hu\/molecularimaging\/wp-json\/wp\/v2\/types\/page"}],"author":[{"embeddable":true,"href":"https:\/\/semmelweis.hu\/molecularimaging\/wp-json\/wp\/v2\/users\/12"}],"replies":[{"embeddable":true,"href":"https:\/\/semmelweis.hu\/molecularimaging\/wp-json\/wp\/v2\/comments?post=316"}],"version-history":[{"count":1,"href":"https:\/\/semmelweis.hu\/molecularimaging\/wp-json\/wp\/v2\/pages\/316\/revisions"}],"predecessor-version":[{"id":1416,"href":"https:\/\/semmelweis.hu\/molecularimaging\/wp-json\/wp\/v2\/pages\/316\/revisions\/1416"}],"wp:attachment":[{"href":"https:\/\/semmelweis.hu\/molecularimaging\/wp-json\/wp\/v2\/media?parent=316"}],"wp:term":[{"taxonomy":"category","embeddable":true,"href":"https:\/\/semmelweis.hu\/molecularimaging\/wp-json\/wp\/v2\/categories?post=316"},{"taxonomy":"post_tag","embeddable":true,"href":"https:\/\/semmelweis.hu\/molecularimaging\/wp-json\/wp\/v2\/tags?post=316"}],"curies":[{"name":"wp","href":"https:\/\/api.w.org\/{rel}","templated":true}]}}