{"id":181,"date":"2015-10-02T13:56:59","date_gmt":"2015-10-02T11:56:59","guid":{"rendered":"http:\/\/semmelweis.hu\/molecularimaging\/?page_id=181"},"modified":"2019-11-21T14:20:27","modified_gmt":"2019-11-21T13:20:27","slug":"uj_kutatasi_temak","status":"publish","type":"page","link":"https:\/\/semmelweis.hu\/molecularimaging\/oktatas\/uj_kutatasi_temak\/","title":{"rendered":"\u00daj kutat\u00e1si t\u00e9m\u00e1k"},"content":{"rendered":"<h4>T\u00e9m\u00e1k gy\u00f3gyszer\u00e9sz-, vegy\u00e9sz- \u00e9s vegy\u00e9szm\u00e9rn\u00f6k-hallgat\u00f3k sz\u00e1m\u00e1ra<\/h4>\n<ul>\n<li><a href=\"https:\/\/semmelweis.hu\/molecularimaging\/home\/diploma-tdk-phd-temak\/gyogyszeresz\/gyogyszeresz-tema-01\" target=\"_blank\" rel=\"noopener noreferrer\">Multimod\u00e1lis nanor\u00e9szecske szint\u00e9zise \u00e9s vizsg\u00e1lata<\/a><\/li>\n<\/ul>\n<h4 style=\"text-align: justify;\">T\u00e9m\u00e1k orvostan- \u00e9s \u00e1llatorvostan-hallgat\u00f3k sz\u00e1m\u00e1ra<\/h4>\n<ul>\n<li><a href=\"https:\/\/semmelweis.hu\/molecularimaging\/home\/diploma-tdk-phd-temak\/orvos\/orvos-tema-01\" target=\"_blank\" rel=\"noopener noreferrer\">\u00daj n\u00f6v\u00e9nyi \u00e9s \u00e1llati hat\u00f3anyagokon alapul\u00f3 daganatter\u00e1pi\u00e1s lehet\u0151s\u00e9gek hat\u00e9konys\u00e1g\u00e1nak in vivo tesztel\u00e9se \u00e1llatmodelleken<\/a><\/li>\n<li><a href=\"https:\/\/semmelweis.hu\/molecularimaging\/home\/diploma-tdk-phd-temak\/orvos\/orvos-tema-02\" target=\"_blank\" rel=\"noopener noreferrer\">A m\u00e1j funkcion\u00e1lis \u00e9s morfol\u00f3gia in vivo vizsg\u00e1lata eg\u00e9szs\u00e9ges \u00e9s daganatos \u00e1llatmodelleken<\/a><\/li>\n<li><a href=\"https:\/\/semmelweis.hu\/molecularimaging\/03-2\/\" target=\"_blank\" rel=\"noopener noreferrer\">Neurotoxikus oligomerek amiloid k\u00f6t\u0151d\u00e9s\u00e9nek in vitro \u00e9s in vivo vizsg\u00e1lata Alzheimer modellekben<\/a><\/li>\n<li><a href=\"https:\/\/semmelweis.hu\/molecularimaging\/orvos-tema-04\/\" target=\"_blank\" rel=\"noopener noreferrer\">Extracellul\u00e1ris vezikul\u00e1k transzport szerepe neuroinflamm\u00e1ci\u00f3ban<\/a><\/li>\n<li><a href=\"https:\/\/semmelweis.hu\/molecularimaging\/orvos-tema-05-2\/\">Az MRI stochasztikus &#8211; genotoxicit\u00e1s \u2013 vizsg\u00e1lata<\/a><\/li>\n<\/ul>\n<h4 style=\"text-align: justify;\">T\u00e9m\u00e1k fizikus-, informatikus-hallgat\u00f3k sz\u00e1m\u00e1ra<\/h4>\n<ul>\n<li><a href=\"https:\/\/semmelweis.hu\/molecularimaging\/home\/diploma-tdk-phd-temak\/fizikus\/fizikus-tema-01\" target=\"_blank\" rel=\"noopener noreferrer\">Diagnosztikai c\u00e9l\u00fa in vivo multimod\u00e1lis k\u00e9palkot\u00e1s parametriz\u00e1ci\u00f3ja<\/a> \u00a0<\/li>\n<li><a href=\"https:\/\/semmelweis.hu\/molecularimaging\/home\/diploma-tdk-phd-temak\/fizikus\/fizikus-tema-03\" target=\"_blank\" rel=\"noopener noreferrer\">\u00daj t\u00edpus\u00fa SPECT rekonstrukci\u00f3s algoritmus fejleszt\u00e9se<\/a><\/li>\n<\/ul>\n<div>\u00a0<\/div>\n","protected":false},"excerpt":{"rendered":"<p>T\u00e9m\u00e1k gy\u00f3gyszer\u00e9sz-, vegy\u00e9sz- \u00e9s vegy\u00e9szm\u00e9rn\u00f6k-hallgat\u00f3k sz\u00e1m\u00e1ra<\/p>\n<p><a href=\"https:\/\/semmelweis.hu\/molecularimaging\/home\/diploma-tdk-phd-temak\/gyogyszeresz\/gyogyszeresz-tema-01\" target=\"_blank\" rel=\"noopener noreferrer\">Multimod\u00e1lis nanor\u00e9szecske szint\u00e9zise \u00e9s vizsg\u00e1lata<\/a><\/p>\n<p>T\u00e9m\u00e1k orvostan- \u00e9s \u00e1llatorvostan-hallgat\u00f3k sz\u00e1m\u00e1ra<\/p>\n<p><a href=\"https:\/\/semmelweis.hu\/molecularimaging\/home\/diploma-tdk-phd-temak\/orvos\/orvos-tema-01\" target=\"_blank\" rel=\"noopener noreferrer\">\u00daj n\u00f6v\u00e9nyi \u00e9s \u00e1llati hat\u00f3anyagokon alapul\u00f3 daganatter\u00e1pi\u00e1s lehet\u0151s\u00e9gek hat\u00e9konys\u00e1g\u00e1nak in vivo tesztel\u00e9se \u00e1llatmodelleken<\/a><br \/>\n<a href=\"https:\/\/semmelweis.hu\/molecularimaging\/home\/diploma-tdk-phd-temak\/orvos\/orvos-tema-02\" target=\"_blank\" rel=\"noopener noreferrer\">A m\u00e1j funkcion\u00e1lis \u00e9s morfol\u00f3gia in vivo vizsg\u00e1lata eg\u00e9szs\u00e9ges \u00e9s daganatos \u00e1llatmodelleken<\/a><br \/>\n<a href=\"https:\/\/semmelweis.hu\/molecularimaging\/03-2\/\" target=\"_blank\" rel=\"noopener noreferrer\">Neurotoxikus oligomerek amiloid k\u00f6t\u0151d\u00e9s\u00e9nek in vitro \u00e9s in vivo vizsg\u00e1lata Alzheimer modellekben<\/a><br \/>\n<a href=\"https:\/\/semmelweis.hu\/molecularimaging\/orvos-tema-04\/\" target=\"_blank\" rel=\"noopener noreferrer\">Extracellul\u00e1ris vezikul\u00e1k transzport szerepe neuroinflamm\u00e1ci\u00f3ban<\/a><br \/>\n<a href=\"https:\/\/semmelweis.hu\/molecularimaging\/orvos-tema-05-2\/\">Az MRI stochasztikus &#8211; genotoxicit\u00e1s \u2013 vizsg\u00e1lata<\/a><\/p>\n<p>T\u00e9m\u00e1k fizikus-, informatikus-hallgat\u00f3k sz\u00e1m\u00e1ra<\/p>\n<p><a href=\"https:\/\/semmelweis.hu\/molecularimaging\/home\/diploma-tdk-phd-temak\/fizikus\/fizikus-tema-01\" target=\"_blank\" rel=\"noopener noreferrer\">Diagnosztikai c\u00e9l\u00fa in vivo multimod\u00e1lis k\u00e9palkot\u00e1s parametriz\u00e1ci\u00f3ja<\/a> \u00a0<br \/>\n<a href=\"https:\/\/semmelweis.hu\/molecularimaging\/home\/diploma-tdk-phd-temak\/fizikus\/fizikus-tema-03\" target=\"_blank\" rel=\"noopener noreferrer\">\u00daj t\u00edpus\u00fa SPECT rekonstrukci\u00f3s algoritmus fejleszt\u00e9se<\/a><\/p>\n<p>\u00a0<\/p>\n","protected":false},"author":320,"featured_media":0,"parent":100,"menu_order":1,"comment_status":"closed","ping_status":"closed","template":"","meta":{"_acf_changed":false,"footnotes":""},"categories":[],"tags":[],"class_list":["post-181","page","type-page","status-publish","hentry"],"acf":[],"_links":{"self":[{"href":"https:\/\/semmelweis.hu\/molecularimaging\/wp-json\/wp\/v2\/pages\/181","targetHints":{"allow":["GET"]}}],"collection":[{"href":"https:\/\/semmelweis.hu\/molecularimaging\/wp-json\/wp\/v2\/pages"}],"about":[{"href":"https:\/\/semmelweis.hu\/molecularimaging\/wp-json\/wp\/v2\/types\/page"}],"author":[{"embeddable":true,"href":"https:\/\/semmelweis.hu\/molecularimaging\/wp-json\/wp\/v2\/users\/320"}],"replies":[{"embeddable":true,"href":"https:\/\/semmelweis.hu\/molecularimaging\/wp-json\/wp\/v2\/comments?post=181"}],"version-history":[{"count":12,"href":"https:\/\/semmelweis.hu\/molecularimaging\/wp-json\/wp\/v2\/pages\/181\/revisions"}],"predecessor-version":[{"id":1476,"href":"https:\/\/semmelweis.hu\/molecularimaging\/wp-json\/wp\/v2\/pages\/181\/revisions\/1476"}],"up":[{"embeddable":true,"href":"https:\/\/semmelweis.hu\/molecularimaging\/wp-json\/wp\/v2\/pages\/100"}],"wp:attachment":[{"href":"https:\/\/semmelweis.hu\/molecularimaging\/wp-json\/wp\/v2\/media?parent=181"}],"wp:term":[{"taxonomy":"category","embeddable":true,"href":"https:\/\/semmelweis.hu\/molecularimaging\/wp-json\/wp\/v2\/categories?post=181"},{"taxonomy":"post_tag","embeddable":true,"href":"https:\/\/semmelweis.hu\/molecularimaging\/wp-json\/wp\/v2\/tags?post=181"}],"curies":[{"name":"wp","href":"https:\/\/api.w.org\/{rel}","templated":true}]}}