{"id":1638,"date":"2022-03-09T10:20:34","date_gmt":"2022-03-09T09:20:34","guid":{"rendered":"https:\/\/semmelweis.hu\/molecularimaging\/?page_id=1638"},"modified":"2022-03-24T14:57:20","modified_gmt":"2022-03-24T13:57:20","slug":"nanoscan-pet-mri-3t","status":"publish","type":"page","link":"https:\/\/semmelweis.hu\/molecularimaging\/muszerek\/nanoscan-pet-mri-3t\/","title":{"rendered":"NanoScan PET\/MRI 3T"},"content":{"rendered":"<p><span style=\"font-weight: 400\"><a href=\"https:\/\/semmelweis.hu\/molecularimaging\/files\/2022\/03\/NanoScan-PETMRI-3T.jpg\"><img loading=\"lazy\" decoding=\"async\" class=\"alignleft size-medium wp-image-1639\" src=\"https:\/\/semmelweis.hu\/molecularimaging\/files\/2022\/03\/NanoScan-PETMRI-3T-400x300.jpg\" alt=\"\" width=\"400\" height=\"300\" srcset=\"https:\/\/semmelweis.hu\/molecularimaging\/files\/2022\/03\/NanoScan-PETMRI-3T-400x300.jpg 400w, https:\/\/semmelweis.hu\/molecularimaging\/files\/2022\/03\/NanoScan-PETMRI-3T-1024x768.jpg 1024w, https:\/\/semmelweis.hu\/molecularimaging\/files\/2022\/03\/NanoScan-PETMRI-3T-768x576.jpg 768w, https:\/\/semmelweis.hu\/molecularimaging\/files\/2022\/03\/NanoScan-PETMRI-3T-1536x1152.jpg 1536w, https:\/\/semmelweis.hu\/molecularimaging\/files\/2022\/03\/NanoScan-PETMRI-3T-753x565.jpg 753w, https:\/\/semmelweis.hu\/molecularimaging\/files\/2022\/03\/NanoScan-PETMRI-3T.jpg 2048w\" sizes=\"auto, (max-width: 400px) 100vw, 400px\" \/><\/a>A nanoScan PET\/MRI 3T egy integr\u00e1lt rendszer,\u00a0 t\u00e9rbeli felbont\u00f3k\u00e9pess\u00e9ge 700 \u00b5m (PET), illetve 100 \u00b5m (MRI).<\/span><\/p>\n<p><span style=\"font-weight: 400\">A hangolhat\u00f3 PET egys\u00e9g seg\u00edts\u00e9g\u00e9vel az ig\u00e9nyeknek megfelel\u0151en jav\u00edthat\u00f3 a felbont\u00e1s, az \u00e9rz\u00e9kenys\u00e9g vagy a mennyis\u00e9gi meghat\u00e1roz\u00e1s pontoss\u00e1ga, \u00e9s \u00edgy ak\u00e1r egy mg sz\u00f6vetben l\u00e9v\u0151 femtomol mennyis\u00e9g\u0171 anyag is detekt\u00e1lhat\u00f3v\u00e1 v\u00e1lik. Val\u00f3s dinamikus k\u00e9palkot\u00e1st tesz lehet\u0151v\u00e9 a piacon el\u00e9rhet\u0151 leg\u00e9rz\u00e9kenyebb PET detektorokkal, melyek ak\u00e1r 60 Bq detekt\u00e1l\u00e1s\u00e1ra is k\u00e9pesek.\u00a0<\/span><\/p>\n<p><span style=\"font-weight: 400\">Az MRI egyed\u00fcl\u00e1ll\u00f3 l\u00e1gysz\u00f6veti kontrasztja lehet\u0151v\u00e9 teszi a pontos anat\u00f3miai lokaliz\u00e1ci\u00f3t \u00e9s k\u00f3ros elv\u00e1ltoz\u00e1sok detekt\u00e1l\u00e1s\u00e1t. Tov\u00e1bb\u00e1 sz\u00e1mos funkcion\u00e1lis kvantitat\u00edv k\u00e9palkot\u00e1s is megval\u00f3s\u00edthat\u00f3 az implement\u00e1lt korszer\u0171 szekvenci\u00e1k seg\u00edts\u00e9g\u00e9vel, ak\u00e1r diff\u00fazi\u00f3s MRI (mind DWI, mind DTI), angiogr\u00e1fia, perf\u00fazi\u00f3s MRI, zs\u00edrt\u00e9rfogat meghat\u00e1roz\u00e1sa \u00e9s kontrasztanyagok dinamikus k\u00f6vet\u00e9se.<\/span><\/p>\n","protected":false},"excerpt":{"rendered":"<p><a href=\"https:\/\/semmelweis.hu\/molecularimaging\/files\/2022\/03\/NanoScan-PETMRI-3T.jpg\"><\/a> A nanoScan PET\/MRI 3T egy integr\u00e1lt rendszer,\u00a0 t\u00e9rbeli felbont\u00f3k\u00e9pess\u00e9ge 700 \u00b5m (PET), illetve 100 \u00b5m (MRI). A hangolhat\u00f3 PET egys\u00e9g seg\u00edts\u00e9g\u00e9vel az ig\u00e9nyeknek megfelel\u0151en jav\u00edthat\u00f3 a felbont\u00e1s, az \u00e9rz\u00e9kenys\u00e9g vagy a mennyis\u00e9gi meghat\u00e1roz\u00e1s pontoss\u00e1ga, \u00e9s \u00edgy ak\u00e1r egy mg sz\u00f6vetben l\u00e9v\u0151 femtomol mennyis\u00e9g\u0171 anyag is detekt\u00e1lhat\u00f3v\u00e1 v\u00e1lik. Val\u00f3s dinamikus k\u00e9palkot\u00e1st tesz lehet\u0151v\u00e9 a piacon el\u00e9rhet\u0151 &hellip;<\/p>\n","protected":false},"author":102036,"featured_media":0,"parent":12,"menu_order":3,"comment_status":"closed","ping_status":"closed","template":"","meta":{"_acf_changed":false,"footnotes":""},"categories":[],"tags":[],"class_list":["post-1638","page","type-page","status-publish","hentry"],"acf":[],"_links":{"self":[{"href":"https:\/\/semmelweis.hu\/molecularimaging\/wp-json\/wp\/v2\/pages\/1638","targetHints":{"allow":["GET"]}}],"collection":[{"href":"https:\/\/semmelweis.hu\/molecularimaging\/wp-json\/wp\/v2\/pages"}],"about":[{"href":"https:\/\/semmelweis.hu\/molecularimaging\/wp-json\/wp\/v2\/types\/page"}],"author":[{"embeddable":true,"href":"https:\/\/semmelweis.hu\/molecularimaging\/wp-json\/wp\/v2\/users\/102036"}],"replies":[{"embeddable":true,"href":"https:\/\/semmelweis.hu\/molecularimaging\/wp-json\/wp\/v2\/comments?post=1638"}],"version-history":[{"count":5,"href":"https:\/\/semmelweis.hu\/molecularimaging\/wp-json\/wp\/v2\/pages\/1638\/revisions"}],"predecessor-version":[{"id":1678,"href":"https:\/\/semmelweis.hu\/molecularimaging\/wp-json\/wp\/v2\/pages\/1638\/revisions\/1678"}],"up":[{"embeddable":true,"href":"https:\/\/semmelweis.hu\/molecularimaging\/wp-json\/wp\/v2\/pages\/12"}],"wp:attachment":[{"href":"https:\/\/semmelweis.hu\/molecularimaging\/wp-json\/wp\/v2\/media?parent=1638"}],"wp:term":[{"taxonomy":"category","embeddable":true,"href":"https:\/\/semmelweis.hu\/molecularimaging\/wp-json\/wp\/v2\/categories?post=1638"},{"taxonomy":"post_tag","embeddable":true,"href":"https:\/\/semmelweis.hu\/molecularimaging\/wp-json\/wp\/v2\/tags?post=1638"}],"curies":[{"name":"wp","href":"https:\/\/api.w.org\/{rel}","templated":true}]}}