{"id":1630,"date":"2022-03-09T10:12:03","date_gmt":"2022-03-09T09:12:03","guid":{"rendered":"https:\/\/semmelweis.hu\/molecularimaging\/?page_id=1630"},"modified":"2022-03-09T10:12:03","modified_gmt":"2022-03-09T09:12:03","slug":"iconeus-one-funkcionalis-ultrahang-2","status":"publish","type":"page","link":"https:\/\/semmelweis.hu\/molecularimaging\/muszerek\/iconeus-one-funkcionalis-ultrahang-2\/","title":{"rendered":"Iconeus One funkcion\u00e1lis ultrahang"},"content":{"rendered":"<p><span style=\"font-weight: 400\"><a href=\"https:\/\/semmelweis.hu\/molecularimaging\/files\/2022\/03\/Iconeus-One-funkcionalis-ultrahang-1.jpg\"><img loading=\"lazy\" decoding=\"async\" class=\"alignleft  wp-image-1626\" src=\"https:\/\/semmelweis.hu\/molecularimaging\/files\/2022\/03\/Iconeus-One-funkcionalis-ultrahang-1-300x400.jpg\" alt=\"\" width=\"247\" height=\"329\" srcset=\"https:\/\/semmelweis.hu\/molecularimaging\/files\/2022\/03\/Iconeus-One-funkcionalis-ultrahang-1-300x400.jpg 300w, https:\/\/semmelweis.hu\/molecularimaging\/files\/2022\/03\/Iconeus-One-funkcionalis-ultrahang-1-768x1024.jpg 768w, https:\/\/semmelweis.hu\/molecularimaging\/files\/2022\/03\/Iconeus-One-funkcionalis-ultrahang-1-1152x1536.jpg 1152w, https:\/\/semmelweis.hu\/molecularimaging\/files\/2022\/03\/Iconeus-One-funkcionalis-ultrahang-1-753x1004.jpg 753w, https:\/\/semmelweis.hu\/molecularimaging\/files\/2022\/03\/Iconeus-One-funkcionalis-ultrahang-1.jpg 1536w\" sizes=\"auto, (max-width: 247px) 100vw, 247px\" \/><\/a>Az Iconeus One funckion\u00e1lis ultrahang k\u00e9sz\u00fcl\u00e9kkel neur\u00e1lis aktivit\u00e1s \u00e9s konnektivit\u00e1s meghat\u00e1roz\u00e1sa lehets\u00e9ges a neurovaszkul\u00e1ris csatol\u00e1s r\u00e9v\u00e9n megn\u00f6vekedett v\u00e1raramon kereszt\u00fcl. A berendez\u00e9s m\u0171k\u00f6d\u00e9se power Doppler k\u00e9palkot\u00e1son alapszik, amely az \u00e1raml\u00f3 agyi v\u00e9rt\u00e9rfogatot m\u00e9ri 100 \u03bcm felont\u00e1ssal \u00e9s nagy \u00e9rz\u00e9kenys\u00e9ggel, ak\u00e1r 1mm\/s sebess\u00e9g\u0171 v\u00e9r\u00e1ramot detekt\u00e1lva.\u00a0<\/span><\/p>\n","protected":false},"excerpt":{"rendered":"<p><a href=\"https:\/\/semmelweis.hu\/molecularimaging\/files\/2022\/03\/Iconeus-One-funkcionalis-ultrahang-1.jpg\"><\/a>Az Iconeus One funckion\u00e1lis ultrahang k\u00e9sz\u00fcl\u00e9kkel neur\u00e1lis aktivit\u00e1s \u00e9s konnektivit\u00e1s meghat\u00e1roz\u00e1sa lehets\u00e9ges a neurovaszkul\u00e1ris csatol\u00e1s r\u00e9v\u00e9n megn\u00f6vekedett v\u00e1raramon kereszt\u00fcl. A berendez\u00e9s m\u0171k\u00f6d\u00e9se power Doppler k\u00e9palkot\u00e1son alapszik, amely az \u00e1raml\u00f3 agyi v\u00e9rt\u00e9rfogatot m\u00e9ri 100 \u03bcm felont\u00e1ssal \u00e9s nagy \u00e9rz\u00e9kenys\u00e9ggel, ak\u00e1r 1mm\/s sebess\u00e9g\u0171 v\u00e9r\u00e1ramot detekt\u00e1lva.\u00a0<\/p>\n","protected":false},"author":102036,"featured_media":0,"parent":12,"menu_order":5,"comment_status":"closed","ping_status":"closed","template":"","meta":{"_acf_changed":false,"footnotes":""},"categories":[],"tags":[],"class_list":["post-1630","page","type-page","status-publish","hentry"],"acf":[],"_links":{"self":[{"href":"https:\/\/semmelweis.hu\/molecularimaging\/wp-json\/wp\/v2\/pages\/1630","targetHints":{"allow":["GET"]}}],"collection":[{"href":"https:\/\/semmelweis.hu\/molecularimaging\/wp-json\/wp\/v2\/pages"}],"about":[{"href":"https:\/\/semmelweis.hu\/molecularimaging\/wp-json\/wp\/v2\/types\/page"}],"author":[{"embeddable":true,"href":"https:\/\/semmelweis.hu\/molecularimaging\/wp-json\/wp\/v2\/users\/102036"}],"replies":[{"embeddable":true,"href":"https:\/\/semmelweis.hu\/molecularimaging\/wp-json\/wp\/v2\/comments?post=1630"}],"version-history":[{"count":3,"href":"https:\/\/semmelweis.hu\/molecularimaging\/wp-json\/wp\/v2\/pages\/1630\/revisions"}],"predecessor-version":[{"id":1633,"href":"https:\/\/semmelweis.hu\/molecularimaging\/wp-json\/wp\/v2\/pages\/1630\/revisions\/1633"}],"up":[{"embeddable":true,"href":"https:\/\/semmelweis.hu\/molecularimaging\/wp-json\/wp\/v2\/pages\/12"}],"wp:attachment":[{"href":"https:\/\/semmelweis.hu\/molecularimaging\/wp-json\/wp\/v2\/media?parent=1630"}],"wp:term":[{"taxonomy":"category","embeddable":true,"href":"https:\/\/semmelweis.hu\/molecularimaging\/wp-json\/wp\/v2\/categories?post=1630"},{"taxonomy":"post_tag","embeddable":true,"href":"https:\/\/semmelweis.hu\/molecularimaging\/wp-json\/wp\/v2\/tags?post=1630"}],"curies":[{"name":"wp","href":"https:\/\/api.w.org\/{rel}","templated":true}]}}