{"id":1541,"date":"2021-09-30T15:01:02","date_gmt":"2021-09-30T13:01:02","guid":{"rendered":"https:\/\/semmelweis.hu\/molecularimaging\/?page_id=1541"},"modified":"2025-02-21T12:06:48","modified_gmt":"2025-02-21T11:06:48","slug":"munkatarsaink","status":"publish","type":"page","link":"https:\/\/semmelweis.hu\/molecularimaging\/munkatarsaink\/","title":{"rendered":"Munkat\u00e1rsaink"},"content":{"rendered":"<p>&nbsp;<\/p>\n<ul>\n<li><a href=\"https:\/\/www.linkedin.com\/in\/kriszti\u00e1n-szigeti-86a9012b\/\">Dr. Szigeti Kriszti\u00e1n<\/a> &#8211; laborat\u00f3rium vezet\u0151\u00a0<\/li>\n<li><a href=\"https:\/\/www.linkedin.com\/in\/domokos-mathe-92971a11\/\">Dr. M\u00e1th\u00e9 Domokos<\/a> &#8211; tudom\u00e1nyos f\u0151munkat\u00e1rs<\/li>\n<li><a href=\"https:\/\/www.linkedin.com\/in\/ralf-bergmann-265204168\/\">Prof. Dr. Ralf Bergmann<\/a> &#8211; vend\u00e9gprofesszor<\/li>\n<li><a href=\"https:\/\/www.linkedin.com\/in\/christer-halldin-0197b06\/\">Prof. Dr<\/a><a href=\"https:\/\/www.linkedin.com\/in\/christer-halldin-0197b06\/\">. <\/a><span style=\"font-size: 1rem\">Christer Halldin &#8211; vend\u00e9gprofesszor<\/span><\/li>\n<li><a href=\"https:\/\/www.linkedin.com\/in\/zoltan-varga-66093b211\/\">Dr. Varga Zolt\u00e1n<\/a> &#8211; radiok\u00e9miai vezet\u0151\u00a0<\/li>\n<li>Dr. Veres D\u00e1niel S\u00e1ndor &#8211; egyetemi adjunktus<\/li>\n<li><a href=\"https:\/\/www.linkedin.com\/in\/l\u00e1szl\u00f3-forg\u00e1ch-98a8211ab\/\">Dr. Forg\u00e1ch L\u00e1szl\u00f3<\/a> &#8211; kutat\u00e1si munkat\u00e1rs<\/li>\n<li>Kov\u00e1cs No\u00e9mi &#8211; PhD hallgat\u00f3, adattud\u00f3s\u00a0<\/li>\n<li>Horv\u00e1th Ildik\u00f3 &#8211; k\u00e9palkot\u00f3, izot\u00f3p asszisztens<\/li>\n<li><a href=\"https:\/\/www.linkedin.com\/in\/polett-hajdrik-2a5137181\/\">Hajdrik Polett<\/a> &#8211; PhD hallgat\u00f3, labor asszisztens\u00a0<\/li>\n<li><a href=\"https:\/\/www.linkedin.com\/in\/kubovje-anik\u00f3-anna-12047a12b\/\">Kubovje Anik\u00f3<\/a> &#8211; PhD hallgat\u00f3<\/li>\n<li><a href=\"https:\/\/www.linkedin.com\/in\/zairagul-z-3730a8201\/\">Zhaketay Zairagul<\/a> &#8211; PhD hallgat\u00f3, labor asszisztens<\/li>\n<li><a href=\"https:\/\/www.linkedin.com\/in\/kanni-das-s-9441521b2\/\">Kanni Das<\/a> &#8211; PhD hallgat\u00f3<\/li>\n<li><a href=\"https:\/\/www.linkedin.com\/in\/mjvbcv\/\"><span data-sheets-root=\"1\">Juli\u00e0 Vicen\u00e7 <\/span>Bonet Mateo<\/a> &#8211; PhD hallgat\u00f3<\/li>\n<li>Fatemeh Heydari &#8211; PhD hallgat\u00f3<\/li>\n<li><a href=\"https:\/\/www.linkedin.com\/in\/muslimbek-ismoiljonov-89a86a195\/\">Ismoiljonov Muslimbek<\/a> &#8211; PhD hallgat\u00f3<\/li>\n<li><span data-sheets-root=\"1\"><a href=\"https:\/\/www.linkedin.com\/in\/tam\u00e1s-hakkel-5347871b6\/\">Tamas Hakkel<\/a>&#8211; PhD hallgat\u00f3<\/span><\/li>\n<li>Zsolt Nagy- <span data-sheets-root=\"1\">PhD hallgat\u00f3<\/span><\/li>\n<\/ul>\n","protected":false},"excerpt":{"rendered":"<p>&nbsp; <a href=\"https:\/\/www.linkedin.com\/in\/kriszti\u00e1n-szigeti-86a9012b\/\">Dr. Szigeti Kriszti\u00e1n<\/a> &#8211; laborat\u00f3rium vezet\u0151\u00a0 <a href=\"https:\/\/www.linkedin.com\/in\/domokos-mathe-92971a11\/\">Dr. M\u00e1th\u00e9 Domokos<\/a> &#8211; tudom\u00e1nyos f\u0151munkat\u00e1rs <a href=\"https:\/\/www.linkedin.com\/in\/ralf-bergmann-265204168\/\">Prof. Dr. Ralf Bergmann<\/a> &#8211; vend\u00e9gprofesszor <a href=\"https:\/\/www.linkedin.com\/in\/christer-halldin-0197b06\/\">Prof. Dr<\/a> <a href=\"https:\/\/www.linkedin.com\/in\/christer-halldin-0197b06\/\">. <\/a> Christer Halldin &#8211; vend\u00e9gprofesszor <a href=\"https:\/\/www.linkedin.com\/in\/zoltan-varga-66093b211\/\">Dr. Varga Zolt\u00e1n<\/a> &#8211; radiok\u00e9miai vezet\u0151\u00a0 Dr. Veres D\u00e1niel S\u00e1ndor &#8211; egyetemi adjunktus <a href=\"https:\/\/www.linkedin.com\/in\/l\u00e1szl\u00f3-forg\u00e1ch-98a8211ab\/\">Dr. Forg\u00e1ch L\u00e1szl\u00f3<\/a> &#8211; kutat\u00e1si munkat\u00e1rs Kov\u00e1cs No\u00e9mi &#8211; PhD hallgat\u00f3, adattud\u00f3s\u00a0 Horv\u00e1th Ildik\u00f3 &#8211; k\u00e9palkot\u00f3, izot\u00f3p asszisztens <a href=\"https:\/\/www.linkedin.com\/in\/polett-hajdrik-2a5137181\/\">Hajdrik Polett<\/a> &#8211; PhD hallgat\u00f3, labor asszisztens\u00a0 <a href=\"https:\/\/www.linkedin.com\/in\/kubovje-anik\u00f3-anna-12047a12b\/\">Kubovje Anik\u00f3<\/a> &#8211; PhD hallgat\u00f3 <a href=\"https:\/\/www.linkedin.com\/in\/zairagul-z-3730a8201\/\">Zhaketay Zairagul<\/a> &#8211; PhD hallgat\u00f3, labor asszisztens <a href=\"https:\/\/www.linkedin.com\/in\/kanni-das-s-9441521b2\/\">Kanni Das<\/a> &#8211; PhD hallgat\u00f3 <a href=\"https:\/\/www.linkedin.com\/in\/mjvbcv\/\">Juli\u00e0 Vicen\u00e7 Bonet Mateo<\/a> &#8211; &hellip;<\/p>\n","protected":false},"author":101652,"featured_media":0,"parent":0,"menu_order":0,"comment_status":"closed","ping_status":"closed","template":"","meta":{"_acf_changed":false,"footnotes":""},"categories":[],"tags":[],"class_list":["post-1541","page","type-page","status-publish","hentry"],"acf":[],"_links":{"self":[{"href":"https:\/\/semmelweis.hu\/molecularimaging\/wp-json\/wp\/v2\/pages\/1541","targetHints":{"allow":["GET"]}}],"collection":[{"href":"https:\/\/semmelweis.hu\/molecularimaging\/wp-json\/wp\/v2\/pages"}],"about":[{"href":"https:\/\/semmelweis.hu\/molecularimaging\/wp-json\/wp\/v2\/types\/page"}],"author":[{"embeddable":true,"href":"https:\/\/semmelweis.hu\/molecularimaging\/wp-json\/wp\/v2\/users\/101652"}],"replies":[{"embeddable":true,"href":"https:\/\/semmelweis.hu\/molecularimaging\/wp-json\/wp\/v2\/comments?post=1541"}],"version-history":[{"count":10,"href":"https:\/\/semmelweis.hu\/molecularimaging\/wp-json\/wp\/v2\/pages\/1541\/revisions"}],"predecessor-version":[{"id":1806,"href":"https:\/\/semmelweis.hu\/molecularimaging\/wp-json\/wp\/v2\/pages\/1541\/revisions\/1806"}],"wp:attachment":[{"href":"https:\/\/semmelweis.hu\/molecularimaging\/wp-json\/wp\/v2\/media?parent=1541"}],"wp:term":[{"taxonomy":"category","embeddable":true,"href":"https:\/\/semmelweis.hu\/molecularimaging\/wp-json\/wp\/v2\/categories?post=1541"},{"taxonomy":"post_tag","embeddable":true,"href":"https:\/\/semmelweis.hu\/molecularimaging\/wp-json\/wp\/v2\/tags?post=1541"}],"curies":[{"name":"wp","href":"https:\/\/api.w.org\/{rel}","templated":true}]}}