{"id":1356,"date":"2018-06-18T11:50:05","date_gmt":"2018-06-18T09:50:05","guid":{"rendered":"http:\/\/semmelweis.hu\/molecularimaging\/?page_id=1356"},"modified":"2019-11-12T15:23:02","modified_gmt":"2019-11-12T14:23:02","slug":"orvos-tema-05-2","status":"publish","type":"page","link":"https:\/\/semmelweis.hu\/molecularimaging\/oktatas\/uj_kutatasi_temak\/orvos-tema-05-2\/","title":{"rendered":"Az MRI stochasztikus &#8211; genotoxicit\u00e1s \u2013 vizsg\u00e1lata"},"content":{"rendered":"<p><b>Le\u00edr\u00e1s<\/b><br \/>\nAz MRI mind ez egyik legelterjedtebb klinikai diagnosztikai m\u00f3dszer, amelynek szerepe az<br \/>\nelm\u00falt \u00e9vekben is jelent\u0151sen n\u00f6vekedett. Az izot\u00f3pos \u00e9s a r\u00f6ntgen sug\u00e1rz\u00e1s alap\u00fa<br \/>\ndiagnosztikai vizsg\u00e1latok sz\u00e1mos ismert mell\u00e9khat\u00e1s\u00e1val szemben, az MRI mell\u00e9khat\u00e1saival<br \/>\nkevesen foglalkoznak.<br \/>\nA tudom\u00e1nyos di\u00e1kk\u00f6ri hallgat\u00f3 az MRI stochasztikus mell\u00e9khat\u00e1sait vizsg\u00e1lhatja. A<br \/>\ntudom\u00e1nyos k\u00e9rd\u00e9s, hogy eg\u00e9r perif\u00e9ri\u00e1s v\u00e9r retikolocita mikronukleusz teszttel<br \/>\nkimutathat\u00f3-e az MRI vizsg\u00e1lat illetve a vizsg\u00e1lat sor\u00e1n alkalmazott \u00e1lland\u00f3 statikus<br \/>\nm\u00e1gneses t\u00e9r genotoxicit\u00e1sa. El\u0151zetes eredm\u00e9nyeink alapj\u00e1n a mironukleusz tesztel siker\u00fclt<br \/>\nkimutatni a 3T-s MRI m\u00e1gneses t\u00e9r hat\u00e1s\u00e1ra l\u00e9trej\u00f6v\u0151 v\u00f6r\u00f6sv\u00e9rtest genetikai k\u00e1rosod\u00e1s\u00e1t.<br \/>\nA hallgat\u00f3 a munka sor\u00e1n megismerkedhet az alapvet\u0151 kvantitat\u00edv in vivo k\u00e9palkot\u00f3<br \/>\nm\u00f3dszerekkel \u2013 MRI, CT, SPECT, PET, OI. Tov\u00e1bb\u00e1 sejtek jel\u00f6l\u00e9si \u00e9s mikroszk\u00f3pos vizsg\u00e1lati<br \/>\nm\u00f3dszereivel.<br \/>\nFeladata lenne FCM m\u00e9r\u00e9sek \u00e9s mikroszk\u00f3pos tesztek seg\u00edts\u00e9g\u00e9vel igazolni \u00e9s kvant\u00e1lni a<br \/>\nmell\u00e9khat\u00e1sokat.<\/p>\n","protected":false},"excerpt":{"rendered":"<p>Le\u00edr\u00e1s Az MRI mind ez egyik legelterjedtebb klinikai diagnosztikai m\u00f3dszer, amelynek szerepe az elm\u00falt \u00e9vekben is jelent\u0151sen n\u00f6vekedett. Az izot\u00f3pos \u00e9s a r\u00f6ntgen sug\u00e1rz\u00e1s alap\u00fa diagnosztikai vizsg\u00e1latok sz\u00e1mos ismert mell\u00e9khat\u00e1s\u00e1val szemben, az MRI mell\u00e9khat\u00e1saival kevesen foglalkoznak. A tudom\u00e1nyos di\u00e1kk\u00f6ri hallgat\u00f3 az MRI stochasztikus mell\u00e9khat\u00e1sait vizsg\u00e1lhatja. A tudom\u00e1nyos k\u00e9rd\u00e9s, hogy eg\u00e9r perif\u00e9ri\u00e1s v\u00e9r retikolocita mikronukleusz teszttel &hellip;<\/p>\n","protected":false},"author":101226,"featured_media":0,"parent":181,"menu_order":0,"comment_status":"closed","ping_status":"closed","template":"","meta":{"_acf_changed":false,"footnotes":""},"categories":[],"tags":[],"class_list":["post-1356","page","type-page","status-publish","hentry"],"acf":[],"_links":{"self":[{"href":"https:\/\/semmelweis.hu\/molecularimaging\/wp-json\/wp\/v2\/pages\/1356","targetHints":{"allow":["GET"]}}],"collection":[{"href":"https:\/\/semmelweis.hu\/molecularimaging\/wp-json\/wp\/v2\/pages"}],"about":[{"href":"https:\/\/semmelweis.hu\/molecularimaging\/wp-json\/wp\/v2\/types\/page"}],"author":[{"embeddable":true,"href":"https:\/\/semmelweis.hu\/molecularimaging\/wp-json\/wp\/v2\/users\/101226"}],"replies":[{"embeddable":true,"href":"https:\/\/semmelweis.hu\/molecularimaging\/wp-json\/wp\/v2\/comments?post=1356"}],"version-history":[{"count":1,"href":"https:\/\/semmelweis.hu\/molecularimaging\/wp-json\/wp\/v2\/pages\/1356\/revisions"}],"predecessor-version":[{"id":1357,"href":"https:\/\/semmelweis.hu\/molecularimaging\/wp-json\/wp\/v2\/pages\/1356\/revisions\/1357"}],"up":[{"embeddable":true,"href":"https:\/\/semmelweis.hu\/molecularimaging\/wp-json\/wp\/v2\/pages\/181"}],"wp:attachment":[{"href":"https:\/\/semmelweis.hu\/molecularimaging\/wp-json\/wp\/v2\/media?parent=1356"}],"wp:term":[{"taxonomy":"category","embeddable":true,"href":"https:\/\/semmelweis.hu\/molecularimaging\/wp-json\/wp\/v2\/categories?post=1356"},{"taxonomy":"post_tag","embeddable":true,"href":"https:\/\/semmelweis.hu\/molecularimaging\/wp-json\/wp\/v2\/tags?post=1356"}],"curies":[{"name":"wp","href":"https:\/\/api.w.org\/{rel}","templated":true}]}}