{"id":1247,"date":"2018-02-12T10:36:23","date_gmt":"2018-02-12T09:36:23","guid":{"rendered":"http:\/\/semmelweis.hu\/molecularimaging\/?page_id=1247"},"modified":"2018-02-12T12:34:35","modified_gmt":"2018-02-12T11:34:35","slug":"budapesti-muszaki-es-gazdasagtudomanyi-egyetem-tdk","status":"publish","type":"page","link":"https:\/\/semmelweis.hu\/molecularimaging\/oktatas\/korabbi-eredmenyek\/budapesti-muszaki-es-gazdasagtudomanyi-egyetem-tdk\/","title":{"rendered":"Budapesti M\u0171szaki \u00e9s Gazdas\u00e1gtudom\u00e1nyi Egyetem TDK"},"content":{"rendered":"<p><strong>2017<br \/>\n <\/strong><\/p>\n<ul>\n<li><strong>M\u00e9ly agyi elektr\u00f3d\u00e1k in vivo lokaliz\u00e1ci\u00f3ja egerekben v\u00e9gzett ideg\u00e9lettani k\u00eds\u00e9rletekben<br \/>\n <\/strong>Kir\u00e1ly B\u00e1lint<br \/>\n <em>Orvosi fizika szekci\u00f3, I. helyez\u00e9s,\u00a0Morgan Stanley k\u00fcl\u00f6nd\u00edj<\/em><\/li>\n<\/ul>\n","protected":false},"excerpt":{"rendered":"<p>2017<\/p>\n<p>M\u00e9ly agyi elektr\u00f3d\u00e1k in vivo lokaliz\u00e1ci\u00f3ja egerekben v\u00e9gzett ideg\u00e9lettani k\u00eds\u00e9rletekben<br \/>\n Kir\u00e1ly B\u00e1lint<br \/>\n Orvosi fizika szekci\u00f3, I. helyez\u00e9s,\u00a0Morgan Stanley k\u00fcl\u00f6nd\u00edj<\/p>\n","protected":false},"author":101226,"featured_media":0,"parent":817,"menu_order":5,"comment_status":"closed","ping_status":"closed","template":"","meta":{"_acf_changed":false,"footnotes":""},"categories":[],"tags":[],"class_list":["post-1247","page","type-page","status-publish","hentry"],"acf":[],"_links":{"self":[{"href":"https:\/\/semmelweis.hu\/molecularimaging\/wp-json\/wp\/v2\/pages\/1247","targetHints":{"allow":["GET"]}}],"collection":[{"href":"https:\/\/semmelweis.hu\/molecularimaging\/wp-json\/wp\/v2\/pages"}],"about":[{"href":"https:\/\/semmelweis.hu\/molecularimaging\/wp-json\/wp\/v2\/types\/page"}],"author":[{"embeddable":true,"href":"https:\/\/semmelweis.hu\/molecularimaging\/wp-json\/wp\/v2\/users\/101226"}],"replies":[{"embeddable":true,"href":"https:\/\/semmelweis.hu\/molecularimaging\/wp-json\/wp\/v2\/comments?post=1247"}],"version-history":[{"count":4,"href":"https:\/\/semmelweis.hu\/molecularimaging\/wp-json\/wp\/v2\/pages\/1247\/revisions"}],"predecessor-version":[{"id":1262,"href":"https:\/\/semmelweis.hu\/molecularimaging\/wp-json\/wp\/v2\/pages\/1247\/revisions\/1262"}],"up":[{"embeddable":true,"href":"https:\/\/semmelweis.hu\/molecularimaging\/wp-json\/wp\/v2\/pages\/817"}],"wp:attachment":[{"href":"https:\/\/semmelweis.hu\/molecularimaging\/wp-json\/wp\/v2\/media?parent=1247"}],"wp:term":[{"taxonomy":"category","embeddable":true,"href":"https:\/\/semmelweis.hu\/molecularimaging\/wp-json\/wp\/v2\/categories?post=1247"},{"taxonomy":"post_tag","embeddable":true,"href":"https:\/\/semmelweis.hu\/molecularimaging\/wp-json\/wp\/v2\/tags?post=1247"}],"curies":[{"name":"wp","href":"https:\/\/api.w.org\/{rel}","templated":true}]}}