{"id":106,"date":"2014-03-27T09:08:58","date_gmt":"2014-03-27T09:08:58","guid":{"rendered":"http:\/\/semmelweis.hu\/molecularimaging\/?page_id=106"},"modified":"2022-03-24T14:54:19","modified_gmt":"2022-03-24T13:54:19","slug":"nanospectct","status":"publish","type":"page","link":"https:\/\/semmelweis.hu\/molecularimaging\/muszerek\/nanospectct\/","title":{"rendered":"nanoScan SPECT\/CT"},"content":{"rendered":"<p style=\"text-align: justify\"><a href=\"https:\/\/semmelweis.hu\/molecularimaging\/files\/2022\/03\/nanoScan-SPECTCT-scaled.jpg\"><img loading=\"lazy\" decoding=\"async\" class=\"alignright  wp-image-1661\" src=\"https:\/\/semmelweis.hu\/molecularimaging\/files\/2022\/03\/nanoScan-SPECTCT-300x400.jpg\" alt=\"\" width=\"290\" height=\"387\" srcset=\"https:\/\/semmelweis.hu\/molecularimaging\/files\/2022\/03\/nanoScan-SPECTCT-300x400.jpg 300w, https:\/\/semmelweis.hu\/molecularimaging\/files\/2022\/03\/nanoScan-SPECTCT-768x1024.jpg 768w, https:\/\/semmelweis.hu\/molecularimaging\/files\/2022\/03\/nanoScan-SPECTCT-1152x1536.jpg 1152w, https:\/\/semmelweis.hu\/molecularimaging\/files\/2022\/03\/nanoScan-SPECTCT-1536x2048.jpg 1536w, https:\/\/semmelweis.hu\/molecularimaging\/files\/2022\/03\/nanoScan-SPECTCT-753x1004.jpg 753w, https:\/\/semmelweis.hu\/molecularimaging\/files\/2022\/03\/nanoScan-SPECTCT-scaled.jpg 1920w\" sizes=\"auto, (max-width: 290px) 100vw, 290px\" \/><\/a>A NanoSPECT\/CT egy alacsony d\u00f3zis\u00fa \u00e9s nagy felbont\u00e1s\u00fa (SPECT eset\u00e9ben 300 \u00b5m, m\u00edg CT eset\u00e9ben 30 \u00b5m) kombin\u00e1lt kis\u00e1llat k\u00e9palkot\u00f3 rendszer. Megfelel\u0151 izot\u00f3pjel\u00f6l\u00e9ssel feh\u00e9rj\u00e9k, farmakonok \u00e9s egy\u00e9b kis molekul\u00e1ris biomarkerek id\u0151beli \u00e9s t\u00e9rbeli eloszl\u00e1s\u00e1t kvantitat\u00edv m\u00f3don nyomon lehet k\u00f6vetni, ak\u00e1r pikom\u00f3los koncentr\u00e1ci\u00f3ban, pontos anat\u00f3miai lokaliz\u00e1ci\u00f3val. T\u00f6bbsz\u00f6r\u00f6s izot\u00f3pjelz\u00e9ssel t\u00f6bb molekula biodisztrib\u00faci\u00f3ja is vizsg\u00e1lhat\u00f3. Lehet\u0151s\u00e9g ny\u00edlik a vizsg\u00e1lt molekula \u00e9s az \u00e1ltala kiv\u00e1ltott \u00e9lettani funkci\u00f3 egyidej\u0171 vizsg\u00e1lat\u00e1ra is.<\/p>\n<p>&nbsp;<\/p>\n","protected":false},"excerpt":{"rendered":"<p><a href=\"https:\/\/semmelweis.hu\/molecularimaging\/files\/2022\/03\/nanoScan-SPECTCT-scaled.jpg\"><\/a> A NanoSPECT\/CT egy alacsony d\u00f3zis\u00fa \u00e9s nagy felbont\u00e1s\u00fa (SPECT eset\u00e9ben 300 \u00b5m, m\u00edg CT eset\u00e9ben 30 \u00b5m) kombin\u00e1lt kis\u00e1llat k\u00e9palkot\u00f3 rendszer. Megfelel\u0151 izot\u00f3pjel\u00f6l\u00e9ssel feh\u00e9rj\u00e9k, farmakonok \u00e9s egy\u00e9b kis molekul\u00e1ris biomarkerek id\u0151beli \u00e9s t\u00e9rbeli eloszl\u00e1s\u00e1t kvantitat\u00edv m\u00f3don nyomon lehet k\u00f6vetni, ak\u00e1r pikom\u00f3los koncentr\u00e1ci\u00f3ban, pontos anat\u00f3miai lokaliz\u00e1ci\u00f3val. T\u00f6bbsz\u00f6r\u00f6s izot\u00f3pjelz\u00e9ssel t\u00f6bb molekula biodisztrib\u00faci\u00f3ja is vizsg\u00e1lhat\u00f3. Lehet\u0151s\u00e9g ny\u00edlik a &hellip;<\/p>\n","protected":false},"author":12,"featured_media":0,"parent":12,"menu_order":1,"comment_status":"open","ping_status":"open","template":"","meta":{"_acf_changed":false,"footnotes":""},"categories":[],"tags":[],"class_list":["post-106","page","type-page","status-publish","hentry"],"acf":[],"_links":{"self":[{"href":"https:\/\/semmelweis.hu\/molecularimaging\/wp-json\/wp\/v2\/pages\/106","targetHints":{"allow":["GET"]}}],"collection":[{"href":"https:\/\/semmelweis.hu\/molecularimaging\/wp-json\/wp\/v2\/pages"}],"about":[{"href":"https:\/\/semmelweis.hu\/molecularimaging\/wp-json\/wp\/v2\/types\/page"}],"author":[{"embeddable":true,"href":"https:\/\/semmelweis.hu\/molecularimaging\/wp-json\/wp\/v2\/users\/12"}],"replies":[{"embeddable":true,"href":"https:\/\/semmelweis.hu\/molecularimaging\/wp-json\/wp\/v2\/comments?post=106"}],"version-history":[{"count":11,"href":"https:\/\/semmelweis.hu\/molecularimaging\/wp-json\/wp\/v2\/pages\/106\/revisions"}],"predecessor-version":[{"id":1674,"href":"https:\/\/semmelweis.hu\/molecularimaging\/wp-json\/wp\/v2\/pages\/106\/revisions\/1674"}],"up":[{"embeddable":true,"href":"https:\/\/semmelweis.hu\/molecularimaging\/wp-json\/wp\/v2\/pages\/12"}],"wp:attachment":[{"href":"https:\/\/semmelweis.hu\/molecularimaging\/wp-json\/wp\/v2\/media?parent=106"}],"wp:term":[{"taxonomy":"category","embeddable":true,"href":"https:\/\/semmelweis.hu\/molecularimaging\/wp-json\/wp\/v2\/categories?post=106"},{"taxonomy":"post_tag","embeddable":true,"href":"https:\/\/semmelweis.hu\/molecularimaging\/wp-json\/wp\/v2\/tags?post=106"}],"curies":[{"name":"wp","href":"https:\/\/api.w.org\/{rel}","templated":true}]}}