{"id":100,"date":"2014-03-27T09:00:51","date_gmt":"2014-03-27T09:00:51","guid":{"rendered":"http:\/\/semmelweis.hu\/molecularimaging\/?page_id=100"},"modified":"2022-03-25T12:20:45","modified_gmt":"2022-03-25T11:20:45","slug":"oktatas","status":"publish","type":"page","link":"https:\/\/semmelweis.hu\/molecularimaging\/oktatas\/","title":{"rendered":"Oktat\u00e1s"},"content":{"rendered":"<p style=\"text-align: justify\">A munkacsoport c\u00e9lja, hogy minden szinten bemutassa a multimod\u00e1lis\u00a0kvantitat\u00edv in vivo klinikai \u00e9s preklinikai k\u00e9palkot\u00e1si m\u00f3dszereket,\u00a0k\u00fcl\u00f6nleges \u00e9s \u00faj technik\u00e1k alapjait, megismertesse ezeket mind\u00a0elm\u00e9leti, mind gyakorlati szempontb\u00f3l.<\/p>\n<p style=\"text-align: center\"><span style=\"font-size: 14pt\"><strong>TDK hallgat\u00f3ink 2010-2022<\/strong><\/span><\/p>\n<table style=\"border-collapse: collapse;width: 92.3318%;height: 74px\" border=\"1\">\n<tbody>\n<tr style=\"height: 37px\">\n<td style=\"width: 18.4037%;text-align: center;height: 37px\"><strong>SE<\/strong><\/td>\n<td style=\"width: 20.9103%;text-align: center;height: 37px\"><strong>BME<\/strong><\/td>\n<td style=\"width: 22.3615%;text-align: center;height: 37px\"><strong>ELTE<\/strong><\/td>\n<td style=\"width: 18.3047%;text-align: center;height: 37px\"><strong>MOE<\/strong><\/td>\n<td style=\"width: 20.0198%;text-align: center;height: 37px\"><strong>PPPE<\/strong><\/td>\n<\/tr>\n<tr style=\"height: 37px\">\n<td style=\"width: 18.4037%;text-align: center;height: 37px\">33<\/td>\n<td style=\"width: 20.9103%;text-align: center;height: 37px\">13<\/td>\n<td style=\"width: 22.3615%;text-align: center;height: 37px\">1<\/td>\n<td style=\"width: 18.3047%;text-align: center;height: 37px\">1<\/td>\n<td style=\"width: 20.0198%;text-align: center;height: 37px\">5<\/td>\n<\/tr>\n<\/tbody>\n<\/table>\n<p>&nbsp;<\/p>\n<p style=\"text-align: center\"><span style=\"font-size: 14pt\"><strong>Semmelweis Egyetem TDK eredm\u00e9nyeink<\/strong><\/span><\/p>\n<table style=\"height: 335px;width: 92.6454%;border-collapse: collapse;border-color: #ffffff\">\n<tbody>\n<tr style=\"height: 18px\">\n<td style=\"width: 15.875%;height: 53px\" rowspan=\"2\">\u00a0<\/td>\n<td style=\"width: 56.8728%;height: 29px;text-align: center\" colspan=\"3\"><strong>\u00a0 \u00a0 \u00a0 Helyez\u00e9sek<\/strong><\/td>\n<td style=\"width: 46.4752%;height: 53px;text-align: center\" rowspan=\"2\"><span style=\"font-size: 10pt\"><strong>El\u0151ad\u00e1sok<\/strong><\/span><\/td>\n<\/tr>\n<tr style=\"height: 24px\">\n<td style=\"width: 24.7194%;height: 24px;text-align: center\"><strong>I.<\/strong><\/td>\n<td style=\"width: 15.1391%;height: 24px;text-align: center\"><strong>II.<\/strong><\/td>\n<td style=\"width: 17.0143%;height: 24px;text-align: center\"><strong>III.<\/strong><\/td>\n<\/tr>\n<tr style=\"height: 33px\">\n<td style=\"width: 15.875%;height: 33px\"><strong>2022<\/strong><\/td>\n<td style=\"width: 24.7194%;text-align: center;height: 33px\">&#8211;<\/td>\n<td style=\"width: 15.1391%;text-align: center;height: 33px\">1<\/td>\n<td style=\"width: 17.0143%;text-align: center;height: 33px\">&#8211;<\/td>\n<td style=\"width: 46.4752%;text-align: center;height: 33px\">3<\/td>\n<\/tr>\n<tr style=\"height: 33px\">\n<td style=\"width: 15.875%;height: 33px\"><strong>2020<\/strong><\/td>\n<td style=\"width: 24.7194%;text-align: center;height: 33px\">2<\/td>\n<td style=\"width: 15.1391%;text-align: center;height: 33px\"><span style=\"font-size: 12pt\">&#8211;<\/span><\/td>\n<td style=\"width: 17.0143%;text-align: center;height: 33px\">1<\/td>\n<td style=\"width: 46.4752%;text-align: center;height: 33px\">4<\/td>\n<\/tr>\n<tr style=\"height: 24px\">\n<td style=\"width: 15.875%;height: 24px\"><strong>2019<\/strong><\/td>\n<td style=\"width: 24.7194%;text-align: center;height: 24px\"><span style=\"font-size: 12pt\">&#8211;<\/span><\/td>\n<td style=\"width: 15.1391%;text-align: center;height: 24px\">1<\/td>\n<td style=\"width: 17.0143%;text-align: center;height: 24px\"><span style=\"font-size: 12pt\">&#8211;<\/span><\/td>\n<td style=\"width: 46.4752%;text-align: center;height: 24px\">2<\/td>\n<\/tr>\n<tr style=\"height: 24px\">\n<td style=\"width: 15.875%;height: 22px\"><strong>2018<\/strong><\/td>\n<td style=\"width: 24.7194%;height: 22px;text-align: center\">2<\/td>\n<td style=\"width: 15.1391%;height: 22px;text-align: center\">&#8211;<\/td>\n<td style=\"width: 17.0143%;height: 22px;text-align: center\">1<\/td>\n<td style=\"width: 46.4752%;height: 22px;text-align: center\">4<\/td>\n<\/tr>\n<tr style=\"height: 32px\">\n<td style=\"width: 15.875%;height: 30px\"><strong>2017<\/strong><\/td>\n<td style=\"width: 24.7194%;height: 30px;text-align: center\">&#8211;<\/td>\n<td style=\"width: 15.1391%;height: 30px;text-align: center\">2<\/td>\n<td style=\"width: 17.0143%;height: 30px;text-align: center\">&#8211;<\/td>\n<td style=\"width: 46.4752%;height: 30px;text-align: center\">3<\/td>\n<\/tr>\n<tr style=\"height: 24px\">\n<td style=\"width: 15.875%;height: 34px\"><strong>2016<\/strong><\/td>\n<td style=\"width: 24.7194%;height: 34px;text-align: center\">3<\/td>\n<td style=\"width: 15.1391%;height: 34px;text-align: center\">&#8211;<\/td>\n<td style=\"width: 17.0143%;height: 34px;text-align: center\">&#8211;<\/td>\n<td style=\"width: 46.4752%;height: 34px;text-align: center\">5<\/td>\n<\/tr>\n<tr style=\"height: 24px\">\n<td style=\"width: 15.875%;height: 35px\"><strong>2015<\/strong><\/td>\n<td style=\"width: 24.7194%;height: 35px;text-align: center\">&#8211;<\/td>\n<td style=\"width: 15.1391%;height: 35px;text-align: center\">2<\/td>\n<td style=\"width: 17.0143%;height: 35px;text-align: center\">&#8211;<\/td>\n<td style=\"width: 46.4752%;height: 35px;text-align: center\">4<\/td>\n<\/tr>\n<tr style=\"height: 24px\">\n<td style=\"width: 15.875%;height: 31px\"><strong>2014<\/strong><\/td>\n<td style=\"width: 24.7194%;height: 31px;text-align: center\">1<\/td>\n<td style=\"width: 15.1391%;height: 31px;text-align: center\">&#8211;<\/td>\n<td style=\"width: 17.0143%;height: 31px;text-align: center\">&#8211;<\/td>\n<td style=\"width: 46.4752%;height: 31px;text-align: center\">7<\/td>\n<\/tr>\n<tr style=\"height: 24px\">\n<td style=\"width: 15.875%;height: 33px\"><strong>2013<\/strong><\/td>\n<td style=\"width: 24.7194%;height: 33px;text-align: center\">&#8211;<\/td>\n<td style=\"width: 15.1391%;height: 33px;text-align: center\">1<\/td>\n<td style=\"width: 17.0143%;height: 33px;text-align: center\">1<\/td>\n<td style=\"width: 46.4752%;height: 33px;text-align: center\">3<\/td>\n<\/tr>\n<tr style=\"height: 24px\">\n<td style=\"width: 15.875%;height: 30px\"><strong>2012<\/strong><\/td>\n<td style=\"width: 24.7194%;height: 30px;text-align: center\">1<\/td>\n<td style=\"width: 15.1391%;height: 30px;text-align: center\">2<\/td>\n<td style=\"width: 17.0143%;height: 30px;text-align: center\">&#8211;<\/td>\n<td style=\"width: 46.4752%;height: 30px;text-align: center\">4<\/td>\n<\/tr>\n<tr style=\"height: 24px\">\n<td style=\"width: 15.875%;height: 10px\"><strong>2011<\/strong><\/td>\n<td style=\"width: 24.7194%;height: 10px;text-align: center\">&#8211;<\/td>\n<td style=\"width: 15.1391%;height: 10px;text-align: center\">1<\/td>\n<td style=\"width: 17.0143%;height: 10px;text-align: center\">&#8211;<\/td>\n<td style=\"width: 46.4752%;height: 10px;text-align: center\">2<\/td>\n<\/tr>\n<\/tbody>\n<\/table>\n<p>&nbsp;<\/p>\n<p>&nbsp;<\/p>\n<p style=\"text-align: center\"><strong><span style=\"font-size: 14pt\">OTDK eredm\u00e9nyeink<\/span><\/strong><\/p>\n<table style=\"font-size: 1rem;height: 131px;width: 99.7595%\" width=\"530\">\n<tbody>\n<tr style=\"height: 18px\">\n<td style=\"width: 19.536%;height: 51px\" rowspan=\"2\">\u00a0<\/td>\n<td style=\"height: 29px;text-align: center;width: 42.1245%\" colspan=\"3\"><strong>Helyez\u00e9sek<\/strong><\/td>\n<td style=\"width: 38.2173%;height: 51px;text-align: center\" rowspan=\"2\"><span style=\"font-size: 10pt\"><strong>El\u0151ad\u00e1sok<\/strong><\/span><\/td>\n<\/tr>\n<tr style=\"height: 24px\">\n<td style=\"width: 13.6752%;height: 22px;text-align: center\"><strong>I.<\/strong><\/td>\n<td style=\"width: 13.3089%;height: 22px;text-align: center\"><strong>II.<\/strong><\/td>\n<td style=\"width: 15.1404%;height: 22px;text-align: center\"><strong>III.<\/strong><\/td>\n<\/tr>\n<tr>\n<td style=\"width: 19.536%\"><strong>2021<\/strong><\/td>\n<td style=\"width: 13.6752%;text-align: center\">&#8211;<\/td>\n<td style=\"width: 13.3089%;text-align: center\">&#8211;<\/td>\n<td style=\"width: 15.1404%;text-align: center\">&#8211;<\/td>\n<td style=\"width: 38.2173%;text-align: center\">1<\/td>\n<\/tr>\n<tr>\n<td style=\"width: 19.536%\"><strong>2019<\/strong><\/td>\n<td style=\"width: 13.6752%;text-align: center\">&#8211;<\/td>\n<td style=\"width: 13.3089%;text-align: center\">&#8211;<\/td>\n<td style=\"width: 15.1404%;text-align: center\">&#8211;<\/td>\n<td style=\"width: 38.2173%;text-align: center\"><span style=\"font-size: 12pt\">2<\/span><\/td>\n<\/tr>\n<tr style=\"height: 24px\">\n<td style=\"width: 19.536%;height: 24px\"><strong>2017<\/strong><\/td>\n<td style=\"width: 13.6752%;height: 24px;text-align: center\">2<\/td>\n<td style=\"width: 13.3089%;height: 24px;text-align: center\">&#8211;<\/td>\n<td style=\"width: 15.1404%;height: 24px;text-align: center\">&#8211;<\/td>\n<td style=\"width: 38.2173%;height: 24px;text-align: center\">4<\/td>\n<\/tr>\n<tr style=\"height: 32px\">\n<td style=\"width: 19.536%;height: 32px\"><strong>2015<\/strong><\/td>\n<td style=\"width: 13.6752%;height: 32px;text-align: center\">&#8211;<\/td>\n<td style=\"width: 13.3089%;height: 32px;text-align: center\">1<\/td>\n<td style=\"width: 15.1404%;height: 32px;text-align: center\">&#8211;<\/td>\n<td style=\"width: 38.2173%;height: 32px;text-align: center\">2<\/td>\n<\/tr>\n<tr style=\"height: 24px\">\n<td style=\"width: 19.536%;height: 24px\"><strong>2013<\/strong><\/td>\n<td style=\"width: 13.6752%;height: 24px;text-align: center\">&#8211;<\/td>\n<td style=\"width: 13.3089%;height: 24px;text-align: center\">1<\/td>\n<td style=\"width: 15.1404%;height: 24px;text-align: center\">&#8211;<\/td>\n<td style=\"width: 38.2173%;height: 24px;text-align: center\">2<\/td>\n<\/tr>\n<\/tbody>\n<\/table>\n<p style=\"text-align: center\">\u00a0<\/p>\n<p>&nbsp;<\/p>\n<p style=\"text-align: center\"><span style=\"font-size: 14pt\"><strong>BME\/ELTE\/MOGYE TDK eredm\u00e9nyeink<\/strong><\/span><\/p>\n<table style=\"width: 617px;height: 152px\">\n<tbody>\n<tr style=\"height: 18px\">\n<td style=\"width: 49px;height: 53px\" rowspan=\"2\">\u00a0<\/td>\n<td style=\"width: 108px;height: 29px;text-align: center\" colspan=\"3\"><strong>Helyez\u00e9sek<\/strong><\/td>\n<td style=\"width: 97px;height: 53px;text-align: center\" rowspan=\"2\"><span style=\"font-size: 10pt\"><strong>El\u0151ad\u00e1sok<\/strong><\/span><\/td>\n<\/tr>\n<tr style=\"height: 24px\">\n<td style=\"width: 35px;height: 24px;text-align: center\"><strong>I.<\/strong><\/td>\n<td style=\"width: 34px;height: 24px;text-align: center\"><strong>II.<\/strong><\/td>\n<td style=\"width: 39px;height: 24px;text-align: center\"><strong>III.<\/strong><\/td>\n<\/tr>\n<tr style=\"height: 24px\">\n<td style=\"width: 49px;height: 24px\"><strong>2017<\/strong><\/td>\n<td style=\"width: 35px;height: 24px;text-align: center\">1<\/td>\n<td style=\"width: 34px;height: 24px;text-align: center\">&#8211;<\/td>\n<td style=\"width: 39px;height: 24px;text-align: center\">\u00a0<\/td>\n<td style=\"width: 97px;height: 24px;text-align: center\">1<\/td>\n<\/tr>\n<tr style=\"height: 32px\">\n<td style=\"width: 49px;height: 32px\"><strong>2014<\/strong><\/td>\n<td style=\"width: 35px;height: 32px;text-align: center\">&#8211;<\/td>\n<td style=\"width: 34px;height: 32px;text-align: center\">1<\/td>\n<td style=\"width: 39px;height: 32px;text-align: center\">&#8211;<\/td>\n<td style=\"width: 97px;height: 32px;text-align: center\">2<\/td>\n<\/tr>\n<\/tbody>\n<\/table>\n","protected":false},"excerpt":{"rendered":"<p>A munkacsoport c\u00e9lja, hogy minden szinten bemutassa a multimod\u00e1lis\u00a0kvantitat\u00edv in vivo klinikai \u00e9s preklinikai k\u00e9palkot\u00e1si m\u00f3dszereket,\u00a0k\u00fcl\u00f6nleges \u00e9s \u00faj technik\u00e1k alapjait, megismertesse ezeket mind\u00a0elm\u00e9leti, mind gyakorlati szempontb\u00f3l. TDK hallgat\u00f3ink 2010-2022 SE BME ELTE MOE PPPE 33 13 1 1 5 &nbsp; Semmelweis Egyetem TDK eredm\u00e9nyeink \u00a0 \u00a0 \u00a0 \u00a0 Helyez\u00e9sek El\u0151ad\u00e1sok I. II. III. 2022 &#8211; &hellip;<\/p>\n","protected":false},"author":12,"featured_media":0,"parent":0,"menu_order":0,"comment_status":"closed","ping_status":"closed","template":"","meta":{"_acf_changed":false,"footnotes":""},"categories":[],"tags":[],"class_list":["post-100","page","type-page","status-publish","hentry"],"acf":[],"_links":{"self":[{"href":"https:\/\/semmelweis.hu\/molecularimaging\/wp-json\/wp\/v2\/pages\/100","targetHints":{"allow":["GET"]}}],"collection":[{"href":"https:\/\/semmelweis.hu\/molecularimaging\/wp-json\/wp\/v2\/pages"}],"about":[{"href":"https:\/\/semmelweis.hu\/molecularimaging\/wp-json\/wp\/v2\/types\/page"}],"author":[{"embeddable":true,"href":"https:\/\/semmelweis.hu\/molecularimaging\/wp-json\/wp\/v2\/users\/12"}],"replies":[{"embeddable":true,"href":"https:\/\/semmelweis.hu\/molecularimaging\/wp-json\/wp\/v2\/comments?post=100"}],"version-history":[{"count":12,"href":"https:\/\/semmelweis.hu\/molecularimaging\/wp-json\/wp\/v2\/pages\/100\/revisions"}],"predecessor-version":[{"id":1680,"href":"https:\/\/semmelweis.hu\/molecularimaging\/wp-json\/wp\/v2\/pages\/100\/revisions\/1680"}],"wp:attachment":[{"href":"https:\/\/semmelweis.hu\/molecularimaging\/wp-json\/wp\/v2\/media?parent=100"}],"wp:term":[{"taxonomy":"category","embeddable":true,"href":"https:\/\/semmelweis.hu\/molecularimaging\/wp-json\/wp\/v2\/categories?post=100"},{"taxonomy":"post_tag","embeddable":true,"href":"https:\/\/semmelweis.hu\/molecularimaging\/wp-json\/wp\/v2\/tags?post=100"}],"curies":[{"name":"wp","href":"https:\/\/api.w.org\/{rel}","templated":true}]}}