{"id":10,"date":"2012-02-04T14:43:48","date_gmt":"2012-02-04T13:43:48","guid":{"rendered":"http:\/\/semmelweis-egyetem.hu\/szivsebeszet\/?page_id=10"},"modified":"2022-03-21T09:47:16","modified_gmt":"2022-03-21T08:47:16","slug":"celjaink","status":"publish","type":"page","link":"https:\/\/semmelweis.hu\/molecularimaging\/celjaink\/","title":{"rendered":"C\u00e9ljaink"},"content":{"rendered":"<h2 style=\"text-align: justify\">K\u00fcldet\u00e9s<\/h2>\n<p style=\"text-align: justify\"><span style=\"font-weight: 400\">C\u00e9lunk, hogy mi legy\u00fcnk a kvantitat\u00edv in vivo k\u00e9palkot\u00f3 m\u00f3dszerek innov\u00e1ci\u00f3j\u00e1nak motorja, \u00faj kutat\u00e1si ir\u00e1nyok \u00e9s \u00fczleti alkalmaz\u00e1sok b\u00f6lcs\u0151je, amelyek az \u00e9vezred state-of-the-art technol\u00f3gi\u00e1j\u00e1t jelentik mind klinikai, mind preklinikai vizsg\u00e1latokban.<\/span><\/p>\n<h2 style=\"text-align: justify\">J\u00f6v\u0151k\u00e9p<\/h2>\n<p style=\"text-align: justify\"><span style=\"font-weight: 400\">C\u00e9lunk, hogy modern k\u00e9palkot\u00f3 m\u00f3dszereinkkel, tudom\u00e1nyos eredm\u00e9nyeinkkel, innov\u00e1ci\u00f3s \u00f6tleteinkkel, valamint emberi p\u00e9ldamutat\u00e1sunkkal a vil\u00e1got \u00e9lhet\u0151bb\u00e9 \u00e9s emberibb\u00e9 tegy\u00fck. Tov\u00e1bb\u00e1 c\u00e9lunk olyan k\u00e9palkot\u00f3 technik\u00e1k, molekul\u00e1k \u00e9s algoritmusok kifejleszt\u00e9se, melyek a j\u00f6v\u0151ben k\u00f6nnyed\u00e9n \u00e1t\u00fcltethet\u0151ek a mindennapi klinikai gyakorlatba.<\/span><\/p>\n<p style=\"text-align: justify\"><span style=\"font-weight: 400\">Csoportunk tagjait arra \u00f6szt\u00f6n\u00f6zz\u00fck, hogy a legmodernebb orvosi \u00e9s technol\u00f3giai m\u00f3dszerek elsaj\u00e1t\u00edt\u00e1s\u00e1n t\u00fal, a kreativit\u00e1st, etikus kutat\u00f3i hozz\u00e1\u00e1ll\u00e1st, illetve \u00fczleti mor\u00e1lt is maguk\u00e9nak \u00e9rezz\u00e9k, valamint k\u00e9pesek legyenek ezt munk\u00e1juk sor\u00e1n alkalmazni.<\/span><\/p>\n","protected":false},"excerpt":{"rendered":"<p>C\u00e9lunk, hogy modern k\u00e9palkot\u00f3 m\u00f3dszereinkkel, tudom\u00e1nyos eredm\u00e9nyeinkkel, innov\u00e1ci\u00f3s \u00f6tleteinkkel, valamint emberi p\u00e9ldamutat\u00e1sunkkal a vil\u00e1got \u00e9lhet\u0151bb\u00e9 \u00e9s emberibb\u00e9 tegy\u00fck. Tov\u00e1bb\u00e1 c\u00e9lunk olyan k\u00e9palkot\u00f3 technik\u00e1k, molekul\u00e1k \u00e9s algoritmusok kifejleszt\u00e9se, melyek a j\u00f6v\u0151ben k\u00f6nnyed\u00e9n \u00e1t\u00fcltethet\u0151ek a mindennapi klinikai gyakorlatba.<\/p>\n","protected":false},"author":101652,"featured_media":500,"parent":0,"menu_order":0,"comment_status":"open","ping_status":"closed","template":"","meta":{"_acf_changed":false,"footnotes":""},"categories":[],"tags":[],"class_list":["post-10","page","type-page","status-publish","has-post-thumbnail","hentry"],"acf":[],"_links":{"self":[{"href":"https:\/\/semmelweis.hu\/molecularimaging\/wp-json\/wp\/v2\/pages\/10","targetHints":{"allow":["GET"]}}],"collection":[{"href":"https:\/\/semmelweis.hu\/molecularimaging\/wp-json\/wp\/v2\/pages"}],"about":[{"href":"https:\/\/semmelweis.hu\/molecularimaging\/wp-json\/wp\/v2\/types\/page"}],"author":[{"embeddable":true,"href":"https:\/\/semmelweis.hu\/molecularimaging\/wp-json\/wp\/v2\/users\/101652"}],"replies":[{"embeddable":true,"href":"https:\/\/semmelweis.hu\/molecularimaging\/wp-json\/wp\/v2\/comments?post=10"}],"version-history":[{"count":11,"href":"https:\/\/semmelweis.hu\/molecularimaging\/wp-json\/wp\/v2\/pages\/10\/revisions"}],"predecessor-version":[{"id":1665,"href":"https:\/\/semmelweis.hu\/molecularimaging\/wp-json\/wp\/v2\/pages\/10\/revisions\/1665"}],"wp:featuredmedia":[{"embeddable":true,"href":"https:\/\/semmelweis.hu\/molecularimaging\/wp-json\/wp\/v2\/media\/500"}],"wp:attachment":[{"href":"https:\/\/semmelweis.hu\/molecularimaging\/wp-json\/wp\/v2\/media?parent=10"}],"wp:term":[{"taxonomy":"category","embeddable":true,"href":"https:\/\/semmelweis.hu\/molecularimaging\/wp-json\/wp\/v2\/categories?post=10"},{"taxonomy":"post_tag","embeddable":true,"href":"https:\/\/semmelweis.hu\/molecularimaging\/wp-json\/wp\/v2\/tags?post=10"}],"curies":[{"name":"wp","href":"https:\/\/api.w.org\/{rel}","templated":true}]}}