{"id":90,"date":"2025-03-18T15:38:03","date_gmt":"2025-03-18T14:38:03","guid":{"rendered":"https:\/\/semmelweis.hu\/mocsailab\/?page_id=90"},"modified":"2025-05-10T16:55:21","modified_gmt":"2025-05-10T14:55:21","slug":"csontlebontas-vizsgalata","status":"publish","type":"page","link":"https:\/\/semmelweis.hu\/mocsailab\/projektek\/csontlebontas-vizsgalata\/","title":{"rendered":"Csontszerkezeti vizsg\u00e1latok mikro-CT-vel"},"content":{"rendered":"<p style=\"text-align: justify\">A mikro-CT technol\u00f3gia forradalmi lehet\u0151s\u00e9get k\u00edn\u00e1l a csont szerkezet\u00e9nek \u00e9s \u00e1talakul\u00e1s\u00e1nak r\u00e9szletes vizsg\u00e1lat\u00e1ra. K\u00e9pes nagy felbont\u00e1s\u00fa, h\u00e1romdimenzi\u00f3s k\u00e9peken megjelen\u00edteni a csontok mikroarchitekt\u00far\u00e1j\u00e1t, lehet\u0151v\u00e9 t\u00e9ve a legapr\u00f3bb v\u00e1ltoz\u00e1sok kimutat\u00e1s\u00e1t is. Kutat\u00e1saink sor\u00e1n a mikro-CT seg\u00edts\u00e9g\u00e9vel elemezz\u00fck a csontlebont\u00e1s folyamatait, azok dinamik\u00e1j\u00e1t \u00e9s az ehhez kapcsol\u00f3d\u00f3 szerkezeti \u00e1talakul\u00e1sokat.<\/p>\n<p style=\"text-align: justify\">A mikro-CT egyed\u00fcl\u00e1ll\u00f3 lehet\u0151s\u00e9get biztos\u00edt a csontsz\u00f6vet r\u00e9szletes, nem destrukt\u00edv elemz\u00e9s\u00e9re, lehet\u0151v\u00e9 t\u00e9ve a szerkezeti v\u00e1ltoz\u00e1sok pontos nyomon k\u00f6vet\u00e9s\u00e9t. Seg\u00edts\u00e9g\u00e9vel m\u00e9rhet\u0151 a csontveszt\u00e9s \u00e9s a csont\u00e1llom\u00e1ny min\u0151s\u00e9ge is. A kor\u00e1bbi publik\u00e1ci\u00f3inkban (<a href=\"https:\/\/pubmed.ncbi.nlm.nih.gov\/31134061\/\" target=\"_blank\" rel=\"noopener\">Csete et al., Frontiers in Immunology. 2019<\/a>) bemutattuk, hogyan alkalmazzuk a mikro-CT-t kutat\u00e1sainkban a csontanyagcsere folyamatainak vizsg\u00e1lat\u00e1ra.<\/p>\n<p>Kollabor\u00e1ci\u00f3s partnereink mikro-CT technol\u00f3gia felhaszn\u00e1l\u00e1s\u00e1val k\u00e9sz\u00fclt k\u00f6zlem\u00e9nyei:<\/p>\n<p><a href=\"https:\/\/pubmed.ncbi.nlm.nih.gov\/33768091\/\" target=\"_blank\" rel=\"noopener\">Czimer et al., Front Cell Dev Biol. 2021.<\/a><\/p>\n<p><a href=\"https:\/\/pubmed.ncbi.nlm.nih.gov\/38398417\/\" target=\"_blank\" rel=\"noopener\">B\u00e1skay et al., J Clin Med. 2024.<\/a><\/p>\n\r\n        [slb_exclude]\r\n        <div class=\"row galeria-wrapper mx-0 h-auto\">\r\n            <div class=\"col-9 pl-0 pr-2\">\r\n            <span class=\"gallery-item frame\">\r\n\t\t\t\t<div class=\"galeria-left-img\"><a href=\"https:\/\/semmelweis.hu\/mocsailab\/files\/2025\/03\/Csete-femur.jpg\"><img src=https:\/\/semmelweis.hu\/mocsailab\/files\/2025\/03\/Csete-femur.jpg  \r\n                            alt=\"\" \r\n                            class=\"attachment-sote-gallery-big size-sote-gallery-big\" \r\n                            srcset=\"https:\/\/semmelweis.hu\/mocsailab\/files\/2025\/03\/Csete-femur.jpg 316w, https:\/\/semmelweis.hu\/mocsailab\/files\/2025\/03\/Csete-femur-203x135.jpg 203w\" ><\/a><\/div>\r\n            <\/span>\r\n\r\n            <\/div>\r\n\r\n\t\t\t<div class=\"col-3 pl-0 pr-0\">\r\n\t\t\t\t<div class=\"galeria-right-img d-flex justify-content-between flex-column h-100 w-100 px-0 mx-0 \">\r\n                <div class=\"galeria-box\">\r\n\t\t\t\t\t<h3 class=\"galeria-title\">Gal\u00e9ria<\/h3>\r\n\t\t\t\t\t<div class=\"galeria-subtitle\">\r\n\r\n\t\t\t\t\t\t<div class=\"galeria-page-counter\"><span>4<\/span>k\u00e9p<\/div>\r\n                    <\/div> <\/div>\r\n                    <span class=\"gallery-item frame d-none d-md-flex\">\r\n\t\t\t\t\t<div class=\"galeria-small-img mt-0\"><a href=\"https:\/\/semmelweis.hu\/mocsailab\/files\/2025\/03\/Csete-fog-implant.jpg\"><img src=https:\/\/semmelweis.hu\/mocsailab\/files\/2025\/03\/Csete-fog-implant.jpg \r\n                                alt=\"\"  \r\n                                class=\"attachment-sote-gallery-small size-sote-gallery-small\" \r\n                                srcset=\"\" ><\/a><\/div>\r\n                    <\/span>\r\n                    <span class=\"gallery-item frame d-none d-md-flex\">\r\n\t\t\t\t\t<div class=\"galeria-small-img mt-0\"><a href=\"https:\/\/semmelweis.hu\/mocsailab\/files\/2025\/03\/Csete-zebrahal.jpg\"><img src=https:\/\/semmelweis.hu\/mocsailab\/files\/2025\/03\/Csete-zebrahal.jpg \r\n                                alt=\"\" \r\n                                class=\"attachment-sote-gallery-small size-sote-gallery-small\" \r\n                                srcset=\"https:\/\/semmelweis.hu\/mocsailab\/files\/2025\/03\/Csete-zebrahal-400x136.jpg 400w, https:\/\/semmelweis.hu\/mocsailab\/files\/2025\/03\/Csete-zebrahal-768x262.jpg 768w, https:\/\/semmelweis.hu\/mocsailab\/files\/2025\/03\/Csete-zebrahal-753x257.jpg 753w, https:\/\/semmelweis.hu\/mocsailab\/files\/2025\/03\/Csete-zebrahal.jpg 954w\" ><\/a><\/div>\r\n                    <\/span>\r\n\r\n                <\/div>\r\n\r\n            <\/div>\r\n\r\n            <span class=\"gallery-item\"><div class=\"hidden\"><a href=\"https:\/\/semmelweis.hu\/mocsailab\/files\/2025\/03\/Csete-zebrahal2.jpg\">\r\n        <img src=https:\/\/semmelweis.hu\/mocsailab\/files\/2025\/03\/Csete-zebrahal2.jpg alt=\"\" class=\"attachment-sote-gallery-big size-sote-gallery-big\" srcset=\"\" >\r\n        <\/a><\/div><\/span>\r\n            <\/div>\r\n\r\n            [\/slb_exclude]\r\n\t\n","protected":false},"excerpt":{"rendered":"<p>A mikro-CT technol\u00f3gia forradalmi lehet\u0151s\u00e9get k\u00edn\u00e1l a csont szerkezet\u00e9nek \u00e9s \u00e1talakul\u00e1s\u00e1nak r\u00e9szletes vizsg\u00e1lat\u00e1ra. K\u00e9pes nagy felbont\u00e1s\u00fa, h\u00e1romdimenzi\u00f3s k\u00e9peken megjelen\u00edteni a csontok mikroarchitekt\u00far\u00e1j\u00e1t, lehet\u0151v\u00e9 t\u00e9ve a legapr\u00f3bb v\u00e1ltoz\u00e1sok kimutat\u00e1s\u00e1t is. Kutat\u00e1saink sor\u00e1n a mikro-CT seg\u00edts\u00e9g\u00e9vel elemezz\u00fck a csontlebont\u00e1s folyamatait, azok dinamik\u00e1j\u00e1t \u00e9s az ehhez kapcsol\u00f3d\u00f3 szerkezeti \u00e1talakul\u00e1sokat. A mikro-CT egyed\u00fcl\u00e1ll\u00f3 lehet\u0151s\u00e9get biztos\u00edt a csontsz\u00f6vet r\u00e9szletes, nem &hellip;<\/p>\n","protected":false},"author":102470,"featured_media":0,"parent":104,"menu_order":5,"comment_status":"closed","ping_status":"closed","template":"","meta":{"_acf_changed":false,"footnotes":""},"categories":[],"tags":[],"class_list":["post-90","page","type-page","status-publish","hentry"],"acf":[],"_links":{"self":[{"href":"https:\/\/semmelweis.hu\/mocsailab\/wp-json\/wp\/v2\/pages\/90","targetHints":{"allow":["GET"]}}],"collection":[{"href":"https:\/\/semmelweis.hu\/mocsailab\/wp-json\/wp\/v2\/pages"}],"about":[{"href":"https:\/\/semmelweis.hu\/mocsailab\/wp-json\/wp\/v2\/types\/page"}],"author":[{"embeddable":true,"href":"https:\/\/semmelweis.hu\/mocsailab\/wp-json\/wp\/v2\/users\/102470"}],"replies":[{"embeddable":true,"href":"https:\/\/semmelweis.hu\/mocsailab\/wp-json\/wp\/v2\/comments?post=90"}],"version-history":[{"count":6,"href":"https:\/\/semmelweis.hu\/mocsailab\/wp-json\/wp\/v2\/pages\/90\/revisions"}],"predecessor-version":[{"id":271,"href":"https:\/\/semmelweis.hu\/mocsailab\/wp-json\/wp\/v2\/pages\/90\/revisions\/271"}],"up":[{"embeddable":true,"href":"https:\/\/semmelweis.hu\/mocsailab\/wp-json\/wp\/v2\/pages\/104"}],"wp:attachment":[{"href":"https:\/\/semmelweis.hu\/mocsailab\/wp-json\/wp\/v2\/media?parent=90"}],"wp:term":[{"taxonomy":"category","embeddable":true,"href":"https:\/\/semmelweis.hu\/mocsailab\/wp-json\/wp\/v2\/categories?post=90"},{"taxonomy":"post_tag","embeddable":true,"href":"https:\/\/semmelweis.hu\/mocsailab\/wp-json\/wp\/v2\/tags?post=90"}],"curies":[{"name":"wp","href":"https:\/\/api.w.org\/{rel}","templated":true}]}}