{"id":8,"date":"2025-03-05T14:55:12","date_gmt":"2025-03-05T13:55:12","guid":{"rendered":"https:\/\/semmelweis.hu\/mocsailab\/?page_id=8"},"modified":"2025-05-29T11:18:03","modified_gmt":"2025-05-29T09:18:03","slug":"rolunk","status":"publish","type":"page","link":"https:\/\/semmelweis.hu\/mocsailab\/rolunk\/","title":{"rendered":"A Gyullad\u00e1s\u00e9lettani Kutat\u00f3csoport"},"content":{"rendered":"<div class=\"w-100 keretes\" style=\"text-align: justify\">Munkacsoportunk els\u0151dleges c\u00e9lja a gyullad\u00e1sos betegs\u00e9gek kialakul\u00e1s\u00e1nak a molekul\u00e1ris szint\u0171 meg\u00e9rt\u00e9se. Ehhez szorosan kapcsol\u00f3dva r\u00e9szletesen vizsg\u00e1ljuk k\u00fcl\u00f6nb\u00f6z\u0151 v\u00e9rk\u00e9pz\u0151szervi eredet\u0171 sejtek funkci\u00f3j\u00e1t \u00e9s sejten bel\u00fcli jel\u00e1tvitel\u00e9t. K\u00eds\u00e9rleteink hozz\u00e1j\u00e1rulnak az \u00e9rintett betegs\u00e9gek jobb meg\u00e9rt\u00e9s\u00e9hez \u00e9s \u00faj lehets\u00e9ges ter\u00e1pi\u00e1s t\u00e1mad\u00e1spontok azonos\u00edt\u00e1s\u00e1hoz.<\/div>\n<p style=\"text-align: justify\">A gyullad\u00e1sos betegs\u00e9gek a n\u00e9pess\u00e9g jelent\u0151s h\u00e1nyad\u00e1t \u00e9rint\u0151, gyakran kr\u00f3nikus \u00e9s nehezen kezelhet\u0151 betegs\u00e9gek. K\u00f6z\u00e9j\u00fck tartozik az \u00edz\u00fcleteket \u00e9rint\u0151 rheumatoid arthritis \u00e9s k\u00f6szv\u00e9ny, valamint sz\u00e1mos gyullad\u00e1sos b\u0151r- \u00e9s vesebetegs\u00e9g. A v\u00e9gs\u0151 sz\u00f6vetk\u00e1rosod\u00e1st a gyullad\u00e1sos eredet\u00e9t\u0151l (pl. autoimmun vagy autoinflammatorikus folyamatok) f\u00fcggetlen\u00fcl leggyakrabban a velesz\u00fcletett immunrendszer sejtei k\u00f6zvet\u00edtik.<\/p>\n<p style=\"text-align: justify\">K\u00eds\u00e9rleteink sor\u00e1n egyr\u00e9szt transzg\u00e9nikus megk\u00f6zel\u00edt\u00e9ssel, in vivo modellrendszerekben vizsg\u00e1ljuk a <a href=\"https:\/\/semmelweis.hu\/mocsailab\/projektek\/izuleti-gyulladasok\/\">rheumatoid arthritis, a k\u00f6szv\u00e9ny<\/a>, egyes <a href=\"https:\/\/semmelweis.hu\/mocsailab\/projektek\/holyagos-borbetegsegek\/\">autoimmun h\u00f3lyagos b\u0151rbetegs\u00e9gek<\/a> \u00e9s <a href=\"https:\/\/semmelweis.hu\/mocsailab\/projektek\/gyulladasos-vesebetegsegek\/\">gyullad\u00e1sos vesebetegs\u00e9gek<\/a> (pl. glomerulonephritisek) kialakul\u00e1s\u00e1nak molekul\u00e1ris mechanizmusait. M\u00e1sr\u00e9szt vizsg\u00e1ljuk a sz\u00f6vetk\u00e1rosod\u00e1s\u00e9rt els\u0151dlegesen felel\u0151s immunsejtek (pl. neutrofil granulocit\u00e1k, makrof\u00e1gok, oszteoklasztok) m\u0171k\u00f6d\u00e9s\u00e9t \u00e9s <a href=\"https:\/\/semmelweis.hu\/mocsailab\/projektek\/immunsejtek-jelatvitel\/\">sejten bel\u00fcli jel\u00e1tvitel\u00e9t<\/a>. Jelent\u0151s energi\u00e1kat fektet\u00fcnk \u00faj k\u00eds\u00e9rleti m\u00f3dszerek (hum\u00e1n modellrendszerek, CRISPR\/Cas9-alap\u00fa g\u00e9nt\u00f6rl\u00e9s) kifejleszt\u00e9s\u00e9re.<\/p>\n<p style=\"text-align: justify\">Munkacsoportunk sz\u00e1mos intracellul\u00e1ris jel\u00e1tviteli molekula, k\u00f6zt\u00fck az Src-kin\u00e1zok, a Syk tirozin-kin\u00e1z, a PLC\u03b32 foszfolip\u00e1z \u00e9s a CARD9 adapter szerep\u00e9t is igazolta k\u00fcl\u00f6nb\u00f6z\u0151 autoimmun \u00e9s autoinflammatorikus betegs\u00e9gekben. Ezen jel\u00e1tviteli folyamatok g\u00e1tl\u00e1sa \u00faj ter\u00e1pi\u00e1s megk\u00f6zel\u00edt\u00e9sek kifejleszt\u00e9s\u00e9t teheti lehet\u0151v\u00e9.<\/p>\n\r\n        [slb_exclude]\r\n        <div class=\"row galeria-wrapper mx-0 h-auto\">\r\n            <div class=\"col-9 pl-0 pr-2\">\r\n            <span class=\"gallery-item frame\">\r\n\t\t\t\t<div class=\"galeria-left-img\"><a href=\"https:\/\/semmelweis.hu\/mocsailab\/files\/2025\/03\/RS120505_C19A7171-scr.jpg\"><img src=https:\/\/semmelweis.hu\/mocsailab\/files\/2025\/03\/RS120505_C19A7171-scr.jpg  \r\n                            alt=\"\" \r\n                            class=\"attachment-sote-gallery-big size-sote-gallery-big\" \r\n                            srcset=\"https:\/\/semmelweis.hu\/mocsailab\/files\/2025\/03\/RS120505_C19A7171-scr-400x267.jpg 400w, https:\/\/semmelweis.hu\/mocsailab\/files\/2025\/03\/RS120505_C19A7171-scr-1024x683.jpg 1024w, https:\/\/semmelweis.hu\/mocsailab\/files\/2025\/03\/RS120505_C19A7171-scr-768x512.jpg 768w, https:\/\/semmelweis.hu\/mocsailab\/files\/2025\/03\/RS120505_C19A7171-scr-753x502.jpg 753w, https:\/\/semmelweis.hu\/mocsailab\/files\/2025\/03\/RS120505_C19A7171-scr-203x135.jpg 203w, https:\/\/semmelweis.hu\/mocsailab\/files\/2025\/03\/RS120505_C19A7171-scr.jpg 1200w\" ><\/a><\/div>\r\n            <\/span>\r\n\r\n            <\/div>\r\n\r\n\t\t\t<div class=\"col-3 pl-0 pr-0\">\r\n\t\t\t\t<div class=\"galeria-right-img d-flex justify-content-between flex-column h-100 w-100 px-0 mx-0 \">\r\n                <div class=\"galeria-box\">\r\n\t\t\t\t\t<h3 class=\"galeria-title\">Gal\u00e9ria<\/h3>\r\n\t\t\t\t\t<div class=\"galeria-subtitle\">\r\n\r\n\t\t\t\t\t\t<div class=\"galeria-page-counter\"><span>5<\/span>k\u00e9p<\/div>\r\n                    <\/div> <\/div>\r\n                    <span class=\"gallery-item frame d-none d-md-flex\">\r\n\t\t\t\t\t<div class=\"galeria-small-img mt-0\"><a href=\"https:\/\/semmelweis.hu\/mocsailab\/files\/2025\/03\/RS87649_IMG_1311-scr.jpg\"><img src=https:\/\/semmelweis.hu\/mocsailab\/files\/2025\/03\/RS87649_IMG_1311-scr.jpg \r\n                                alt=\"\"  \r\n                                class=\"attachment-sote-gallery-small size-sote-gallery-small\" \r\n                                srcset=\"https:\/\/semmelweis.hu\/mocsailab\/files\/2025\/03\/RS87649_IMG_1311-scr-400x267.jpg 400w, https:\/\/semmelweis.hu\/mocsailab\/files\/2025\/03\/RS87649_IMG_1311-scr-1024x683.jpg 1024w, https:\/\/semmelweis.hu\/mocsailab\/files\/2025\/03\/RS87649_IMG_1311-scr-768x512.jpg 768w, https:\/\/semmelweis.hu\/mocsailab\/files\/2025\/03\/RS87649_IMG_1311-scr-753x502.jpg 753w, https:\/\/semmelweis.hu\/mocsailab\/files\/2025\/03\/RS87649_IMG_1311-scr-203x135.jpg 203w, https:\/\/semmelweis.hu\/mocsailab\/files\/2025\/03\/RS87649_IMG_1311-scr.jpg 1200w\" ><\/a><\/div>\r\n                    <\/span>\r\n                    <span class=\"gallery-item frame d-none d-md-flex\">\r\n\t\t\t\t\t<div class=\"galeria-small-img mt-0\"><a href=\"https:\/\/semmelweis.hu\/mocsailab\/files\/2025\/03\/RS96604_TZ_20190607_0011-1-scaled.jpg\"><img src=https:\/\/semmelweis.hu\/mocsailab\/files\/2025\/03\/RS96604_TZ_20190607_0011-1-scaled.jpg \r\n                                alt=\"\" \r\n                                class=\"attachment-sote-gallery-small size-sote-gallery-small\" \r\n                                srcset=\"https:\/\/semmelweis.hu\/mocsailab\/files\/2025\/03\/RS96604_TZ_20190607_0011-1-400x267.jpg 400w, https:\/\/semmelweis.hu\/mocsailab\/files\/2025\/03\/RS96604_TZ_20190607_0011-1-1024x683.jpg 1024w, https:\/\/semmelweis.hu\/mocsailab\/files\/2025\/03\/RS96604_TZ_20190607_0011-1-768x512.jpg 768w, https:\/\/semmelweis.hu\/mocsailab\/files\/2025\/03\/RS96604_TZ_20190607_0011-1-1536x1024.jpg 1536w, https:\/\/semmelweis.hu\/mocsailab\/files\/2025\/03\/RS96604_TZ_20190607_0011-1-2048x1366.jpg 2048w, https:\/\/semmelweis.hu\/mocsailab\/files\/2025\/03\/RS96604_TZ_20190607_0011-1-753x502.jpg 753w, https:\/\/semmelweis.hu\/mocsailab\/files\/2025\/03\/RS96604_TZ_20190607_0011-1-203x135.jpg 203w\" ><\/a><\/div>\r\n                    <\/span>\r\n\r\n                <\/div>\r\n\r\n            <\/div>\r\n\r\n            <span class=\"gallery-item\"><div class=\"hidden\"><a href=\"https:\/\/semmelweis.hu\/mocsailab\/files\/2025\/03\/RS120508_C19A7182-scr.jpg\">\r\n        <img src=https:\/\/semmelweis.hu\/mocsailab\/files\/2025\/03\/RS120508_C19A7182-scr.jpg alt=\"\" class=\"attachment-sote-gallery-big size-sote-gallery-big\" srcset=\"https:\/\/semmelweis.hu\/mocsailab\/files\/2025\/03\/RS120508_C19A7182-scr-400x267.jpg 400w, https:\/\/semmelweis.hu\/mocsailab\/files\/2025\/03\/RS120508_C19A7182-scr-1024x683.jpg 1024w, https:\/\/semmelweis.hu\/mocsailab\/files\/2025\/03\/RS120508_C19A7182-scr-768x512.jpg 768w, https:\/\/semmelweis.hu\/mocsailab\/files\/2025\/03\/RS120508_C19A7182-scr-753x502.jpg 753w, https:\/\/semmelweis.hu\/mocsailab\/files\/2025\/03\/RS120508_C19A7182-scr-203x135.jpg 203w, https:\/\/semmelweis.hu\/mocsailab\/files\/2025\/03\/RS120508_C19A7182-scr.jpg 1200w\" >\r\n        <\/a><\/div><\/span><span class=\"gallery-item\"><div class=\"hidden\"><a href=\"https:\/\/semmelweis.hu\/mocsailab\/files\/2025\/03\/RS87655_IMG_1352-scr.jpg\">\r\n        <img src=https:\/\/semmelweis.hu\/mocsailab\/files\/2025\/03\/RS87655_IMG_1352-scr.jpg alt=\"\" class=\"attachment-sote-gallery-big size-sote-gallery-big\" srcset=\"https:\/\/semmelweis.hu\/mocsailab\/files\/2025\/03\/RS87655_IMG_1352-scr-400x267.jpg 400w, https:\/\/semmelweis.hu\/mocsailab\/files\/2025\/03\/RS87655_IMG_1352-scr-1024x683.jpg 1024w, https:\/\/semmelweis.hu\/mocsailab\/files\/2025\/03\/RS87655_IMG_1352-scr-768x512.jpg 768w, https:\/\/semmelweis.hu\/mocsailab\/files\/2025\/03\/RS87655_IMG_1352-scr-753x502.jpg 753w, https:\/\/semmelweis.hu\/mocsailab\/files\/2025\/03\/RS87655_IMG_1352-scr-203x135.jpg 203w, https:\/\/semmelweis.hu\/mocsailab\/files\/2025\/03\/RS87655_IMG_1352-scr.jpg 1200w\" >\r\n        <\/a><\/div><\/span>\r\n            <\/div>\r\n\r\n            [\/slb_exclude]\r\n\t\n","protected":false},"excerpt":{"rendered":"<p>Munkacsoportunk a gyullad\u00e1sos betegs\u00e9gek kialakul\u00e1s\u00e1nak \u00e9s a hemopoetikus eredet\u0171 sejtek m\u0171k\u00f6d\u00e9s\u00e9nek a molekul\u00e1ris alapjait vizsg\u00e1lja, \u00faj ter\u00e1pi\u00e1s t\u00e1mad\u00e1spontok azonos\u00edt\u00e1sa \u00e9rdek\u00e9ben.<\/p>\n<p>Els\u0151dleges c\u00e9lunk a k\u00fcl\u00f6nb\u00f6z\u0151 szervek gyullad\u00e1sos betegs\u00e9geinek a molekul\u00e1ris szint\u0171 meg\u00e9rt\u00e9se. Vizsg\u00e1ljuk az \u00edz\u00fcletek, a b\u0151r \u00e9s a vese autoimmun \u00e9s nem-autoimmun eredet\u0171 gyullad\u00e1sos betegs\u00e9geit, k\u00fcl\u00f6n\u00f6s tekintettel a velesz\u00fcletett immunrendszer sejteinek intracellul\u00e1ris jel\u00e1tviteli folyamataira. A k\u00f3ros csontlebont\u00e1s molekul\u00e1ris mechanizmusait is tanulm\u00e1nyozzuk. K\u00eds\u00e9rleteinkben sz\u00e1mos in vitro \u00e9s in vivo modellrendszert \u00e9s modern genetikai megk\u00f6zel\u00edt\u00e9seket alkalmazunk.<\/p>\n","protected":false},"author":12,"featured_media":85,"parent":0,"menu_order":0,"comment_status":"closed","ping_status":"closed","template":"","meta":{"_acf_changed":false,"footnotes":""},"categories":[],"tags":[],"class_list":["post-8","page","type-page","status-publish","has-post-thumbnail","hentry"],"acf":[],"_links":{"self":[{"href":"https:\/\/semmelweis.hu\/mocsailab\/wp-json\/wp\/v2\/pages\/8","targetHints":{"allow":["GET"]}}],"collection":[{"href":"https:\/\/semmelweis.hu\/mocsailab\/wp-json\/wp\/v2\/pages"}],"about":[{"href":"https:\/\/semmelweis.hu\/mocsailab\/wp-json\/wp\/v2\/types\/page"}],"author":[{"embeddable":true,"href":"https:\/\/semmelweis.hu\/mocsailab\/wp-json\/wp\/v2\/users\/12"}],"replies":[{"embeddable":true,"href":"https:\/\/semmelweis.hu\/mocsailab\/wp-json\/wp\/v2\/comments?post=8"}],"version-history":[{"count":10,"href":"https:\/\/semmelweis.hu\/mocsailab\/wp-json\/wp\/v2\/pages\/8\/revisions"}],"predecessor-version":[{"id":380,"href":"https:\/\/semmelweis.hu\/mocsailab\/wp-json\/wp\/v2\/pages\/8\/revisions\/380"}],"wp:featuredmedia":[{"embeddable":true,"href":"https:\/\/semmelweis.hu\/mocsailab\/wp-json\/wp\/v2\/media\/85"}],"wp:attachment":[{"href":"https:\/\/semmelweis.hu\/mocsailab\/wp-json\/wp\/v2\/media?parent=8"}],"wp:term":[{"taxonomy":"category","embeddable":true,"href":"https:\/\/semmelweis.hu\/mocsailab\/wp-json\/wp\/v2\/categories?post=8"},{"taxonomy":"post_tag","embeddable":true,"href":"https:\/\/semmelweis.hu\/mocsailab\/wp-json\/wp\/v2\/tags?post=8"}],"curies":[{"name":"wp","href":"https:\/\/api.w.org\/{rel}","templated":true}]}}