{"id":66,"date":"2025-03-16T22:34:54","date_gmt":"2025-03-16T21:34:54","guid":{"rendered":"https:\/\/semmelweis.hu\/mocsailab\/?page_id=66"},"modified":"2025-05-29T12:17:55","modified_gmt":"2025-05-29T10:17:55","slug":"tdk","status":"publish","type":"page","link":"https:\/\/semmelweis.hu\/mocsailab\/tdk\/","title":{"rendered":"TDK munka"},"content":{"rendered":"<p><span style=\"color: #313b40;font-family: Montserrat, sans-serif;font-size: 30px;font-weight: 600\">TDK jelentkez\u00e9s menete<\/span><\/p>\n<p style=\"text-align: justify\">TDK hallgat\u00f3ink jelent\u0151s r\u00e9sze kiv\u00e1l\u00f3 \u00e9lettan gyakorlati tev\u00e9kenys\u00e9ge vagy vizsgateljes\u00edtm\u00e9nye ut\u00e1n megh\u00edv\u00e1s \u00e9s aj\u00e1nl\u00e1s \u00fatj\u00e1n ker\u00fcl hozz\u00e1nk, nem ritka azonban, hogy a kutat\u00e1s ir\u00e1nt \u00e9rdekl\u0151d\u0151 hallgat\u00f3k kutat\u00e1si t\u00e9m\u00e1k alapj\u00e1n tal\u00e1lnak r\u00e1nk, \u00edgy b\u00edztatunk mindenkit a jelentkez\u00e9sre, ha a <a href=\"https:\/\/semmelweis.hu\/mocsailab\/projektek\/\">laborban fut\u00f3 projektek<\/a> felkeltett\u00e9k az \u00e9rdekl\u0151d\u00e9s\u00e9t!<\/p>\n<div class=\"w-100 keretes\" style=\"text-align: justify\">Jelentkezni <strong>f\u00e9nyk\u00e9pes \u00f6n\u00e9letrajz<\/strong> \u00e9s egy <strong>r\u00f6vid bemutatkoz\u00f3 email<\/strong> elk\u00fcld\u00e9s\u00e9vel lehet Dr. M\u00f3csai Attil\u00e1n\u00e1l (mocsai.attila@semmelweis.hu).<\/div>\n<p style=\"text-align: justify\">Ezut\u00e1n egy szem\u00e9lyes tal\u00e1lkoz\u00f3 alkalm\u00e1val \u00e1tbesz\u00e9lj\u00fck a jelentkez\u0151kkel a laborban fut\u00f3 projekteket \u00e9s egyeztet\u00fcnk a tov\u00e1bbi lehet\u0151s\u00e9gekr\u0151l.<\/p>\n<p style=\"text-align: justify\">A TDK munka els\u0151 2-3 h\u00f3napja a labor, a labortagok \u00e9s a k\u00eds\u00e9rletes munka megismer\u00e9s\u00e9r\u0151l sz\u00f3l. A TDK hallgat\u00f3ink k\u00f6rbeforognak \u00e9s elt\u00f6ltenek egy-egy k\u00eds\u00e9rletez\u0151s napot a laborban dolgoz\u00f3 munkat\u00e1rsainkn\u00e1l. A forg\u00e1s v\u00e9gezt\u00e9vel a szabad t\u00e9mavezet\u0151i kapacit\u00e1sokat figyelembe v\u00e9ve kiv\u00e1lasztjuk a t\u00e9mavezet\u0151t \u00e9s kezdet\u00e9t veszi az adott kutat\u00e1si ter\u00fclet r\u00e9szletes megismer\u00e9se, majd az egyre \u00f6n\u00e1ll\u00f3bb k\u00eds\u00e9rletes munka.<\/p>\n<p style=\"text-align: justify\">A szorgalmi id\u0151szakban heti rendszeress\u00e9gel TDK tov\u00e1bbk\u00e9pz\u0151t szervez\u00fcnk TDK-sainknak, ahol \u00e1tbesz\u00e9lj\u00fck a k\u00eds\u00e9rletes munka elm\u00e9leti alapjait \u00e9s h\u00e1tter\u00e9t.<\/p>\n<figure id=\"attachment_321\" aria-describedby=\"caption-attachment-321\" style=\"width: 1300px\" class=\"wp-caption aligncenter\"><a href=\"https:\/\/semmelweis.hu\/mocsailab\/files\/2025\/05\/19A9870-scaled-cropp.jpg\"><img loading=\"lazy\" decoding=\"async\" class=\"wp-image-321 size-full\" src=\"https:\/\/semmelweis.hu\/mocsailab\/files\/2025\/05\/19A9870-scaled-cropp.jpg\" alt=\"\" width=\"1300\" height=\"534\" srcset=\"https:\/\/semmelweis.hu\/mocsailab\/files\/2025\/05\/19A9870-scaled-cropp.jpg 1300w, https:\/\/semmelweis.hu\/mocsailab\/files\/2025\/05\/19A9870-scaled-cropp-400x164.jpg 400w, https:\/\/semmelweis.hu\/mocsailab\/files\/2025\/05\/19A9870-scaled-cropp-1024x421.jpg 1024w, https:\/\/semmelweis.hu\/mocsailab\/files\/2025\/05\/19A9870-scaled-cropp-768x315.jpg 768w, https:\/\/semmelweis.hu\/mocsailab\/files\/2025\/05\/19A9870-scaled-cropp-753x309.jpg 753w\" sizes=\"auto, (max-width: 1300px) 100vw, 1300px\" \/><\/a><figcaption id=\"caption-attachment-321\" class=\"wp-caption-text\">A M\u00f3csai-labor TDK hallgat\u00f3i 2025-ben.<\/figcaption><\/figure>\n<p style=\"text-align: justify\">\u00a0<\/p>\n","protected":false},"excerpt":{"rendered":"<p>TDK jelentkez\u00e9s menete TDK hallgat\u00f3ink jelent\u0151s r\u00e9sze kiv\u00e1l\u00f3 \u00e9lettan gyakorlati tev\u00e9kenys\u00e9ge vagy vizsgateljes\u00edtm\u00e9nye ut\u00e1n megh\u00edv\u00e1s \u00e9s aj\u00e1nl\u00e1s \u00fatj\u00e1n ker\u00fcl hozz\u00e1nk, nem ritka azonban, hogy a kutat\u00e1s ir\u00e1nt \u00e9rdekl\u0151d\u0151 hallgat\u00f3k kutat\u00e1si t\u00e9m\u00e1k alapj\u00e1n tal\u00e1lnak r\u00e1nk, \u00edgy b\u00edztatunk mindenkit a jelentkez\u00e9sre, ha a <a href=\"https:\/\/semmelweis.hu\/mocsailab\/projektek\/\">laborban fut\u00f3 projektek<\/a> felkeltett\u00e9k az \u00e9rdekl\u0151d\u00e9s\u00e9t! Jelentkezni f\u00e9nyk\u00e9pes \u00f6n\u00e9letrajz \u00e9s egy r\u00f6vid bemutatkoz\u00f3 email elk\u00fcld\u00e9s\u00e9vel lehet Dr. &hellip;<\/p>\n","protected":false},"author":102470,"featured_media":0,"parent":0,"menu_order":3,"comment_status":"closed","ping_status":"closed","template":"template-fullwidth.php","meta":{"_acf_changed":false,"footnotes":""},"categories":[],"tags":[],"class_list":["post-66","page","type-page","status-publish","hentry"],"acf":[],"_links":{"self":[{"href":"https:\/\/semmelweis.hu\/mocsailab\/wp-json\/wp\/v2\/pages\/66","targetHints":{"allow":["GET"]}}],"collection":[{"href":"https:\/\/semmelweis.hu\/mocsailab\/wp-json\/wp\/v2\/pages"}],"about":[{"href":"https:\/\/semmelweis.hu\/mocsailab\/wp-json\/wp\/v2\/types\/page"}],"author":[{"embeddable":true,"href":"https:\/\/semmelweis.hu\/mocsailab\/wp-json\/wp\/v2\/users\/102470"}],"replies":[{"embeddable":true,"href":"https:\/\/semmelweis.hu\/mocsailab\/wp-json\/wp\/v2\/comments?post=66"}],"version-history":[{"count":10,"href":"https:\/\/semmelweis.hu\/mocsailab\/wp-json\/wp\/v2\/pages\/66\/revisions"}],"predecessor-version":[{"id":382,"href":"https:\/\/semmelweis.hu\/mocsailab\/wp-json\/wp\/v2\/pages\/66\/revisions\/382"}],"wp:attachment":[{"href":"https:\/\/semmelweis.hu\/mocsailab\/wp-json\/wp\/v2\/media?parent=66"}],"wp:term":[{"taxonomy":"category","embeddable":true,"href":"https:\/\/semmelweis.hu\/mocsailab\/wp-json\/wp\/v2\/categories?post=66"},{"taxonomy":"post_tag","embeddable":true,"href":"https:\/\/semmelweis.hu\/mocsailab\/wp-json\/wp\/v2\/tags?post=66"}],"curies":[{"name":"wp","href":"https:\/\/api.w.org\/{rel}","templated":true}]}}