{"id":57,"date":"2025-03-16T18:51:32","date_gmt":"2025-03-16T17:51:32","guid":{"rendered":"https:\/\/semmelweis.hu\/mocsailab\/?page_id=57"},"modified":"2025-09-18T17:43:25","modified_gmt":"2025-09-18T15:43:25","slug":"tdk-hallgatoink","status":"publish","type":"page","link":"https:\/\/semmelweis.hu\/mocsailab\/munkatarsak\/tdk-hallgatoink\/","title":{"rendered":"TDK hallgat\u00f3ink"},"content":{"rendered":"<h5><img loading=\"lazy\" decoding=\"async\" class=\"alignleft wp-image-112\" src=\"https:\/\/semmelweis.hu\/mocsailab\/files\/2025\/03\/19A0006-267x400.jpg\" alt=\"\" width=\"167\" height=\"250\" srcset=\"https:\/\/semmelweis.hu\/mocsailab\/files\/2025\/03\/19A0006-267x400.jpg 267w, https:\/\/semmelweis.hu\/mocsailab\/files\/2025\/03\/19A0006-683x1024.jpg 683w, https:\/\/semmelweis.hu\/mocsailab\/files\/2025\/03\/19A0006-768x1152.jpg 768w, https:\/\/semmelweis.hu\/mocsailab\/files\/2025\/03\/19A0006-1024x1536.jpg 1024w, https:\/\/semmelweis.hu\/mocsailab\/files\/2025\/03\/19A0006-1365x2048.jpg 1365w, https:\/\/semmelweis.hu\/mocsailab\/files\/2025\/03\/19A0006-753x1130.jpg 753w, https:\/\/semmelweis.hu\/mocsailab\/files\/2025\/03\/19A0006-scaled.jpg 1707w\" sizes=\"auto, (max-width: 167px) 100vw, 167px\" \/><span style=\"font-size: 18pt\">Ab\u00e9rt Rebeka<\/span><\/h5>\n<p><span style=\"font-size: 14pt\">\u00c1OK, IV. \u00e9vfolyam<\/span><\/p>\n<p><span style=\"font-size: 14pt\">T\u00e9mavezet\u0151: Vik\u00e1r Simon, M\u00f3csai Attila<\/span><\/p>\n<p><span style=\"font-size: 14pt\">TDK munka kezdete: 2024. szeptember<\/span><\/p>\n<hr \/>\n<h5><img loading=\"lazy\" decoding=\"async\" class=\"alignleft wp-image-107\" src=\"https:\/\/semmelweis.hu\/mocsailab\/files\/2025\/03\/19A6312-267x400.jpg\" alt=\"\" width=\"167\" height=\"250\" srcset=\"https:\/\/semmelweis.hu\/mocsailab\/files\/2025\/03\/19A6312-267x400.jpg 267w, https:\/\/semmelweis.hu\/mocsailab\/files\/2025\/03\/19A6312-683x1024.jpg 683w, https:\/\/semmelweis.hu\/mocsailab\/files\/2025\/03\/19A6312-768x1152.jpg 768w, https:\/\/semmelweis.hu\/mocsailab\/files\/2025\/03\/19A6312-1024x1536.jpg 1024w, https:\/\/semmelweis.hu\/mocsailab\/files\/2025\/03\/19A6312-1365x2048.jpg 1365w, https:\/\/semmelweis.hu\/mocsailab\/files\/2025\/03\/19A6312-753x1130.jpg 753w, https:\/\/semmelweis.hu\/mocsailab\/files\/2025\/03\/19A6312-scaled.jpg 1707w\" sizes=\"auto, (max-width: 167px) 100vw, 167px\" \/><span style=\"font-size: 18pt\">Borsi Eszter<\/span><\/h5>\n<p><span style=\"font-size: 14pt\">\u00c1OK, III. \u00e9vfolyam<\/span><\/p>\n<p><span style=\"font-size: 14pt\">T\u00e9mavezet\u0151: P\u00e1ncz\u00e9l \u00c1ron, M\u00f3csai Attila<\/span><\/p>\n<p><span style=\"font-size: 14pt\">TDK munka kezdete: 2023. szeptember<\/span><\/p>\n<h5>\u00a0<\/h5>\n<p style=\"text-align: left\">\u00a0<\/p>\n<hr \/>\n<h5><img loading=\"lazy\" decoding=\"async\" class=\"alignleft wp-image-113\" src=\"https:\/\/semmelweis.hu\/mocsailab\/files\/2025\/03\/19A6006-267x400.jpg\" alt=\"\" width=\"167\" height=\"250\" srcset=\"https:\/\/semmelweis.hu\/mocsailab\/files\/2025\/03\/19A6006-267x400.jpg 267w, https:\/\/semmelweis.hu\/mocsailab\/files\/2025\/03\/19A6006-683x1024.jpg 683w, https:\/\/semmelweis.hu\/mocsailab\/files\/2025\/03\/19A6006-768x1152.jpg 768w, https:\/\/semmelweis.hu\/mocsailab\/files\/2025\/03\/19A6006-1024x1536.jpg 1024w, https:\/\/semmelweis.hu\/mocsailab\/files\/2025\/03\/19A6006-1365x2048.jpg 1365w, https:\/\/semmelweis.hu\/mocsailab\/files\/2025\/03\/19A6006-753x1130.jpg 753w, https:\/\/semmelweis.hu\/mocsailab\/files\/2025\/03\/19A6006-scaled.jpg 1707w\" sizes=\"auto, (max-width: 167px) 100vw, 167px\" \/><span style=\"font-size: 18pt\">M\u00e1t\u00f3 R\u00e9ka<\/span><\/h5>\n<p><span style=\"font-size: 14pt\">\u00c1OK, IV. \u00e9vfolyam<\/span><\/p>\n<p><span style=\"font-size: 14pt\">T\u00e9mavezet\u0151: Koncz Petra, M\u00f3csai Attila<\/span><\/p>\n<p><span style=\"font-size: 14pt\">TDK munka kezdete: 2024. szeptember<\/span><\/p>\n<hr \/>\n<h5><img loading=\"lazy\" decoding=\"async\" class=\"alignleft wp-image-114\" src=\"https:\/\/semmelweis.hu\/mocsailab\/files\/2025\/03\/19A0057-267x400.jpg\" alt=\"\" width=\"167\" height=\"250\" srcset=\"https:\/\/semmelweis.hu\/mocsailab\/files\/2025\/03\/19A0057-267x400.jpg 267w, https:\/\/semmelweis.hu\/mocsailab\/files\/2025\/03\/19A0057-683x1024.jpg 683w, https:\/\/semmelweis.hu\/mocsailab\/files\/2025\/03\/19A0057-768x1152.jpg 768w, https:\/\/semmelweis.hu\/mocsailab\/files\/2025\/03\/19A0057-1024x1536.jpg 1024w, https:\/\/semmelweis.hu\/mocsailab\/files\/2025\/03\/19A0057-1365x2048.jpg 1365w, https:\/\/semmelweis.hu\/mocsailab\/files\/2025\/03\/19A0057-753x1130.jpg 753w, https:\/\/semmelweis.hu\/mocsailab\/files\/2025\/03\/19A0057-scaled.jpg 1707w\" sizes=\"auto, (max-width: 167px) 100vw, 167px\" \/><span style=\"font-size: 18pt\">Morvai Eliza<\/span><\/h5>\n<p><span style=\"font-size: 14pt\">\u00c1OK, III. \u00e9vfolyam<\/span><\/p>\n<p><span style=\"font-size: 14pt\">T\u00e9mavezet\u0151: Futosi Krisztina, M\u00f3csai Attila<\/span><\/p>\n<p><span style=\"font-size: 14pt\">TDK munka kezdete: 2024. szeptember<\/span><\/p>\n<hr \/>\n<h5><img loading=\"lazy\" decoding=\"async\" class=\"alignleft wp-image-115\" src=\"https:\/\/semmelweis.hu\/mocsailab\/files\/2025\/03\/19A6463-267x400.jpg\" alt=\"\" width=\"167\" height=\"250\" srcset=\"https:\/\/semmelweis.hu\/mocsailab\/files\/2025\/03\/19A6463-267x400.jpg 267w, https:\/\/semmelweis.hu\/mocsailab\/files\/2025\/03\/19A6463-683x1024.jpg 683w, https:\/\/semmelweis.hu\/mocsailab\/files\/2025\/03\/19A6463-768x1152.jpg 768w, https:\/\/semmelweis.hu\/mocsailab\/files\/2025\/03\/19A6463-1024x1536.jpg 1024w, https:\/\/semmelweis.hu\/mocsailab\/files\/2025\/03\/19A6463-1365x2048.jpg 1365w, https:\/\/semmelweis.hu\/mocsailab\/files\/2025\/03\/19A6463-753x1130.jpg 753w, https:\/\/semmelweis.hu\/mocsailab\/files\/2025\/03\/19A6463-scaled.jpg 1707w\" sizes=\"auto, (max-width: 167px) 100vw, 167px\" \/><span style=\"font-size: 18pt\">Szab\u00f3 Vikt\u00f3ria<\/span><\/h5>\n<p><span style=\"font-size: 14pt\">GyTK, III. \u00e9vfolyam<\/span><\/p>\n<p><span style=\"font-size: 14pt\">T\u00e9mavezet\u0151: Lesinszki Luk\u00e1cs, M\u00f3csai Attila<\/span><\/p>\n<p><span style=\"font-size: 14pt\">TDK munka kezdete: 2024. szeptember<\/span><\/p>\n<hr \/>\n<h5><img loading=\"lazy\" decoding=\"async\" class=\"alignleft wp-image-108\" src=\"https:\/\/semmelweis.hu\/mocsailab\/files\/2025\/03\/19A6002-267x400.jpg\" alt=\"\" width=\"167\" height=\"250\" srcset=\"https:\/\/semmelweis.hu\/mocsailab\/files\/2025\/03\/19A6002-267x400.jpg 267w, https:\/\/semmelweis.hu\/mocsailab\/files\/2025\/03\/19A6002-683x1024.jpg 683w, https:\/\/semmelweis.hu\/mocsailab\/files\/2025\/03\/19A6002-768x1152.jpg 768w, https:\/\/semmelweis.hu\/mocsailab\/files\/2025\/03\/19A6002-1024x1536.jpg 1024w, https:\/\/semmelweis.hu\/mocsailab\/files\/2025\/03\/19A6002-1365x2048.jpg 1365w, https:\/\/semmelweis.hu\/mocsailab\/files\/2025\/03\/19A6002-753x1130.jpg 753w, https:\/\/semmelweis.hu\/mocsailab\/files\/2025\/03\/19A6002-scaled.jpg 1707w\" sizes=\"auto, (max-width: 167px) 100vw, 167px\" \/><span style=\"font-size: 18pt\">Szalay Tam\u00e1s<\/span><\/h5>\n<p><span style=\"font-size: 14pt\">\u00c1OK, III. \u00e9vfolyam<\/span><\/p>\n<p><span style=\"font-size: 14pt\">T\u00e9mavezet\u0151: Vik\u00e1r Simon, M\u00f3csai Attila<\/span><\/p>\n<p><span style=\"font-size: 14pt\">TDK munka kezdete: 2024. febru\u00e1r<\/span><\/p>\n","protected":false},"excerpt":{"rendered":"<p>Ab\u00e9rt Rebeka \u00c1OK, IV. \u00e9vfolyam T\u00e9mavezet\u0151: Vik\u00e1r Simon, M\u00f3csai Attila TDK munka kezdete: 2024. szeptember Borsi Eszter \u00c1OK, III. \u00e9vfolyam T\u00e9mavezet\u0151: P\u00e1ncz\u00e9l \u00c1ron, M\u00f3csai Attila TDK munka kezdete: 2023. szeptember \u00a0 \u00a0 M\u00e1t\u00f3 R\u00e9ka \u00c1OK, IV. \u00e9vfolyam T\u00e9mavezet\u0151: Koncz Petra, M\u00f3csai Attila TDK munka kezdete: 2024. szeptember Morvai Eliza \u00c1OK, III. \u00e9vfolyam T\u00e9mavezet\u0151: Futosi Krisztina, &hellip;<\/p>\n","protected":false},"author":102471,"featured_media":0,"parent":40,"menu_order":1,"comment_status":"closed","ping_status":"closed","template":"template-fullwidth.php","meta":{"_acf_changed":false,"footnotes":""},"categories":[],"tags":[],"class_list":["post-57","page","type-page","status-publish","hentry"],"acf":[],"_links":{"self":[{"href":"https:\/\/semmelweis.hu\/mocsailab\/wp-json\/wp\/v2\/pages\/57","targetHints":{"allow":["GET"]}}],"collection":[{"href":"https:\/\/semmelweis.hu\/mocsailab\/wp-json\/wp\/v2\/pages"}],"about":[{"href":"https:\/\/semmelweis.hu\/mocsailab\/wp-json\/wp\/v2\/types\/page"}],"author":[{"embeddable":true,"href":"https:\/\/semmelweis.hu\/mocsailab\/wp-json\/wp\/v2\/users\/102471"}],"replies":[{"embeddable":true,"href":"https:\/\/semmelweis.hu\/mocsailab\/wp-json\/wp\/v2\/comments?post=57"}],"version-history":[{"count":10,"href":"https:\/\/semmelweis.hu\/mocsailab\/wp-json\/wp\/v2\/pages\/57\/revisions"}],"predecessor-version":[{"id":394,"href":"https:\/\/semmelweis.hu\/mocsailab\/wp-json\/wp\/v2\/pages\/57\/revisions\/394"}],"up":[{"embeddable":true,"href":"https:\/\/semmelweis.hu\/mocsailab\/wp-json\/wp\/v2\/pages\/40"}],"wp:attachment":[{"href":"https:\/\/semmelweis.hu\/mocsailab\/wp-json\/wp\/v2\/media?parent=57"}],"wp:term":[{"taxonomy":"category","embeddable":true,"href":"https:\/\/semmelweis.hu\/mocsailab\/wp-json\/wp\/v2\/categories?post=57"},{"taxonomy":"post_tag","embeddable":true,"href":"https:\/\/semmelweis.hu\/mocsailab\/wp-json\/wp\/v2\/tags?post=57"}],"curies":[{"name":"wp","href":"https:\/\/api.w.org\/{rel}","templated":true}]}}