{"id":367,"date":"2025-05-28T15:33:57","date_gmt":"2025-05-28T13:33:57","guid":{"rendered":"https:\/\/semmelweis.hu\/mocsailab\/?page_id=367"},"modified":"2025-05-28T15:37:35","modified_gmt":"2025-05-28T13:37:35","slug":"contact","status":"publish","type":"page","link":"https:\/\/semmelweis.hu\/mocsailab\/en\/contact\/","title":{"rendered":"Contact"},"content":{"rendered":"<p><img loading=\"lazy\" decoding=\"async\" class=\"size-medium wp-image-9 alignleft\" src=\"https:\/\/semmelweis.hu\/mocsailab\/files\/2025\/03\/RS96604_TZ_20190607_0011-1-400x267.jpg\" alt=\"\" width=\"400\" height=\"267\" srcset=\"https:\/\/semmelweis.hu\/mocsailab\/files\/2025\/03\/RS96604_TZ_20190607_0011-1-400x267.jpg 400w, https:\/\/semmelweis.hu\/mocsailab\/files\/2025\/03\/RS96604_TZ_20190607_0011-1-1024x683.jpg 1024w, https:\/\/semmelweis.hu\/mocsailab\/files\/2025\/03\/RS96604_TZ_20190607_0011-1-768x512.jpg 768w, https:\/\/semmelweis.hu\/mocsailab\/files\/2025\/03\/RS96604_TZ_20190607_0011-1-1536x1024.jpg 1536w, https:\/\/semmelweis.hu\/mocsailab\/files\/2025\/03\/RS96604_TZ_20190607_0011-1-2048x1366.jpg 2048w, https:\/\/semmelweis.hu\/mocsailab\/files\/2025\/03\/RS96604_TZ_20190607_0011-1-753x502.jpg 753w, https:\/\/semmelweis.hu\/mocsailab\/files\/2025\/03\/RS96604_TZ_20190607_0011-1-203x135.jpg 203w\" sizes=\"auto, (max-width: 400px) 100vw, 400px\" \/> Elm\u00e9leti Orvostudom\u00e1nyi K\u00f6zpont, 3. floor, A corridor, 3.418 &#8211; M\u00f3csai-laboratory<br \/>\nT\u0171zolt\u00f3 street 37-47.<br \/>\nBudapest<br \/>\n1094<br \/>\nHungary<\/p>\n<p>Telephone: +36 1 459 1500\/60408<\/p>\n","protected":false},"excerpt":{"rendered":"<p> Elm\u00e9leti Orvostudom\u00e1nyi K\u00f6zpont, 3. floor, A corridor, 3.418 &#8211; M\u00f3csai-laboratory<br \/>\nT\u0171zolt\u00f3 street 37-47.<br \/>\nBudapest<br \/>\n1094<br \/>\nHungary<br \/>\nTelephone: +36 1 459 1500\/60408<\/p>\n","protected":false},"author":102470,"featured_media":0,"parent":0,"menu_order":8,"comment_status":"closed","ping_status":"closed","template":"","meta":{"_acf_changed":false,"footnotes":""},"categories":[],"tags":[],"class_list":["post-367","page","type-page","status-publish","hentry"],"acf":[],"_links":{"self":[{"href":"https:\/\/semmelweis.hu\/mocsailab\/wp-json\/wp\/v2\/pages\/367","targetHints":{"allow":["GET"]}}],"collection":[{"href":"https:\/\/semmelweis.hu\/mocsailab\/wp-json\/wp\/v2\/pages"}],"about":[{"href":"https:\/\/semmelweis.hu\/mocsailab\/wp-json\/wp\/v2\/types\/page"}],"author":[{"embeddable":true,"href":"https:\/\/semmelweis.hu\/mocsailab\/wp-json\/wp\/v2\/users\/102470"}],"replies":[{"embeddable":true,"href":"https:\/\/semmelweis.hu\/mocsailab\/wp-json\/wp\/v2\/comments?post=367"}],"version-history":[{"count":2,"href":"https:\/\/semmelweis.hu\/mocsailab\/wp-json\/wp\/v2\/pages\/367\/revisions"}],"predecessor-version":[{"id":369,"href":"https:\/\/semmelweis.hu\/mocsailab\/wp-json\/wp\/v2\/pages\/367\/revisions\/369"}],"wp:attachment":[{"href":"https:\/\/semmelweis.hu\/mocsailab\/wp-json\/wp\/v2\/media?parent=367"}],"wp:term":[{"taxonomy":"category","embeddable":true,"href":"https:\/\/semmelweis.hu\/mocsailab\/wp-json\/wp\/v2\/categories?post=367"},{"taxonomy":"post_tag","embeddable":true,"href":"https:\/\/semmelweis.hu\/mocsailab\/wp-json\/wp\/v2\/tags?post=367"}],"curies":[{"name":"wp","href":"https:\/\/api.w.org\/{rel}","templated":true}]}}