{"id":35,"date":"2025-03-14T18:09:09","date_gmt":"2025-03-14T17:09:09","guid":{"rendered":"https:\/\/semmelweis.hu\/mocsailab\/?page_id=35"},"modified":"2025-09-18T17:39:55","modified_gmt":"2025-09-18T15:39:55","slug":"labortagok","status":"publish","type":"page","link":"https:\/\/semmelweis.hu\/mocsailab\/munkatarsak\/labortagok\/","title":{"rendered":"Labortagok"},"content":{"rendered":"<h5>\n<span style=\"font-size: 18pt\"><img loading=\"lazy\" decoding=\"async\" class=\"wp-image-206 alignright\" src=\"https:\/\/semmelweis.hu\/mocsailab\/files\/2025\/04\/19A9762-267x400.jpg\" alt=\"\" width=\"167\" height=\"250\" srcset=\"https:\/\/semmelweis.hu\/mocsailab\/files\/2025\/04\/19A9762-267x400.jpg 267w, https:\/\/semmelweis.hu\/mocsailab\/files\/2025\/04\/19A9762-683x1024.jpg 683w, https:\/\/semmelweis.hu\/mocsailab\/files\/2025\/04\/19A9762-768x1152.jpg 768w, https:\/\/semmelweis.hu\/mocsailab\/files\/2025\/04\/19A9762-1024x1536.jpg 1024w, https:\/\/semmelweis.hu\/mocsailab\/files\/2025\/04\/19A9762-1365x2048.jpg 1365w, https:\/\/semmelweis.hu\/mocsailab\/files\/2025\/04\/19A9762-753x1130.jpg 753w, https:\/\/semmelweis.hu\/mocsailab\/files\/2025\/04\/19A9762-scaled.jpg 1707w\" sizes=\"auto, (max-width: 167px) 100vw, 167px\" \/>M\u00f3csai Attila<\/span><\/h5>\n<p><span style=\"font-size: 14pt\">PhD, \u00e1ltal\u00e1nos orvos<\/span><br \/>\n<span style=\"font-size: 14pt\">munkacsoportvezet\u0151, egyetemi tan\u00e1r<\/span><br \/>\n<span style=\"font-size: 14pt\">Email: mocsai.attila@semmelweis.hu<\/span><\/p>\n<p style=\"text-align: justify\"><span style=\"font-size: 14pt\">Munkacsoportunk a gyullad\u00e1sos betegs\u00e9gek kialakul\u00e1s\u00e1nak \u00e9s a k\u00fcl\u00f6nb\u00f6z\u0151 hemopoetikus eredet\u0171 sejtt\u00edpusok m\u0171k\u00f6d\u00e9s\u00e9nek a molekul\u00e1ris alapjait vizsg\u00e1lja modern in vitro \u00e9s in vivo molekul\u00e1ris genetikai megk\u00f6zel\u00edt\u00e9sekkel.<\/span><\/p>\n<hr \/>\n<h5><img loading=\"lazy\" decoding=\"async\" class=\"wp-image-88 alignright\" src=\"https:\/\/semmelweis.hu\/mocsailab\/files\/2025\/03\/19A9906-267x400.jpg\" alt=\"\" width=\"167\" height=\"250\" srcset=\"https:\/\/semmelweis.hu\/mocsailab\/files\/2025\/03\/19A9906-267x400.jpg 267w, https:\/\/semmelweis.hu\/mocsailab\/files\/2025\/03\/19A9906-683x1024.jpg 683w, https:\/\/semmelweis.hu\/mocsailab\/files\/2025\/03\/19A9906-768x1152.jpg 768w, https:\/\/semmelweis.hu\/mocsailab\/files\/2025\/03\/19A9906-1024x1536.jpg 1024w, https:\/\/semmelweis.hu\/mocsailab\/files\/2025\/03\/19A9906-1365x2048.jpg 1365w, https:\/\/semmelweis.hu\/mocsailab\/files\/2025\/03\/19A9906-753x1130.jpg 753w, https:\/\/semmelweis.hu\/mocsailab\/files\/2025\/03\/19A9906-scaled.jpg 1707w\" sizes=\"auto, (max-width: 167px) 100vw, 167px\" \/><\/h5>\n<h5><span style=\"font-size: 18pt\">Csete D\u00e1niel<\/span><\/h5>\n<p><span style=\"font-size: 14pt\">PhD, \u00e1ltal\u00e1nos orvos<br \/>\negyetemi adjunktus<\/span><br \/>\n<span style=\"font-size: 14pt\">Email: csete.daniel@semmelweis.hu<\/span><\/p>\n<p style=\"text-align: justify\"><span style=\"font-size: 14pt\">Kutat\u00e1saim k\u00f6z\u00e9ppontj\u00e1ban a <a href=\"https:\/\/semmelweis.hu\/mocsailab\/projektek\/csontlebontas-vizsgalata\/\">mikro-CT alap\u00fa k\u00e9palkot\u00e1s<\/a> \u00e1ll, melyet az oszteoklasztok m\u0171k\u00f6d\u00e9s\u00e9nek \u00e9s a csontanyagcser\u00e9t \u00e9rint\u0151 patomechanizmusok r\u00e9szletes vizsg\u00e1lat\u00e1ra alkalmazok.<\/span><\/p>\n<hr \/>\n<h5><img loading=\"lazy\" decoding=\"async\" class=\"wp-image-139 alignright\" src=\"https:\/\/semmelweis.hu\/mocsailab\/files\/2025\/03\/19A9987-267x400.jpg\" alt=\"\" width=\"167\" height=\"250\" srcset=\"https:\/\/semmelweis.hu\/mocsailab\/files\/2025\/03\/19A9987-267x400.jpg 267w, https:\/\/semmelweis.hu\/mocsailab\/files\/2025\/03\/19A9987-683x1024.jpg 683w, https:\/\/semmelweis.hu\/mocsailab\/files\/2025\/03\/19A9987-768x1152.jpg 768w, https:\/\/semmelweis.hu\/mocsailab\/files\/2025\/03\/19A9987-1024x1536.jpg 1024w, https:\/\/semmelweis.hu\/mocsailab\/files\/2025\/03\/19A9987-1365x2048.jpg 1365w, https:\/\/semmelweis.hu\/mocsailab\/files\/2025\/03\/19A9987-753x1130.jpg 753w, https:\/\/semmelweis.hu\/mocsailab\/files\/2025\/03\/19A9987-scaled.jpg 1707w\" sizes=\"auto, (max-width: 167px) 100vw, 167px\" \/><\/h5>\n<h5><span style=\"font-size: 18pt\">Deli Dorottya<\/span><\/h5>\n<p><span style=\"font-size: 14pt;color: #1e2326;font-family: 'PT serif', serif;font-weight: 400\">eg\u00e9szs\u00e9g\u00fcgyi m\u00e9rn\u00f6k MSc<br \/>\nPhD-hallgat\u00f3<br \/>\n<\/span><span style=\"font-size: 14pt\">Email: deli.dorottya@semmelweis.hu<\/span><\/p>\n<p style=\"text-align: justify\"><span style=\"font-size: 14pt\">Kutat\u00e1si ter\u00fcletem a <a href=\"https:\/\/semmelweis.hu\/mocsailab\/projektek\/gyulladasos-vesebetegsegek\/\">gyullad\u00e1sos vesebetegs\u00e9gek<\/a>, k\u00fcl\u00f6n\u00f6sen a glomerulonephritis patomechanizmus\u00e1nak \u00e9s a myeloid sejtek jel\u00e1tviteli \u00fatvonalainak vizsg\u00e1lata. Emellett sejtvonal-specifikus tirozin-kin\u00e1z jelp\u00e1ly\u00e1k vizsg\u00e1lata vesegyullad\u00e1s modellben, amely hozz\u00e1j\u00e1rulhat a c\u00e9lzott ter\u00e1pi\u00e1s lehet\u0151s\u00e9gek fejleszt\u00e9s\u00e9hez.<\/span><\/p>\n<hr \/>\n<h5><img loading=\"lazy\" decoding=\"async\" class=\"wp-image-135 alignright\" src=\"https:\/\/semmelweis.hu\/mocsailab\/files\/2025\/03\/19A9802-267x400.jpg\" alt=\"\" width=\"167\" height=\"250\" srcset=\"https:\/\/semmelweis.hu\/mocsailab\/files\/2025\/03\/19A9802-267x400.jpg 267w, https:\/\/semmelweis.hu\/mocsailab\/files\/2025\/03\/19A9802-683x1024.jpg 683w, https:\/\/semmelweis.hu\/mocsailab\/files\/2025\/03\/19A9802-768x1152.jpg 768w, https:\/\/semmelweis.hu\/mocsailab\/files\/2025\/03\/19A9802-1024x1536.jpg 1024w, https:\/\/semmelweis.hu\/mocsailab\/files\/2025\/03\/19A9802-1365x2048.jpg 1365w, https:\/\/semmelweis.hu\/mocsailab\/files\/2025\/03\/19A9802-753x1130.jpg 753w, https:\/\/semmelweis.hu\/mocsailab\/files\/2025\/03\/19A9802-scaled.jpg 1707w\" sizes=\"auto, (max-width: 167px) 100vw, 167px\" \/><\/h5>\n<h5><span style=\"font-size: 18pt\">Futosi Krisztina<br \/>\n<\/span><\/h5>\n<p><span style=\"font-size: 14pt\">PhD, biol\u00f3gus MSc<\/span><br \/>\n<span style=\"font-size: 14pt\">egyetemi adjunktus<\/span><br \/>\n<span style=\"font-size: 14pt\">Email: futosi.krisztina@semmelweis.hu<\/span><\/p>\n<p style=\"text-align: justify\"><span style=\"font-size: 14pt\">Kutat\u00e1saim f\u00f3kusz\u00e1ban a <a href=\"https:\/\/semmelweis.hu\/mocsailab\/projektek\/izuleti-gyulladasok\/\">k\u00f6szv\u00e9nyes \u00edz\u00fcleti gyullad\u00e1s<\/a> molekul\u00e1ris pathomechanizmus\u00e1nak vizsg\u00e1lata \u00e1ll, els\u0151sorban transzg\u00e9nikus \u00e9s farmakol\u00f3giai megk\u00f6zel\u00edt\u00e9ssel tanulm\u00e1nyozva a tirozin-kin\u00e1z jelp\u00e1ly\u00e1k szerep\u00e9t az ur\u00e1t-krist\u00e1ly \u00e1ltal kiv\u00e1ltott fagocitasejt-aktiv\u00e1ci\u00f3ban, valamint a k\u00f6szv\u00e9ny k\u00eds\u00e9rletes \u00e1llatmodellj\u00e9ben.<\/span><\/p>\n<hr \/>\n<h5><span style=\"font-size: 18pt\">G\u00f6r\u00f6g Daniella<\/span><\/h5>\n<p><span style=\"font-size: 14pt;color: #1e2326;font-family: 'PT serif', serif;font-weight: 400\">eg\u00e9szs\u00e9g\u00fcgyi m\u00e9rn\u00f6k MSc<br \/>\nPhD-hallgat\u00f3<br \/>\n<\/span><span style=\"font-size: 14pt\">Email: gorog.daniella@phd.semmelweis.hu<\/span><\/p>\n<hr \/>\n<h5><img loading=\"lazy\" decoding=\"async\" class=\"wp-image-62 alignright\" src=\"https:\/\/semmelweis.hu\/mocsailab\/files\/2025\/03\/19A6416-267x400.jpg\" alt=\"\" width=\"167\" height=\"250\" srcset=\"https:\/\/semmelweis.hu\/mocsailab\/files\/2025\/03\/19A6416-267x400.jpg 267w, https:\/\/semmelweis.hu\/mocsailab\/files\/2025\/03\/19A6416-683x1024.jpg 683w, https:\/\/semmelweis.hu\/mocsailab\/files\/2025\/03\/19A6416-768x1152.jpg 768w, https:\/\/semmelweis.hu\/mocsailab\/files\/2025\/03\/19A6416-1024x1536.jpg 1024w, https:\/\/semmelweis.hu\/mocsailab\/files\/2025\/03\/19A6416-1365x2048.jpg 1365w, https:\/\/semmelweis.hu\/mocsailab\/files\/2025\/03\/19A6416-753x1130.jpg 753w, https:\/\/semmelweis.hu\/mocsailab\/files\/2025\/03\/19A6416-scaled.jpg 1707w\" sizes=\"auto, (max-width: 167px) 100vw, 167px\" \/><\/h5>\n<h5><span style=\"font-size: 18pt\">Havasi M\u00e1rk<\/span><\/h5>\n<p><span style=\"font-size: 14pt\">\u00e1ltal\u00e1nos orvos<br \/>\nPhD-hallgat\u00f3, kutat\u00e1si munkat\u00e1rs<\/span><br \/>\n<span style=\"font-size: 14pt\">E-mail: havasi.mark@semmelweis.hu<\/span><\/p>\n<p style=\"text-align: justify\"><span style=\"font-size: 14pt\">Kutat\u00e1saim sor\u00e1n a <a href=\"https:\/\/semmelweis.hu\/mocsailab\/projektek\/hoxb8\/\">HoxB8 rendszer<\/a> seg\u00edts\u00e9g\u00e9vel genetikailag m\u00f3dos\u00edtott neutrofil progenitorokat hozunk l\u00e9tre, majd in vivo modellekben vizsg\u00e1ljuk a g\u00e9nm\u00f3dos\u00edt\u00e1s hat\u00e1sait az \u00e9rett\u00e9 differenci\u00e1l\u00f3dott neutrofilek funkci\u00f3iban.<\/span><\/p>\n<hr \/>\n<h5><img loading=\"lazy\" decoding=\"async\" class=\"wp-image-138 alignright\" src=\"https:\/\/semmelweis.hu\/mocsailab\/files\/2025\/03\/19A9927-267x400.jpg\" alt=\"\" width=\"167\" height=\"250\" srcset=\"https:\/\/semmelweis.hu\/mocsailab\/files\/2025\/03\/19A9927-267x400.jpg 267w, https:\/\/semmelweis.hu\/mocsailab\/files\/2025\/03\/19A9927-683x1024.jpg 683w, https:\/\/semmelweis.hu\/mocsailab\/files\/2025\/03\/19A9927-768x1152.jpg 768w, https:\/\/semmelweis.hu\/mocsailab\/files\/2025\/03\/19A9927-1024x1536.jpg 1024w, https:\/\/semmelweis.hu\/mocsailab\/files\/2025\/03\/19A9927-1365x2048.jpg 1365w, https:\/\/semmelweis.hu\/mocsailab\/files\/2025\/03\/19A9927-753x1130.jpg 753w, https:\/\/semmelweis.hu\/mocsailab\/files\/2025\/03\/19A9927-scaled.jpg 1707w\" sizes=\"auto, (max-width: 167px) 100vw, 167px\" \/><\/h5>\n<h5><span style=\"font-size: 18pt\">Jex Emili\u00e1na<\/span><\/h5>\n<p><span style=\"font-size: 14pt;color: #1e2326;font-family: 'PT serif', serif;font-weight: 400\">molekul\u00e1ris biol\u00f3gia MSc<br \/>\nPhD-hallgat\u00f3, egyetemi tan\u00e1rseg\u00e9d<br \/>\n<\/span><span style=\"font-size: 14pt\">Email: jex.emiliana@semmelweis.hu<\/span><\/p>\n<p style=\"text-align: justify\"><span style=\"font-size: 14pt\">Kutat\u00e1som sor\u00e1n genetikailag m\u00f3dos\u00edtott, kond\u00edcion\u00e1lisan immortaliz\u00e1lt myeloid progenitor sejtekb\u0151l (\u00fan. <a href=\"https:\/\/semmelweis.hu\/mocsailab\/projektek\/hoxb8\/\">HoxB8 progenitorokb\u00f3l<\/a>) sz\u00e1rmaz\u00f3 neutrophil-szer\u0171 sejtek (HoxB8 NLC-k) funkcion\u00e1lis vizsg\u00e1lat\u00e1t v\u00e9gzem in vitro rendszerekben.<\/span><\/p>\n<hr \/>\n<h5><img loading=\"lazy\" decoding=\"async\" class=\"wp-image-36 alignright\" src=\"https:\/\/semmelweis.hu\/mocsailab\/files\/2025\/03\/19A6129-267x400.jpg\" alt=\"\" width=\"167\" height=\"251\" srcset=\"https:\/\/semmelweis.hu\/mocsailab\/files\/2025\/03\/19A6129-267x400.jpg 267w, https:\/\/semmelweis.hu\/mocsailab\/files\/2025\/03\/19A6129-683x1024.jpg 683w, https:\/\/semmelweis.hu\/mocsailab\/files\/2025\/03\/19A6129-768x1152.jpg 768w, https:\/\/semmelweis.hu\/mocsailab\/files\/2025\/03\/19A6129-1024x1536.jpg 1024w, https:\/\/semmelweis.hu\/mocsailab\/files\/2025\/03\/19A6129-1365x2048.jpg 1365w, https:\/\/semmelweis.hu\/mocsailab\/files\/2025\/03\/19A6129-753x1130.jpg 753w, https:\/\/semmelweis.hu\/mocsailab\/files\/2025\/03\/19A6129-scaled.jpg 1707w\" sizes=\"auto, (max-width: 167px) 100vw, 167px\" \/><span style=\"font-size: 18pt\">Koncz Petra<\/span><\/h5>\n<p><span style=\"font-size: 14pt\">\u00e1ltal\u00e1nos orvos<br \/>\nPhD-hallgat\u00f3, egyetemi tan\u00e1rseg\u00e9d<\/span><br \/>\n<span style=\"font-size: 14pt\">Email: koncz.petra@semmelweis.hu<\/span><\/p>\n<p style=\"text-align: justify\"><span style=\"font-size: 14pt\">Kutat\u00e1saim sor\u00e1n egy immunreceptor szignaliz\u00e1ci\u00f3s \u00fatvonalba tartoz\u00f3 enzim, a foszfolip\u00e1z-C\u03b32 (PLC\u03b32) szerep\u00e9t \u00e9s k\u00fcl\u00f6nb\u00f6z\u0151 JAK-g\u00e1tl\u00f3szerek hat\u00e1s\u00e1t vizsg\u00e1lom egy immunkomplex-medi\u00e1lta <a href=\"https:\/\/semmelweis.hu\/mocsailab\/projektek\/holyagos-borbetegsegek\/\">autoimmun h\u00f3lyagos b\u0151rbetegs\u00e9g<\/a>, az epidermolysis bullosa acquisita \u00e1llatmodellj\u00e9ben.<\/span><\/p>\n<hr \/>\n<h5><img loading=\"lazy\" decoding=\"async\" class=\"wp-image-136 alignright\" src=\"https:\/\/semmelweis.hu\/mocsailab\/files\/2025\/03\/19A6338-267x400.jpg\" alt=\"\" width=\"167\" height=\"250\" srcset=\"https:\/\/semmelweis.hu\/mocsailab\/files\/2025\/03\/19A6338-267x400.jpg 267w, https:\/\/semmelweis.hu\/mocsailab\/files\/2025\/03\/19A6338-683x1024.jpg 683w, https:\/\/semmelweis.hu\/mocsailab\/files\/2025\/03\/19A6338-768x1152.jpg 768w, https:\/\/semmelweis.hu\/mocsailab\/files\/2025\/03\/19A6338-1024x1536.jpg 1024w, https:\/\/semmelweis.hu\/mocsailab\/files\/2025\/03\/19A6338-1365x2048.jpg 1365w, https:\/\/semmelweis.hu\/mocsailab\/files\/2025\/03\/19A6338-753x1130.jpg 753w, https:\/\/semmelweis.hu\/mocsailab\/files\/2025\/03\/19A6338-scaled.jpg 1707w\" sizes=\"auto, (max-width: 167px) 100vw, 167px\" \/><\/h5>\n<h5><span style=\"font-size: 18pt\">Lesinszki Luk\u00e1cs S\u00e1ndor<\/span><\/h5>\n<p><span style=\"font-size: 14pt\">\u00e1ltal\u00e1nos orvos<br \/>\negyetemi tan\u00e1rseg\u00e9d<\/span><br \/>\n<span style=\"font-size: 14pt\">Email: lesinszki.lukacs.sandor@semmelweis.hu<\/span><\/p>\n<p style=\"text-align: justify\"><span style=\"font-size: 14pt\"><a href=\"https:\/\/semmelweis.hu\/mocsailab\/projektek\/gyulladasos-vesebetegsegek\/\">K\u00fcl\u00f6nb\u00f6z\u0151 vesebetegs\u00e9gek<\/a> kialakul\u00e1si mechanizmus\u00e1t vizsg\u00e1lom, melynek sor\u00e1n kiemelt figyelmet ford\u00edtok a term\u00e9szetes immunit\u00e1s sejtjeinek \u00e9s az azokban zajl\u00f3 jel\u00e1tviteli utak szerep\u00e9nek felt\u00e1r\u00e1s\u00e1ra olyan betegs\u00e9gekben, melyek kezel\u00e9se napjainkban nem teljesen megoldott.<\/span><\/p>\n<hr \/>\n<h5><img loading=\"lazy\" decoding=\"async\" class=\"wp-image-140 alignright\" src=\"https:\/\/semmelweis.hu\/mocsailab\/files\/2025\/03\/19A6361-267x400.jpg\" alt=\"\" width=\"167\" height=\"250\" srcset=\"https:\/\/semmelweis.hu\/mocsailab\/files\/2025\/03\/19A6361-267x400.jpg 267w, https:\/\/semmelweis.hu\/mocsailab\/files\/2025\/03\/19A6361-683x1024.jpg 683w, https:\/\/semmelweis.hu\/mocsailab\/files\/2025\/03\/19A6361-768x1152.jpg 768w, https:\/\/semmelweis.hu\/mocsailab\/files\/2025\/03\/19A6361-1024x1536.jpg 1024w, https:\/\/semmelweis.hu\/mocsailab\/files\/2025\/03\/19A6361-1365x2048.jpg 1365w, https:\/\/semmelweis.hu\/mocsailab\/files\/2025\/03\/19A6361-753x1130.jpg 753w, https:\/\/semmelweis.hu\/mocsailab\/files\/2025\/03\/19A6361-scaled.jpg 1707w\" sizes=\"auto, (max-width: 167px) 100vw, 167px\" \/><\/h5>\n<h5><span style=\"font-size: 18pt\">Mark\u00f3 Dorottya<\/span><\/h5>\n<p><span style=\"font-size: 14pt;color: #1e2326;font-family: 'PT serif', serif;font-weight: 400\">eg\u00e9szs\u00e9g\u00fcgyi m\u00e9rn\u00f6k MSc<br \/>\nPhD-hallgat\u00f3<br \/>\n<\/span><span style=\"font-size: 14pt\">Email: marko.dorottya@semmelweis.hu<\/span><\/p>\n<p style=\"text-align: justify\"><span style=\"font-size: 14pt\">Kutat\u00f3munk\u00e1m c\u00e9lja a k\u00fcl\u00f6nb\u00f6z\u0151 feh\u00e9rv\u00e9rsejt popul\u00e1ci\u00f3k intracellul\u00e1ris tirozin-kin\u00e1z jel\u00e1tviteli \u00fatvonalainak vizsg\u00e1lata \u00e1raml\u00e1si citometri\u00e1s m\u00f3dszerekkel or\u00e1lisan adagolt tirozin-kin\u00e1z g\u00e1tl\u00f3szer jelenl\u00e9t\u00e9ben in vivo \u00e9s in vitro <a href=\"https:\/\/semmelweis.hu\/mocsailab\/projektek\/hoxb8\/\">genetikailag m\u00f3dos\u00edtott HoxB8 sejtvonalakon<\/a>.<\/span><\/p>\n<hr \/>\n<h5><span style=\"font-size: 18pt\">P\u00e1ncz\u00e9l \u00c1ron<\/span><\/h5>\n<p><span style=\"font-size: 14pt\">egyetemi tan\u00e1rseg\u00e9d, \u00e1ltal\u00e1nos orvos<\/span><br \/>\n<span style=\"font-size: 14pt\">Email: panczel.aron@semmelweis.hu<\/span><\/p>\n<hr \/>\n<h5><span style=\"font-size: 18pt\"><img loading=\"lazy\" decoding=\"async\" class=\"wp-image-128 alignright\" src=\"https:\/\/semmelweis.hu\/mocsailab\/files\/2025\/03\/19A6054-267x400.jpg\" alt=\"\" width=\"167\" height=\"250\" srcset=\"https:\/\/semmelweis.hu\/mocsailab\/files\/2025\/03\/19A6054-267x400.jpg 267w, https:\/\/semmelweis.hu\/mocsailab\/files\/2025\/03\/19A6054-683x1024.jpg 683w, https:\/\/semmelweis.hu\/mocsailab\/files\/2025\/03\/19A6054-768x1152.jpg 768w, https:\/\/semmelweis.hu\/mocsailab\/files\/2025\/03\/19A6054-1024x1536.jpg 1024w, https:\/\/semmelweis.hu\/mocsailab\/files\/2025\/03\/19A6054-1365x2048.jpg 1365w, https:\/\/semmelweis.hu\/mocsailab\/files\/2025\/03\/19A6054-753x1130.jpg 753w, https:\/\/semmelweis.hu\/mocsailab\/files\/2025\/03\/19A6054-scaled.jpg 1707w\" sizes=\"auto, (max-width: 167px) 100vw, 167px\" \/>Papp Zsuzsanna<\/span><\/h5>\n<p><span style=\"font-size: 14pt\">biol\u00f3gus MSc<br \/>\n<\/span><span style=\"font-size: 14pt\">PhD-hallgat\u00f3, egyetemi tan\u00e1rseg\u00e9d<\/span><br \/>\n<span style=\"font-size: 14pt\">Email: papp.zsuzsanna@semmelweis.hu<\/span><\/p>\n<p style=\"text-align: justify\"><span style=\"font-size: 14pt\">Kutat\u00e1saim sor\u00e1n leukocita-specifikus sejtfelsz\u00edni feh\u00e9rj\u00e9k, a \u00df2-integrinek szerep\u00e9t vizsg\u00e1lom in vivo, egy autoimmun betegs\u00e9g, a <a href=\"https:\/\/semmelweis.hu\/mocsailab\/projektek\/izuleti-gyulladasok\/\">rheumatoid arthritis<\/a> sz\u00e9rum induk\u00e1lta \u00e1llatmodellj\u00e9ben. Tov\u00e1bb\u00e1 in vitro m\u00f3dszerekkel is vizsg\u00e1lom ezen feh\u00e9rj\u00e9k szerep\u00e9t.<\/span><\/p>\n<hr \/>\n<h5><span style=\"font-size: 18pt\">Simon Edina<\/span><\/h5>\n<p><span style=\"font-size: 14pt\">kutat\u00e1si munkat\u00e1rs<\/span><br \/>\n<span style=\"font-size: 14pt\">E-mail: simon.edina@semmelweis.hu<\/span><\/p>\n<hr \/>\n<h5><img loading=\"lazy\" decoding=\"async\" class=\"wp-image-157 alignright\" src=\"https:\/\/semmelweis.hu\/mocsailab\/files\/2025\/03\/19A9790-267x400.jpg\" alt=\"\" width=\"167\" height=\"250\" srcset=\"https:\/\/semmelweis.hu\/mocsailab\/files\/2025\/03\/19A9790-267x400.jpg 267w, https:\/\/semmelweis.hu\/mocsailab\/files\/2025\/03\/19A9790-683x1024.jpg 683w, https:\/\/semmelweis.hu\/mocsailab\/files\/2025\/03\/19A9790-768x1152.jpg 768w, https:\/\/semmelweis.hu\/mocsailab\/files\/2025\/03\/19A9790-1024x1536.jpg 1024w, https:\/\/semmelweis.hu\/mocsailab\/files\/2025\/03\/19A9790-1365x2048.jpg 1365w, https:\/\/semmelweis.hu\/mocsailab\/files\/2025\/03\/19A9790-753x1130.jpg 753w, https:\/\/semmelweis.hu\/mocsailab\/files\/2025\/03\/19A9790-scaled.jpg 1707w\" sizes=\"auto, (max-width: 167px) 100vw, 167px\" \/><\/h5>\n<h5><span style=\"font-size: 18pt\">Sz\u00e9n\u00e1si Nikolett Lilla<\/span><\/h5>\n<p><span style=\"font-size: 14pt\">biol\u00f3gus MSc<br \/>\nkutat\u00e1si munkat\u00e1rs<\/span><br \/>\n<span style=\"font-size: 14pt\">E-mail: szenasi.nikolett@semmelweis.hu<\/span><\/p>\n<hr \/>\n<h5><img loading=\"lazy\" decoding=\"async\" class=\"wp-image-137 alignright\" src=\"https:\/\/semmelweis.hu\/mocsailab\/files\/2025\/03\/19A6070-267x400.jpg\" alt=\"\" width=\"167\" height=\"250\" srcset=\"https:\/\/semmelweis.hu\/mocsailab\/files\/2025\/03\/19A6070-267x400.jpg 267w, https:\/\/semmelweis.hu\/mocsailab\/files\/2025\/03\/19A6070-683x1024.jpg 683w, https:\/\/semmelweis.hu\/mocsailab\/files\/2025\/03\/19A6070-768x1152.jpg 768w, https:\/\/semmelweis.hu\/mocsailab\/files\/2025\/03\/19A6070-1024x1536.jpg 1024w, https:\/\/semmelweis.hu\/mocsailab\/files\/2025\/03\/19A6070-1365x2048.jpg 1365w, https:\/\/semmelweis.hu\/mocsailab\/files\/2025\/03\/19A6070-753x1130.jpg 753w, https:\/\/semmelweis.hu\/mocsailab\/files\/2025\/03\/19A6070-scaled.jpg 1707w\" sizes=\"auto, (max-width: 167px) 100vw, 167px\" \/><\/h5>\n<h5><span style=\"font-size: 18pt\">Vik\u00e1r Simon<\/span><\/h5>\n<p><span style=\"font-size: 14pt\">\u00e1ltal\u00e1nos orvos<br \/>\nPhD-hallgat\u00f3, egyetemi tan\u00e1rseg\u00e9d<\/span><br \/>\n<span style=\"font-size: 14pt\">Email: vikar.simon@semmelweis.hu<\/span><\/p>\n<p style=\"text-align: justify\"><span style=\"font-size: 14pt\">Kutat\u00e1som k\u00f6z\u00e9ppontj\u00e1ban egy ritka <a href=\"https:\/\/semmelweis.hu\/mocsailab\/projektek\/holyagos-borbetegsegek\/\">autoimmun h\u00f3lyagos b\u0151rbetegs\u00e9g<\/a> \u00e1ll, mely kapcs\u00e1n klinikusokkal folytatott szoros egy\u00fcttm\u0171k\u00f6d\u00e9s keret\u00e9ben vizsg\u00e1ljuk az immunreceptorok \u00e9s a komplement rendszer patogenezisben bet\u00f6lt\u00f6tt szerep\u00e9t egy teljesen hum\u00e1n modellrendszerben.<\/span><\/p>\n<hr \/>\n<p>&nbsp;<\/p>\n","protected":false},"excerpt":{"rendered":"<p>M\u00f3csai Attila PhD, \u00e1ltal\u00e1nos orvos munkacsoportvezet\u0151, egyetemi tan\u00e1r Email: mocsai.attila@semmelweis.hu Munkacsoportunk a gyullad\u00e1sos betegs\u00e9gek kialakul\u00e1s\u00e1nak \u00e9s a k\u00fcl\u00f6nb\u00f6z\u0151 hemopoetikus eredet\u0171 sejtt\u00edpusok m\u0171k\u00f6d\u00e9s\u00e9nek a molekul\u00e1ris alapjait vizsg\u00e1lja modern in vitro \u00e9s in vivo molekul\u00e1ris genetikai megk\u00f6zel\u00edt\u00e9sekkel. Csete D\u00e1niel PhD, \u00e1ltal\u00e1nos orvos egyetemi adjunktus Email: csete.daniel@semmelweis.hu Kutat\u00e1saim k\u00f6z\u00e9ppontj\u00e1ban a <a href=\"https:\/\/semmelweis.hu\/mocsailab\/projektek\/csontlebontas-vizsgalata\/\">mikro-CT alap\u00fa k\u00e9palkot\u00e1s<\/a> \u00e1ll, melyet az oszteoklasztok m\u0171k\u00f6d\u00e9s\u00e9nek \u00e9s a csontanyagcser\u00e9t &hellip;<\/p>\n","protected":false},"author":102470,"featured_media":0,"parent":40,"menu_order":0,"comment_status":"closed","ping_status":"closed","template":"template-fullwidth.php","meta":{"_acf_changed":false,"footnotes":""},"categories":[],"tags":[],"class_list":["post-35","page","type-page","status-publish","hentry"],"acf":[],"_links":{"self":[{"href":"https:\/\/semmelweis.hu\/mocsailab\/wp-json\/wp\/v2\/pages\/35","targetHints":{"allow":["GET"]}}],"collection":[{"href":"https:\/\/semmelweis.hu\/mocsailab\/wp-json\/wp\/v2\/pages"}],"about":[{"href":"https:\/\/semmelweis.hu\/mocsailab\/wp-json\/wp\/v2\/types\/page"}],"author":[{"embeddable":true,"href":"https:\/\/semmelweis.hu\/mocsailab\/wp-json\/wp\/v2\/users\/102470"}],"replies":[{"embeddable":true,"href":"https:\/\/semmelweis.hu\/mocsailab\/wp-json\/wp\/v2\/comments?post=35"}],"version-history":[{"count":10,"href":"https:\/\/semmelweis.hu\/mocsailab\/wp-json\/wp\/v2\/pages\/35\/revisions"}],"predecessor-version":[{"id":392,"href":"https:\/\/semmelweis.hu\/mocsailab\/wp-json\/wp\/v2\/pages\/35\/revisions\/392"}],"up":[{"embeddable":true,"href":"https:\/\/semmelweis.hu\/mocsailab\/wp-json\/wp\/v2\/pages\/40"}],"wp:attachment":[{"href":"https:\/\/semmelweis.hu\/mocsailab\/wp-json\/wp\/v2\/media?parent=35"}],"wp:term":[{"taxonomy":"category","embeddable":true,"href":"https:\/\/semmelweis.hu\/mocsailab\/wp-json\/wp\/v2\/categories?post=35"},{"taxonomy":"post_tag","embeddable":true,"href":"https:\/\/semmelweis.hu\/mocsailab\/wp-json\/wp\/v2\/tags?post=35"}],"curies":[{"name":"wp","href":"https:\/\/api.w.org\/{rel}","templated":true}]}}