{"id":289,"date":"2025-05-10T12:08:37","date_gmt":"2025-05-10T10:08:37","guid":{"rendered":"https:\/\/semmelweis.hu\/mocsailab\/?page_id=289"},"modified":"2025-05-10T16:50:13","modified_gmt":"2025-05-10T14:50:13","slug":"skin-blistering","status":"publish","type":"page","link":"https:\/\/semmelweis.hu\/mocsailab\/en\/projects\/skin-blistering\/","title":{"rendered":"Investigating the pathogenesis of autoimmune blistering skin diseases"},"content":{"rendered":"<p style=\"text-align: justify\">Bullous pemphigoid and epidermolysis bullosa acquisita are rare autoimmune skin diseases affecting the elderly population and are characterised by the formation of very unpleasant, thick blisters on the skin. These patients are most commonly treated with general immunosuppressive therapies, which shows the urgent need to identify new therapeutic options through a better understanding of the pathogenesis.<\/p>\n<p style=\"text-align: justify\">Today several in vitro and in vivo model systems are available to study these diseases, offering a good opportunity to investigate the pathogenesis. In our previous publications (<a href=\"https:\/\/pubmed.ncbi.nlm.nih.gov\/34656615\/\" target=\"_blank\" rel=\"noopener\">Szilveszter et al., J Invest Dermatol. 2022<\/a>, <a href=\"https:\/\/pubmed.ncbi.nlm.nih.gov\/38296021\/\" target=\"_blank\" rel=\"noopener\">Vik\u00e1r et al., J invest Dermatol. 2024<\/a>) we have shown the essential role of certain proteins involved in immunoreceptor signalling in pathogenesis, while our current studies focus on the role of JAK kinases and the complement system in addition to the former.<\/p>\n\r\n        [slb_exclude]\r\n        <div class=\"row galeria-wrapper mx-0 h-auto\">\r\n            <div class=\"col-9 pl-0 pr-2\">\r\n            <span class=\"gallery-item frame\">\r\n\t\t\t\t<div class=\"galeria-left-img\"><a href=\"https:\/\/semmelweis.hu\/mocsailab\/files\/2025\/03\/BP-migration-VS.png\"><img src=https:\/\/semmelweis.hu\/mocsailab\/files\/2025\/03\/BP-migration-VS.png  \r\n                            alt=\"Neutrofil granulocit\u00e1k felhalmoz\u00f3d\u00e1sa a dermo-epiderm\u00e1lis hat\u00e1r ment\u00e9n fluoreszcens mikroszk\u00f3pi\u00e1val.\" \r\n                            class=\"attachment-sote-gallery-big size-sote-gallery-big\" \r\n                            srcset=\"\" ><\/a><\/div>\r\n            <\/span>\r\n\r\n            <\/div>\r\n\r\n\t\t\t<div class=\"col-3 pl-0 pr-0\">\r\n\t\t\t\t<div class=\"galeria-right-img d-flex justify-content-between flex-column h-100 w-100 px-0 mx-0 \">\r\n                <div class=\"galeria-box\">\r\n\t\t\t\t\t<h3 class=\"galeria-title\">Gal\u00e9ria<\/h3>\r\n\t\t\t\t\t<div class=\"galeria-subtitle\">\r\n\r\n\t\t\t\t\t\t<div class=\"galeria-page-counter\"><span>4<\/span>k\u00e9p<\/div>\r\n                    <\/div> <\/div>\r\n                    <span class=\"gallery-item frame d-none d-md-flex\">\r\n\t\t\t\t\t<div class=\"galeria-small-img mt-0\"><a href=\"https:\/\/semmelweis.hu\/mocsailab\/files\/2025\/03\/BP-separation-VS.png\"><img src=https:\/\/semmelweis.hu\/mocsailab\/files\/2025\/03\/BP-separation-VS.png \r\n                                alt=\"Dermo-epiderm\u00e1lis szepar\u00e1ci\u00f3 b\u0151rmetszeteken bullosus pemphigoidban szenved\u0151 betegek sz\u00e9rum\u00e1nak hat\u00e1s\u00e1ra.\"  \r\n                                class=\"attachment-sote-gallery-small size-sote-gallery-small\" \r\n                                srcset=\"\" ><\/a><\/div>\r\n                    <\/span>\r\n                    <span class=\"gallery-item frame d-none d-md-flex\">\r\n\t\t\t\t\t<div class=\"galeria-small-img mt-0\"><a href=\"https:\/\/semmelweis.hu\/mocsailab\/files\/2025\/03\/RS209590__19A6151-scr.jpg\"><img src=https:\/\/semmelweis.hu\/mocsailab\/files\/2025\/03\/RS209590__19A6151-scr.jpg \r\n                                alt=\"\" \r\n                                class=\"attachment-sote-gallery-small size-sote-gallery-small\" \r\n                                srcset=\"https:\/\/semmelweis.hu\/mocsailab\/files\/2025\/03\/RS209590__19A6151-scr-400x267.jpg 400w, https:\/\/semmelweis.hu\/mocsailab\/files\/2025\/03\/RS209590__19A6151-scr-1024x683.jpg 1024w, https:\/\/semmelweis.hu\/mocsailab\/files\/2025\/03\/RS209590__19A6151-scr-768x512.jpg 768w, https:\/\/semmelweis.hu\/mocsailab\/files\/2025\/03\/RS209590__19A6151-scr-753x502.jpg 753w, https:\/\/semmelweis.hu\/mocsailab\/files\/2025\/03\/RS209590__19A6151-scr-203x135.jpg 203w, https:\/\/semmelweis.hu\/mocsailab\/files\/2025\/03\/RS209590__19A6151-scr.jpg 1200w\" ><\/a><\/div>\r\n                    <\/span>\r\n\r\n                <\/div>\r\n\r\n            <\/div>\r\n\r\n            <span class=\"gallery-item\"><div class=\"hidden\"><a href=\"https:\/\/semmelweis.hu\/mocsailab\/files\/2025\/03\/RS209592__19A6161-scr.jpg\">\r\n        <img src=https:\/\/semmelweis.hu\/mocsailab\/files\/2025\/03\/RS209592__19A6161-scr.jpg alt=\"\" class=\"attachment-sote-gallery-big size-sote-gallery-big\" srcset=\"https:\/\/semmelweis.hu\/mocsailab\/files\/2025\/03\/RS209592__19A6161-scr-400x267.jpg 400w, https:\/\/semmelweis.hu\/mocsailab\/files\/2025\/03\/RS209592__19A6161-scr-1024x683.jpg 1024w, https:\/\/semmelweis.hu\/mocsailab\/files\/2025\/03\/RS209592__19A6161-scr-768x512.jpg 768w, https:\/\/semmelweis.hu\/mocsailab\/files\/2025\/03\/RS209592__19A6161-scr-753x502.jpg 753w, https:\/\/semmelweis.hu\/mocsailab\/files\/2025\/03\/RS209592__19A6161-scr-203x135.jpg 203w, https:\/\/semmelweis.hu\/mocsailab\/files\/2025\/03\/RS209592__19A6161-scr.jpg 1200w\" >\r\n        <\/a><\/div><\/span>\r\n            <\/div>\r\n\r\n            [\/slb_exclude]\r\n\t\n","protected":false},"excerpt":{"rendered":"<p>Bullous pemphigoid and epidermolysis bullosa acquisita are rare autoimmune skin diseases affecting the elderly population and are characterised by the formation of very unpleasant, thick blisters on the skin. These patients are most commonly treated with general immunosuppressive therapies, which shows the urgent need to identify new therapeutic options through a better understanding of the &hellip;<\/p>\n","protected":false},"author":102470,"featured_media":0,"parent":286,"menu_order":3,"comment_status":"closed","ping_status":"closed","template":"","meta":{"_acf_changed":false,"footnotes":""},"categories":[],"tags":[],"class_list":["post-289","page","type-page","status-publish","hentry"],"acf":[],"_links":{"self":[{"href":"https:\/\/semmelweis.hu\/mocsailab\/wp-json\/wp\/v2\/pages\/289","targetHints":{"allow":["GET"]}}],"collection":[{"href":"https:\/\/semmelweis.hu\/mocsailab\/wp-json\/wp\/v2\/pages"}],"about":[{"href":"https:\/\/semmelweis.hu\/mocsailab\/wp-json\/wp\/v2\/types\/page"}],"author":[{"embeddable":true,"href":"https:\/\/semmelweis.hu\/mocsailab\/wp-json\/wp\/v2\/users\/102470"}],"replies":[{"embeddable":true,"href":"https:\/\/semmelweis.hu\/mocsailab\/wp-json\/wp\/v2\/comments?post=289"}],"version-history":[{"count":4,"href":"https:\/\/semmelweis.hu\/mocsailab\/wp-json\/wp\/v2\/pages\/289\/revisions"}],"predecessor-version":[{"id":302,"href":"https:\/\/semmelweis.hu\/mocsailab\/wp-json\/wp\/v2\/pages\/289\/revisions\/302"}],"up":[{"embeddable":true,"href":"https:\/\/semmelweis.hu\/mocsailab\/wp-json\/wp\/v2\/pages\/286"}],"wp:attachment":[{"href":"https:\/\/semmelweis.hu\/mocsailab\/wp-json\/wp\/v2\/media?parent=289"}],"wp:term":[{"taxonomy":"category","embeddable":true,"href":"https:\/\/semmelweis.hu\/mocsailab\/wp-json\/wp\/v2\/categories?post=289"},{"taxonomy":"post_tag","embeddable":true,"href":"https:\/\/semmelweis.hu\/mocsailab\/wp-json\/wp\/v2\/tags?post=289"}],"curies":[{"name":"wp","href":"https:\/\/api.w.org\/{rel}","templated":true}]}}