{"id":240,"date":"2025-05-01T12:22:22","date_gmt":"2025-05-01T10:22:22","guid":{"rendered":"https:\/\/semmelweis.hu\/mocsailab\/?page_id=240"},"modified":"2025-09-18T17:41:06","modified_gmt":"2025-09-18T15:41:06","slug":"lab-members","status":"publish","type":"page","link":"https:\/\/semmelweis.hu\/mocsailab\/en\/colleagues\/lab-members\/","title":{"rendered":"Lab members"},"content":{"rendered":"<h5>\n<span style=\"font-size: 18pt\"><img loading=\"lazy\" decoding=\"async\" class=\"wp-image-206 alignright\" src=\"https:\/\/semmelweis.hu\/mocsailab\/files\/2025\/04\/19A9762-267x400.jpg\" alt=\"\" width=\"167\" height=\"250\" srcset=\"https:\/\/semmelweis.hu\/mocsailab\/files\/2025\/04\/19A9762-267x400.jpg 267w, https:\/\/semmelweis.hu\/mocsailab\/files\/2025\/04\/19A9762-683x1024.jpg 683w, https:\/\/semmelweis.hu\/mocsailab\/files\/2025\/04\/19A9762-768x1152.jpg 768w, https:\/\/semmelweis.hu\/mocsailab\/files\/2025\/04\/19A9762-1024x1536.jpg 1024w, https:\/\/semmelweis.hu\/mocsailab\/files\/2025\/04\/19A9762-1365x2048.jpg 1365w, https:\/\/semmelweis.hu\/mocsailab\/files\/2025\/04\/19A9762-753x1130.jpg 753w, https:\/\/semmelweis.hu\/mocsailab\/files\/2025\/04\/19A9762-scaled.jpg 1707w\" sizes=\"auto, (max-width: 167px) 100vw, 167px\" \/> Attila M\u00f3csai<\/span><\/h5>\n<p><span style=\"font-size: 14pt\">PhD, MD<\/span><br \/>\n<span style=\"font-size: 14pt\">Principal Investigator, professor<\/span><br \/>\n<span style=\"font-size: 14pt\">E-mail: mocsai.attila@semmelweis.hu<\/span><\/p>\n<p style=\"text-align: justify\">Our research group studies the molecular mechanisms of the development of inflammatory diseases and the function of various cell types of hematopoietic origin using state-of-the-art in vitro and in vivo molecular genetic approaches.<\/p>\n<hr \/>\n<h5><img loading=\"lazy\" decoding=\"async\" class=\"wp-image-88 alignright\" src=\"https:\/\/semmelweis.hu\/mocsailab\/files\/2025\/03\/19A9906-267x400.jpg\" alt=\"\" width=\"167\" height=\"250\" srcset=\"https:\/\/semmelweis.hu\/mocsailab\/files\/2025\/03\/19A9906-267x400.jpg 267w, https:\/\/semmelweis.hu\/mocsailab\/files\/2025\/03\/19A9906-683x1024.jpg 683w, https:\/\/semmelweis.hu\/mocsailab\/files\/2025\/03\/19A9906-768x1152.jpg 768w, https:\/\/semmelweis.hu\/mocsailab\/files\/2025\/03\/19A9906-1024x1536.jpg 1024w, https:\/\/semmelweis.hu\/mocsailab\/files\/2025\/03\/19A9906-1365x2048.jpg 1365w, https:\/\/semmelweis.hu\/mocsailab\/files\/2025\/03\/19A9906-753x1130.jpg 753w, https:\/\/semmelweis.hu\/mocsailab\/files\/2025\/03\/19A9906-scaled.jpg 1707w\" sizes=\"auto, (max-width: 167px) 100vw, 167px\" \/><\/h5>\n<h5><span style=\"font-size: 18pt\">D\u00e1niel Csete<\/span><\/h5>\n<p><span style=\"font-size: 14pt\">PhD, MD<br \/>\n<\/span>assistant professor<br \/>\n<span style=\"font-size: 14pt\">E-mail: csete.daniel@semmelweis.hu<\/span><\/p>\n<p style=\"text-align: justify\">My research focuses on micro-CT imaging, which I utilize for the detailed investigation of osteoclast function and the pathomechanisms affecting bone metabolism.<\/p>\n<hr \/>\n<h5><img loading=\"lazy\" decoding=\"async\" class=\"wp-image-139 alignright\" src=\"https:\/\/semmelweis.hu\/mocsailab\/files\/2025\/03\/19A9987-267x400.jpg\" alt=\"\" width=\"167\" height=\"250\" srcset=\"https:\/\/semmelweis.hu\/mocsailab\/files\/2025\/03\/19A9987-267x400.jpg 267w, https:\/\/semmelweis.hu\/mocsailab\/files\/2025\/03\/19A9987-683x1024.jpg 683w, https:\/\/semmelweis.hu\/mocsailab\/files\/2025\/03\/19A9987-768x1152.jpg 768w, https:\/\/semmelweis.hu\/mocsailab\/files\/2025\/03\/19A9987-1024x1536.jpg 1024w, https:\/\/semmelweis.hu\/mocsailab\/files\/2025\/03\/19A9987-1365x2048.jpg 1365w, https:\/\/semmelweis.hu\/mocsailab\/files\/2025\/03\/19A9987-753x1130.jpg 753w, https:\/\/semmelweis.hu\/mocsailab\/files\/2025\/03\/19A9987-scaled.jpg 1707w\" sizes=\"auto, (max-width: 167px) 100vw, 167px\" \/><\/h5>\n<h5><span style=\"font-size: 18pt\">Dorottya Deli<\/span><\/h5>\n<p><span style=\"font-size: 14pt;color: #1e2326;font-family: 'PT serif', serif;font-weight: 400\">Medical engineer MSc<br \/>\nPhD student<br \/>\n<\/span><span style=\"font-size: 14pt\">E-mail: deli.dorottya@semmelweis.hu<\/span><\/p>\n<p style=\"text-align: justify\">My research focuses on the pathomechanism of inflammatory kidney diseases, particularly glomerulonephritis, and the signaling pathways of myeloid cells. Additionally, I investigate cell line-specific tyrosine kinase signaling pathways in a nephritis model, which may contribute to the development of targeted therapies.<\/p>\n<hr \/>\n<h5><img loading=\"lazy\" decoding=\"async\" class=\"wp-image-135 alignright\" src=\"https:\/\/semmelweis.hu\/mocsailab\/files\/2025\/03\/19A9802-267x400.jpg\" alt=\"\" width=\"167\" height=\"250\" srcset=\"https:\/\/semmelweis.hu\/mocsailab\/files\/2025\/03\/19A9802-267x400.jpg 267w, https:\/\/semmelweis.hu\/mocsailab\/files\/2025\/03\/19A9802-683x1024.jpg 683w, https:\/\/semmelweis.hu\/mocsailab\/files\/2025\/03\/19A9802-768x1152.jpg 768w, https:\/\/semmelweis.hu\/mocsailab\/files\/2025\/03\/19A9802-1024x1536.jpg 1024w, https:\/\/semmelweis.hu\/mocsailab\/files\/2025\/03\/19A9802-1365x2048.jpg 1365w, https:\/\/semmelweis.hu\/mocsailab\/files\/2025\/03\/19A9802-753x1130.jpg 753w, https:\/\/semmelweis.hu\/mocsailab\/files\/2025\/03\/19A9802-scaled.jpg 1707w\" sizes=\"auto, (max-width: 167px) 100vw, 167px\" \/><\/h5>\n<h5><span style=\"font-size: 18pt\">Krisztina Futosi<br \/>\n<\/span><\/h5>\n<p><span style=\"font-size: 14pt\">PhD, biology MSc<\/span><br \/>\n<span style=\"font-size: 14pt\">assistant professor<\/span><br \/>\n<span style=\"font-size: 14pt\">E-mail: futosi.krisztina@semmelweis.hu<\/span><\/p>\n<p style=\"text-align: justify\">I focus on investigating the molecular pathomechanism of gouty arthritis, primarily examining the role of tyrosine kinase signaling pathways in urate crystal-induced phagocyte activation and in the in vivo experimental gout model, using transgenic and pharmacological approaches.<\/p>\n<hr \/>\n<h5><span style=\"font-size: 18pt\">Daniella G\u00f6r\u00f6g<\/span><\/h5>\n<p><span style=\"font-size: 14pt;color: #1e2326;font-family: 'PT serif', serif;font-weight: 400\">Medical engineer MSc<br \/>\nPhD student<br \/>\n<\/span><span style=\"font-size: 14pt\">E-mail: gorog.daniella@phd.semmelweis.hu<\/span><\/p>\n<hr \/>\n<h5><img loading=\"lazy\" decoding=\"async\" class=\"wp-image-62 alignright\" src=\"https:\/\/semmelweis.hu\/mocsailab\/files\/2025\/03\/19A6416-267x400.jpg\" alt=\"\" width=\"167\" height=\"250\" srcset=\"https:\/\/semmelweis.hu\/mocsailab\/files\/2025\/03\/19A6416-267x400.jpg 267w, https:\/\/semmelweis.hu\/mocsailab\/files\/2025\/03\/19A6416-683x1024.jpg 683w, https:\/\/semmelweis.hu\/mocsailab\/files\/2025\/03\/19A6416-768x1152.jpg 768w, https:\/\/semmelweis.hu\/mocsailab\/files\/2025\/03\/19A6416-1024x1536.jpg 1024w, https:\/\/semmelweis.hu\/mocsailab\/files\/2025\/03\/19A6416-1365x2048.jpg 1365w, https:\/\/semmelweis.hu\/mocsailab\/files\/2025\/03\/19A6416-753x1130.jpg 753w, https:\/\/semmelweis.hu\/mocsailab\/files\/2025\/03\/19A6416-scaled.jpg 1707w\" sizes=\"auto, (max-width: 167px) 100vw, 167px\" \/><\/h5>\n<h5><span style=\"font-size: 18pt\">M\u00e1rk Havasi<\/span><\/h5>\n<p><span style=\"font-size: 14pt\">MD<br \/>\nPhD student, research fellow<\/span><br \/>\n<span style=\"font-size: 14pt\">E-mail: havasi.mark@semmelweis.hu<\/span><\/p>\n<p style=\"text-align: justify\">My research involves the generation of genetically engineered neutrophil progenitors using the HoxB8 system, and in vivo models to investigate the effects of gene modification on the functions of maturationally differentiated neutrophils.<\/p>\n<hr \/>\n<h5><img loading=\"lazy\" decoding=\"async\" class=\"wp-image-138 alignright\" src=\"https:\/\/semmelweis.hu\/mocsailab\/files\/2025\/03\/19A9927-267x400.jpg\" alt=\"\" width=\"167\" height=\"250\" srcset=\"https:\/\/semmelweis.hu\/mocsailab\/files\/2025\/03\/19A9927-267x400.jpg 267w, https:\/\/semmelweis.hu\/mocsailab\/files\/2025\/03\/19A9927-683x1024.jpg 683w, https:\/\/semmelweis.hu\/mocsailab\/files\/2025\/03\/19A9927-768x1152.jpg 768w, https:\/\/semmelweis.hu\/mocsailab\/files\/2025\/03\/19A9927-1024x1536.jpg 1024w, https:\/\/semmelweis.hu\/mocsailab\/files\/2025\/03\/19A9927-1365x2048.jpg 1365w, https:\/\/semmelweis.hu\/mocsailab\/files\/2025\/03\/19A9927-753x1130.jpg 753w, https:\/\/semmelweis.hu\/mocsailab\/files\/2025\/03\/19A9927-scaled.jpg 1707w\" sizes=\"auto, (max-width: 167px) 100vw, 167px\" \/><\/h5>\n<h5><span style=\"font-size: 18pt\">Emili\u00e1na Jex<\/span><\/h5>\n<p><span style=\"font-size: 14pt;color: #1e2326;font-family: 'PT serif', serif;font-weight: 400\">molecular biology MSc<br \/>\nPhD student, assistant lecturer<br \/>\n<\/span><span style=\"font-size: 14pt\">E-mail: jex.emiliana@semmelweis.hu<\/span><\/p>\n<p style=\"text-align: justify\">In my research, I investigate the functional properties of neutrophil-like cells (HoxB8 NLCs) derived from genetically modified, conditionally immortalized myeloid progenitor cells (so-called HoxB8 progenitors) in in vitro systems.<\/p>\n<hr \/>\n<h5><img loading=\"lazy\" decoding=\"async\" class=\"wp-image-36 alignright\" src=\"https:\/\/semmelweis.hu\/mocsailab\/files\/2025\/03\/19A6129-267x400.jpg\" alt=\"\" width=\"167\" height=\"251\" srcset=\"https:\/\/semmelweis.hu\/mocsailab\/files\/2025\/03\/19A6129-267x400.jpg 267w, https:\/\/semmelweis.hu\/mocsailab\/files\/2025\/03\/19A6129-683x1024.jpg 683w, https:\/\/semmelweis.hu\/mocsailab\/files\/2025\/03\/19A6129-768x1152.jpg 768w, https:\/\/semmelweis.hu\/mocsailab\/files\/2025\/03\/19A6129-1024x1536.jpg 1024w, https:\/\/semmelweis.hu\/mocsailab\/files\/2025\/03\/19A6129-1365x2048.jpg 1365w, https:\/\/semmelweis.hu\/mocsailab\/files\/2025\/03\/19A6129-753x1130.jpg 753w, https:\/\/semmelweis.hu\/mocsailab\/files\/2025\/03\/19A6129-scaled.jpg 1707w\" sizes=\"auto, (max-width: 167px) 100vw, 167px\" \/><span style=\"font-size: 18pt\">Petra Koncz<\/span><\/h5>\n<p><span style=\"font-size: 14pt\">MD<br \/>\nPhD student, assistant lecturer<\/span><br \/>\n<span style=\"font-size: 14pt\">E-mail: koncz.petra@semmelweis.hu<\/span><\/p>\n<p style=\"text-align: justify\">My research investigates the role of phospholipase-C\u03b32 (PLC\u03b32), an enzyme in the immunoreceptor signalling pathway, and the effects of various JAK inhibitors in an animal model of an immune complex-mediated autoimmune blistering skin disease, epidermolysis bullosa acquisita.<\/p>\n<hr \/>\n<h5><img loading=\"lazy\" decoding=\"async\" class=\"wp-image-136 alignright\" src=\"https:\/\/semmelweis.hu\/mocsailab\/files\/2025\/03\/19A6338-267x400.jpg\" alt=\"\" width=\"167\" height=\"250\" srcset=\"https:\/\/semmelweis.hu\/mocsailab\/files\/2025\/03\/19A6338-267x400.jpg 267w, https:\/\/semmelweis.hu\/mocsailab\/files\/2025\/03\/19A6338-683x1024.jpg 683w, https:\/\/semmelweis.hu\/mocsailab\/files\/2025\/03\/19A6338-768x1152.jpg 768w, https:\/\/semmelweis.hu\/mocsailab\/files\/2025\/03\/19A6338-1024x1536.jpg 1024w, https:\/\/semmelweis.hu\/mocsailab\/files\/2025\/03\/19A6338-1365x2048.jpg 1365w, https:\/\/semmelweis.hu\/mocsailab\/files\/2025\/03\/19A6338-753x1130.jpg 753w, https:\/\/semmelweis.hu\/mocsailab\/files\/2025\/03\/19A6338-scaled.jpg 1707w\" sizes=\"auto, (max-width: 167px) 100vw, 167px\" \/><\/h5>\n<h5><span style=\"font-size: 18pt\">Luk\u00e1cs S\u00e1ndor <\/span><span style=\"font-size: 18pt\">Lesinszki <\/span><\/h5>\n<p><span style=\"font-size: 14pt\">MD<br \/>\nassistant lecturer<\/span><br \/>\n<span style=\"font-size: 14pt\">E-mail: lesinszki.lukacs.sandor@semmelweis.hu<\/span><\/p>\n<p style=\"text-align: justify\">I investigate the pathogenesis of various kidney diseases, with a special focus on uncovering the role of innate immune cells and their signaling pathways in conditions that currently lack fully effective treatments.<\/p>\n<hr \/>\n<h5><img loading=\"lazy\" decoding=\"async\" class=\"wp-image-140 alignright\" src=\"https:\/\/semmelweis.hu\/mocsailab\/files\/2025\/03\/19A6361-267x400.jpg\" alt=\"\" width=\"167\" height=\"250\" srcset=\"https:\/\/semmelweis.hu\/mocsailab\/files\/2025\/03\/19A6361-267x400.jpg 267w, https:\/\/semmelweis.hu\/mocsailab\/files\/2025\/03\/19A6361-683x1024.jpg 683w, https:\/\/semmelweis.hu\/mocsailab\/files\/2025\/03\/19A6361-768x1152.jpg 768w, https:\/\/semmelweis.hu\/mocsailab\/files\/2025\/03\/19A6361-1024x1536.jpg 1024w, https:\/\/semmelweis.hu\/mocsailab\/files\/2025\/03\/19A6361-1365x2048.jpg 1365w, https:\/\/semmelweis.hu\/mocsailab\/files\/2025\/03\/19A6361-753x1130.jpg 753w, https:\/\/semmelweis.hu\/mocsailab\/files\/2025\/03\/19A6361-scaled.jpg 1707w\" sizes=\"auto, (max-width: 167px) 100vw, 167px\" \/><span style=\"font-size: 18pt\">Dorottya Mark\u00f3<\/span><\/h5>\n<p><span style=\"font-size: 14pt;color: #1e2326;font-family: 'PT serif', serif;font-weight: 400\">Medical engineer MSc<br \/>\nPhD student<br \/>\n<\/span><span style=\"font-size: 14pt\">E-mail: marko.dorottya@semmelweis.hu<\/span><\/p>\n<p style=\"text-align: justify\">The aim of my research is to investigate the intracellular tyrosine kinase signaling pathways in different leukocyte populations using flow cytometry techniques, in the presence of orally administered tyrosine kinase inhibitors in vivo and in vitro genetically modified HoxB8 cell lines.\u00a0<\/p>\n<hr \/>\n<h5><span style=\"font-size: 18pt\">\u00c1ron P\u00e1ncz\u00e9l<\/span><\/h5>\n<p><span style=\"font-size: 14pt\">MD<br \/>\n<\/span>assistant lecturer<br \/>\n<span style=\"font-size: 14pt\">E-mail: panczel.aron@semmelweis.hu<\/span><\/p>\n<hr \/>\n<h5><span style=\"font-size: 18pt\"><img loading=\"lazy\" decoding=\"async\" class=\"wp-image-128 alignright\" src=\"https:\/\/semmelweis.hu\/mocsailab\/files\/2025\/03\/19A6054-267x400.jpg\" alt=\"\" width=\"167\" height=\"250\" srcset=\"https:\/\/semmelweis.hu\/mocsailab\/files\/2025\/03\/19A6054-267x400.jpg 267w, https:\/\/semmelweis.hu\/mocsailab\/files\/2025\/03\/19A6054-683x1024.jpg 683w, https:\/\/semmelweis.hu\/mocsailab\/files\/2025\/03\/19A6054-768x1152.jpg 768w, https:\/\/semmelweis.hu\/mocsailab\/files\/2025\/03\/19A6054-1024x1536.jpg 1024w, https:\/\/semmelweis.hu\/mocsailab\/files\/2025\/03\/19A6054-1365x2048.jpg 1365w, https:\/\/semmelweis.hu\/mocsailab\/files\/2025\/03\/19A6054-753x1130.jpg 753w, https:\/\/semmelweis.hu\/mocsailab\/files\/2025\/03\/19A6054-scaled.jpg 1707w\" sizes=\"auto, (max-width: 167px) 100vw, 167px\" \/>Zsuzsanna Papp<\/span><\/h5>\n<p><span style=\"font-size: 14pt\">biology MSc<br \/>\n<\/span><span style=\"font-size: 14pt\">PhD student, assistant lecturer<\/span><br \/>\n<span style=\"font-size: 14pt\">E-mail: papp.zsuzsanna@semmelweis.hu<\/span><\/p>\n<p style=\"text-align: justify\">My research investigates the role of leukocyte-specific cell surface proteins, \u00df2-integrins, in vivo in a serum-induced animal model of an autoimmune disease, rheumatoid arthritis. I also investigate the role of these proteins in vitro.<\/p>\n<hr \/>\n<h5><span style=\"font-size: 18pt\">Edina Simon<\/span><\/h5>\n<p><span style=\"font-size: 14pt\">research fellow<\/span><br \/>\n<span style=\"font-size: 14pt\">E-mail: simon.edina@semmelweis.hu<\/span><\/p>\n<hr \/>\n<h5><img loading=\"lazy\" decoding=\"async\" class=\"wp-image-157 alignright\" src=\"https:\/\/semmelweis.hu\/mocsailab\/files\/2025\/03\/19A9790-267x400.jpg\" alt=\"\" width=\"167\" height=\"250\" srcset=\"https:\/\/semmelweis.hu\/mocsailab\/files\/2025\/03\/19A9790-267x400.jpg 267w, https:\/\/semmelweis.hu\/mocsailab\/files\/2025\/03\/19A9790-683x1024.jpg 683w, https:\/\/semmelweis.hu\/mocsailab\/files\/2025\/03\/19A9790-768x1152.jpg 768w, https:\/\/semmelweis.hu\/mocsailab\/files\/2025\/03\/19A9790-1024x1536.jpg 1024w, https:\/\/semmelweis.hu\/mocsailab\/files\/2025\/03\/19A9790-1365x2048.jpg 1365w, https:\/\/semmelweis.hu\/mocsailab\/files\/2025\/03\/19A9790-753x1130.jpg 753w, https:\/\/semmelweis.hu\/mocsailab\/files\/2025\/03\/19A9790-scaled.jpg 1707w\" sizes=\"auto, (max-width: 167px) 100vw, 167px\" \/><\/h5>\n<h5><span style=\"font-size: 18pt\">Nikolett Lilla Sz\u00e9n\u00e1si<\/span><\/h5>\n<p><span style=\"font-size: 14pt\">biology MSc<br \/>\nresearch fellow<\/span><br \/>\n<span style=\"font-size: 14pt\">E-mail: szenasi.nikolett@semmelweis.hu<\/span><\/p>\n<hr \/>\n<h5><img loading=\"lazy\" decoding=\"async\" class=\"wp-image-137 alignright\" src=\"https:\/\/semmelweis.hu\/mocsailab\/files\/2025\/03\/19A6070-267x400.jpg\" alt=\"\" width=\"167\" height=\"250\" srcset=\"https:\/\/semmelweis.hu\/mocsailab\/files\/2025\/03\/19A6070-267x400.jpg 267w, https:\/\/semmelweis.hu\/mocsailab\/files\/2025\/03\/19A6070-683x1024.jpg 683w, https:\/\/semmelweis.hu\/mocsailab\/files\/2025\/03\/19A6070-768x1152.jpg 768w, https:\/\/semmelweis.hu\/mocsailab\/files\/2025\/03\/19A6070-1024x1536.jpg 1024w, https:\/\/semmelweis.hu\/mocsailab\/files\/2025\/03\/19A6070-1365x2048.jpg 1365w, https:\/\/semmelweis.hu\/mocsailab\/files\/2025\/03\/19A6070-753x1130.jpg 753w, https:\/\/semmelweis.hu\/mocsailab\/files\/2025\/03\/19A6070-scaled.jpg 1707w\" sizes=\"auto, (max-width: 167px) 100vw, 167px\" \/><\/h5>\n<h5><span style=\"font-size: 18pt\">Simon Vik\u00e1r<\/span><\/h5>\n<p><span style=\"font-size: 14pt\">MD<br \/>\nPhD student, assistant lecturer<\/span><br \/>\n<span style=\"font-size: 14pt\">E-mail: vikar.simon@semmelweis.hu<\/span><\/p>\n<p style=\"text-align: justify\">My research focusis on a rare autoimmune blistering skin disease, in close collaboration with clinicians to investigate the role of immune receptors and the complement system in the pathogenesis using a fully human model system.<\/p>\n<hr \/>\n<p>&nbsp;<\/p>\n","protected":false},"excerpt":{"rendered":"<p>Attila M\u00f3csai PhD, MD Principal Investigator, professor E-mail: mocsai.attila@semmelweis.hu Our research group studies the molecular mechanisms of the development of inflammatory diseases and the function of various cell types of hematopoietic origin using state-of-the-art in vitro and in vivo molecular genetic approaches. D\u00e1niel Csete PhD, MD assistant professor E-mail: csete.daniel@semmelweis.hu My research focuses on micro-CT &hellip;<\/p>\n","protected":false},"author":102471,"featured_media":0,"parent":237,"menu_order":0,"comment_status":"closed","ping_status":"closed","template":"template-fullwidth.php","meta":{"_acf_changed":false,"footnotes":""},"categories":[],"tags":[],"class_list":["post-240","page","type-page","status-publish","hentry"],"acf":[],"_links":{"self":[{"href":"https:\/\/semmelweis.hu\/mocsailab\/wp-json\/wp\/v2\/pages\/240","targetHints":{"allow":["GET"]}}],"collection":[{"href":"https:\/\/semmelweis.hu\/mocsailab\/wp-json\/wp\/v2\/pages"}],"about":[{"href":"https:\/\/semmelweis.hu\/mocsailab\/wp-json\/wp\/v2\/types\/page"}],"author":[{"embeddable":true,"href":"https:\/\/semmelweis.hu\/mocsailab\/wp-json\/wp\/v2\/users\/102471"}],"replies":[{"embeddable":true,"href":"https:\/\/semmelweis.hu\/mocsailab\/wp-json\/wp\/v2\/comments?post=240"}],"version-history":[{"count":7,"href":"https:\/\/semmelweis.hu\/mocsailab\/wp-json\/wp\/v2\/pages\/240\/revisions"}],"predecessor-version":[{"id":393,"href":"https:\/\/semmelweis.hu\/mocsailab\/wp-json\/wp\/v2\/pages\/240\/revisions\/393"}],"up":[{"embeddable":true,"href":"https:\/\/semmelweis.hu\/mocsailab\/wp-json\/wp\/v2\/pages\/237"}],"wp:attachment":[{"href":"https:\/\/semmelweis.hu\/mocsailab\/wp-json\/wp\/v2\/media?parent=240"}],"wp:term":[{"taxonomy":"category","embeddable":true,"href":"https:\/\/semmelweis.hu\/mocsailab\/wp-json\/wp\/v2\/categories?post=240"},{"taxonomy":"post_tag","embeddable":true,"href":"https:\/\/semmelweis.hu\/mocsailab\/wp-json\/wp\/v2\/tags?post=240"}],"curies":[{"name":"wp","href":"https:\/\/api.w.org\/{rel}","templated":true}]}}