{"id":20,"date":"2025-03-05T14:58:07","date_gmt":"2025-03-05T13:58:07","guid":{"rendered":"https:\/\/semmelweis.hu\/mocsailab\/?page_id=20"},"modified":"2025-05-20T16:02:03","modified_gmt":"2025-05-20T14:02:03","slug":"elerhetoseg","status":"publish","type":"page","link":"https:\/\/semmelweis.hu\/mocsailab\/elerhetoseg\/","title":{"rendered":"El\u00e9rhet\u0151s\u00e9g"},"content":{"rendered":"<figure id=\"attachment_9\" aria-describedby=\"caption-attachment-9\" style=\"width: 400px\" class=\"wp-caption alignleft\"><img loading=\"lazy\" decoding=\"async\" class=\"size-medium wp-image-9\" src=\"https:\/\/semmelweis.hu\/mocsailab\/files\/2025\/03\/RS96604_TZ_20190607_0011-1-400x267.jpg\" alt=\"\" width=\"400\" height=\"267\" srcset=\"https:\/\/semmelweis.hu\/mocsailab\/files\/2025\/03\/RS96604_TZ_20190607_0011-1-400x267.jpg 400w, https:\/\/semmelweis.hu\/mocsailab\/files\/2025\/03\/RS96604_TZ_20190607_0011-1-1024x683.jpg 1024w, https:\/\/semmelweis.hu\/mocsailab\/files\/2025\/03\/RS96604_TZ_20190607_0011-1-768x512.jpg 768w, https:\/\/semmelweis.hu\/mocsailab\/files\/2025\/03\/RS96604_TZ_20190607_0011-1-1536x1024.jpg 1536w, https:\/\/semmelweis.hu\/mocsailab\/files\/2025\/03\/RS96604_TZ_20190607_0011-1-2048x1366.jpg 2048w, https:\/\/semmelweis.hu\/mocsailab\/files\/2025\/03\/RS96604_TZ_20190607_0011-1-753x502.jpg 753w, https:\/\/semmelweis.hu\/mocsailab\/files\/2025\/03\/RS96604_TZ_20190607_0011-1-203x135.jpg 203w\" sizes=\"auto, (max-width: 400px) 100vw, 400px\" \/><figcaption id=\"caption-attachment-9\" class=\"wp-caption-text\">2019.06.07. Semmelweis felirat a T\u0171zolt\u00f3 utc\u00e1ban.<\/figcaption><\/figure>\n<h6>1094. Budapest, T\u0171zolt\u00f3 utca 37-47. <br \/>\nElm\u00e9leti Orvostudom\u00e1nyi K\u00f6zpont<br \/>\n3. emelet, A f\u00e9s\u0171, 3.418<\/h6>\n<h6>Telefon: +36 1 459 1500; 60408-os mell\u00e9k<\/h6>\n","protected":false},"excerpt":{"rendered":"<p>1094. Budapest, T\u0171zolt\u00f3 utca 37-47.<br \/>\nElm\u00e9leti Orvostudom\u00e1nyi K\u00f6zpont<br \/>\n3. emelet, A f\u00e9s\u0171, 3.418<br \/>\nTelefon: +36 1 459 1500; 60408-os mell\u00e9k<\/p>\n","protected":false},"author":12,"featured_media":0,"parent":0,"menu_order":8,"comment_status":"closed","ping_status":"closed","template":"","meta":{"_acf_changed":false,"footnotes":""},"categories":[],"tags":[],"class_list":["post-20","page","type-page","status-publish","hentry"],"acf":[],"_links":{"self":[{"href":"https:\/\/semmelweis.hu\/mocsailab\/wp-json\/wp\/v2\/pages\/20","targetHints":{"allow":["GET"]}}],"collection":[{"href":"https:\/\/semmelweis.hu\/mocsailab\/wp-json\/wp\/v2\/pages"}],"about":[{"href":"https:\/\/semmelweis.hu\/mocsailab\/wp-json\/wp\/v2\/types\/page"}],"author":[{"embeddable":true,"href":"https:\/\/semmelweis.hu\/mocsailab\/wp-json\/wp\/v2\/users\/12"}],"replies":[{"embeddable":true,"href":"https:\/\/semmelweis.hu\/mocsailab\/wp-json\/wp\/v2\/comments?post=20"}],"version-history":[{"count":6,"href":"https:\/\/semmelweis.hu\/mocsailab\/wp-json\/wp\/v2\/pages\/20\/revisions"}],"predecessor-version":[{"id":343,"href":"https:\/\/semmelweis.hu\/mocsailab\/wp-json\/wp\/v2\/pages\/20\/revisions\/343"}],"wp:attachment":[{"href":"https:\/\/semmelweis.hu\/mocsailab\/wp-json\/wp\/v2\/media?parent=20"}],"wp:term":[{"taxonomy":"category","embeddable":true,"href":"https:\/\/semmelweis.hu\/mocsailab\/wp-json\/wp\/v2\/categories?post=20"},{"taxonomy":"post_tag","embeddable":true,"href":"https:\/\/semmelweis.hu\/mocsailab\/wp-json\/wp\/v2\/tags?post=20"}],"curies":[{"name":"wp","href":"https:\/\/api.w.org\/{rel}","templated":true}]}}