{"id":165,"date":"2025-03-21T19:03:46","date_gmt":"2025-03-21T18:03:46","guid":{"rendered":"https:\/\/semmelweis.hu\/mocsailab\/?page_id=165"},"modified":"2026-03-17T19:36:59","modified_gmt":"2026-03-17T18:36:59","slug":"tdk-konferencia-eredmenyek","status":"publish","type":"page","link":"https:\/\/semmelweis.hu\/mocsailab\/tdk\/tdk-konferencia-eredmenyek\/","title":{"rendered":"TDK-saink eredm\u00e9nyei"},"content":{"rendered":"<h1><span style=\"color: #e3d496\">2026<\/span><\/h1>\n<div class=\"responsive-tabs\">\n<h2 class=\"tabtitle\">TDK Konferencia<\/h2>\n<div class=\"tabcontent\">\n\n<h5 class=\"elementToProof\">Szalay Tam\u00e1s Soma \u2013 1. hely, OTDK jel\u00f6lt\u00a0 \u00a0 \u00a0 \u00a0 \u00a0 \u00a0 \u00a0 \u00a0 \u00a0 \u00a0 \u00a0 \u00a0\u00a0<\/h5>\n<div class=\"elementToProof\">T\u00e9mavezet\u0151k: Dr. Vik\u00e1r Simon, Dr. M\u00f3csai Attila<\/div>\n<div class=\"elementToProof\">\u00a0<\/div>\n<h5 class=\"elementToProof\">Borsi Eszter \u2013 3. hely\u00a0\u00a0\u00a0 \u00a0 \u00a0 \u00a0 \u00a0 \u00a0 \u00a0 \u00a0 \u00a0 \u00a0 \u00a0\u00a0<\/h5>\n<div class=\"elementToProof\">T\u00e9mavezet\u0151k: Dr. P\u00e1ncz\u00e9l \u00c1ron, Dr. M\u00f3csai Attila<\/div>\n<div class=\"elementToProof\">\u00a0<\/div>\n<h5 class=\"elementToProof\">M\u00e1t\u00f3 R\u00e9ka \u2013 3. hely\u00a0\u00a0 \u00a0 \u00a0 \u00a0 \u00a0 \u00a0 \u00a0 \u00a0 \u00a0 \u00a0 \u00a0\u00a0<\/h5>\n<div class=\"elementToProof\">T\u00e9mavezet\u0151k: Dr. Koncz Petra, Dr. M\u00f3csai Attila<\/div>\n<div class=\"elementToProof\">\u00a0<\/div>\n<h5 class=\"elementToProof\">Morvai Eliza \u2013 3. hely\u00a0\u00a0 \u00a0 \u00a0 \u00a0 \u00a0 \u00a0 \u00a0 \u00a0 \u00a0 \u00a0 \u00a0\u00a0<\/h5>\n<div class=\"elementToProof\">T\u00e9mavezet\u0151k: Dr. Futosi Krisztina, Dr. M\u00f3csai Attila<\/div>\n<div class=\"elementToProof\">\u00a0<\/div>\n<h5 class=\"elementToProof\">Szab\u00f3 Vikt\u00f3ria Fl\u00f3ra \u2013 3. hely\u00a0\u00a0 \u00a0 \u00a0 \u00a0 \u00a0 \u00a0 \u00a0 \u00a0 \u00a0 \u00a0 \u00a0\u00a0<\/h5>\n<div class=\"elementToProof\">T\u00e9mavezet\u0151k: Dr. Deli Dorottya, Dr. M\u00f3csai Attila<\/div>\n<div>\u00a0<\/div>\n<\/div><\/div>\n<hr \/>\n<h1><span style=\"color: #e3d496\">2025<\/span><\/h1>\n<div class=\"responsive-tabs\">\n<h2 class=\"tabtitle\">TDK Konferencia<\/h2>\n<div class=\"tabcontent\">\n\n<h5>Havasi M\u00e1rk &#8211; I. helyezett, OTDK jel\u00f6lt<\/h5>\n<p>CRISPR-szerkesztett neutrofil granulocit\u00e1k in vivo funkci\u00f3j\u00e1nak jellemz\u00e9se<\/p>\n<h5>Mark\u00f3 Dorottya &#8211; I. helyezett, OTDK jel\u00f6lt<\/h5>\n<p>K\u00fcl\u00f6nb\u00f6z\u0151 feh\u00e9rv\u00e9rsejtek or\u00e1lis tirozin-kin\u00e1z g\u00e1tl\u00f3szerek ir\u00e1nti \u00e9rz\u00e9kenys\u00e9g\u00e9nek \u00f6sszehasonl\u00edt\u00f3 vizsg\u00e1lata<\/p>\n<h5>Szalay Tam\u00e1s Soma &#8211; I. helyezett, OTDK jel\u00f6lt<\/h5>\n<p>A komplement-g\u00e1tl\u00f3 eculizumab hat\u00e1s\u00e1nak vizsg\u00e1lata bullosus pemphigoid hum\u00e1n ex vivo modellj\u00e9ben<\/p>\n<h5>Husz\u00e1r Bal\u00e1zs &#8211; II. helyezett<\/h5>\n<p>A mieloid Src-t\u00edpus\u00fa tirozin kin\u00e1zok vizsg\u00e1lata az immunkomplex-induk\u00e1lt glomerulonefritiszben<\/p>\n\n<\/div><h2 class=\"tabtitle\">OTDK Konferencia<\/h2>\n<div class=\"tabcontent\">\n\n<h5>Havasi M\u00e1rk &#8211; I. helyezett<\/h5>\n<p>CRISPR-szerkesztett neutrofil granulocit\u00e1k in vivo funkci\u00f3j\u00e1nak jellemz\u00e9se<\/p>\n<h5>Szalay Tam\u00e1s Soma &#8211; I. helyezett<\/h5>\n<p>A komplement-g\u00e1tl\u00f3 eculizumab hat\u00e1s\u00e1nak vizsg\u00e1lata bullosus pemphigoid hum\u00e1n ex vivo modellj\u00e9ben<\/p>\n<h5>Mark\u00f3 Dorottya &#8211; k\u00fcl\u00f6nd\u00edj<\/h5>\n<p>K\u00fcl\u00f6nb\u00f6z\u0151 feh\u00e9rv\u00e9rsejtek or\u00e1lis tirozin-kin\u00e1z g\u00e1tl\u00f3szerek ir\u00e1nti \u00e9rz\u00e9kenys\u00e9g\u00e9nek \u00f6sszehasonl\u00edt\u00f3 vizsg\u00e1lata<\/p>\n<\/div><\/div>\n<hr \/>\n<h1><span style=\"color: #e3d496\">2024<\/span><\/h1>\n<div class=\"responsive-tabs\">\n<h2 class=\"tabtitle\">TDK Konferencia<\/h2>\n<div class=\"tabcontent\">\n\n<h5>Havasi M\u00e1rk &#8211; II. helyezett, OTDK javasolt<\/h5>\n<p>Neutrofil granulocit\u00e1k gyors, CRISPR-alap\u00fa genetikai manipul\u00e1ci\u00f3ja \u00e9s in vivo vizsg\u00e1lata<\/p>\n<h5>Deli Dorottya &#8211; III. helyezett<\/h5>\n<p>Tirozin-kin\u00e1z g\u00e1tl\u00f3szerek hat\u00e9konys\u00e1g\u00e1nak vizsg\u00e1lata a kering\u0151 feh\u00e9rv\u00e9rsejtek intracellul\u00e1ris tirozin-foszforil\u00e1ci\u00f3j\u00e1nak m\u00e9r\u00e9s\u00e9vel<\/p>\n<\/div><\/div>\n<hr \/>\n<h1><span style=\"color: #e3d496\">2023<\/span><\/h1>\n<div class=\"responsive-tabs\">\n<h2 class=\"tabtitle\">TDK Konferencia<\/h2>\n<div class=\"tabcontent\">\n\n<h5>Boldizs\u00e1r Lili Katalin &#8211; I. helyezett, OTDK jel\u00f6lt<\/h5>\n<p>A Hck tirozin-kin\u00e1z szerepe az immunkomplex-induk\u00e1lt glomerulonephritis kialakul\u00e1s\u00e1ban<\/p>\n<h5>Deli Dorottya &#8211; I. helyezett, OTDK javasolt<\/h5>\n<p>Tirozin kin\u00e1z-g\u00e1tl\u00f3k preklinikai vizsg\u00e1lat\u00e1ra alkalmas intracellul\u00e1ris tirozin-foszforil\u00e1ci\u00f3 m\u00e9r\u00e9s\u00e9n alapul\u00f3 gyors in vivo vizsg\u00e1lati m\u00f3dszer<\/p>\n<h5>Tomcs\u00e1nyi Kinga &#8211; I. helyezett, OTDK jel\u00f6lt<\/h5>\n<p>A Syk tirozin kin\u00e1z farmakol\u00f3gi\u00e1s g\u00e1tl\u00e1s\u00e1nak hat\u00e1sa a monon\u00e1trium-ur\u00e1t krist\u00e1ly \u00e1ltal kiv\u00e1ltott gyullad\u00e1sos folyamatokra<\/p>\n<h5>Havasi M\u00e1rk &#8211; II. helyezett<\/h5>\n<p>\u03b22 integrin hi\u00e1nyos neutrofil progenitorok l\u00e9trehoz\u00e1sa \u00e9s jellemz\u00e9se<\/p>\n<h5>Tusn\u00e1dy Simon &#8211; III. helyezett<\/h5>\n<p>A foszfolip\u00e1z C\u03b32 szerepe a k\u00f6szv\u00e9nyes gyullad\u00e1s kialakul\u00e1s\u00e1ban<\/p>\n\n<\/div><h2 class=\"tabtitle\">OTDK Konferencia<\/h2>\n<div class=\"tabcontent\">\n\n<h5>Vik\u00e1r Simon &#8211; I. helyezett<\/h5>\n<p>Foszfolip\u00e1z C g\u00e1tl\u00f3szer hat\u00e1sa a dermo-epiderm\u00e1lis szepar\u00e1ci\u00f3ra bullosus pemphigoid hum\u00e1n ex vivo modellj\u00e9ben<\/p>\n<h5>Boldizs\u00e1r Lili Katalin &#8211; II. helyezett<\/h5>\n<p>A Hck tirozin-kin\u00e1z szerepe az immunkomplex-induk\u00e1lt glomerulonephritis kialakul\u00e1s\u00e1ban<\/p>\n<h5>Deli Dorottya &#8211; K\u00fcl\u00f6nd\u00edj<\/h5>\n<p>Tirozin kin\u00e1z-g\u00e1tl\u00f3k preklinikai vizsg\u00e1lat\u00e1ra alkalmas intracellul\u00e1ris tirozin-foszforil\u00e1ci\u00f3 m\u00e9r\u00e9s\u00e9n alapul\u00f3 gyors in vivo vizsg\u00e1lati m\u00f3dszer<\/p>\n<h5>Tomcs\u00e1nyi Kinga &#8211; K\u00fcl\u00f6nd\u00edj<\/h5>\n<p>A Syk tirozin kin\u00e1z farmakol\u00f3gi\u00e1s g\u00e1tl\u00e1s\u00e1nak hat\u00e1sa a monon\u00e1trium-ur\u00e1t krist\u00e1ly \u00e1ltal kiv\u00e1ltott gyullad\u00e1sos folyamatokra<\/p>\n\n<\/div><h2 class=\"tabtitle\">Kor\u00e1nyi Frigyes Tudom\u00e1nyos F\u00f3rum<\/h2>\n<div class=\"tabcontent\">\n\n<h5>Tusn\u00e1dy Simon &#8211; I. helyezett<\/h5>\n<p>A foszfolip\u00e1z C\u03b32 szerepe a k\u00f6szv\u00e9nyes gyullad\u00e1s kialakul\u00e1s\u00e1ban<\/p>\n<h5>Tomcs\u00e1nyi Kinga &#8211; II. helyezett<\/h5>\n<p>A Syk tirozin-kin\u00e1z szerepe a monon\u00e1trium-ur\u00e1t krist\u00e1ly \u00e1ltal kiv\u00e1ltott gyullad\u00e1sos folyamatokban<\/p>\n<h5>Vik\u00e1r Simon &#8211; II. helyezett<\/h5>\n<p>Syk g\u00e1tl\u00f3szer hat\u00e1sa bullosus pemphigoid ex vivo hum\u00e1n b\u0151rszepar\u00e1ci\u00f3s modellj\u00e9ben<\/p>\n\n<\/div><h2 class=\"tabtitle\">Marosv\u00e1s\u00e1rhelyi TDK Konferencia<\/h2>\n<div class=\"tabcontent\">\n\n<h5>Koncz Petra &#8211; K\u00fcl\u00f6nd\u00edj<\/h5>\n<p>A JAK-g\u00e1tl\u00f3 tofacitinib hat\u00e1sa a k\u00eds\u00e9rletes autoimmun h\u00f3lyagos b\u0151rbetegs\u00e9gre<\/p>\n<\/div><\/div>\n<hr \/>\n<h1><span style=\"color: #e3d496\">2022<\/span><\/h1>\n<div class=\"responsive-tabs\">\n<h2 class=\"tabtitle\">TDK Konferencia<\/h2>\n<div class=\"tabcontent\">\n\n<h5>Vik\u00e1r Simon &#8211; I. helyezett, OTDK jel\u00f6lt<\/h5>\n<p>Foszfolip\u00e1z C g\u00e1tl\u00f3szer hat\u00e1sa a dermo-epiderm\u00e1lis szepar\u00e1ci\u00f3ra bullosus pemphigoid hum\u00e1n ex vivo modellj\u00e9ben<\/p>\n<h5>Tomcs\u00e1nyi Kinga &#8211; I. helyezett, OTDK jel\u00f6lt<\/h5>\n<p>A Syk tirozin-kin\u00e1z szerepe a k\u00f6szv\u00e9ny in vitro \u00e9s in vivo modelljeiben<\/p>\n<h5>Tusn\u00e1dy Simon &#8211; II. helyezett<\/h5>\n<p>A foszfolip\u00e1z C\u03b32 szerepe a monon\u00e1trium-ur\u00e1t krist\u00e1lyok \u00e1ltal kiv\u00e1ltott neutrofil-aktiv\u00e1ci\u00f3ban<\/p>\n<h5>Koncz Petra &#8211; III. helyezett<\/h5>\n<p>A PLC\u03b32 neutrofil-specifikus hi\u00e1ny\u00e1nak hat\u00e1sa a k\u00eds\u00e9rletes autoimmun h\u00f3lyagos b\u00f5rgyullad\u00e1sra<\/p>\n<\/div><\/div>\n<hr \/>\n<h1><span style=\"color: #e3d496\">2021<\/span><\/h1>\n<div class=\"responsive-tabs\">\n<h2 class=\"tabtitle\">TDK Konferencia<\/h2>\n<div class=\"tabcontent\">\n\n<h5>Vik\u00e1r Simon &#8211; III. helyezett<\/h5>\n<p>A foszfolip\u00e1z C\u03b32 szerepe neutrofil granulocit\u00e1k VII. t\u00edpus\u00fa kollag\u00e9n immunkomplex \u00e1ltali aktiv\u00e1ci\u00f3j\u00e1ban<\/p>\n<\/div><\/div>\n<hr \/>\n<h1><span style=\"color: #e3d496\">2020<\/span><\/h1>\n<div class=\"responsive-tabs\">\n<h2 class=\"tabtitle\">TDK Konferencia<\/h2>\n<div class=\"tabcontent\">\n\n<h5>Horv\u00e1th Hanga &#8211; II. helyezett<\/h5>\n<p>Immortaliz\u00e1lt mieloid progenitorokb\u00f3l differenci\u00e1ltatott neutrofil granulocit\u00e1k in vitro jellemz\u00e9se<\/p>\n<\/div><\/div>\n","protected":false},"excerpt":{"rendered":"<p>2026 Szalay Tam\u00e1s Soma \u2013 1. hely, OTDK jel\u00f6lt\u00a0 \u00a0 \u00a0 \u00a0 \u00a0 \u00a0 \u00a0 \u00a0 \u00a0 \u00a0 \u00a0 \u00a0\u00a0 T\u00e9mavezet\u0151k: Dr. Vik\u00e1r Simon, Dr. M\u00f3csai Attila \u00a0 Borsi Eszter \u2013 3. hely\u00a0\u00a0\u00a0 \u00a0 \u00a0 \u00a0 \u00a0 \u00a0 \u00a0 \u00a0 \u00a0 \u00a0 \u00a0\u00a0 T\u00e9mavezet\u0151k: Dr. P\u00e1ncz\u00e9l \u00c1ron, Dr. M\u00f3csai Attila \u00a0 M\u00e1t\u00f3 R\u00e9ka \u2013 3. &hellip;<\/p>\n","protected":false},"author":102471,"featured_media":0,"parent":66,"menu_order":0,"comment_status":"closed","ping_status":"closed","template":"template-fullwidth.php","meta":{"_acf_changed":false,"footnotes":""},"categories":[],"tags":[],"class_list":["post-165","page","type-page","status-publish","hentry"],"acf":[],"_links":{"self":[{"href":"https:\/\/semmelweis.hu\/mocsailab\/wp-json\/wp\/v2\/pages\/165","targetHints":{"allow":["GET"]}}],"collection":[{"href":"https:\/\/semmelweis.hu\/mocsailab\/wp-json\/wp\/v2\/pages"}],"about":[{"href":"https:\/\/semmelweis.hu\/mocsailab\/wp-json\/wp\/v2\/types\/page"}],"author":[{"embeddable":true,"href":"https:\/\/semmelweis.hu\/mocsailab\/wp-json\/wp\/v2\/users\/102471"}],"replies":[{"embeddable":true,"href":"https:\/\/semmelweis.hu\/mocsailab\/wp-json\/wp\/v2\/comments?post=165"}],"version-history":[{"count":10,"href":"https:\/\/semmelweis.hu\/mocsailab\/wp-json\/wp\/v2\/pages\/165\/revisions"}],"predecessor-version":[{"id":183,"href":"https:\/\/semmelweis.hu\/mocsailab\/wp-json\/wp\/v2\/pages\/165\/revisions\/183"}],"up":[{"embeddable":true,"href":"https:\/\/semmelweis.hu\/mocsailab\/wp-json\/wp\/v2\/pages\/66"}],"wp:attachment":[{"href":"https:\/\/semmelweis.hu\/mocsailab\/wp-json\/wp\/v2\/media?parent=165"}],"wp:term":[{"taxonomy":"category","embeddable":true,"href":"https:\/\/semmelweis.hu\/mocsailab\/wp-json\/wp\/v2\/categories?post=165"},{"taxonomy":"post_tag","embeddable":true,"href":"https:\/\/semmelweis.hu\/mocsailab\/wp-json\/wp\/v2\/tags?post=165"}],"curies":[{"name":"wp","href":"https:\/\/api.w.org\/{rel}","templated":true}]}}