{"id":160,"date":"2025-03-21T17:57:06","date_gmt":"2025-03-21T16:57:06","guid":{"rendered":"https:\/\/semmelweis.hu\/mocsailab\/?page_id=160"},"modified":"2025-05-21T12:52:26","modified_gmt":"2025-05-21T10:52:26","slug":"immunsejtek-jelatvitel","status":"publish","type":"page","link":"https:\/\/semmelweis.hu\/mocsailab\/projektek\/immunsejtek-jelatvitel\/","title":{"rendered":"Velesz\u00fcletett immunsejtek jel\u00e1tviteli \u00fatvonalai"},"content":{"rendered":"<p style=\"text-align: justify\">A velesz\u00fcletett immunrendszer els\u0151 v\u00e9delmi vonalat k\u00e9pez a k\u00f3rokoz\u00f3kkal szemben, gyors \u00e9s nem specifikus v\u00e1laszokat biztos\u00edtva. Az immunsejtek felismerik a patog\u00e9neket \u00e9s k\u00e1ros molekul\u00e1kat k\u00fcl\u00f6nb\u00f6z\u0151 receptorok \u00e9s jel\u00e1tviteli \u00fatvonalak seg\u00edts\u00e9g\u00e9vel, amelyek kulcsszerepet j\u00e1tszanak a megfelel\u0151 immunv\u00e1lasz kialak\u00edt\u00e1s\u00e1ban. <br \/>\nLaborunk f\u0151 f\u00f3kusz\u00e1ban a neutrofil granulcit\u00e1k szerepelnek \u00e9s az \u00e1ltaluk elind\u00edtott gyullad\u00e1sos folyamatok. Ha a neutrofilek nem megfelel\u0151en aktiv\u00e1l\u00f3dnak az autoimmun \u00e9s gyullad\u00e1sos betegs\u00e9gek kialakul\u00e1s\u00e1hoz vezethet.<\/p>\n<p style=\"text-align: justify\">A neutrofilek nagysz\u00e1m\u00fa sejtfelsz\u00edni receptort expressz\u00e1lnak a k\u00f3rokoz\u00f3 inv\u00e1zi\u00f3 \u00e9s a gyullad\u00e1sos k\u00f6rnyezet felismer\u00e9s\u00e9re. Ide tartoznak a G-feh\u00e9rj\u00e9hez kapcsolt kemokin \u00e9s kemoattrakt\u00e1ns receptorok, Fc-receptorok, adh\u00e9zi\u00f3s receptorok, p\u00e9ld\u00e1ul szelektinek\/szelektin ligandumok \u00e9s integrinek, k\u00fcl\u00f6nf\u00e9le citokin receptorok, valamint velesz\u00fcletett immunreceptorok, p\u00e9ld\u00e1ul Toll-like receptorok \u00e9s C-t\u00edpus\u00fa lektinek.<\/p>\n<p style=\"text-align: justify\">A k\u00fcl\u00f6nb\u00f6z\u0151 sejtfelsz\u00edni receptorok nagyon v\u00e1ltozatos jel\u00e1tviteli utakat aktiv\u00e1lnak, melyek \u00f6sszetett sejtv\u00e1laszokhoz \u00e9s elimin\u00e1ci\u00f3s folyamatokhoz vezetnek. K\u00eds\u00e9rleteink sor\u00e1n els\u0151sorban az integrinek, Fc-receptorok \u00e9s G-feh\u00e1rje-kapcsolt receptorok jel\u00e1tvitel\u00e9nek szerep\u00e9t vizsg\u00e1ljuk a neutrofil granulocit\u00e1k sejtv\u00e1laszaiban \u00e9s a neutrofil-f\u00fcgg\u0151 in vivo gyullad\u00e1sos folyamatok kialakul\u00e1s\u00e1ban.<\/p>\n<p>\u00d6sszefoglal\u00f3 publik\u00e1ci\u00f3nk a t\u00e9m\u00e1ban: <a href=\"https:\/\/pubmed.ncbi.nlm.nih.gov\/23994464\/\" target=\"_blank\" rel=\"noopener\">Futosi et al., Int Immunopharmacol, 2013.<\/a><\/p>\n","protected":false},"excerpt":{"rendered":"<p>A velesz\u00fcletett immunrendszer els\u0151 v\u00e9delmi vonalat k\u00e9pez a k\u00f3rokoz\u00f3kkal szemben, gyors \u00e9s nem specifikus v\u00e1laszokat biztos\u00edtva. Az immunsejtek felismerik a patog\u00e9neket \u00e9s k\u00e1ros molekul\u00e1kat k\u00fcl\u00f6nb\u00f6z\u0151 receptorok \u00e9s jel\u00e1tviteli \u00fatvonalak seg\u00edts\u00e9g\u00e9vel, amelyek kulcsszerepet j\u00e1tszanak a megfelel\u0151 immunv\u00e1lasz kialak\u00edt\u00e1s\u00e1ban. Laborunk f\u0151 f\u00f3kusz\u00e1ban a neutrofil granulcit\u00e1k szerepelnek \u00e9s az \u00e1ltaluk elind\u00edtott gyullad\u00e1sos folyamatok. Ha a neutrofilek nem megfelel\u0151en &hellip;<\/p>\n","protected":false},"author":102471,"featured_media":0,"parent":104,"menu_order":0,"comment_status":"closed","ping_status":"closed","template":"","meta":{"_acf_changed":false,"footnotes":""},"categories":[],"tags":[],"class_list":["post-160","page","type-page","status-publish","hentry"],"acf":[],"_links":{"self":[{"href":"https:\/\/semmelweis.hu\/mocsailab\/wp-json\/wp\/v2\/pages\/160","targetHints":{"allow":["GET"]}}],"collection":[{"href":"https:\/\/semmelweis.hu\/mocsailab\/wp-json\/wp\/v2\/pages"}],"about":[{"href":"https:\/\/semmelweis.hu\/mocsailab\/wp-json\/wp\/v2\/types\/page"}],"author":[{"embeddable":true,"href":"https:\/\/semmelweis.hu\/mocsailab\/wp-json\/wp\/v2\/users\/102471"}],"replies":[{"embeddable":true,"href":"https:\/\/semmelweis.hu\/mocsailab\/wp-json\/wp\/v2\/comments?post=160"}],"version-history":[{"count":9,"href":"https:\/\/semmelweis.hu\/mocsailab\/wp-json\/wp\/v2\/pages\/160\/revisions"}],"predecessor-version":[{"id":279,"href":"https:\/\/semmelweis.hu\/mocsailab\/wp-json\/wp\/v2\/pages\/160\/revisions\/279"}],"up":[{"embeddable":true,"href":"https:\/\/semmelweis.hu\/mocsailab\/wp-json\/wp\/v2\/pages\/104"}],"wp:attachment":[{"href":"https:\/\/semmelweis.hu\/mocsailab\/wp-json\/wp\/v2\/media?parent=160"}],"wp:term":[{"taxonomy":"category","embeddable":true,"href":"https:\/\/semmelweis.hu\/mocsailab\/wp-json\/wp\/v2\/categories?post=160"},{"taxonomy":"post_tag","embeddable":true,"href":"https:\/\/semmelweis.hu\/mocsailab\/wp-json\/wp\/v2\/tags?post=160"}],"curies":[{"name":"wp","href":"https:\/\/api.w.org\/{rel}","templated":true}]}}