{"id":146,"date":"2025-03-20T23:19:51","date_gmt":"2025-03-20T22:19:51","guid":{"rendered":"https:\/\/semmelweis.hu\/mocsailab\/?page_id=146"},"modified":"2025-05-21T12:55:28","modified_gmt":"2025-05-21T10:55:28","slug":"gyulladasos-vesebetegsegek","status":"publish","type":"page","link":"https:\/\/semmelweis.hu\/mocsailab\/projektek\/gyulladasos-vesebetegsegek\/","title":{"rendered":"Jel\u00e1tviteli folyamatok vizsg\u00e1lata gyullad\u00e1sos vesebetegs\u00e9gekben"},"content":{"rendered":"<p style=\"text-align: justify\">A ves\u00e9ben l\u00e9v\u0151 glomerulusok gyullad\u00e1sos elv\u00e1ltoz\u00e1sai, a glomerulonephritisek m\u00e1sodik-harmadik helyen \u00e1ll\u00f3 oki t\u00e9nyez\u0151k\u00e9nt szerepelnek a kr\u00f3nikus veseel\u00e9gtelens\u00e9g (CKD) kialak\u00edt\u00e1s\u00e1ban, ez\u00e9rt tanulm\u00e1nyoz\u00e1suk rendk\u00edv\u00fcl nagy jelent\u0151s\u00e9ggel b\u00edr. A glomerulonephritisek k\u00f6z\u00fcl k\u00fcl\u00f6n\u00f6sen gyakran progredi\u00e1lnak v\u00e9gst\u00e1dium\u00fa veseel\u00e9gtelens\u00e9gbe (ESRD) azok, amelyekben az \u00fan. f\u00e9lhold (crescent) k\u00e9pz\u0151d\u00e9s figyelhet\u0151 meg a sz\u00f6vettani mint\u00e1kban.<\/p>\n<p style=\"text-align: justify\">\nM\u00e1s kutat\u00f3csoportok eredm\u00e9nyei alapj\u00e1n a myeloid sejtek fontosak lehetnek a vesek\u00e1rosod\u00e1s l\u00e9trehoz\u00e1s\u00e1ban k\u00fcl\u00f6nb\u00f6z\u0151 gyullad\u00e1ssal j\u00e1r\u00f3 k\u00f3rk\u00e9pekben. Jelenleg nem tiszt\u00e1zott azonban, hogy milyen jel\u00e1tviteli folyamatok vesznek r\u00e9szt ezekben a sejtekben a k\u00e1rosod\u00e1s l\u00e9trehoz\u00e1s\u00e1ban. A kutat\u00e1sainkban vizsg\u00e1lt jel\u00e1tviteli folyamatok jobb megismer\u00e9s\u00e9vel k\u00f6zelebb ker\u00fclhet\u00fcnk a vesebetegs\u00e9gek hat\u00e9konyabb kezel\u00e9s\u00e9hez \u00e9s a betegek \u00e9letmin\u0151s\u00e9g\u00e9nek jav\u00edt\u00e1s\u00e1hoz.<\/p>\n<p>&nbsp;<\/p>\n","protected":false},"excerpt":{"rendered":"<p>A ves\u00e9ben l\u00e9v\u0151 glomerulusok gyullad\u00e1sos elv\u00e1ltoz\u00e1sai, a glomerulonephritisek m\u00e1sodik-harmadik helyen \u00e1ll\u00f3 oki t\u00e9nyez\u0151k\u00e9nt szerepelnek a kr\u00f3nikus veseel\u00e9gtelens\u00e9g (CKD) kialak\u00edt\u00e1s\u00e1ban, ez\u00e9rt tanulm\u00e1nyoz\u00e1suk rendk\u00edv\u00fcl nagy jelent\u0151s\u00e9ggel b\u00edr. A glomerulonephritisek k\u00f6z\u00fcl k\u00fcl\u00f6n\u00f6sen gyakran progredi\u00e1lnak v\u00e9gst\u00e1dium\u00fa veseel\u00e9gtelens\u00e9gbe (ESRD) azok, amelyekben az \u00fan. f\u00e9lhold (crescent) k\u00e9pz\u0151d\u00e9s figyelhet\u0151 meg a sz\u00f6vettani mint\u00e1kban. M\u00e1s kutat\u00f3csoportok eredm\u00e9nyei alapj\u00e1n a myeloid sejtek fontosak lehetnek &hellip;<\/p>\n","protected":false},"author":102471,"featured_media":0,"parent":104,"menu_order":4,"comment_status":"closed","ping_status":"closed","template":"","meta":{"_acf_changed":false,"footnotes":""},"categories":[],"tags":[],"class_list":["post-146","page","type-page","status-publish","hentry"],"acf":[],"_links":{"self":[{"href":"https:\/\/semmelweis.hu\/mocsailab\/wp-json\/wp\/v2\/pages\/146","targetHints":{"allow":["GET"]}}],"collection":[{"href":"https:\/\/semmelweis.hu\/mocsailab\/wp-json\/wp\/v2\/pages"}],"about":[{"href":"https:\/\/semmelweis.hu\/mocsailab\/wp-json\/wp\/v2\/types\/page"}],"author":[{"embeddable":true,"href":"https:\/\/semmelweis.hu\/mocsailab\/wp-json\/wp\/v2\/users\/102471"}],"replies":[{"embeddable":true,"href":"https:\/\/semmelweis.hu\/mocsailab\/wp-json\/wp\/v2\/comments?post=146"}],"version-history":[{"count":2,"href":"https:\/\/semmelweis.hu\/mocsailab\/wp-json\/wp\/v2\/pages\/146\/revisions"}],"predecessor-version":[{"id":182,"href":"https:\/\/semmelweis.hu\/mocsailab\/wp-json\/wp\/v2\/pages\/146\/revisions\/182"}],"up":[{"embeddable":true,"href":"https:\/\/semmelweis.hu\/mocsailab\/wp-json\/wp\/v2\/pages\/104"}],"wp:attachment":[{"href":"https:\/\/semmelweis.hu\/mocsailab\/wp-json\/wp\/v2\/media?parent=146"}],"wp:term":[{"taxonomy":"category","embeddable":true,"href":"https:\/\/semmelweis.hu\/mocsailab\/wp-json\/wp\/v2\/categories?post=146"},{"taxonomy":"post_tag","embeddable":true,"href":"https:\/\/semmelweis.hu\/mocsailab\/wp-json\/wp\/v2\/tags?post=146"}],"curies":[{"name":"wp","href":"https:\/\/api.w.org\/{rel}","templated":true}]}}