{"id":92,"date":"2024-06-14T13:11:07","date_gmt":"2024-06-14T11:11:07","guid":{"rendered":"https:\/\/semmelweis.hu\/mintahonlap\/?page_id=92"},"modified":"2024-11-20T13:54:47","modified_gmt":"2024-11-20T12:54:47","slug":"oldalak-letrehozasa-szerkesztese","status":"publish","type":"page","link":"https:\/\/semmelweis.hu\/mintahonlap\/bevezetes\/oldalak-letrehozasa-szerkesztese\/","title":{"rendered":"Oldalak l\u00e9trehoz\u00e1sa &#8211; szerkeszt\u00e9se"},"content":{"rendered":"<div class=\"keretes w-100\">\n<p>Az al\u00e1bbi gyakorl\u00f3feladatokkal egy sz\u00fcl\u0151 oldalt \u00e9s 3 al\u00e1rendelt oldal l\u00e9trehoz\u00e1s\u00e1t lehet kipr\u00f3b\u00e1lni. Az oldalakat Intranetre\u00a0 kell visszatartani \u00e9s k\u00f6zz\u00e9t\u00e9tel ut\u00e1n m\u00e9g csak a l\u00e1bl\u00e9cb\u0151l el\u00e9rhet\u0151 Oldalt\u00e9rk\u00e9pen lesz l\u00e1that\u00f3 <em>(\u00e9s csak intraneten)<\/em>. Ezeket a gyakorl\u00f3 oldalakat\u00a0 ki lehet tenni a men\u00fcsorba (r\u00f6vid id\u0151re, csak a gyakorl\u00e1s perceire) &#8211; <a href=\"https:\/\/semmelweis.hu\/mintahonlap\/bevezetes\/menu-szerkesztese-menupontok-letrehozasa\/\">err\u0151l k\u00fcl\u00f6n gyakorl\u00f3feladat sz\u00f3l<\/a>.<\/p>\n<h6><span style=\"font-size: 13pt;\"><strong><span style=\"color: #ff6600;\">Figyelem!<\/span><\/strong> A gyakorl\u00e1s legv\u00e9g\u00e9n <strong>minden l\u00e9trehozott oldalt a Lomt\u00e1rba<\/strong> kell helyezni \u00e9s <strong>minden felt\u00f6lt\u00f6tt f\u00e1jlt ki kell t\u00f6r\u00f6lni<\/strong> a M\u00e9diat\u00e1rb\u00f3l (ha a honlapon am\u00fagy nincs helye). <em>Nemcsak a honlap norm\u00e1l m\u0171k\u00f6d\u00e9se, de a gyakorl\u00e1s sor\u00e1n is a felhaszn\u00e1lt anyagok (pl. k\u00e9pek) szerz\u0151i jogaira k\u00fcl\u00f6n\u00f6sen tekintettel kell lenni!<\/em><\/span><\/h6>\n<p><strong>A gyakorl\u00e1ssal \u00e9rintett ter\u00fcletek:<\/strong> oldal l\u00e9trehoz\u00e1sa; sz\u00f6vegszerkeszt\u00e9s \u00e9s form\u00e1z\u00e1s; k\u00e9p, f\u00e1jl, vide\u00f3 beilleszt\u00e9s; t\u00e9rk\u00e9pbe\u00e1gyaz\u00e1s; linkek, gombok k\u00e9sz\u00edt\u00e9se; kivonat \u00e9s kiemelt k\u00e9p megad\u00e1sa; \u00e1tir\u00e1ny\u00edt\u00e1s<\/p>\n<\/div>\n<div class=\"responsive-tabs\">\n<h2 class=\"tabtitle\">F\u0151men\u00fcpont 1<\/h2>\n<div class=\"tabcontent\">\n\n<h2>\u00daj sz\u00f6veges f\u0151men\u00fcpont l\u00e9trehoz\u00e1sa<\/h2>\n<h5>I. Az oldal l\u00e9trehoz\u00e1sa<\/h5>\n<p><a href=\"https:\/\/semmelweis.hu\/wiki\/tartalom-kezeles\/uj-oldal-letrehozasa\/\" target=\"_blank\" rel=\"noopener\">Kapcsol\u00f3d\u00f3 wiki le\u00edr\u00e1s \u2192<\/a><\/p>\n<ol>\n<li>Hozzon l\u00e9tre a k\u00e9pz\u00e9sen l\u00e1tott m\u00f3don egy <strong>\u00faj oldalt<\/strong><\/li>\n<li><span style=\"font-size: 1rem;\">Adja az oldalnak a k\u00f6vetkez\u0151 c\u00edmet: F\u0151men\u00fcpont<\/span><\/li>\n<\/ol>\n<h5>II. A tartalom beilleszt\u00e9se<\/h5>\n<p><strong>M\u00e1solja ki<\/strong> az al\u00e1bbi sz\u00f6veget <strong>\u00e9s illessze be<\/strong> a szerkeszt\u0151ablakba az \u00fajonnan l\u00e9trehozand\u00f3 oldalon. (Fontos, hogy a \u201cbeilleszt\u00e9s egyszer\u0171 sz\u00f6vegk\u00e9nt\u201d opci\u00f3t v\u00e1lassza &#8211; Ctrl+Shit+V.)<\/p>\n<p><strong>Sz\u00f6veg<\/strong>:<\/p>\n<p><em>Lorem ipsum dolor sit amet, consectetur adipiscing elit. Nulla ac aliquam leo, ut feugiat elit. Sed eu bibendum sem. Nam dictum arcu sed tincidunt fringilla. Aenean tincidunt velit at purus mollis, sed sollicitudin purus tempor. Mauris justo dui, tempor eu enim cursus, semper egestas elit. Phasellus interdum sollicitudin orci, in dignissim turpis efficitur at. Nulla ut risus nec nunc bibendum hendrerit. Nulla arcu enim, laoreet eget elit et, volutpat egestas felis. Sed vitae tristique lacus. Maecenas non orci ac nisi facilisis gravida.<\/em><em>Vivamus et hendrerit nisi, eget maximus ipsum. Maecenas a enim sit amet mi rhoncus varius. Maecenas mauris lectus, auctor at finibus non, pellentesque in dui. Ut dui dui, consectetur non sagittis sed, aliquam id nisi. Aliquam pulvinar nisl vehicula sem ultricies vestibulum. Ut imperdiet libero id efficitur tempus. Nulla id commodo ipsum, at hendrerit leo. Integer posuere sapien eu tincidunt tincidunt. Duis tincidunt ligula ac est posuere, id rutrum metus vehicula. Suspendisse at velit maximus, faucibus turpis a, vulputate ante.<\/em><em>Maecenas vitae augue neque. Ut non faucibus ex. Mauris pellentesque velit sed augue fermentum, eu congue eros euismod. Praesent commodo mattis elit eu iaculis. Nullam elementum, turpis non sagittis auctor, nulla nisl porttitor ante, blandit venenatis ipsum ligula id libero. Sed nec vulputate mi, nec tempus mi. Nullam mollis pharetra dui, ornare faucibus nulla dictum bibendum. Nulla fermentum pulvinar neque sed viverra. In porta risus eu euismod pulvinar. Aenean consectetur at felis id consequat.<\/em><\/p>\n<div class=\"fontos_div\">\n<p><span style=\"font-size: 12pt;\"><span style=\"color: #ff6600;\"><strong>Figyelem!<\/strong><\/span> Ha a sz\u00f6veg d\u0151lt (italic) form\u00e1tumban jelenik meg, akkor nem &#8222;beilleszt\u00e9s egyszer\u0171 sz\u00f6vegk\u00e9nt&#8221; opci\u00f3val ker\u00fclt \u00e1t a sz\u00f6veg!<\/span><\/p>\n<\/div>\n<h5>III. A sz\u00f6veg szerkeszt\u00e9se<\/h5>\n<p><a href=\"https:\/\/semmelweis.hu\/wiki\/tartalom-kezeles\/keretes-fontos-lead-idezet\/#cimsor\" target=\"_blank\" rel=\"noopener\">Kapcsol\u00f3d\u00f3 wiki le\u00edr\u00e1s \u2192<\/a><\/p>\n<ol>\n<li>a sz\u00f6veg elej\u00e9re <strong>\u00edrja ki azt, hogy <\/strong>&#8222;F\u0151c\u00edm&#8221; (id\u00e9z\u0151jel n\u00e9lk\u00fcl),<\/li>\n<li><strong>tagolja a sz\u00f6veget 5 bekezd\u00e9sre<\/strong>,<\/li>\n<li>minden egyes bekezd\u00e9shez adjon meg <strong>egy-egy alc\u00edmet<\/strong> is \u00edgy: \u201cAlc\u00edm 1.&#8221; \/ \u201cAlc\u00edm 2.&#8221; \/ \u201cAlc\u00edm 3.&#8221; stb.<\/li>\n<li><span style=\"font-size: 1rem;\">Alak\u00edtsa \u00e1t a f\u0151c\u00edmet <\/span><strong style=\"font-size: 1rem;\">c\u00edmsor 2<\/strong><span style=\"font-size: 1rem;\">, m\u00edg az alc\u00edmeket <\/span><strong style=\"font-size: 1rem;\">c\u00edmsor 3<\/strong><span style=\"font-size: 1rem;\"> form\u00e1tumba. <em>(Ha szeretn\u00e9, kipr\u00f3b\u00e1lhatja b\u00e1rmelyik c\u00edmsort is, de fontos, hogy val\u00f3di tartalom eset\u00e9n az azonos szint\u0171 bekezd\u00e9sek ugyanazt az alc\u00edm szintet kapj\u00e1k!)<\/em><\/span><\/li>\n<li><span style=\"font-size: 1rem;\">A sz\u00f6vegr\u00e9szletekben <\/span><strong style=\"font-size: 1rem;\">v\u00e9letlenszer\u0171en jel\u00f6l\u00f6n ki f\u00e9lk\u00f6v\u00e9rrel<\/strong>, illetve <em>d\u0151lt bet\u0171vel<\/em><span style=\"font-size: 1rem;\"> tartalomr\u00e9szleteke. Norm\u00e1l esetben ezek a kiemel\u00e9sek a sz\u00f6vegben tal\u00e1lhat\u00f3 <\/span><strong style=\"font-size: 1rem;\">fontosabb mondanival\u00f3<\/strong><span style=\"font-size: 1rem;\">\u00a0megjel\u00f6l\u00e9s\u00e9t szolg\u00e1lj\u00e1k.<\/span><\/li>\n<\/ol>\n<h5>IV. K\u00e9p \u00e9s k\u00e9pgal\u00e9ria beilleszt\u00e9se<\/h5>\n<p><a href=\"https:\/\/semmelweis.hu\/wiki\/tartalom-kezeles\/kepek-egyeb-fajlok-beillesztese\/\" target=\"_blank\" rel=\"noopener\">Kapcsol\u00f3d\u00f3 wiki le\u00edr\u00e1s \u2192<\/a><\/p>\n<ol>\n<li>Az els\u0151 alc\u00edmet k\u00f6vet\u0151en <strong>illesszen be egy k\u00e9pet<\/strong>, ami jobbra rendez\u00e9ssel helyezzen el a sz\u00f6veg mellett <em>(Figyeljen r\u00e1, hogy haszn\u00e1lt k\u00e9p jogtiszta legyen, a k\u00e9p webm\u00e9ret\u0171 legyen, \u00e9s \u00e9rdemes besz\u00e9des f\u00e1jlnevet adni neki felt\u00f6lt\u00e9s el\u0151tt.)<\/em><\/li>\n<li>A k\u00e9p hivatkoz\u00e1sa a M\u00e9dia f\u00e1jl legyen.<\/li>\n<li>A teljes sz\u00f6veg v\u00e9g\u00e9re <strong style=\"font-size: 1rem;\">illesszen be egy minimum 5 k\u00e9pb\u0151l \u00e1ll\u00f3 gal\u00e9ri\u00e1t<\/strong><span style=\"font-size: 1rem;\">. A be\u00e1ll\u00edt\u00e1sokat tetsz\u00e9s szerint m\u00f3dos\u00edthatja. A f\u00f3kuszban az olvas\u00f3 sz\u00e1m\u00e1ra leghat\u00e9konyabb megjelen\u00edt\u00e9s \u00e1lljon.<\/span><\/li>\n<\/ol>\n<h5>V. Hivatkoz\u00e1s \u00e9s gomb elhelyez\u00e9se<\/h5>\n<p><a href=\"https:\/\/semmelweis.hu\/wiki\/tartalom-kezeles\/linkek-keszitese\/\" target=\"_blank\" rel=\"noopener\">Kapcsol\u00f3d\u00f3 wiki le\u00edr\u00e1s \u2192<\/a><\/p>\n<ol>\n<li>A sz\u00f6vegben v\u00e9letlenszer\u0171en <strong>helyezzen el 5 darab hivatkoz\u00e1st<\/strong>, melyek a k\u00f6vetkez\u0151 URL-t tartalmazz\u00e1k: <a href=\"http:\/\/www.semmelweis.hu\/wiki\" target=\"_blank\" rel=\"noopener\">https:\/\/semmelweis.hu\/wiki<\/a>\u00a0Mindegyik hivatkoz\u00e1s \u00faj f\u00fclben ny\u00edljon meg!<\/li>\n<li>A harmadik bekezd\u00e9s ut\u00e1n k\u00e9sz\u00edtsen egy tetsz\u0151leges st\u00edlus\u00fa gombot ezzel a sz\u00f6veggel: Tov\u00e1bb olvasom<br \/>\nA hivatkoz\u00e1s a <a href=\"https:\/\/semmelweis.hu\/wiki\" target=\"_blank\" rel=\"noopener\">https:\/\/semmelweis.hu\/wiki<\/a> c\u00edmre ugorjon \u00e9s \u00faj f\u00fclben ny\u00edljon meg!<\/li>\n<\/ol>\n<h5>VI. Felsorol\u00e1s k\u00e9sz\u00edt\u00e9se<\/h5>\n<p>A negyedik alc\u00edm alatti bekezd\u00e9st <strong>t\u00f6rdelje 6 pontba <\/strong>(az egyes sorokat enterrel v\u00e1lassza el egym\u00e1st\u00f3l)<strong> \u00e9s alak\u00edtson bel\u0151l\u00fck egy felsorol\u00e1st<\/strong>, ahol az egyes listaelemeket n\u00e9gyzet jellel emeli ki.\u00a0<\/p>\n<h5>VII. Oldalbe\u00e1ll\u00edt\u00e1sok<\/h5>\n<p>Az oldal be\u00e1ll\u00edt\u00e1sai a k\u00f6vetkez\u0151ek legyenek:<\/p>\n<ul>\n<li>K\u00f6zz\u00e9t\u00e9tel k\u00f6re: Intranet<\/li>\n<li>Sz\u00fcl\u0151: nincs<\/li>\n<li>Sablonminta: alap\u00e9rtelmezett sablon<\/li>\n<li>Sorrend: 3<\/li>\n<\/ul>\n<h5>VIII. Az oldal k\u00f6zz\u00e9t\u00e9tele (ment\u00e9se)<\/h5>\n<p>A fenti feladatok elv\u00e9gz\u00e9se ut\u00e1n <strong>kattintson a \u201ck\u00f6zz\u00e9t\u00e9tel\u201d gombra<\/strong>.<\/p>\n<p><a class=\"btn btn-secondary\" href=\"https:\/\/semmelweis.hu\/mintahonlap\/fomenupont\/\" target=\"_blank\" rel=\"noopener\">\u00d6nellen\u0151rz\u00e9s<\/a><\/p>\n\n<\/div><h2 class=\"tabtitle\">Almen\u00fcpont 1<\/h2>\n<div class=\"tabcontent\">\n\n<h2>Almen\u00fcpont (els\u0151 szint\u0171) l\u00e9trehoz\u00e1sa &#8211; Dokumentumok<\/h2>\n<h5>I. Az oldal l\u00e9trehoz\u00e1sa \u00e9s a tartalom beilleszt\u00e9se<\/h5>\n<p><a href=\"https:\/\/semmelweis.hu\/wiki\/tartalom-kezeles\/uj-oldal-letrehozasa\/\" target=\"_blank\" rel=\"noopener\">Kapcsol\u00f3d\u00f3 wiki le\u00edr\u00e1s \u2192<\/a><\/p>\n<ol>\n<li><strong>Hozzon l\u00e9tre egy \u00faj oldalt<\/strong>, majd c\u00edmnek ezt adja meg: Dokumentumok<\/li>\n<li>\u00a0Az oldal tartalm\u00e1nak a hely\u00e9re illessze be az al\u00e1bbi sz\u00f6veget <strong>(beilleszt\u00e9s egyszer\u0171 sz\u00f6vegk\u00e9nt)<\/strong>:<\/li>\n<\/ol>\n<p><strong>Sz\u00f6veg:<\/strong><\/p>\n<p><em>Lorem ipsum dolor sit amet, consectetur adipiscing elit. Nulla ac aliquam leo, ut feugiat elit. Sed eu bibendum sem. Nam dictum arcu sed tincidunt fringilla. Aenean tincidunt velit at purus mollis, sed sollicitudin purus tempor. Mauris justo dui, tempor eu enim cursus, semper egestas elit. Phasellus interdum sollicitudin orci, in dignissim turpis efficitur at. Nulla ut risus nec nunc bibendum hendrerit. Nulla arcu enim, laoreet eget elit et, volutpat egestas felis. Sed vitae tristique lacus. Maecenas non orci ac nisi facilisis gravida. Ut dui dui, consectetur non sagittis sed, aliquam id nisi. Aliquam pulvinar nisl vehicula sem ultricies vestibulum. Ut imperdiet libero id efficitur tempus. Nulla id commodo ipsum, at hendrerit leo. Integer posuere sapien eu tincidunt tincidunt. <\/em><\/p>\n<div class=\"fontos_div\">\n<p><span style=\"font-size: 12pt;\"><span style=\"color: #ff6600;\"><strong>Figyelem!<\/strong><\/span> Ha a sz\u00f6veg d\u0151lt (italic) form\u00e1tumban jelenik meg, akkor nem &#8222;beilleszt\u00e9s egyszer\u0171 sz\u00f6vegk\u00e9nt&#8221; opci\u00f3val ker\u00fclt \u00e1t a sz\u00f6veg!<\/span><\/p>\n<\/div>\n<ol>\n<li>A sz\u00f6veget t\u00f6rje h\u00e1rom bekezd\u00e9sre, helyezzen el a sz\u00f6vegben kiemel\u00e9seket (pl. f\u00e9lk\u00f6v\u00e9r)<\/li>\n<li>A m\u00e1sodik bekezd\u00e9st alak\u00edtsa id\u00e9zett\u00e9.<\/li>\n<li>Az utols\u00f3 bekezd\u00e9s ut\u00e1n k\u00e9sz\u00edtse el az al\u00e1bbi\u00a0felsorol\u00e1st, az alc\u00edm legyen C\u00edmsor 5:<\/li>\n<\/ol>\n<p>Let\u00f6lthet\u0151 dokumentumok:<\/p>\n<ul>\n<li>Dokumentum 1<\/li>\n<li>Dokumentum 2<\/li>\n<\/ul>\n<h5>II. F\u00e1jlok elhelyez\u00e9se \/ beilleszt\u00e9se<\/h5>\n<p><a href=\"https:\/\/semmelweis.hu\/wiki\/tartalom-kezeles\/kepek-egyeb-fajlok-beillesztese\/#files\">Kapcsol\u00f3d\u00f3 Wiki le\u00edr\u00e1s \u2192<\/a><\/p>\n<p>Ezt k\u00f6vet\u0151en kattintson a <strong>m\u00e9dia hozz\u00e1ad\u00e1sa gombra<\/strong> \u00e9s t\u00f6lts\u00f6n fel egy tetsz\u0151leges <strong>PDF \u00e9s egy testz\u0151leges Word file-t<\/strong> a m\u00e9diat\u00e1rba <em>(figyeljen a f\u00e1jlnevekre, hogy besz\u00e9desek legyenek, ne tartalmazzanak \u00e9kezetet, sz\u00f3k\u00f6zt)<\/em>. A felt\u00f6lt\u00e9st k\u00f6vet\u0151en m\u00e1solja ki a PDF file <strong>URL linkj\u00e9t<\/strong>, jel\u00f6lje ki a Dokumentum 1 sz\u00f6vegr\u00e9szt, kattintson a <strong>hivatkoz\u00e1s beilleszt\u00e9se<\/strong> gombra \u00e9s m\u00e1solja be az URL-t. Miel\u0151tt elmenten\u00e9, kattintson a hivatkoz\u00e1s be\u00e1ll\u00edt\u00e1sokra \u00e9s v\u00e1lassza ki a <strong>\u201chivatkoz\u00e1s megnyit\u00e1sa \u00faj ablakban\u201d<\/strong> opci\u00f3t.<\/p>\n<p>A Word file eset\u00e9n <strong>a fent r\u00e9szletezett met\u00f3dushoz hasonl\u00f3an<\/strong> j\u00e1rjon el \u00e9s a Dokumentum 2 sz\u00f6vegr\u00e9szre helyezze el a dokumentum hivatkoz\u00e1s\u00e1t.<\/p>\n<h5>IV. Vide\u00f3 beilleszt\u00e9se<\/h5>\n<p><a href=\"https:\/\/semmelweis.hu\/wiki\/tartalom-kezeles\/video-beagyazas\/\">Kapcsol\u00f3d\u00f3 wiki le\u00edr\u00e1s \u2192<\/a><\/p>\n<p>Illessze be az oldalba az al\u00e1bbi vide\u00f3t:<\/p>\n<p><iframe loading=\"lazy\" title=\"JUNIOR AKAD\u00c9MIA S02E04| A kamaszok lelki eg\u00e9szs\u00e9ge haz\u00e1nkban \u00e9s a j\u00f3l\u00e9ti t\u00e1rsadalmakban\" width=\"753\" height=\"424\" src=\"https:\/\/www.youtube.com\/embed\/5orW_EjsUXA?feature=oembed\" frameborder=\"0\" allow=\"accelerometer; autoplay; clipboard-write; encrypted-media; gyroscope; picture-in-picture; web-share\" referrerpolicy=\"strict-origin-when-cross-origin\" allowfullscreen><\/iframe><\/p>\n<h5>V. Kiemelt k\u00e9p \u00e9s kivonat<\/h5>\n<ol>\n<li>A &#8222;<strong>kiemelt k\u00e9pre&#8221; kattintva<\/strong> v\u00e1lasszon ki egy tetsz\u0151leges fekv\u0151 form\u00e1tum\u00fa (!) k\u00e9pet a m\u00e9diat\u00e1rb\u00f3l,<\/li>\n<li><strong>A&#8221;kivonat&#8221;<\/strong> mez\u0151be m\u00e1solja be az al\u00e1bbi sz\u00f6veget (beilleszt\u00e9skor\u00a0 sz\u00f6veg minden form\u00e1z\u00e1st elvesz\u00edt):<\/li>\n<\/ol>\n<p><strong>Sz\u00f6veg:<\/strong><\/p>\n<p><em>Nulla scelerisque vehicula luctus. Sed mattis nibh eros, at porttitor dolor varius id. Quisque lobortis neque sed pulvinar elementum. Phasellus mi lacus, malesuada accumsan ante et, egestas rhoncus augue. Vestibulum mattis enim eu erat auctor, eu placerat leo dapibus. In at est semper, euismod ex et, congue mauris.\u00a0<\/em><\/p>\n<h5>VI. Oldalbe\u00e1ll\u00edt\u00e1sok<\/h5>\n<p>Az oldal be\u00e1ll\u00edt\u00e1sai a k\u00f6vetkez\u0151ek legyenek:<\/p>\n<ul>\n<li>K\u00f6zz\u00e9t\u00e9tel k\u00f6re: Intranet<\/li>\n<li>Sz\u00fcl\u0151: F\u0151men\u00fcpont<\/li>\n<li>Sablonminta: alap\u00e9rtelmezett sablon<\/li>\n<li>Sorrend: 1<\/li>\n<\/ul>\n<h5>VII. Oldal k\u00f6zz\u00e9t\u00e9tele (ment\u00e9se)<\/h5>\n<p>A fenti feladatok elv\u00e9gz\u00e9se ut\u00e1n <strong>kattintson a \u201ck\u00f6zz\u00e9t\u00e9tel\u201d gombra.<\/strong><\/p>\n<p><a class=\"btn btn-secondary\" href=\"https:\/\/semmelweis.hu\/mintahonlap\/fomenupont\/dokumentumok\/\" target=\"_blank\" rel=\"noopener\">\u00d6nellen\u0151rz\u00e9s<\/a><\/p>\n\n<\/div><h2 class=\"tabtitle\">F\u0151men\u00fcpont 2<\/h2>\n<div class=\"tabcontent\">\n\n<h2>F\u0151men\u00fcpont 2. l\u00e9trehoz\u00e1sa &#8211; Kapcsolat<\/h2>\n<h5>I. Az oldal l\u00e9trehoz\u00e1sa \u00e9s a tartalom beilleszt\u00e9se<\/h5>\n<p><a href=\"https:\/\/semmelweis.hu\/wiki\/tartalom-kezeles\/uj-oldal-letrehozasa\/\" target=\"_blank\" rel=\"noopener\">Kapcsol\u00f3d\u00f3 wiki le\u00edr\u00e1s \u2192<\/a><\/p>\n<ol>\n<li><strong>Hozzon l\u00e9tre egy \u00faj oldalt<\/strong>, majd c\u00edmnek ezt adja meg: Kapcsolat<\/li>\n<li>\u00a0Az oldal tartalm\u00e1nak a hely\u00e9re illessze be az al\u00e1bbi sz\u00f6veget <strong>(beilleszt\u00e9s egyszer\u0171 sz\u00f6vegk\u00e9nt)<\/strong><span style=\"font-size: 1rem;\">:<\/span><\/li>\n<\/ol>\n<p>Szervezeti Egys\u00e9g Neve<\/p>\n<p>Kar neve<\/p>\n<p>C\u00edm: 1085 Budapest\u00a0\u00dcll\u0151i \u00fat 26.<\/p>\n<p>Telefonsz\u00e1m: +36 36 1234567<\/p>\n<p>E-mail c\u00edm: mintanev@mintamail.com<\/p>\n<h5>II. T\u00e9rk\u00e9p beilleszt\u00e9se<\/h5>\n<p><a href=\"https:\/\/semmelweis.hu\/wiki\/megjelenes\/terkep-beagyazas-google-maps\/\" target=\"_blank\" rel=\"noopener\">Kapcsol\u00f3d\u00f3 wiki le\u00edr\u00e1s \u2192<\/a><\/p>\n<p>A keretes szakasz sz\u00f6veg al\u00e1 illessze be az al\u00e1bbi c\u00edmre <strong>vonatkoz\u00f3 t\u00e9rk\u00e9pet 100% sz\u00e9less\u00e9gben<\/strong>:<\/p>\n<p>1085 Budapest, \u00dcll\u0151i \u00fat 26.<\/p>\n<h5>III. Sz\u00f6veg form\u00e1z\u00e1sa \/ kiemel\u00e9s<\/h5>\n<p><a href=\"https:\/\/semmelweis.hu\/wiki\/tartalom-kezeles\/keretes-fontos-lead-idezet\/\" target=\"_blank\" rel=\"noopener\">Kapcsol\u00f3d\u00f3 wiki le\u00edr\u00e1s \u2192<\/a><\/p>\n<ol>\n<li>A szervezeti egys\u00e9g neve legyen C\u00edmsor 2.<\/li>\n<li>A kar neve C\u00edmsor 3.<\/li>\n<li>A tov\u00e1bbi sz\u00f6veget alak\u00edtsa <strong style=\"font-size: 1rem;\">\u201ckeretes, 100% sz\u00e9les\u201d<\/strong><span style=\"font-size: 1rem;\"> form\u00e1tumra. <\/span><\/li>\n<li><span style=\"font-size: 1rem;\">A tov\u00e1bbi sorok k\u00f6z\u00f6tt ne legyen t\u00e9rk\u00f6z.<\/span><\/li>\n<li>Az e-mail c\u00edm legyen link.<\/li>\n<li>Legyen f\u00e9lk\u00f6v\u00e9r az el\u00e9rhet\u0151s\u00e9gek t\u00edpusa (pl. C\u00edm:)<\/li>\n<\/ol>\n<h5>IV. Oldalbe\u00e1ll\u00edt\u00e1sok<\/h5>\n<p>Az oldal be\u00e1ll\u00edt\u00e1sai a k\u00f6vetkez\u0151ek legyenek:<\/p>\n<ul>\n<li>K\u00f6zz\u00e9t\u00e9tel k\u00f6re: Intranet<\/li>\n<li>Sz\u00fcl\u0151: nincs<\/li>\n<li>Sablonminta: alap\u00e9rtelmezett sablon<\/li>\n<li>Sorrend: 4<\/li>\n<\/ul>\n<h5>V. Oldal k\u00f6zz\u00e9t\u00e9tele (ment\u00e9se)<\/h5>\n<p>A fenti feladatok elv\u00e9gz\u00e9se ut\u00e1n <strong>kattintson a \u201ck\u00f6zz\u00e9t\u00e9tel\u201d gombra<\/strong>.<\/p>\n<p><a class=\"btn btn-secondary\" href=\"https:\/\/semmelweis.hu\/mintahonlap\/kapcsolat\/\" target=\"_blank\" rel=\"noopener\">\u00d6nellen\u0151rz\u00e9s<\/a><\/p>\n\n<\/div><h2 class=\"tabtitle\">Al-almen\u00fcpont 2<\/h2>\n<div class=\"tabcontent\">\n\n<h2>Al-almen\u00fcpont (m\u00e1sodik szint\u0171) l\u00e9trehoz\u00e1sa\u00a0 &#8211; \u00c1tir\u00e1ny\u00edtott oldal<\/h2>\n<h5>I. Az oldal l\u00e9trehoz\u00e1sa \u00e9s a tartalom beilleszt\u00e9se<\/h5>\n<p><a href=\"https:\/\/semmelweis.hu\/wiki\/tartalom-kezeles\/uj-oldal-letrehozasa\/\" target=\"_blank\" rel=\"noopener\">Kapcsol\u00f3d\u00f3 wiki le\u00edr\u00e1s \u2192<\/a><\/p>\n<ol>\n<li><strong>Hozzon l\u00e9tre egy \u00faj oldalt<\/strong>, majd c\u00edmnek ezt adja meg: Al-almen\u00fcpont 2 &#8211; \u00e1tir\u00e1ny\u00edtott<\/li>\n<\/ol>\n<h5>II. Oldal \u00e1tir\u00e1ny\u00edt\u00e1sa<\/h5>\n<p><a href=\"https:\/\/semmelweis.hu\/wiki\/tartalom-kezeles\/oldalak-atiranyitasa\/\" target=\"_blank\" rel=\"noopener\">Kapcsol\u00f3d\u00f3 wiki le\u00edr\u00e1s \u2192<\/a><\/p>\n<p>A <strong>Quick page\/Post redirect<\/strong> szekci\u00f3ban <strong>aktiv\u00e1lja az oldal \u00e1tir\u00e1ny\u00edt\u00e1s\u00e1t<\/strong> \u00e9s c\u00e9loldalk\u00e9nt adja meg az al\u00e1bbi c\u00edmet a megfelel\u0151 mez\u0151ben:<\/p>\n<p><a href=\"https:\/\/www.youtube.com\/@SemmelweisEgyetemvideo\/videos\" target=\"_blank\" rel=\"noopener\">https:\/\/www.youtube.com\/@SemmelweisEgyetemvideo\/videos<\/a><\/p>\n<h5>III. Oldalbe\u00e1ll\u00edt\u00e1sok<\/h5>\n<p>Az oldal be\u00e1ll\u00edt\u00e1sai a k\u00f6vetkez\u0151ek legyenek:<\/p>\n<ul>\n<li>K\u00f6zz\u00e9t\u00e9tel k\u00f6re: Intranet<\/li>\n<li>Sz\u00fcl\u0151: Dokumentumok<\/li>\n<li>Sablonminta: alap\u00e9rtelmezett sablon<\/li>\n<li>Sorrend: 1<\/li>\n<\/ul>\n<h5>IV. Oldal k\u00f6zz\u00e9t\u00e9tele (ment\u00e9se)<\/h5>\n<p>A fenti feladatok elv\u00e9gz\u00e9se ut\u00e1n <strong>kattintson a \u201ck\u00f6zz\u00e9t\u00e9tel\u201d gombra.<\/strong><\/p>\n<p><a class=\"btn btn-secondary\" href=\"https:\/\/semmelweis.hu\/mintahonlap\/fomenupont\/dokumentumok\/almenupont-2\/\" target=\"_blank\" rel=\"noopener\">\u00d6nellen\u0151rz\u00e9s<\/a><\/p>\n<\/div><\/div>\n","protected":false},"excerpt":{"rendered":"<p>Az al\u00e1bbi gyakorl\u00f3feladatokkal egy sz\u00fcl\u0151 oldalt \u00e9s 3 al\u00e1rendelt oldal l\u00e9trehoz\u00e1s\u00e1t lehet kipr\u00f3b\u00e1lni. Az oldalakat Intranetre\u00a0 kell visszatartani \u00e9s k\u00f6zz\u00e9t\u00e9tel ut\u00e1n m\u00e9g csak a l\u00e1bl\u00e9cb\u0151l el\u00e9rhet\u0151 Oldalt\u00e9rk\u00e9pen lesz l\u00e1that\u00f3 (\u00e9s csak intraneten). Ezeket a gyakorl\u00f3 oldalakat\u00a0 ki lehet tenni a men\u00fcsorba (r\u00f6vid id\u0151re, csak a gyakorl\u00e1s perceire) &#8211; <a href=\"https:\/\/semmelweis.hu\/mintahonlap\/bevezetes\/menu-szerkesztese-menupontok-letrehozasa\/\">err\u0151l k\u00fcl\u00f6n gyakorl\u00f3feladat sz\u00f3l<\/a> . Figyelem! A gyakorl\u00e1s legv\u00e9g\u00e9n minden l\u00e9trehozott &hellip;<\/p>\n","protected":false},"author":102160,"featured_media":0,"parent":80,"menu_order":1,"comment_status":"closed","ping_status":"closed","template":"template-fullwidth.php","meta":{"_acf_changed":false,"footnotes":""},"categories":[],"tags":[],"class_list":["post-92","page","type-page","status-publish","hentry"],"acf":[],"publishpress_future_action":{"enabled":false,"date":"1970-01-01 01:00:00","action":"","terms":[],"taxonomy":"","browser_timezone_offset":0},"_links":{"self":[{"href":"https:\/\/semmelweis.hu\/mintahonlap\/wp-json\/wp\/v2\/pages\/92","targetHints":{"allow":["GET"]}}],"collection":[{"href":"https:\/\/semmelweis.hu\/mintahonlap\/wp-json\/wp\/v2\/pages"}],"about":[{"href":"https:\/\/semmelweis.hu\/mintahonlap\/wp-json\/wp\/v2\/types\/page"}],"author":[{"embeddable":true,"href":"https:\/\/semmelweis.hu\/mintahonlap\/wp-json\/wp\/v2\/users\/102160"}],"replies":[{"embeddable":true,"href":"https:\/\/semmelweis.hu\/mintahonlap\/wp-json\/wp\/v2\/comments?post=92"}],"version-history":[{"count":10,"href":"https:\/\/semmelweis.hu\/mintahonlap\/wp-json\/wp\/v2\/pages\/92\/revisions"}],"predecessor-version":[{"id":466,"href":"https:\/\/semmelweis.hu\/mintahonlap\/wp-json\/wp\/v2\/pages\/92\/revisions\/466"}],"up":[{"embeddable":true,"href":"https:\/\/semmelweis.hu\/mintahonlap\/wp-json\/wp\/v2\/pages\/80"}],"wp:attachment":[{"href":"https:\/\/semmelweis.hu\/mintahonlap\/wp-json\/wp\/v2\/media?parent=92"}],"wp:term":[{"taxonomy":"category","embeddable":true,"href":"https:\/\/semmelweis.hu\/mintahonlap\/wp-json\/wp\/v2\/categories?post=92"},{"taxonomy":"post_tag","embeddable":true,"href":"https:\/\/semmelweis.hu\/mintahonlap\/wp-json\/wp\/v2\/tags?post=92"}],"curies":[{"name":"wp","href":"https:\/\/api.w.org\/{rel}","templated":true}]}}