{"id":80,"date":"2024-06-14T11:47:18","date_gmt":"2024-06-14T09:47:18","guid":{"rendered":"https:\/\/semmelweis.hu\/mintahonlap\/?page_id=80"},"modified":"2025-11-13T08:45:56","modified_gmt":"2025-11-13T07:45:56","slug":"bevezetes","status":"publish","type":"page","link":"https:\/\/semmelweis.hu\/mintahonlap\/bevezetes\/","title":{"rendered":"Bevezet\u00e9s &#8211; feladatok"},"content":{"rendered":"<blockquote>\n<p>Gyakorlat teszi a mestert<\/p>\n<\/blockquote>\n<p>A honlap szerkeszt\u0151i feladatok elsaj\u00e1t\u00edt\u00e1s\u00e1nak legfontosabb felt\u00e9tele a folyamatos gyakorl\u00e1s. B\u00e1r a WordPress honlapszerkeszt\u0151 rendszer fel\u00fclete a laikusok sz\u00e1m\u00e1ra is k\u00f6nnyen haszn\u00e1lhat\u00f3, azonban a helyes szerkeszt\u00e9si folyamat sok l\u00e9p\u00e9sb\u0151l tev\u0151dik \u00f6ssze, amelyekb\u0151l k\u00f6nny\u0171 valamit kifelejteni. A sz\u00fcks\u00e9ges gyakorlat megszerz\u00e9s\u00e9hez seg\u00edts\u00e9gk\u00e9nt egy <strong>feladatsort<\/strong> \u00e1ll\u00edtottuk \u00f6ssze, amelyhez <strong>\u00f6nellen\u0151rz\u0151 fel\u00fcletek<\/strong> is kapcsol\u00f3dnak. A feladatok c\u00e9lja az <strong>alapvet\u0151 szerkeszt\u0151i k\u00e9szs\u00e9gek<\/strong> begyakorl\u00e1sa, melynek <strong>sikeres elsaj\u00e1t\u00edt\u00e1s\u00e1t k\u00f6vet\u0151en<\/strong> lehet\u0151s\u00e9g ny\u00edlik komplexebb, <strong>&#8222;extra&#8221; feladatsorok<\/strong> elv\u00e9gz\u00e9se is.<\/p>\n<p>Az <a href=\"https:\/\/semmelweis.hu\/wiki\/kepzes-a-honlapszerkesztok-szamara-wordpress\/\" target=\"_blank\" rel=\"noopener\">online szerkeszt\u0151i k\u00e9pz\u00e9st<\/a> k\u00f6vet\u0151en a feladatsorokat \u00e9rdemes ak\u00e1r t\u00f6bb alkalommal is v\u00e9gigcsin\u00e1lni, annak \u00e9rdek\u00e9ben, hogy a k\u00e9pz\u00e9sen tanult inform\u00e1ci\u00f3k <strong>hat\u00e9konyan r\u00f6gz\u00fcljenek<\/strong>. C\u00e9lunk a szerkeszt\u0151i munka folyamatos t\u00e1mogat\u00e1sa, ez\u00e9rt amennyiben a feladatsorral kapcsolatban <strong>k\u00e9rd\u00e9sei vannak, illetve javaslata lenne<\/strong>, <strong>\u00f6r\u00f6mmel vessz\u00fck megkeres\u00e9s\u00e9t <\/strong>a <a href=\"mailto:honlap@semmelweis.hu\">honlap@semmelweis.hu<\/a> c\u00edmen.<\/p>\n<div class=\"keretes w-100\">\n<p>A gyakorl\u00f3 feladatok elv\u00e9gz\u00e9se sor\u00e1n \u00e9rdemes p\u00e1rhuzamosan a <strong>szerkeszt\u0151i \u00fatmutat\u00f3 le\u00edr\u00e1sokat \u00e9s vide\u00f3kat tartalmaz\u00f3 <\/strong>\u00a0<a href=\"https:\/\/semmelweis.hu\/wiki\/\" target=\"_blank\" rel=\"noopener\">wiki oldalunkat<\/a> olvasni, ahol l\u00e9p\u00e9sr\u0151l l\u00e9p\u00e9sre bemutatunk minden egyes szerkeszt\u00e9si opci\u00f3t.\u00a0<\/p>\n<\/div>\n<style>\n           #page-grid .card-body > .line-clamp-box.excerpt{\n        width: inherit;\n        max-width: inherit;\n        display:flex;\n        min-height: 2.4em;\n        flex-direction: column;\n        justify-content: space-around;\n        background-color: #D6E4EA;\n        min-height: 3.4rem;\n        font-family: \"Montserrat\", sans-serif;\n    }\n\n    #page-grid a:hover .card-body > .line-clamp-box.excerpt {\n        background-color: #fff;\n        color: #313B40;\n    }\n\n    #page-grid .card-body .line-clamp-box.excerpt section{\n        max-width: inherit;\n        display: -webkit-box;\n        -webkit-line-clamp: 2;\n        -webkit-box-orient: vertical;\n        overflow: hidden;\n        text-overflow: ellipsis;\n        hyphens: auto;\n        margin: auto;\n        \n    }\n    .line-clamp-box.excerpt section, .line-clamp-box.excerpt section p{\n        font-size:0.8em;\n    }\n    \n<\/style>\n    <section id=\"page-grid\">\n        <section class=\"d-block d-md-flex title-row my-3 ml-0 ml-md-1\">\n<div class=\"section-title  mb-1 \">\n<h2>\n    Feladatok\n<\/h2>\n<\/div>\n<\/section>\n        <div class=\"row row-cols-1 row-cols-md-2 row-cols-lg-3 no-gutters mx-0 \">    <div class =\"col  mb-2 card-wrapper\">\n        <a class=\"d-flex flex-fill card-link-warapper m-md-1\" href=\"https:\/\/semmelweis.hu\/mintahonlap\/bevezetes\/sajat-profil\/\">\n            <div class=\"card border border-secondary se-border flex-fill\">\n                <div class=\"row no-gutters mx-0 d-flex flex-nowrap flex-md-wrap align-items-center\">\n                    <div class =\"  col-5 col-md-12  d-none  d-md-none d-md-none  bg-image  card-image justify-content-center\">\n                        <img class='wp-post-image img-fluid landscape' src='https:\/\/semmelweis.hu\/mintahonlap\/wp-content\/themes\/se18\/dist\/images\/svg\/bg-image.svg' \/>\n                    <\/div>\n                    <div class=\"card-body  col flex-column  col-md-12 p-0\">\n                        <div class=\"line-clamp-box p-3\">\n                            <h5 class=\"ml-0 ml-sm-1 mt-2 align-items-center\"  >Saj\u00e1t profil szerkeszt\u00e9se<\/h5>\n                        <\/div>\n                        \n                    <\/div>\n                <\/div>\n\n            <\/div>\n        <\/a>\n    <\/div>    <div class =\"col  mb-2 card-wrapper\">\n        <a class=\"d-flex flex-fill card-link-warapper m-md-1\" href=\"https:\/\/semmelweis.hu\/mintahonlap\/bevezetes\/oldalak-letrehozasa-szerkesztese\/\">\n            <div class=\"card border border-secondary se-border flex-fill\">\n                <div class=\"row no-gutters mx-0 d-flex flex-nowrap flex-md-wrap align-items-center\">\n                    <div class =\"  col-5 col-md-12  d-none  d-md-none d-md-none  bg-image  card-image justify-content-center\">\n                        <img class='wp-post-image img-fluid landscape' src='https:\/\/semmelweis.hu\/mintahonlap\/wp-content\/themes\/se18\/dist\/images\/svg\/bg-image.svg' \/>\n                    <\/div>\n                    <div class=\"card-body  col flex-column  col-md-12 p-0\">\n                        <div class=\"line-clamp-box p-3\">\n                            <h5 class=\"ml-0 ml-sm-1 mt-2 align-items-center\"  >Oldalak l\u00e9trehoz\u00e1sa - szerkeszt\u00e9se<\/h5>\n                        <\/div>\n                        \n                    <\/div>\n                <\/div>\n\n            <\/div>\n        <\/a>\n    <\/div>    <div class =\"col  mb-2 card-wrapper\">\n        <a class=\"d-flex flex-fill card-link-warapper m-md-1\" href=\"https:\/\/semmelweis.hu\/mintahonlap\/bevezetes\/menu-szerkesztese-menupontok-letrehozasa\/\">\n            <div class=\"card border border-secondary se-border flex-fill\">\n                <div class=\"row no-gutters mx-0 d-flex flex-nowrap flex-md-wrap align-items-center\">\n                    <div class =\"  col-5 col-md-12  d-none  d-md-none d-md-none  bg-image  card-image justify-content-center\">\n                        <img class='wp-post-image img-fluid landscape' src='https:\/\/semmelweis.hu\/mintahonlap\/wp-content\/themes\/se18\/dist\/images\/svg\/bg-image.svg' \/>\n                    <\/div>\n                    <div class=\"card-body  col flex-column  col-md-12 p-0\">\n                        <div class=\"line-clamp-box p-3\">\n                            <h5 class=\"ml-0 ml-sm-1 mt-2 align-items-center\"  >Men\u00fc szerkeszt\u00e9se - men\u00fcpontok l\u00e9trehoz\u00e1sa<\/h5>\n                        <\/div>\n                        \n                    <\/div>\n                <\/div>\n\n            <\/div>\n        <\/a>\n    <\/div>    <div class =\"col  mb-2 card-wrapper\">\n        <a class=\"d-flex flex-fill card-link-warapper m-md-1\" href=\"https:\/\/semmelweis.hu\/mintahonlap\/bevezetes\/nyitolap\/\">\n            <div class=\"card border border-secondary se-border flex-fill\">\n                <div class=\"row no-gutters mx-0 d-flex flex-nowrap flex-md-wrap align-items-center\">\n                    <div class =\"  col-5 col-md-12  d-none  d-md-none d-md-none  bg-image  card-image justify-content-center\">\n                        <img class='wp-post-image img-fluid landscape' src='https:\/\/semmelweis.hu\/mintahonlap\/wp-content\/themes\/se18\/dist\/images\/svg\/bg-image.svg' \/>\n                    <\/div>\n                    <div class=\"card-body  col flex-column  col-md-12 p-0\">\n                        <div class=\"line-clamp-box p-3\">\n                            <h5 class=\"ml-0 ml-sm-1 mt-2 align-items-center\"  >Nyit\u00f3lapi tartalmak \u00e9s szakaszok szerkeszt\u00e9se<\/h5>\n                        <\/div>\n                        \n                    <\/div>\n                <\/div>\n\n            <\/div>\n        <\/a>\n    <\/div>    <div class =\"col  mb-2 card-wrapper\">\n        <a class=\"d-flex flex-fill card-link-warapper m-md-1\" href=\"https:\/\/semmelweis.hu\/mintahonlap\/bevezetes\/torles\/\">\n            <div class=\"card border border-secondary se-border flex-fill\">\n                <div class=\"row no-gutters mx-0 d-flex flex-nowrap flex-md-wrap align-items-center\">\n                    <div class =\"  col-5 col-md-12  d-none  d-md-none d-md-none  bg-image  card-image justify-content-center\">\n                        <img class='wp-post-image img-fluid landscape' src='https:\/\/semmelweis.hu\/mintahonlap\/wp-content\/themes\/se18\/dist\/images\/svg\/bg-image.svg' \/>\n                    <\/div>\n                    <div class=\"card-body  col flex-column  col-md-12 p-0\">\n                        <div class=\"line-clamp-box p-3\">\n                            <h5 class=\"ml-0 ml-sm-1 mt-2 align-items-center\"  >Lez\u00e1r\u00e1s - a gyakorl\u00f3 tartalmak t\u00f6rl\u00e9se<\/h5>\n                        <\/div>\n                        \n                    <\/div>\n                <\/div>\n\n            <\/div>\n        <\/a>\n    <\/div>    <div class =\"col  mb-2 card-wrapper\">\n        <a class=\"d-flex flex-fill card-link-warapper m-md-1\" href=\"https:\/\/semmelweis.hu\/mintahonlap\/bevezetes\/segedanyagok\/\">\n            <div class=\"card border border-secondary se-border flex-fill\">\n                <div class=\"row no-gutters mx-0 d-flex flex-nowrap flex-md-wrap align-items-center\">\n                    <div class =\"  col-5 col-md-12  d-none  d-md-none d-md-none  bg-image  card-image justify-content-center\">\n                        <img class='wp-post-image img-fluid landscape' src='https:\/\/semmelweis.hu\/mintahonlap\/wp-content\/themes\/se18\/dist\/images\/svg\/bg-image.svg' \/>\n                    <\/div>\n                    <div class=\"card-body  col flex-column  col-md-12 p-0\">\n                        <div class=\"line-clamp-box p-3\">\n                            <h5 class=\"ml-0 ml-sm-1 mt-2 align-items-center\"  >Seg\u00e9danyagok<\/h5>\n                        <\/div>\n                        \n                    <\/div>\n                <\/div>\n\n            <\/div>\n        <\/a>\n    <\/div>        <\/div>\n    <\/section>\n","protected":false},"excerpt":{"rendered":"<p>Gyakorlat teszi a mestert A honlap szerkeszt\u0151i feladatok elsaj\u00e1t\u00edt\u00e1s\u00e1nak legfontosabb felt\u00e9tele a folyamatos gyakorl\u00e1s. B\u00e1r a WordPress honlapszerkeszt\u0151 rendszer fel\u00fclete a laikusok sz\u00e1m\u00e1ra is k\u00f6nnyen haszn\u00e1lhat\u00f3, azonban a helyes szerkeszt\u00e9si folyamat sok l\u00e9p\u00e9sb\u0151l tev\u0151dik \u00f6ssze, amelyekb\u0151l k\u00f6nny\u0171 valamit kifelejteni. A sz\u00fcks\u00e9ges gyakorlat megszerz\u00e9s\u00e9hez seg\u00edts\u00e9gk\u00e9nt egy feladatsort \u00e1ll\u00edtottuk \u00f6ssze, amelyhez \u00f6nellen\u0151rz\u0151 fel\u00fcletek is kapcsol\u00f3dnak. A feladatok &hellip;<\/p>\n","protected":false},"author":102160,"featured_media":0,"parent":0,"menu_order":0,"comment_status":"closed","ping_status":"closed","template":"template-fullwidth.php","meta":{"_acf_changed":false,"footnotes":""},"categories":[],"tags":[],"class_list":["post-80","page","type-page","status-publish","hentry"],"acf":[],"publishpress_future_action":{"enabled":false,"date":"1970-01-01 01:00:00","action":"","terms":[],"taxonomy":"","browser_timezone_offset":0},"_links":{"self":[{"href":"https:\/\/semmelweis.hu\/mintahonlap\/wp-json\/wp\/v2\/pages\/80","targetHints":{"allow":["GET"]}}],"collection":[{"href":"https:\/\/semmelweis.hu\/mintahonlap\/wp-json\/wp\/v2\/pages"}],"about":[{"href":"https:\/\/semmelweis.hu\/mintahonlap\/wp-json\/wp\/v2\/types\/page"}],"author":[{"embeddable":true,"href":"https:\/\/semmelweis.hu\/mintahonlap\/wp-json\/wp\/v2\/users\/102160"}],"replies":[{"embeddable":true,"href":"https:\/\/semmelweis.hu\/mintahonlap\/wp-json\/wp\/v2\/comments?post=80"}],"version-history":[{"count":11,"href":"https:\/\/semmelweis.hu\/mintahonlap\/wp-json\/wp\/v2\/pages\/80\/revisions"}],"predecessor-version":[{"id":599,"href":"https:\/\/semmelweis.hu\/mintahonlap\/wp-json\/wp\/v2\/pages\/80\/revisions\/599"}],"wp:attachment":[{"href":"https:\/\/semmelweis.hu\/mintahonlap\/wp-json\/wp\/v2\/media?parent=80"}],"wp:term":[{"taxonomy":"category","embeddable":true,"href":"https:\/\/semmelweis.hu\/mintahonlap\/wp-json\/wp\/v2\/categories?post=80"},{"taxonomy":"post_tag","embeddable":true,"href":"https:\/\/semmelweis.hu\/mintahonlap\/wp-json\/wp\/v2\/tags?post=80"}],"curies":[{"name":"wp","href":"https:\/\/api.w.org\/{rel}","templated":true}]}}