{"id":573,"date":"2025-09-03T14:21:29","date_gmt":"2025-09-03T12:21:29","guid":{"rendered":"https:\/\/semmelweis.hu\/mintahonlap\/?page_id=573"},"modified":"2025-09-03T14:21:56","modified_gmt":"2025-09-03T12:21:56","slug":"minta-aloldal","status":"publish","type":"page","link":"https:\/\/semmelweis.hu\/mintahonlap\/minta-aloldal\/","title":{"rendered":"Minta aloldal"},"content":{"rendered":"<div class=\"keretes w-100\">\n<p>Amennyiben az\u00a0<a href=\"https:\/\/semmelweis.hu\/mintahonlap\/bevezetes\/\" target=\"_blank\" rel=\"noopener\">alapfeladatokkal<\/a>\u00a0m\u00e1r j\u00f3l elboldogul,\u00a0<strong>k\u00f6vetkezhet a komplexebb, \u201eextra\u201d ter\u00fcletek gyakorl\u00e1sa<\/strong>. Az al\u00e1bbi pr\u00f3bafeladatok specifikus funkci\u00f3kat \u00f6lelnek fel, ez\u00e9rt el\u0151fordul\u00e1suk j\u00f3val ritk\u00e1bb mint az alapk\u00e9pz\u00e9sben megismert munkafolyamatok\u00e9. \u00c9rdemes csak azokkal foglalkozni, ami a saj\u00e1t honlapon van, vagy esetleg sz\u00fcks\u00e9g lehet r\u00e1.<\/p>\n<p>A gyakorl\u00f3 feladatok elv\u00e9gz\u00e9se sor\u00e1n \u00e9rdemes p\u00e1rhuzamosan a\u00a0<strong>szerkeszt\u0151i \u00fatmutat\u00f3 le\u00edr\u00e1sokat \u00e9s vide\u00f3kat tartalmaz\u00f3\u00a0<\/strong>\u00a0<a href=\"https:\/\/semmelweis.hu\/wiki\/\" target=\"_blank\" rel=\"noopener\">wiki oldalunkat<\/a>\u00a0olvasni, ahol l\u00e9p\u00e9sr\u0151l l\u00e9p\u00e9sre bemutatunk minden egyes szerkeszt\u00e9si opci\u00f3t.\u00a0<\/p>\n<\/div>\n<h3>Extra feladatokhoz egy alapoldal l\u00e9trehoz\u00e1sa<\/h3>\n<p><a href=\"https:\/\/semmelweis.hu\/wiki\/tartalom-kezeles\/uj-oldal-letrehozasa\/\" target=\"_blank\" rel=\"noopener\">Kapcsol\u00f3d\u00f3 Wiki le\u00edr\u00e1s \u2192<\/a><\/p>\n<p>Els\u0151 l\u00e9p\u00e9sk\u00e9nt hozzon l\u00e9tre egy\u00a0<strong>\u00faj oldalt<\/strong>, c\u00edmk\u00e9nt adja meg:\u00a0<strong>Extra men\u00fcpont<\/strong>\u00a0\u00e9s \u00e1ll\u00edtsa be az al\u00e1bbiakat:<\/p>\n<h5>I. Oldalbe\u00e1ll\u00edt\u00e1sok<\/h5>\n<ul>\n<li>K\u00f6zz\u00e9t\u00e9tel k\u00f6re: Intranet<\/li>\n<li>Sz\u00fcl\u0151: nincs<\/li>\n<li>Sablonminta: alap\u00e9rtelmezett sablon<\/li>\n<li>Sorrend: 5<\/li>\n<\/ul>\n<h5>II. Oldal k\u00f6zz\u00e9t\u00e9tele (ment\u00e9se)<\/h5>\n<p>A fenti feladatok elv\u00e9gz\u00e9se ut\u00e1n kattintson a \u201c<strong>k\u00f6zz\u00e9t\u00e9tel<\/strong>\u201d gombra.<\/p>\n<p>Ez az oldal t\u00f6bb \u2013 b\u00e1r nem az \u00f6sszes \u2013 \u201eextra\u201d gyakorlat c\u00e9lpontja lesz majd.\u00a0<\/p>\n","protected":false},"excerpt":{"rendered":"<p>Amennyiben az\u00a0 <a href=\"https:\/\/semmelweis.hu\/mintahonlap\/bevezetes\/\" target=\"_blank\" rel=\"noopener\">alapfeladatokkal<\/a> \u00a0m\u00e1r j\u00f3l elboldogul,\u00a0k\u00f6vetkezhet a komplexebb, \u201eextra\u201d ter\u00fcletek gyakorl\u00e1sa. Az al\u00e1bbi pr\u00f3bafeladatok specifikus funkci\u00f3kat \u00f6lelnek fel, ez\u00e9rt el\u0151fordul\u00e1suk j\u00f3val ritk\u00e1bb mint az alapk\u00e9pz\u00e9sben megismert munkafolyamatok\u00e9. \u00c9rdemes csak azokkal foglalkozni, ami a saj\u00e1t honlapon van, vagy esetleg sz\u00fcks\u00e9g lehet r\u00e1. A gyakorl\u00f3 feladatok elv\u00e9gz\u00e9se sor\u00e1n \u00e9rdemes p\u00e1rhuzamosan a\u00a0szerkeszt\u0151i \u00fatmutat\u00f3 le\u00edr\u00e1sokat \u00e9s vide\u00f3kat tartalmaz\u00f3\u00a0\u00a0 <a href=\"https:\/\/semmelweis.hu\/wiki\/\" target=\"_blank\" rel=\"noopener\">wiki oldalunkat<\/a> \u00a0olvasni, ahol &hellip;<\/p>\n","protected":false},"author":102484,"featured_media":0,"parent":0,"menu_order":0,"comment_status":"closed","ping_status":"closed","template":"","meta":{"_acf_changed":false,"footnotes":""},"categories":[],"tags":[],"class_list":["post-573","page","type-page","status-publish","hentry"],"acf":[],"publishpress_future_action":{"enabled":false,"date":"1970-01-01 01:00:00","action":"","terms":[],"taxonomy":"","browser_timezone_offset":0},"_links":{"self":[{"href":"https:\/\/semmelweis.hu\/mintahonlap\/wp-json\/wp\/v2\/pages\/573","targetHints":{"allow":["GET"]}}],"collection":[{"href":"https:\/\/semmelweis.hu\/mintahonlap\/wp-json\/wp\/v2\/pages"}],"about":[{"href":"https:\/\/semmelweis.hu\/mintahonlap\/wp-json\/wp\/v2\/types\/page"}],"author":[{"embeddable":true,"href":"https:\/\/semmelweis.hu\/mintahonlap\/wp-json\/wp\/v2\/users\/102484"}],"replies":[{"embeddable":true,"href":"https:\/\/semmelweis.hu\/mintahonlap\/wp-json\/wp\/v2\/comments?post=573"}],"version-history":[{"count":2,"href":"https:\/\/semmelweis.hu\/mintahonlap\/wp-json\/wp\/v2\/pages\/573\/revisions"}],"predecessor-version":[{"id":575,"href":"https:\/\/semmelweis.hu\/mintahonlap\/wp-json\/wp\/v2\/pages\/573\/revisions\/575"}],"wp:attachment":[{"href":"https:\/\/semmelweis.hu\/mintahonlap\/wp-json\/wp\/v2\/media?parent=573"}],"wp:term":[{"taxonomy":"category","embeddable":true,"href":"https:\/\/semmelweis.hu\/mintahonlap\/wp-json\/wp\/v2\/categories?post=573"},{"taxonomy":"post_tag","embeddable":true,"href":"https:\/\/semmelweis.hu\/mintahonlap\/wp-json\/wp\/v2\/tags?post=573"}],"curies":[{"name":"wp","href":"https:\/\/api.w.org\/{rel}","templated":true}]}}