{"id":561,"date":"2025-08-08T13:04:25","date_gmt":"2025-08-08T11:04:25","guid":{"rendered":"https:\/\/semmelweis.hu\/mintahonlap\/?page_id=561"},"modified":"2025-08-08T13:04:25","modified_gmt":"2025-08-08T11:04:25","slug":"mobilitas","status":"publish","type":"page","link":"https:\/\/semmelweis.hu\/mintahonlap\/mobilitas\/","title":{"rendered":"Mobilit\u00e1s"},"content":{"rendered":"<h3>I. orsz\u00e1gcsoport<\/h3>\n<p><em>Andorra, Ausztr\u00e1lia, Ausztria, Belgium, Cook-szigetek, D\u00e1nia, D\u00e9l-Korea, Egyes\u00fclt \u00c1llamok, Egyes\u00fclt Kir\u00e1lys\u00e1g, Fer\u00f6er-szigetek, Fidzsi, Finnorsz\u00e1g, Franciaorsz\u00e1g, Hollandia, Hongkong, \u00cdrorsz\u00e1g, Izland, Izrael, Jap\u00e1n, Kanada, Kelet Timor, Kiribati, Liechtenstein, Luxemburg, Maka\u00f3, Marshall-szigetek, Mikron\u00e9zia, Monaco, Nauru, N\u00e9metorsz\u00e1g, Niue, Norv\u00e9gia, Palau, P\u00e1pua \u00daj-Guinea, Salamonszigetek, San Marino, Sv\u00e1jc, Sv\u00e9dorsz\u00e1g, Szamoa, Szingap\u00far Tajvan, Tonga, Tuvalu, \u00daj-Z\u00e9land, Vanuatu<\/em><\/p>\n<h3>II. orsz\u00e1gcsoport<\/h3>\n<p><em>Afganiszt\u00e1n, Banglades, Belarusz, Bhut\u00e1n, Bosznia-Hercegovina, Bulg\u00e1ria, Ciprus, Csehorsz\u00e1g, \u00c9szak-Maced\u00f3nia, \u00c9sztorsz\u00e1g, Georgia, G\u00f6r\u00f6gorsz\u00e1g, Horv\u00e1torsz\u00e1g, Irak, Jemen, Kambodzsa, K\u00edna, Kirgiziszt\u00e1n, Koszov\u00f3, Laosz, Lengyelorsz\u00e1g, Lettorsz\u00e1g, Litv\u00e1nia, Mald\u00edv-szigetek, M\u00e1lta, Mianmar, Moldova, Montenegr\u00f3, Nep\u00e1l, Olaszorsz\u00e1g, Oroszorsz\u00e1g, \u00d6rm\u00e9nyorsz\u00e1g, Pakiszt\u00e1n, Portug\u00e1lia, Rom\u00e1nia, Spanyolorsz\u00e1g, Sr\u00ed Lanka, Szerbia, Sz\u00edria, Szlov\u00e1kia, Szlov\u00e9nia, T\u00e1dzsikiszt\u00e1n, T\u00fcrkmeniszt\u00e1n, Ukrajna, \u00dczbegiszt\u00e1n.<\/em><\/p>\n\n","protected":false},"excerpt":{"rendered":"","protected":false},"author":102484,"featured_media":0,"parent":0,"menu_order":0,"comment_status":"closed","ping_status":"closed","template":"","meta":{"_acf_changed":false,"footnotes":""},"categories":[],"tags":[],"class_list":["post-561","page","type-page","status-publish","hentry"],"acf":[],"publishpress_future_action":{"enabled":false,"date":"1970-01-01 01:00:00","action":"","terms":[],"taxonomy":"","browser_timezone_offset":0},"_links":{"self":[{"href":"https:\/\/semmelweis.hu\/mintahonlap\/wp-json\/wp\/v2\/pages\/561","targetHints":{"allow":["GET"]}}],"collection":[{"href":"https:\/\/semmelweis.hu\/mintahonlap\/wp-json\/wp\/v2\/pages"}],"about":[{"href":"https:\/\/semmelweis.hu\/mintahonlap\/wp-json\/wp\/v2\/types\/page"}],"author":[{"embeddable":true,"href":"https:\/\/semmelweis.hu\/mintahonlap\/wp-json\/wp\/v2\/users\/102484"}],"replies":[{"embeddable":true,"href":"https:\/\/semmelweis.hu\/mintahonlap\/wp-json\/wp\/v2\/comments?post=561"}],"version-history":[{"count":2,"href":"https:\/\/semmelweis.hu\/mintahonlap\/wp-json\/wp\/v2\/pages\/561\/revisions"}],"predecessor-version":[{"id":563,"href":"https:\/\/semmelweis.hu\/mintahonlap\/wp-json\/wp\/v2\/pages\/561\/revisions\/563"}],"wp:attachment":[{"href":"https:\/\/semmelweis.hu\/mintahonlap\/wp-json\/wp\/v2\/media?parent=561"}],"wp:term":[{"taxonomy":"category","embeddable":true,"href":"https:\/\/semmelweis.hu\/mintahonlap\/wp-json\/wp\/v2\/categories?post=561"},{"taxonomy":"post_tag","embeddable":true,"href":"https:\/\/semmelweis.hu\/mintahonlap\/wp-json\/wp\/v2\/tags?post=561"}],"curies":[{"name":"wp","href":"https:\/\/api.w.org\/{rel}","templated":true}]}}