{"id":56,"date":"2024-06-12T11:04:32","date_gmt":"2024-06-12T09:04:32","guid":{"rendered":"https:\/\/semmelweis.hu\/mintahonlap\/?page_id=56"},"modified":"2024-11-08T13:35:47","modified_gmt":"2024-11-08T12:35:47","slug":"kapcsolat","status":"publish","type":"page","link":"https:\/\/semmelweis.hu\/mintahonlap\/kapcsolat\/","title":{"rendered":"Kapcsolat"},"content":{"rendered":"<div class=\"keretes w-100\">\n<h6><strong><span style=\"color: #ff6600; font-size: 13pt;\">\u00d6nellen\u0151rz\u0151 oldal<\/span><\/strong><\/h6>\n<\/div>\n<h2>Szervezeti egys\u00e9g neve<\/h2>\n<h3>Kar neve<\/h3>\n<div class=\"keretes w-100\">\n<p><strong>C\u00edm:<\/strong> 1085 Budapest, \u00dcll\u0151i \u00fat 26.<br \/>\n<strong>Telefonsz\u00e1m:<\/strong> +36 36 1234567<br \/>\n<strong>Email c\u00edm:<\/strong> <a href=\"mintanev@mintamail.com\">mintanev@mintamail.com<\/a><\/p>\n<\/div>\n\n<!-- iframe plugin v.4.9 wordpress.org\/plugins\/iframe\/ -->\n<iframe src=\"https:\/\/www.google.com\/maps\/embed?pb=!1m18!1m12!1m3!1d2696.1361135775937!2d19.064671076694527!3d47.487261696210446!2m3!1f0!2f0!3f0!3m2!1i1024!2i768!4f13.1!3m3!1m2!1s0x4741dd46f77c5031%3A0x35081a2c8b861b9!2zQnVkYXBlc3QsIMOcbGzFkWkgw7p0IDI2LCAxMDg1!5e0!3m2!1shu!2shu!4v1718182998573!5m2!1shu!2shu\" width=\"100%\" height=\"450\" style=\"border:0;\" allowfullscreen loading=\"lazy\" referrerpolicy=\"no-referrer-when-downgrade\" scrolling=\"yes\" class=\"iframe-class\" frameborder=\"0\"><\/iframe>\n\n","protected":false},"excerpt":{"rendered":"<p>\u00d6nellen\u0151rz\u0151 oldal<\/p>\n<p>Szervezeti egys\u00e9g neve<br \/>\nKar neve<\/p>\n<p>C\u00edm: 1085 Budapest, \u00dcll\u0151i \u00fat 26.<br \/>\nTelefonsz\u00e1m: +36 36 1234567<br \/>\nEmail c\u00edm: <a href=\"mintanev@mintamail.com\">mintanev@mintamail.com<\/a><\/p>\n","protected":false},"author":102160,"featured_media":0,"parent":0,"menu_order":4,"comment_status":"closed","ping_status":"closed","template":"","meta":{"_acf_changed":false,"footnotes":""},"categories":[6],"tags":[],"class_list":["post-56","page","type-page","status-publish","hentry","category-minta"],"acf":[],"publishpress_future_action":{"enabled":false,"date":"1970-01-01 01:00:00","action":"","terms":[],"taxonomy":"","browser_timezone_offset":0},"_links":{"self":[{"href":"https:\/\/semmelweis.hu\/mintahonlap\/wp-json\/wp\/v2\/pages\/56","targetHints":{"allow":["GET"]}}],"collection":[{"href":"https:\/\/semmelweis.hu\/mintahonlap\/wp-json\/wp\/v2\/pages"}],"about":[{"href":"https:\/\/semmelweis.hu\/mintahonlap\/wp-json\/wp\/v2\/types\/page"}],"author":[{"embeddable":true,"href":"https:\/\/semmelweis.hu\/mintahonlap\/wp-json\/wp\/v2\/users\/102160"}],"replies":[{"embeddable":true,"href":"https:\/\/semmelweis.hu\/mintahonlap\/wp-json\/wp\/v2\/comments?post=56"}],"version-history":[{"count":7,"href":"https:\/\/semmelweis.hu\/mintahonlap\/wp-json\/wp\/v2\/pages\/56\/revisions"}],"predecessor-version":[{"id":332,"href":"https:\/\/semmelweis.hu\/mintahonlap\/wp-json\/wp\/v2\/pages\/56\/revisions\/332"}],"wp:attachment":[{"href":"https:\/\/semmelweis.hu\/mintahonlap\/wp-json\/wp\/v2\/media?parent=56"}],"wp:term":[{"taxonomy":"category","embeddable":true,"href":"https:\/\/semmelweis.hu\/mintahonlap\/wp-json\/wp\/v2\/categories?post=56"},{"taxonomy":"post_tag","embeddable":true,"href":"https:\/\/semmelweis.hu\/mintahonlap\/wp-json\/wp\/v2\/tags?post=56"}],"curies":[{"name":"wp","href":"https:\/\/api.w.org\/{rel}","templated":true}]}}