{"id":557,"date":"2025-08-08T13:01:00","date_gmt":"2025-08-08T11:01:00","guid":{"rendered":"https:\/\/semmelweis.hu\/mintahonlap\/?page_id=557"},"modified":"2025-08-08T13:01:00","modified_gmt":"2025-08-08T11:01:00","slug":"biologus","status":"publish","type":"page","link":"https:\/\/semmelweis.hu\/mintahonlap\/biologus\/","title":{"rendered":"Biol\u00f3gus"},"content":{"rendered":"<div class=\"pictureSemmelweis\"><img loading=\"lazy\" decoding=\"async\" class=\"aligncenter wp-image-98086 size-full\" src=\"https:\/\/semmelweis.hu\/human\/files\/2023\/06\/semmelweislogo2.png\" sizes=\"auto, (max-width: 945px) 100vw, 945px\" srcset=\"https:\/\/semmelweis.hu\/human\/files\/2023\/06\/semmelweislogo2.png 945w, https:\/\/semmelweis.hu\/human\/files\/2023\/06\/semmelweislogo2-300x87.png 300w, https:\/\/semmelweis.hu\/human\/files\/2023\/06\/semmelweislogo2-768x223.png 768w, https:\/\/semmelweis.hu\/human\/files\/2023\/06\/semmelweislogo2-753x218.png 753w\" alt=\"\" width=\"945\" height=\"274\" \/><\/div>\n<p><em>Innov\u00e1ci\u00f3, Kutat\u00e1s, Szak\u00e9rtelem \u2013 t\u00f6bb mint 250 \u00e9ve<\/em><\/p>\n<p>A Semmelweis Egyetem Magyarorsz\u00e1g \u00e9s a k\u00f6z\u00e9p-eur\u00f3pai r\u00e9gi\u00f3 vezet\u0151 orvos-eg\u00e9szs\u00e9g\u00fcgyi fels\u0151oktat\u00e1si int\u00e9zm\u00e9nye, mely szakegyetemk\u00e9nt egyed\u00fcl\u00e1ll\u00f3 az orsz\u00e1gban. T\u00f6bb mint 12 000 munkav\u00e1llal\u00f3t foglalkoztat\u00f3 Egyetem\u00fcnk kiemelt strat\u00e9giai c\u00e9lja, hogy bejusson Eur\u00f3pa legjobb 5 gy\u00f3gy\u00edt\u00f3 szakegyeteme k\u00f6z\u00e9.<\/p>\n<p>A\u00a0<strong>Semmelweis Egyetem<\/strong><\/p>\n<p><b><span class=\"TextRun SCXW207416378 BCX8\" lang=\"HU-HU\" xml:lang=\"HU-HU\" data-contrast=\"auto\"><span class=\"NormalTextRun SCXW207416378 BCX8\">Patol\u00f3giai \u00e9s K\u00eds\u00e9rleti R\u00e1kkutat\u00f3 Int\u00e9zete<\/span><\/span><\/b>\u00a0<\/p>\n<p>p\u00e1ly\u00e1zatot hirdet<\/p>\n<p>\u00a0<b>\u00a0<span class=\"TextRun SCXW207416378 BCX8\" lang=\"HU-HU\" xml:lang=\"HU-HU\" data-contrast=\"auto\"><span class=\"NormalTextRun SCXW207416378 BCX8\">biol\u00f3gus<\/span><\/span><\/b><\/p>\n<p>munkak\u00f6r bet\u00f6lt\u00e9s\u00e9re.<\/p>\n<p><strong>A jogviszony id\u0151tartama:<\/strong>\u00a0hat\u00e1rozatlan idej\u0171 eg\u00e9szs\u00e9g\u00fcgyi szolg\u00e1lati jogviszony, 4 h\u00f3napos pr\u00f3baid\u0151<\/p>\n<p><strong>Foglalkoztat\u00e1s jellege:<\/strong>\u00a0teljes munkaid\u0151\u00a0<\/p>\n<p><strong>Munkav\u00e9gz\u00e9s helye:\u00a0<\/strong><span class=\"TextRun SCXW23641148 BCX8\" lang=\"HU-HU\" xml:lang=\"HU-HU\" data-contrast=\"none\"><span class=\"NormalTextRun SCXW23641148 BCX8\">108<\/span><span class=\"NormalTextRun SCXW23641148 BCX8\">5<\/span>\u00a0<\/span><span class=\"TextRun SCXW23641148 BCX8\" lang=\"HU-HU\" xml:lang=\"HU-HU\" data-contrast=\"auto\"><span class=\"NormalTextRun SCXW23641148 BCX8\">Budapest<\/span><span class=\"NormalTextRun SCXW23641148 BCX8\">,\u00a0<\/span><span class=\"NormalTextRun SCXW23641148 BCX8\">\u00dcll\u0151i \u00fat 26.<\/span><\/span><\/p>\n<p><strong>Mik lesznek a legfontosabb feladatok?<\/strong><\/p>\n<ul>\n<li><span class=\"TextRun SCXW70240097 BCX8\" lang=\"HU-HU\" xml:lang=\"HU-HU\" data-contrast=\"auto\"><span class=\"NormalTextRun SCXW70240097 BCX8\">\u00faj-gener\u00e1ci\u00f3s\u00a0<\/span><span class=\"NormalTextRun SpellingErrorV2Themed SCXW70240097 BCX8\">szekven\u00e1l\u00e1si<\/span><span class=\"NormalTextRun SCXW70240097 BCX8\">\u00a0(NGS) vizsg\u00e1latok kivitelez\u00e9se \u00e9s \u00e9rt\u00e9kel\u00e9se<\/span><\/span><\/li>\n<\/ul>\n<p><strong>A munkak\u00f6r bet\u00f6lt\u00e9s\u00e9hez sz\u00fcks\u00e9ges felt\u00e9telek:<\/strong><\/p>\n<ul>\n<li><span class=\"TextRun SCXW71674831 BCX8\" lang=\"HU-HU\" xml:lang=\"HU-HU\" data-contrast=\"auto\"><span class=\"NormalTextRun SCXW71674831 BCX8\">fels\u0151fok\u00fa\u00a0<\/span><span class=\"NormalTextRun SCXW71674831 BCX8\">szakir\u00e1ny\u00fa<\/span><span class=\"NormalTextRun SCXW71674831 BCX8\">\u00a0v\u00e9gzet<\/span><span class=\"NormalTextRun SCXW71674831 BCX8\">t<\/span><span class=\"NormalTextRun SCXW71674831 BCX8\">s\u00e9g<\/span><span class=\"NormalTextRun SCXW71674831 BCX8\">\u00a0(<\/span><span class=\"NormalTextRun SCXW71674831 BCX8\">biol\u00f3gus, vegy\u00e9sz<\/span><span class=\"NormalTextRun SCXW71674831 BCX8\">\u00a0vagy egy\u00e9b relev\u00e1ns szakir\u00e1ny\u00fa v\u00e9gzetts\u00e9g<\/span><span class=\"NormalTextRun SCXW71674831 BCX8\">)<\/span><\/span><span class=\"EOP SCXW71674831 BCX8\" data-ccp-props=\"{&quot;134233117&quot;:true,&quot;134233118&quot;:true,&quot;201341983&quot;:0,&quot;335559740&quot;:240}\">\u00a0<\/span><\/li>\n<li><span class=\"TextRun SCXW186711213 BCX8\" lang=\"HU-HU\" xml:lang=\"HU-HU\" data-contrast=\"auto\"><span class=\"NormalTextRun SCXW186711213 BCX8\">laborat\u00f3riumi tapasztalat<\/span><\/span><span class=\"EOP SCXW186711213 BCX8\" data-ccp-props=\"{&quot;134233117&quot;:true,&quot;134233118&quot;:true,&quot;201341983&quot;:0,&quot;335559740&quot;:240}\">\u00a0<\/span><\/li>\n<li><span class=\"TextRun SCXW187348403 BCX8\" lang=\"HU-HU\" xml:lang=\"HU-HU\" data-contrast=\"auto\"><span class=\"NormalTextRun SCXW187348403 BCX8\">k\u00f6z\u00e9pfok\u00fa angol nyelvtud\u00e1s<\/span><\/span><span class=\"EOP SCXW187348403 BCX8\" data-ccp-props=\"{&quot;134233117&quot;:true,&quot;134233118&quot;:true,&quot;201341983&quot;:0,&quot;335559740&quot;:240}\">\u00a0<\/span><\/li>\n<li><span class=\"TextRun SCXW15331613 BCX8\" lang=\"HU-HU\" xml:lang=\"HU-HU\" data-contrast=\"auto\"><span class=\"NormalTextRun SCXW15331613 BCX8\">kiv\u00e1l\u00f3<\/span><span class=\"NormalTextRun SCXW15331613 BCX8\">\u00a0probl\u00e9mamegold\u00f3 \u00e9s kommunik\u00e1ci\u00f3s k\u00e9<\/span><span class=\"NormalTextRun SCXW15331613 BCX8\">szs\u00e9g<\/span><span class=\"NormalTextRun SCXW15331613 BCX8\">\u00a0<\/span><\/span><span class=\"EOP SCXW15331613 BCX8\" data-ccp-props=\"{&quot;134233117&quot;:true,&quot;134233118&quot;:true,&quot;201341983&quot;:0,&quot;335559740&quot;:240}\">\u00a0<\/span><\/li>\n<li><span class=\"TextRun SCXW259110288 BCX8\" lang=\"HU-HU\" xml:lang=\"HU-HU\" data-contrast=\"auto\"><span class=\"NormalTextRun SCXW259110288 BCX8\">j\u00f3 alkalmazkod\u00f3 k\u00e9pess\u00e9g<\/span><\/span><span class=\"EOP SCXW259110288 BCX8\" data-ccp-props=\"{&quot;134233117&quot;:true,&quot;134233118&quot;:true,&quot;201341983&quot;:0,&quot;335559740&quot;:240}\">\u00a0<\/span><\/li>\n<li><span class=\"TextRun SCXW113338988 BCX8\" lang=\"HU-HU\" xml:lang=\"HU-HU\" data-contrast=\"auto\"><span class=\"NormalTextRun SCXW113338988 BCX8\">pontoss\u00e1g, precizit\u00e1s, rugalmass\u00e1g<\/span><\/span><span class=\"EOP SCXW113338988 BCX8\" data-ccp-props=\"{&quot;134233117&quot;:true,&quot;134233118&quot;:true,&quot;201341983&quot;:0,&quot;335559740&quot;:240}\">\u00a0<\/span><\/li>\n<li><span class=\"TextRun Highlight SCXW85839931 BCX8\" lang=\"HU-HU\" xml:lang=\"HU-HU\" data-contrast=\"none\"><span class=\"NormalTextRun SCXW85839931 BCX8\" data-ccp-charstyle=\"normaltextrun\" data-ccp-charstyle-defn=\"{&quot;ObjectId&quot;:&quot;ac0262f4-8a9e-5820-b908-2d943c5f7113|1&quot;,&quot;ClassId&quot;:1073872969,&quot;Properties&quot;:[201342446,&quot;1&quot;,201342447,&quot;5&quot;,201342448,&quot;1&quot;,201342449,&quot;1&quot;,469777841,&quot;Aptos&quot;,469777842,&quot;Arial&quot;,469777843,&quot;Aptos&quot;,469777844,&quot;Aptos&quot;,201341986,&quot;1&quot;,469769226,&quot;Aptos,Arial&quot;,268442635,&quot;24&quot;,469775450,&quot;normaltextrun&quot;,201340122,&quot;1&quot;,134233614,&quot;true&quot;,469778129,&quot;normaltextrun&quot;,335572020,&quot;1&quot;,469778324,&quot;Default Paragraph Font&quot;]}\">\u00f6n\u00e1ll\u00f3 \u00e9s csapatban t\u00f6rt\u00e9n\u0151 munkav\u00e9gz\u00e9sre val\u00f3\u00a0<\/span><span class=\"NormalTextRun SCXW85839931 BCX8\" data-ccp-charstyle=\"normaltextrun\">alkalmass\u00e1g<\/span><\/span><span class=\"EOP SCXW85839931 BCX8\" data-ccp-props=\"{&quot;134233117&quot;:true,&quot;134233118&quot;:true,&quot;201341983&quot;:0,&quot;335559740&quot;:240}\">\u00a0<\/span><\/li>\n<\/ul>\n<p><strong>El\u0151nyt jelent:<\/strong><\/p>\n<ul>\n<li><span class=\"TextRun SCXW42619596 BCX8\" lang=\"HU-HU\" xml:lang=\"HU-HU\" data-contrast=\"auto\"><span class=\"NormalTextRun SCXW42619596 BCX8\">eg\u00e9szs\u00e9g\u00fcgyi ter\u00fclet<\/span><span class=\"NormalTextRun SCXW42619596 BCX8\">en szerzett tapasztalat\u00a0<\/span><\/span><span class=\"EOP SCXW42619596 BCX8\" data-ccp-props=\"{&quot;134233117&quot;:true,&quot;134233118&quot;:true,&quot;201341983&quot;:0,&quot;335551550&quot;:1,&quot;335551620&quot;:1,&quot;335559685&quot;:720,&quot;335559737&quot;:0,&quot;335559740&quot;:240,&quot;335559991&quot;:360}\">\u00a0<\/span><\/li>\n<li><span class=\"TextRun SCXW36783590 BCX8\" lang=\"HU-HU\" xml:lang=\"HU-HU\" data-contrast=\"auto\"><span class=\"NormalTextRun SCXW36783590 BCX8\">i<\/span><span class=\"NormalTextRun SCXW36783590 BCX8\">nnovat\u00edv szeml\u00e9letm\u00f3d \u00e9s kitart\u00e1s a laborat\u00f3riumi munka sor\u00e1n\u00a0<\/span><\/span><span class=\"EOP SCXW36783590 BCX8\" data-ccp-props=\"{&quot;134233117&quot;:true,&quot;134233118&quot;:true,&quot;201341983&quot;:0,&quot;335551550&quot;:1,&quot;335551620&quot;:1,&quot;335559685&quot;:720,&quot;335559737&quot;:0,&quot;335559740&quot;:240,&quot;335559991&quot;:360}\">\u00a0<\/span><\/li>\n<\/ul>\n<p><strong>Amit k\u00edn\u00e1lunk:<\/strong><\/p>\n<ul>\n<li>cafeteria (SZ\u00c9P k\u00e1rtya, iskolakezd\u00e9si t\u00e1mogat\u00e1s, All You Can Move sportol\u00e1si lehet\u0151s\u00e9g)<\/li>\n<li>nagy m\u00falt\u00fa Egyetem, stabil munkahely<\/li>\n<li>\u00f6sszetart\u00f3, seg\u00edt\u0151k\u00e9sz csapat<\/li>\n<\/ul>\n<p><strong><a href=\"https:\/\/semmelweis.hu\/csaladbarat\/\">Csal\u00e1dbar\u00e1t munkahely<\/a>\u00a0vagyunk:<\/strong><\/p>\n<ul>\n<li>ingyenes eg\u00e9szs\u00e9g\u00fcgyi sz\u0171r\u0151programokat szervez\u00fcnk<\/li>\n<li>h\u00e1ziorvosi rendel\u00e9s biztos\u00edt\u00e1sa munkat\u00e1rsaink \u00e9s csal\u00e1dtagjaik sz\u00e1m\u00e1ra<\/li>\n<li>Semmelweis k\u00e1rty\u00e1val t\u00f6bb partner\u00fcnkn\u00e9l dolgoz\u00f3i kedvezm\u00e9ny (kult\u00fara, nyelvtanfolyam, szolg\u00e1ltat\u00e1sok, sz\u00f3rakoz\u00e1s, sport)<\/li>\n<li>saj\u00e1t \u00f3vod\u00e1nk van, b\u00f6lcs\u0151dei helyeket, illetve kedvezm\u00e9nyes ny\u00e1ri t\u00e1bor lehet\u0151s\u00e9get, a tan\u00edt\u00e1si sz\u00fcnetekben pedig gyermekfel\u00fcgyeletet is tudunk biztos\u00edtani a dolgoz\u00f3ink gyermekei sz\u00e1m\u00e1ra<\/li>\n<li>ment\u00e1lhigi\u00e9n\u00e9s \u00e9s \u00e9letm\u00f3d tan\u00e1csad\u00e1st biztos\u00edtunk<\/li>\n<\/ul>\n<p><strong>A p\u00e1ly\u00e1zat r\u00e9szek\u00e9nt beny\u00fajtand\u00f3 iratok, igazol\u00e1sok:<\/strong><\/p>\n<ul>\n<li>\u00f6n\u00e9letrajz<\/li>\n<li>v\u00e9gzetts\u00e9g \/ k\u00e9pzetts\u00e9g m\u00e1solata<\/li>\n<li>nyilatkozat a p\u00e1ly\u00e1z\u00f3 hozz\u00e1j\u00e1rul\u00e1s\u00e1r\u00f3l, hogy p\u00e1ly\u00e1zati anyag\u00e1t az Egyetem Szervezeti \u00e9s M\u0171k\u00f6d\u00e9si Szab\u00e1lyzat\u00e1ban r\u00f6gz\u00edtett bizotts\u00e1gok \u00e9s test\u00fcletek megismerj\u00e9k (a nyilatkozat\u00a0<a href=\"https:\/\/semmelweis.hu\/human\/files\/2023\/06\/SE-Adatkezelesi-Nyilatkozat.docx\" target=\"_blank\" rel=\"noopener noreferrer\">erre a linkre<\/a>\u00a0kattintva let\u00f6lthet\u0151)<\/li>\n<\/ul>\n<div class=\"keretes w-100\">\n<p>A jelentkez\u00e9s\u00e9t a\u00a0<a href=\"mailto:palyazat.human@semmelweis.hu\"><strong>palyazat.human@semmelweis.hu<\/strong><\/a>\u00a0c\u00edmre v\u00e1rjuk hivatkoz\u00e1si sz\u00e1m megjel\u00f6l\u00e9s\u00e9vel:\u00a0<strong><span class=\"TextRun SCXW262191965 BCX8\" lang=\"HU-HU\" xml:lang=\"HU-HU\" data-contrast=\"auto\"><span class=\"NormalTextRun SCXW262191965 BCX8\">95268\/AOPTKT<\/span><\/span>\/2025<\/strong>.<\/p>\n<p><strong><em>Legyen \u00d6n is Semmelweis Polg\u00e1r!<\/em><\/strong><\/p>\n<\/div>\n<p>Az alkalmaz\u00e1s felt\u00e9tele h\u00e1rom h\u00f3napn\u00e1l nem r\u00e9gebbi hat\u00f3s\u00e1gi erk\u00f6lcsi bizony\u00edtv\u00e1ny.<\/p>\n","protected":false},"excerpt":{"rendered":"<p>Innov\u00e1ci\u00f3, Kutat\u00e1s, Szak\u00e9rtelem \u2013 t\u00f6bb mint 250 \u00e9ve A Semmelweis Egyetem Magyarorsz\u00e1g \u00e9s a k\u00f6z\u00e9p-eur\u00f3pai r\u00e9gi\u00f3 vezet\u0151 orvos-eg\u00e9szs\u00e9g\u00fcgyi fels\u0151oktat\u00e1si int\u00e9zm\u00e9nye, mely szakegyetemk\u00e9nt egyed\u00fcl\u00e1ll\u00f3 az orsz\u00e1gban. T\u00f6bb mint 12 000 munkav\u00e1llal\u00f3t foglalkoztat\u00f3 Egyetem\u00fcnk kiemelt strat\u00e9giai c\u00e9lja, hogy bejusson Eur\u00f3pa legjobb 5 gy\u00f3gy\u00edt\u00f3 szakegyeteme k\u00f6z\u00e9. A\u00a0Semmelweis Egyetem Patol\u00f3giai \u00e9s K\u00eds\u00e9rleti R\u00e1kkutat\u00f3 Int\u00e9zete\u00a0 p\u00e1ly\u00e1zatot hirdet \u00a0\u00a0biol\u00f3gus munkak\u00f6r bet\u00f6lt\u00e9s\u00e9re. &hellip;<\/p>\n","protected":false},"author":102484,"featured_media":0,"parent":0,"menu_order":0,"comment_status":"closed","ping_status":"closed","template":"","meta":{"_acf_changed":false,"footnotes":""},"categories":[],"tags":[],"class_list":["post-557","page","type-page","status-publish","hentry"],"acf":[],"publishpress_future_action":{"enabled":false,"date":"1970-01-01 01:00:00","action":"","terms":[],"taxonomy":"","browser_timezone_offset":0},"_links":{"self":[{"href":"https:\/\/semmelweis.hu\/mintahonlap\/wp-json\/wp\/v2\/pages\/557","targetHints":{"allow":["GET"]}}],"collection":[{"href":"https:\/\/semmelweis.hu\/mintahonlap\/wp-json\/wp\/v2\/pages"}],"about":[{"href":"https:\/\/semmelweis.hu\/mintahonlap\/wp-json\/wp\/v2\/types\/page"}],"author":[{"embeddable":true,"href":"https:\/\/semmelweis.hu\/mintahonlap\/wp-json\/wp\/v2\/users\/102484"}],"replies":[{"embeddable":true,"href":"https:\/\/semmelweis.hu\/mintahonlap\/wp-json\/wp\/v2\/comments?post=557"}],"version-history":[{"count":1,"href":"https:\/\/semmelweis.hu\/mintahonlap\/wp-json\/wp\/v2\/pages\/557\/revisions"}],"predecessor-version":[{"id":558,"href":"https:\/\/semmelweis.hu\/mintahonlap\/wp-json\/wp\/v2\/pages\/557\/revisions\/558"}],"wp:attachment":[{"href":"https:\/\/semmelweis.hu\/mintahonlap\/wp-json\/wp\/v2\/media?parent=557"}],"wp:term":[{"taxonomy":"category","embeddable":true,"href":"https:\/\/semmelweis.hu\/mintahonlap\/wp-json\/wp\/v2\/categories?post=557"},{"taxonomy":"post_tag","embeddable":true,"href":"https:\/\/semmelweis.hu\/mintahonlap\/wp-json\/wp\/v2\/tags?post=557"}],"curies":[{"name":"wp","href":"https:\/\/api.w.org\/{rel}","templated":true}]}}