{"id":289,"date":"2024-07-24T08:08:18","date_gmt":"2024-07-24T06:08:18","guid":{"rendered":"https:\/\/semmelweis.hu\/mintahonlap\/?page_id=289"},"modified":"2024-11-20T11:11:05","modified_gmt":"2024-11-20T10:11:05","slug":"fooldali-szakaszok-beallitasa-extra","status":"publish","type":"page","link":"https:\/\/semmelweis.hu\/mintahonlap\/gyakorlo-feladatok-extra\/fooldali-szakaszok-beallitasa-extra\/","title":{"rendered":"F\u0151oldali szakaszok be\u00e1ll\u00edt\u00e1sa &#8211; Extra"},"content":{"rendered":"<div class=\"keretes w-100\">\n<p><strong><span style=\"color: #ff6600\">Fontos!<\/span> A feladatok megold\u00e1sa sor\u00e1n az \u00e9les honlapon fog dolgozni!<\/strong> <strong>Mivel sem a nyit\u00f3lapot sem a szakaszait nem lehet VPN-re visszatartani csak elfogadhat\u00f3 dolgokat tegyen ki \u00e9s k\u00e9rj\u00fck azonnal csin\u00e1lja is vissza, ha nem olyat tett ki, amit v\u00e9gleg ott is akar tartani!<\/strong><\/p>\n<p><a href=\"https:\/\/semmelweis.hu\/wiki\/megjelenes\/nyitolap-es-kepvalto-beallitasa\/\" target=\"_blank\" rel=\"noopener\">Kapcsol\u00f3d\u00f3 Wiki le\u00edr\u00e1s \u2192<\/a><\/p>\n<\/div>\n<h5>I. F\u0151oldal &#8211; szakaszok extra<\/h5>\n<p>A f\u0151oldali szakaszok be\u00e1ll\u00edt\u00e1sa sor\u00e1n aktiv\u00e1lja a <strong>\u201cVideo slider\u201d<\/strong>, <strong>\u201cOsztott szakasz\u201d<\/strong>, illetve az <strong>\u201cId\u00e9zet s\u00e1v\u201d<\/strong> szakaszokat.<\/p>\n<h5>II. Video slider szakasz be\u00e1ll\u00edt\u00e1sa<\/h5>\n<p><strong>Aktiv\u00e1lja a video slider szakaszt<\/strong>, majd illessze be a <strong>kor\u00e1bban aktiv\u00e1lt f\u0151oldali szakaszok al\u00e1<\/strong> az al\u00e1bbi param\u00e9terek megad\u00e1s\u00e1val.<\/p>\n<ul>\n<li>Form\u00e1tum: slider-many (v-v-v-v)<br \/>\nH\u00e1ny vide\u00f3: 7<br \/>\nYT vide\u00f3k c\u00edme l\u00e1tsz\u00f3dik: igen<br \/>\nH\u00e1tt\u00e9r: feh\u00e9r<br \/>\nFels\u0151 eltart\u00e1s: kisebb (default)<br \/>\nAls\u00f3 eltart\u00e1s: nincs (default)<\/li>\n<\/ul>\n<p>A beillesztend\u0151 youtube playlist az <a href=\"https:\/\/www.youtube.com\/playlist?list=PLCehZAqE0dwnN4yZtvObbuPDnU4GgskF6\" target=\"_blank\" rel=\"noopener\">al\u00e1bbi linken<\/a> \u00e9rhet\u0151 el.<\/p>\n<p>Amint k\u00e9szen van, mentse el a v\u00e1ltoz\u00e1sokat.<\/p>\n<h5>III. Osztott szakasz be\u00e1ll\u00edt\u00e1sa<\/h5>\n<p>Aktiv\u00e1lja az osztott szakaszt, illessze be a <strong>kor\u00e1bban aktiv\u00e1lt f\u0151oldali szakaszok al\u00e1, <\/strong>majd v\u00e1lassza ki mindk\u00e9t esetben a sz\u00f6veg opci\u00f3t az oszlop be\u00e1ll\u00edt\u00e1sokn\u00e1l.<\/p>\n<p>Ezt k\u00f6vet\u0151en tetsz\u00e9s szerint illesszen be a szakaszokba sz\u00f6veget, k\u00e9pet, hivatkoz\u00e1st, stb. A v\u00e9gleges form\u00e1tum kapcs\u00e1n inspir\u00e1ci\u00f3t nyerhet a f\u0151oldalunkon tal\u00e1lhat\u00f3 minta szakaszb\u00f3l.<\/p>\n<p>Mindk\u00e9t szakasz eset\u00e9ben t\u00f6rekedjen az al\u00e1bbi inform\u00e1ci\u00f3k megad\u00e1s\u00e1ra:<\/p>\n<ul>\n<li>Blokk c\u00edme: (tetsz\u00e9s szerint)<\/li>\n<li>Tov\u00e1bbi&#8230; link sz\u00f6vege: (tetsz\u00e9s szerint)<\/li>\n<li>Tov\u00e1bbi&#8230; link c\u00edme (URL): (tetsz\u00e9s szerint)<\/li>\n<li>Megjelen\u00edt\u00e9s \u00faj lapon: (akt\u00edv)<\/li>\n<li>Sz\u00f6veg: (tetsz\u00e9s szerint, ugyanakkor javasolt az \u00f6sszes lehet\u0151s\u00e9get kipr\u00f3b\u00e1lni)<\/li>\n<\/ul>\n<p>Amint k\u00e9szen van, mentse el a v\u00e1ltoz\u00e1sokat.<\/p>\n<h5>IV. Id\u00e9zet s\u00e1v be\u00e1ll\u00edt\u00e1sa<\/h5>\n<p>Aktiv\u00e1lja az id\u00e9zet s\u00e1vot, illessze be a <strong>kor\u00e1bban aktiv\u00e1lt f\u0151oldali szakaszok al\u00e1,\u00a0<\/strong>majd adja meg az al\u00e1bbi be\u00e1ll\u00edt\u00e1sokat.\u00a0<\/p>\n<ul>\n<li>Milyen sz\u00edn\u0171 legyen a doboz: (kari sz\u00edn)<\/li>\n<li>Az id\u00e9zet sz\u00f6vege: (tetsz\u00e9s szerint)<\/li>\n<li>Melyik k\u00e9pet szeretn\u00e9 beilleszteni?: (tetsz\u00e9s szerint)<\/li>\n<\/ul>\n<p>Amint k\u00e9szen van, mentse el a v\u00e1ltoz\u00e1sokat.<\/p>\n<div class=\"keretes w-100\">\n<p><span style=\"color: #ff6600\">Fontos!<\/span> A feladatok megold\u00e1sa sor\u00e1n az \u00e9les honlapon fog dolgozni! Mivel sem a nyit\u00f3lapot sem a szakaszait nem lehet VPN-re visszatartani csak elfogadhat\u00f3 dolgokat tegyen ki \u00e9s k\u00e9rj\u00fck azonnal(!) csin\u00e1lja is vissza, ha nem olyat tett ki, amit v\u00e9gleg ott is akar tartani!<\/p>\n<\/div>\n","protected":false},"excerpt":{"rendered":"<p>Fontos! A feladatok megold\u00e1sa sor\u00e1n az \u00e9les honlapon fog dolgozni! Mivel sem a nyit\u00f3lapot sem a szakaszait nem lehet VPN-re visszatartani csak elfogadhat\u00f3 dolgokat tegyen ki \u00e9s k\u00e9rj\u00fck azonnal csin\u00e1lja is vissza, ha nem olyat tett ki, amit v\u00e9gleg ott is akar tartani! <a href=\"https:\/\/semmelweis.hu\/wiki\/megjelenes\/nyitolap-es-kepvalto-beallitasa\/\" target=\"_blank\" rel=\"noopener\">Kapcsol\u00f3d\u00f3 Wiki le\u00edr\u00e1s \u2192<\/a> I. F\u0151oldal &#8211; szakaszok extra A f\u0151oldali szakaszok be\u00e1ll\u00edt\u00e1sa sor\u00e1n aktiv\u00e1lja a &hellip;<\/p>\n","protected":false},"author":102160,"featured_media":0,"parent":203,"menu_order":7,"comment_status":"closed","ping_status":"closed","template":"template-fullwidth.php","meta":{"_acf_changed":false,"footnotes":""},"categories":[],"tags":[],"class_list":["post-289","page","type-page","status-publish","hentry"],"acf":[],"publishpress_future_action":{"enabled":false,"date":"1970-01-01 01:00:00","action":"","terms":[],"taxonomy":"","browser_timezone_offset":0},"_links":{"self":[{"href":"https:\/\/semmelweis.hu\/mintahonlap\/wp-json\/wp\/v2\/pages\/289","targetHints":{"allow":["GET"]}}],"collection":[{"href":"https:\/\/semmelweis.hu\/mintahonlap\/wp-json\/wp\/v2\/pages"}],"about":[{"href":"https:\/\/semmelweis.hu\/mintahonlap\/wp-json\/wp\/v2\/types\/page"}],"author":[{"embeddable":true,"href":"https:\/\/semmelweis.hu\/mintahonlap\/wp-json\/wp\/v2\/users\/102160"}],"replies":[{"embeddable":true,"href":"https:\/\/semmelweis.hu\/mintahonlap\/wp-json\/wp\/v2\/comments?post=289"}],"version-history":[{"count":8,"href":"https:\/\/semmelweis.hu\/mintahonlap\/wp-json\/wp\/v2\/pages\/289\/revisions"}],"predecessor-version":[{"id":460,"href":"https:\/\/semmelweis.hu\/mintahonlap\/wp-json\/wp\/v2\/pages\/289\/revisions\/460"}],"up":[{"embeddable":true,"href":"https:\/\/semmelweis.hu\/mintahonlap\/wp-json\/wp\/v2\/pages\/203"}],"wp:attachment":[{"href":"https:\/\/semmelweis.hu\/mintahonlap\/wp-json\/wp\/v2\/media?parent=289"}],"wp:term":[{"taxonomy":"category","embeddable":true,"href":"https:\/\/semmelweis.hu\/mintahonlap\/wp-json\/wp\/v2\/categories?post=289"},{"taxonomy":"post_tag","embeddable":true,"href":"https:\/\/semmelweis.hu\/mintahonlap\/wp-json\/wp\/v2\/tags?post=289"}],"curies":[{"name":"wp","href":"https:\/\/api.w.org\/{rel}","templated":true}]}}