{"id":279,"date":"2024-07-22T15:40:08","date_gmt":"2024-07-22T13:40:08","guid":{"rendered":"https:\/\/semmelweis.hu\/mintahonlap\/?page_id=279"},"modified":"2024-11-20T15:44:58","modified_gmt":"2024-11-20T14:44:58","slug":"bejegyzesek-letrehozasa-mentese","status":"publish","type":"page","link":"https:\/\/semmelweis.hu\/mintahonlap\/gyakorlo-feladatok-extra\/bejegyzesek-letrehozasa-mentese\/","title":{"rendered":"Bejegyz\u00e9sek l\u00e9trehoz\u00e1sa, ment\u00e9se"},"content":{"rendered":"<h5>I. Bejegyz\u00e9s l\u00e9trehoz\u00e1sa<\/h5>\n<p><a href=\"https:\/\/semmelweis.hu\/wiki\/tartalom-kezeles\/uj-oldal-letrehozasa\/#posts\" target=\"_blank\" rel=\"noopener\">Kapcsol\u00f3d\u00f3 Wiki le\u00edr\u00e1s \u2192<\/a><\/p>\n<p>Hozzon l\u00e9tre egy <strong>\u00faj bejegyz\u00e9st<\/strong>, melyeknek az al\u00e1bbi c\u00edmet adja: <strong>\u201cBejegyz\u00e9s 1&#8243;.<\/strong><\/p>\n<p>Ezt k\u00f6vet\u0151en a bejegyz\u00e9s tartalm\u00e1hoz <strong>m\u00e1solja ki \u00e9s illessze be az al\u00e1bbi sz\u00f6veget <\/strong>egyszer\u0171 sz\u00f6vegk\u00e9nt<strong>:<\/strong><\/p>\n<p><em>Lorem ipsum dolor sit amet, consectetur adipiscing elit. Curabitur euismod quam magna, et molestie enim venenatis vitae. Morbi aliquam libero tortor, ut placerat metus vehicula vel. Integer non urna quis sapien congue condimentum. Etiam lobortis sed elit quis varius. Curabitur porta, justo sed bibendum volutpat, felis nisi tempus lacus, sed venenatis metus purus a lacus. Nam cursus nunc et efficitur viverra. Mauris sagittis lectus eget commodo ultricies. Nulla blandit mollis purus. Pellentesque at purus a velit consectetur fringilla at eu magna. Etiam lacinia massa et nisi consequat luctus. Nunc nisl enim, porttitor nec justo lobortis, blandit consequat ante.<\/em><\/p>\n<p><em>Mauris id mi at urna feugiat bibendum in et ipsum. Donec id lobortis quam. Sed et ex at sapien tincidunt vestibulum nec at lacus. Proin in ante vel nisi gravida fermentum. Mauris eget nulla non sapien convallis porta quis sed neque. Donec est tellus, placerat eu libero et, dignissim facilisis arcu. Nam quis turpis sed sem cursus ultrices. Nullam tincidunt, ex et gravida lacinia, sapien metus tincidunt diam, fringilla tincidunt diam mi id leo. Sed vitae gravida ex. Nulla mattis ante nec urna lobortis, et dapibus urna gravida. Aliquam eget massa a metus semper scelerisque eu sit amet magna. Vivamus sed ipsum vel neque egestas maximus ac quis lectus. Suspendisse faucibus venenatis efficitur. Vivamus fringilla pulvinar urna eget maximus.<\/em><\/p>\n<h5>II. Kateg\u00f3ria l\u00e9trehoz\u00e1sa<\/h5>\n<p><a href=\"https:\/\/semmelweis.hu\/wiki\/tartalom-kezeles\/uj-oldal-letrehozasa\/#taxonomy\" target=\"_blank\" rel=\"noopener\">Kapcsol\u00f3d\u00f3 Wiki le\u00edr\u00e1s \u2192<\/a><\/p>\n<p>Hozzon l\u00e9tre egy kateg\u00f3ri\u00e1t <strong>\u201cTeszt\u201d<\/strong> n\u00e9ven \u00e9s <strong>helyezze a bejegyz\u00e9st<\/strong> ebbe a kateg\u00f3ri\u00e1ba.<\/p>\n<p>V\u00e1lasszon tetsz\u00e9s szerint (vagy haszn\u00e1lja a seg\u00e9dletben biztos\u00edtott) <strong>k\u00e9pet \u00e9s helyezzen el egyet bejegyz\u00e9sben \u00e9s egyet kiemelt k\u00e9pk\u00e9nt.<\/strong><\/p>\n<h5>III. Bejegyz\u00e9s ment\u00e9se<\/h5>\n<p>A fenti feladatok elv\u00e9gz\u00e9se ut\u00e1n<strong> kattintson a \u201ck\u00f6zz\u00e9t\u00e9tel\u201d gombra.<\/strong><\/p>\n<h5>IV. Tov\u00e1bbi bejegyz\u00e9sek l\u00e9trehoz\u00e1sa<\/h5>\n<p>Hozzon l\u00e9tre<strong> tov\u00e1bbi k\u00e9t bejegyz\u00e9st<\/strong> a fentiekkel azonos m\u00f3don, csak m\u00e1s legyen a bejegyz\u00e9sek kiemelt k\u00e9pe \u00e9s a <strong>c\u00edm sorsz\u00e1m legyen 2 illetve 3.<\/strong><\/p>\n<h5>V. Men\u00fcpont l\u00e9trehoz\u00e1sa kateg\u00f3ri\u00e1b\u00f3l (bejegyz\u00e9sek gy\u0171jtem\u00e9nye)<\/h5>\n<p><a href=\"https:\/\/semmelweis.hu\/wiki\/megjelenes\/menuk-letrehozasa-kezelese\/\" target=\"_blank\" rel=\"noopener\">Kapcsol\u00f3d\u00f3 Wiki le\u00edr\u00e1s \u2192<\/a><\/p>\n<p><strong>Hozzon l\u00e9tre egy men\u00fcpontot<\/strong> a bejegyz\u00e9sekn\u00e9l l\u00e9trehozott <strong>\u201cTeszt\u201d<\/strong> kateg\u00f3ri\u00e1b\u00f3l, majd helyezze el az <strong>\u201cExtra men\u00fcpont\u201d<\/strong> almen\u00fcpontjak\u00e9nt, sorrendben az <strong>\u201c\u0171rlap minta\u201d<\/strong> al\u00e1. A men\u00fcpontot nevezze \u00e1t <strong>\u201cKateg\u00f3ria minta\u201d<\/strong> n\u00e9vre (a kateg\u00f3ria neve maradjon Teszt).<\/p>\n<h5>VI. Sorrend m\u00f3dos\u00edt\u00e1sa<\/h5>\n<p><strong>\u00c1ll\u00edtsa sorrendbe a bejegyz\u00e9seket<\/strong> (A men\u00fcpontra kattintva megny\u00edl\u00f3 oldalon) az al\u00e1bbiak szerint: <strong>Extra bejegyz\u00e9s 1-3 <br \/>\n<\/strong><span style=\"color: #ff6600;\">Fontos!<\/span> A sorrend kialak\u00edt\u00e1sa a kateg\u00f3ri\u00e1ba tartoz\u00f3 bejegyz\u00e9sek k\u00f6zz\u00e9t\u00e9teli d\u00e1tum\u00e1nak m\u00f3dos\u00edt\u00e1s\u00e1val t\u00f6rt\u00e9nik. Legfrissebb \u2192 legr\u00e9gebbi.\u00a0<\/p>\n<p><a class=\"btn btn-secondary\" href=\"https:\/\/semmelweis.hu\/mintahonlap\/category\/teszt\/\" target=\"_blank\" rel=\"noopener\">\u00d6nellen\u0151rz\u00e9s<\/a><\/p>\n","protected":false},"excerpt":{"rendered":"<p>I. Bejegyz\u00e9s l\u00e9trehoz\u00e1sa <a href=\"https:\/\/semmelweis.hu\/wiki\/tartalom-kezeles\/uj-oldal-letrehozasa\/#posts\" target=\"_blank\" rel=\"noopener\">Kapcsol\u00f3d\u00f3 Wiki le\u00edr\u00e1s \u2192<\/a> Hozzon l\u00e9tre egy \u00faj bejegyz\u00e9st, melyeknek az al\u00e1bbi c\u00edmet adja: \u201cBejegyz\u00e9s 1&#8243;. Ezt k\u00f6vet\u0151en a bejegyz\u00e9s tartalm\u00e1hoz m\u00e1solja ki \u00e9s illessze be az al\u00e1bbi sz\u00f6veget egyszer\u0171 sz\u00f6vegk\u00e9nt: Lorem ipsum dolor sit amet, consectetur adipiscing elit. Curabitur euismod quam magna, et molestie enim venenatis vitae. Morbi aliquam libero tortor, ut placerat metus vehicula &hellip;<\/p>\n","protected":false},"author":102160,"featured_media":0,"parent":203,"menu_order":7,"comment_status":"closed","ping_status":"closed","template":"template-fullwidth.php","meta":{"_acf_changed":false,"footnotes":""},"categories":[],"tags":[],"class_list":["post-279","page","type-page","status-publish","hentry"],"acf":[],"publishpress_future_action":{"enabled":false,"date":"1970-01-01 01:00:00","action":"","terms":[],"taxonomy":"","browser_timezone_offset":0},"_links":{"self":[{"href":"https:\/\/semmelweis.hu\/mintahonlap\/wp-json\/wp\/v2\/pages\/279","targetHints":{"allow":["GET"]}}],"collection":[{"href":"https:\/\/semmelweis.hu\/mintahonlap\/wp-json\/wp\/v2\/pages"}],"about":[{"href":"https:\/\/semmelweis.hu\/mintahonlap\/wp-json\/wp\/v2\/types\/page"}],"author":[{"embeddable":true,"href":"https:\/\/semmelweis.hu\/mintahonlap\/wp-json\/wp\/v2\/users\/102160"}],"replies":[{"embeddable":true,"href":"https:\/\/semmelweis.hu\/mintahonlap\/wp-json\/wp\/v2\/comments?post=279"}],"version-history":[{"count":9,"href":"https:\/\/semmelweis.hu\/mintahonlap\/wp-json\/wp\/v2\/pages\/279\/revisions"}],"predecessor-version":[{"id":486,"href":"https:\/\/semmelweis.hu\/mintahonlap\/wp-json\/wp\/v2\/pages\/279\/revisions\/486"}],"up":[{"embeddable":true,"href":"https:\/\/semmelweis.hu\/mintahonlap\/wp-json\/wp\/v2\/pages\/203"}],"wp:attachment":[{"href":"https:\/\/semmelweis.hu\/mintahonlap\/wp-json\/wp\/v2\/media?parent=279"}],"wp:term":[{"taxonomy":"category","embeddable":true,"href":"https:\/\/semmelweis.hu\/mintahonlap\/wp-json\/wp\/v2\/categories?post=279"},{"taxonomy":"post_tag","embeddable":true,"href":"https:\/\/semmelweis.hu\/mintahonlap\/wp-json\/wp\/v2\/tags?post=279"}],"curies":[{"name":"wp","href":"https:\/\/api.w.org\/{rel}","templated":true}]}}