{"id":276,"date":"2024-07-22T15:06:04","date_gmt":"2024-07-22T13:06:04","guid":{"rendered":"https:\/\/semmelweis.hu\/mintahonlap\/?page_id=276"},"modified":"2024-11-21T16:48:46","modified_gmt":"2024-11-21T15:48:46","slug":"urlap-keszitese-elhelyezese","status":"publish","type":"page","link":"https:\/\/semmelweis.hu\/mintahonlap\/gyakorlo-feladatok-extra\/urlap-keszitese-elhelyezese\/","title":{"rendered":"\u0170rlap k\u00e9sz\u00edt\u00e9se &#8211; elhelyez\u00e9se"},"content":{"rendered":"<div class=\"keretes w-100\">\n<p>Ezt a gyakorlatot azok a szerkeszt\u0151k tudj\u00e1k elv\u00e9gezni, akik m\u00e1r rendelkeznek az O365 (M365) jogosults\u00e1ggal (azaz semmelweis.hu-s e-mail c\u00edmmel).<\/p>\n<p><a href=\"https:\/\/semmelweis.hu\/wiki\/kiegeszito-eszkozok\/urlapok-hasznalata-kerdoivek-tesztek-kozzetetele-a-honlapon\/\" target=\"_blank\" rel=\"noopener\">Kapcsol\u00f3d\u00f3 Wiki le\u00edr\u00e1s \u2192<\/a><\/p>\n<\/div>\n<h5>I. \u0170rlap l\u00e9trehoz\u00e1sa<\/h5>\n<p>L\u00e9pjen be <strong>O365 felhaszn\u00e1l\u00f3j\u00e1val<\/strong> a \u201c<a href=\"https:\/\/forms.office.com\/\" target=\"_blank\" rel=\"noopener\">Forms<\/a>\u201d alkalmaz\u00e1sba \u00e9s <strong>hozzon l\u00e9tre egy \u0171rlapot<\/strong> (v\u00e1laszthatja a Teszt opci\u00f3t is, ha oktat\u00e1si helyzetben van \u0171rlapra sz\u00fcks\u00e9ges). Az \u0171rlapnak az al\u00e1bbi param\u00e9tereket \u00e1ll\u00edtsa be:<\/p>\n<ul>\n<li>\u0170rlap neve: Minta \u0171rlap\u00a0<\/li>\n<li>Le\u00edr\u00e1s: \u00cdrjon be valamilyen sz\u00f6veget\u00a0<\/li>\n<li>K\u00e9rd\u00e9sek: k\u00f6vesse a megadott utas\u00edt\u00e1sokat<\/li>\n<\/ul>\n<h5>II. \u0170rlap l\u00e9trehoz\u00e1s\u00e1nak tartalmi elemei &#8211; k\u00e9rd\u00e9sek megad\u00e1sa:<\/h5>\n<ol>\n<li><b>&#8222;Egy v\u00e1lasz&#8221; &#8211; A k\u00e9rd\u00e9s sz\u00f6vege legyen ez: <\/b>Eld\u00f6ntend\u0151 k\u00e9rd\u00e9s<br \/>\nH\u00e1rom v\u00e1laszt \u00e1ll\u00edtson be: igen, nem, tal\u00e1n<br \/>\nBe\u00e1ll\u00edt\u00e1s: k\u00f6telez\u0151 k\u00e9rd\u00e9s.<\/li>\n<li><strong><b>&#8222;Egy v\u00e1lasz&#8221; &#8211; A k\u00e9rd\u00e9s sz\u00f6vege legyen ez: <\/b><\/strong>Leny\u00edl\u00f3 k\u00e9rd\u00e9s<br \/>\n\u00d6t lehets\u00e9ges v\u00e1laszt \u00e1ll\u00edtson be: alma, k\u00f6rte, szilva, cseresznye, di\u00f3, mogyor\u00f3<br \/>\nA jobb als\u00f3 sarokban tal\u00e1lhat\u00f3 <strong>&#8230;<\/strong> opci\u00f3 seg\u00edts\u00e9g\u00e9vel v\u00e1ltsa a k\u00e9rd\u00e9st\u00edpust leny\u00edl\u00f3v\u00e1<br \/>\nBe\u00e1ll\u00edt\u00e1s: nem k\u00f6telez\u0151 k\u00e9rd\u00e9s<\/li>\n<li><strong>&#8222;Sz\u00f6veg&#8221; &#8211; <b>A k\u00e9rd\u00e9s sz\u00f6vege legyen ez: <\/b><\/strong>Kifejt\u0151s k\u00e9rd\u00e9s<br \/>\nBe\u00e1ll\u00edt\u00e1s: k\u00f6telez\u0151 k\u00e9rd\u00e9s, hosszabb v\u00e1laszlehet\u0151s\u00e9g\u00a0<\/li>\n<li><strong>&#8222;\u00c9rt\u00e9kel\u00e9s&#8221;\u00a0<\/strong><strong>&#8211; <b>A k\u00e9rd\u00e9s sz\u00f6vege legyen ez: <\/b><\/strong>Mennyire el\u00e9gedett \u00d6n?<br \/>\n10 szintet biztos\u00edt\u00e1son, pipa szimb\u00f3lum haszn\u00e1lata<br \/>\nBe\u00e1ll\u00edt\u00e1s: k\u00f6telez\u0151 k\u00e9rd\u00e9s<\/li>\n<li><strong>&#8222;Rangsorol\u00e1s&#8221; &#8211; A k\u00e9rd\u00e9s sz\u00f6vege legyen ez: <\/strong>Rendezze sorba az al\u00e1bbi \u00e1ll\u00edt\u00e1sokat (legmelegebb fel\u00fclre, leghidegebb alulra)<br \/>\nN\u00e9gy v\u00e1laszlehet\u0151s\u00e9get adjon meg: T\u00e9l, \u0150sz, Tavasz, Ny\u00e1r<br \/>\nBe\u00e1ll\u00edt\u00e1s: k\u00f6telez\u0151 k\u00e9rd\u00e9s<\/li>\n<li><strong><b>&#8222;Egy v\u00e1lasz&#8221; &#8211; A k\u00e9rd\u00e9s sz\u00f6vege legyen ez: <\/b><\/strong>Mely sz\u00edneket tal\u00e1lja sz\u00e9pnek?<br \/>\n\u00d6t lehets\u00e9ges v\u00e1laszt \u00e1ll\u00edtson be: piros, s\u00e1rga, k\u00e9k, z\u00f6ld, feh\u00e9r<br \/>\nEngedje meg, a kit\u00f6lt\u0151nek, hogy &#8222;Egy\u00e9b&#8221; v\u00e1laszt \u00edrhasson be\u00a0<br \/>\nBe\u00e1ll\u00edt\u00e1s: nem k\u00f6telez\u0151 k\u00e9rd\u00e9s; t\u00f6bb v\u00e1lasz lehets\u00e9ges (azaz t\u00f6bb mez\u0151be is tehet majd pip\u00e1t a kit\u00f6lt\u0151)<br \/>\nElhelyez\u00e9s: h\u00fazza fel ezt a szakaszt a 3. (Kifejt\u0151s) k\u00e9rd\u00e9s el\u00e9!<\/li>\n<li><strong>&#8222;Likert sk\u00e1la&#8221;\u00a0<\/strong><strong><b>&#8211; A k\u00e9rd\u00e9s sz\u00f6vege legyen ez: <\/b><\/strong>Mennyire \u00e9rt egyet \u00d6n az al\u00e1bbi \u00e1ll\u00edt\u00e1sokkal?<br \/>\nH\u00e1rom &#8222;utas\u00edt\u00e1st&#8221; \u00edrjon be: Az \u00e9let sz\u00e9p \/ A poh\u00e1r f\u00e9lig tele van \/ A vil\u00e1g nagy<br \/>\nHat szintet biztos\u00edtson: Teljesen, T\u00f6bbnyire, Valamennyire, Alig, Semennyire, Nem tudom<br \/>\nBe\u00e1ll\u00edt\u00e1s: nem k\u00f6telez\u0151 k\u00e9rd\u00e9s<\/li>\n<li><strong>&#8222;F\u00e1jl felt\u00f6lt\u00e9se&#8221; &#8211; <b>A k\u00e9rd\u00e9s sz\u00f6vege legyen ez: <\/b><\/strong>T\u00f6ltse fel az Absztraktot!<br \/>\nA jobb als\u00f3 sarokban tal\u00e1lhat\u00f3 <strong>&#8230;<\/strong> opci\u00f3 seg\u00edts\u00e9g\u00e9vel kiz\u00e1r\u00f3lag a pdf form\u00e1tumot enged\u00e9lyezze\u00a0 \u00e9s adja meg a k\u00f6vetkez\u0151 alc\u00edmet: maximum 1 oldal lehet (ennek a sz\u00f6veg\u00e9t \u00e1ll\u00edtsa d\u0151lt bet\u0171re)<br \/>\nBe\u00e1ll\u00edt\u00e1s: nem k\u00f6telez\u0151 opci\u00f3, max. 2 db f\u00e1jl felt\u00f6lt\u00e9s\u00e9nek enged\u00e9lyez\u00e9se, max. 10mb m\u00e9retkorl\u00e1t megad\u00e1sa<\/li>\n<li><strong>&#8222;Egy v\u00e1lasz&#8221; &#8211;\u00a0<\/strong><strong><b>A k\u00e9rd\u00e9s sz\u00f6vege legyen ez: <\/b><\/strong>A k\u00e9rd\u0151\u00edv kit\u00f6lt\u00e9s\u00e9vel \u00d6n hozz\u00e1j\u00e1rul az inform\u00e1ci\u00f3k t\u00e1rol\u00e1s\u00e1hoz.<br \/>\nA jobb als\u00f3 sarokban tal\u00e1lhat\u0151 <strong>&#8230;<\/strong> opci\u00f3 seg\u00edts\u00e9g\u00e9vel adja meg a k\u00f6vetkez\u0151 alc\u00edmet: Az inform\u00e1ci\u00f3k m\u00f3dj\u00e1r\u00f3l itt t\u00e1j\u00e9koz\u00f3dhat: https:\/\/semmelweis.hu<br \/>\nEgy v\u00e1laszlehet\u0151s\u00e9get adjon meg: Elolvastam \u00e9s hozz\u00e1j\u00e1rulok<br \/>\nBe\u00e1ll\u00edt\u00e1s: k\u00f6telez\u0151 k\u00e9rd\u00e9s<\/li>\n<\/ol>\n<p>Javasolt minden tov\u00e1bbi lehet\u0151s\u00e9get kipr\u00f3b\u00e1lni, megismerni<\/p>\n<h5>III. Az \u0171rlap kin\u00e9zet\u00e9nek szem\u00e9lyre szab\u00e1sa<\/h5>\n<p><a href=\"https:\/\/semmelweis.hu\/mintahonlap\/files\/2024\/11\/RS96604_TZ_20190607_0011-scr.jpg\"><img loading=\"lazy\" decoding=\"async\" class=\"alignright size-medium wp-image-494\" src=\"https:\/\/semmelweis.hu\/mintahonlap\/files\/2024\/11\/RS96604_TZ_20190607_0011-scr-400x267.jpg\" alt=\"\" width=\"400\" height=\"267\" srcset=\"https:\/\/semmelweis.hu\/mintahonlap\/files\/2024\/11\/RS96604_TZ_20190607_0011-scr-400x267.jpg 400w, https:\/\/semmelweis.hu\/mintahonlap\/files\/2024\/11\/RS96604_TZ_20190607_0011-scr-768x512.jpg 768w, https:\/\/semmelweis.hu\/mintahonlap\/files\/2024\/11\/RS96604_TZ_20190607_0011-scr-753x502.jpg 753w, https:\/\/semmelweis.hu\/mintahonlap\/files\/2024\/11\/RS96604_TZ_20190607_0011-scr-203x135.jpg 203w, https:\/\/semmelweis.hu\/mintahonlap\/files\/2024\/11\/RS96604_TZ_20190607_0011-scr.jpg 950w\" sizes=\"auto, (max-width: 400px) 100vw, 400px\" \/><\/a>Kattintson az \u0171rlap tetej\u00e9n l\u00e1that\u00f3 St\u00edlus opci\u00f3ra \u00e9s pr\u00f3b\u00e1lgassa ki a lehet\u0151s\u00e9geket!<\/p>\n<p>V\u00e1lassza az Elrendez\u00e9sek k\u00f6z\u00fcl az els\u0151t. A felk\u00edn\u00e1lt h\u00e1tt\u00e9rk\u00e9pek helyett a + jel seg\u00edts\u00e9g\u00e9vel adjon meg saj\u00e1t h\u00e1tt\u00e9rk\u00e9pet (\u00fcgyeljen r\u00e1, hogy a k\u00e9p jogtiszta legyen \u00e9s kell\u0151 m\u00e9ret\u0171). Haszn\u00e1lhatja a mell\u00e9kelt k\u00e9pet az EOK \u00e9p\u00fclet\u00e9r\u0151l, de v\u00e1laszthat saj\u00e1tot is. \u00c1ll\u00edtsa be a a k\u00e9p mellett az \u0171rlap sz\u00edn\u00e9nek a #222f61 s\u00f6t\u00e9tk\u00e9k sz\u00ednt.<\/p>\n<p>El\u0151n\u00e9zettel tudja a v\u00e9geredm\u00e9nyt ellen\u0151rizni.<\/p>\n<h5>IV. Az \u0170rlap be\u00e1ll\u00edt\u00e1sai<\/h5>\n<p>Kattintson az \u0171rlap tetej\u00e9n l\u00e1that\u00f3 Be\u00e1ll\u00edt\u00e1sok opci\u00f3ra!<\/p>\n<p>V\u00e1lassza ki, hogy kik v\u00e1laszolhatnak az \u0171rlapra &#8211; ha f\u00e1jlfelt\u00f6lt\u00e9st k\u00e9r\u00fcnk (mint ebben a minta \u0171rlapban is tett\u00fck), akkor csak egyetemi polg\u00e1rok t\u00f6lthetik majd ki.<\/p>\n<p>N\u00e9zze v\u00e9gig az \u00f6sszes opci\u00f3t, mire lehet a j\u00f6v\u0151ben sz\u00fcks\u00e9ge.<\/p>\n<h5>VI. V\u00e1laszok gy\u0171jt\u00e9se<\/h5>\n<p>Innen m\u00e1solhatja majd ki az \u0171rlap hivatkoz\u00e1s\u00e1t vagy be\u00e1gyaz\u00f3 iframe k\u00f3dj\u00e1t (kattintsa v\u00e9gig az opci\u00f3kat jelz\u0151 ikonokat).<\/p>\n<h5>VII. Az \u0171rlap megjelen\u00edt\u00e9se a honlapon<\/h5>\n<p>H<strong>ozzon l\u00e9tre egy \u00faj oldalt<\/strong> az al\u00e1bbi be\u00e1ll\u00edt\u00e1sokkal:<\/p>\n<ul>\n<li>C\u00edm: \u0170rlap minta<\/li>\n<li>Sz\u00fcl\u0151: Extra men\u00fcpont<\/li>\n<li>K\u00f6zz\u00e9t\u00e9tel k\u00f6re: Intranet<\/li>\n<li>Sorrend: 5<\/li>\n<\/ul>\n<h5>IV. Oldal tartalm\u00e1nak l\u00e9trehoz\u00e1sa<\/h5>\n<p>Az \u00fajonnan l\u00e9trehozott oldalon <strong>k\u00e9sz\u00edtse el az al\u00e1bbi tartalmat<\/strong>:<\/p>\n<ol>\n<li><strong>Alc\u00edm: \u0170rlap el\u00e9r\u00e9se gomb seg\u00edts\u00e9g\u00e9ve<\/strong>l\u00a0<br \/>\nEgy bekezd\u00e9snyi sz\u00f6veg<br \/>\n<strong>Minta \u0171rlap<\/strong> (hozzon l\u00e9tre egy gombot az \u00d6n \u00e1ltal k\u00e9sz\u00edtett minta \u0171rlap hivatkoz\u00e1s\u00e1hoz, <strong>\u201cbutton&#8221;<\/strong> st\u00edlusban).<\/li>\n<li><strong>\u0170rlap be\u00e1gyazott form\u00e1ban<\/strong>\u00a0<br \/>\nEgy bekezd\u00e9snyi sz\u00f6veg<br \/>\n\u00c1gyazza be az \u0171rlapot az oldalba (illesze be a fel\u00fclet \u00e1ltal el\u0151\u00e1ll\u00edtott <strong>iframe<\/strong> k\u00f3dot &#8211; <a href=\"https:\/\/semmelweis.hu\/wiki\/tartalom-kezeles\/iframe-hasznalata\/\" target=\"_blank\" rel=\"noopener\">Wiki seg\u00edts\u00e9g \u2192<\/a>)\u00a0<br \/>\n<strong>\u00c1ll\u00edtsa az iframe k\u00f3d width= <\/strong>\u00e9rt\u00e9k\u00e9t 100%-ra, a <strong>height=<\/strong> \u00e9rt\u00e9ket <strong>1000 px-re<\/strong><\/li>\n<\/ol>\n<h5>V. Mentse az oldalt<\/h5>\n<p>A fenti feladatok elv\u00e9gz\u00e9se ut\u00e1n kattintson a <strong>\u201ck\u00f6zz\u00e9t\u00e9tel\u201d<\/strong> gombra.<\/p>\n<p><a class=\"btn btn-secondary\" href=\"https:\/\/semmelweis.hu\/mintahonlap\/extra-menupont\/urlap-minta\/\" target=\"_blank\" rel=\"noopener\">\u00d6nellen\u0151rz\u00e9s<\/a><\/p>\n","protected":false},"excerpt":{"rendered":"<p>Ezt a gyakorlatot azok a szerkeszt\u0151k tudj\u00e1k elv\u00e9gezni, akik m\u00e1r rendelkeznek az O365 (M365) jogosults\u00e1ggal (azaz semmelweis.hu-s e-mail c\u00edmmel). <a href=\"https:\/\/semmelweis.hu\/wiki\/kiegeszito-eszkozok\/urlapok-hasznalata-kerdoivek-tesztek-kozzetetele-a-honlapon\/\" target=\"_blank\" rel=\"noopener\">Kapcsol\u00f3d\u00f3 Wiki le\u00edr\u00e1s \u2192<\/a> I. \u0170rlap l\u00e9trehoz\u00e1sa L\u00e9pjen be O365 felhaszn\u00e1l\u00f3j\u00e1val a \u201c <a href=\"https:\/\/forms.office.com\/\" target=\"_blank\" rel=\"noopener\">Forms<\/a> \u201d alkalmaz\u00e1sba \u00e9s hozzon l\u00e9tre egy \u0171rlapot (v\u00e1laszthatja a Teszt opci\u00f3t is, ha oktat\u00e1si helyzetben van \u0171rlapra sz\u00fcks\u00e9ges). Az \u0171rlapnak az al\u00e1bbi param\u00e9tereket \u00e1ll\u00edtsa be: \u0170rlap neve: &hellip;<\/p>\n","protected":false},"author":102160,"featured_media":0,"parent":203,"menu_order":6,"comment_status":"closed","ping_status":"closed","template":"template-fullwidth.php","meta":{"_acf_changed":false,"footnotes":""},"categories":[],"tags":[],"class_list":["post-276","page","type-page","status-publish","hentry"],"acf":[],"publishpress_future_action":{"enabled":false,"date":"1970-01-01 01:00:00","action":"","terms":[],"taxonomy":"","browser_timezone_offset":0},"_links":{"self":[{"href":"https:\/\/semmelweis.hu\/mintahonlap\/wp-json\/wp\/v2\/pages\/276","targetHints":{"allow":["GET"]}}],"collection":[{"href":"https:\/\/semmelweis.hu\/mintahonlap\/wp-json\/wp\/v2\/pages"}],"about":[{"href":"https:\/\/semmelweis.hu\/mintahonlap\/wp-json\/wp\/v2\/types\/page"}],"author":[{"embeddable":true,"href":"https:\/\/semmelweis.hu\/mintahonlap\/wp-json\/wp\/v2\/users\/102160"}],"replies":[{"embeddable":true,"href":"https:\/\/semmelweis.hu\/mintahonlap\/wp-json\/wp\/v2\/comments?post=276"}],"version-history":[{"count":10,"href":"https:\/\/semmelweis.hu\/mintahonlap\/wp-json\/wp\/v2\/pages\/276\/revisions"}],"predecessor-version":[{"id":501,"href":"https:\/\/semmelweis.hu\/mintahonlap\/wp-json\/wp\/v2\/pages\/276\/revisions\/501"}],"up":[{"embeddable":true,"href":"https:\/\/semmelweis.hu\/mintahonlap\/wp-json\/wp\/v2\/pages\/203"}],"wp:attachment":[{"href":"https:\/\/semmelweis.hu\/mintahonlap\/wp-json\/wp\/v2\/media?parent=276"}],"wp:term":[{"taxonomy":"category","embeddable":true,"href":"https:\/\/semmelweis.hu\/mintahonlap\/wp-json\/wp\/v2\/categories?post=276"},{"taxonomy":"post_tag","embeddable":true,"href":"https:\/\/semmelweis.hu\/mintahonlap\/wp-json\/wp\/v2\/tags?post=276"}],"curies":[{"name":"wp","href":"https:\/\/api.w.org\/{rel}","templated":true}]}}