{"id":273,"date":"2024-07-22T14:52:53","date_gmt":"2024-07-22T12:52:53","guid":{"rendered":"https:\/\/semmelweis.hu\/mintahonlap\/?page_id=273"},"modified":"2024-11-20T11:00:42","modified_gmt":"2024-11-20T10:00:42","slug":"nezetek-kartyas-youtube-stb","status":"publish","type":"page","link":"https:\/\/semmelweis.hu\/mintahonlap\/gyakorlo-feladatok-extra\/nezetek-kartyas-youtube-stb\/","title":{"rendered":"N\u00e9zetek (k\u00e1rty\u00e1s, YouTube, stb.)"},"content":{"rendered":"<p><a href=\"https:\/\/semmelweis.hu\/wiki\/kiegeszito-eszkozok\/bejegyzesek-megjelenitese-shortkoddal\/\" target=\"_blank\" rel=\"noopener\">Kapcsol\u00f3d\u00f3 Wiki le\u00edr\u00e1s \u2192<\/a><\/p>\n<p>Nyissa meg a kor\u00e1bban l\u00e9trehozott <strong>\u201cExtra men\u00fcpont\u201d c\u00edmre keresztelt oldalt<\/strong> \u00e9s helyezze el rajta az al\u00e1bbi n\u00e9zeteket (<strong>shortcode-okat<\/strong>):<\/p>\n<h5>I. K\u00e1rty\u00e1s vagy list\u00e1s n\u00e9zet kateg\u00f3ri\u00e1b\u00f3l vagy c\u00edmk\u00e9b\u0151l (post-cards)<\/h5>\n<p>Be\u00e1ll\u00edt\u00e1sok:<\/p>\n<ol>\n<li>V\u00e1lassza ki az &#8222;extra&#8221; kateg\u00f3ri\u00e1t.<\/li>\n<li>Adja meg c\u00edmk\u00e9nt az al\u00e1bbi sz\u00f6veget: &#8222;Post minta&#8221;.<\/li>\n<li>A kateg\u00f3ria form\u00e1j\u00e1t k\u00e1rty\u00e1s n\u00e9zetben jel\u00f6lje meg.<\/li>\n<li>A meta inform\u00e1ci\u00f3kat rejtse el.<\/li>\n<li>A kivonat inform\u00e1ci\u00f3kat szint\u00e9n rejtse el.<\/li>\n<li>Az egym\u00e1s mellett megjelen\u0151 k\u00e1rty\u00e1k sz\u00e1m\u00e1t \u00e1ll\u00edtsa 3-ra.<\/li>\n<\/ol>\n<h5>II. Aloldalak k\u00e1rty\u00e1s (csemp\u00e9s) n\u00e9zetben (page_grid)<\/h5>\n<p>Be\u00e1ll\u00edt\u00e1sok:<\/p>\n<ol>\n<li>A &#8222;gyerekoldalak&#8221; param\u00e9tereit \u00e1ll\u00edtsa 1-re.<\/li>\n<li>Adja meg c\u00edmk\u00e9nt az al\u00e1bbi sz\u00f6veget: &#8222;Page minta&#8221;.<\/li>\n<li>Rejtse el az oldalak kiemelt k\u00e9peit.<\/li>\n<li>Az egym\u00e1s mellett megjelen\u0151 k\u00e1rty\u00e1k (csemp\u00e9k) sz\u00e1m\u00e1t \u00e1ll\u00edtsa 2-re.<\/li>\n<li>Rejtse el a kivonatra vonatkoz\u00f3 inform\u00e1ci\u00f3kat.<\/li>\n<\/ol>\n<p>A vonatkoz\u00f3 kateg\u00f3ri\u00e1ba tartoz\u00f3 oldalak sorrendj\u00e9t (publik\u00e1l\u00e1s id\u0151pontja), <strong>\u00e1ll\u00edtsa \u00e1t az al\u00e1bbiak szerint<\/strong>: Extra almen\u00fcpont 1-4<\/p>\n<h5>III. Youtube playlist megjelen\u00edt\u00e9se<\/h5>\n<p>Be\u00e1ll\u00edt\u00e1sok:<\/p>\n<ol>\n<li>Adja meg a kiv\u00e1lasztott youtube playlist forr\u00e1s\u00e1t (k\u00e9rj\u00fck a relev\u00e1ns tartalmat v\u00e1lasszon).<\/li>\n<li>Adja meg c\u00edmk\u00e9nt az al\u00e1bbi sz\u00f6veget: &#8222;Vide\u00f3 minta&#8221;.<\/li>\n<li>V\u00e1lassza ki a lapozhat\u00f3 formai megjelen\u00edt\u00e9st.<\/li>\n<li>H\u00e1tt\u00e9rsz\u00ednn\u00e9l k\u00e9rj\u00fck a k\u00e9k sz\u00ednt adja meg.\u00a0<\/li>\n<\/ol>\n<h5>IV. M\u00e1sik weboldal h\u00edreinek beilleszt\u00e9se (import-post)<\/h5>\n<p>Illessze be a www.semmelweis.hu\/hirek oldalr\u00f3l a <strong>relev\u00e1ns h\u00edreket<\/strong> az al\u00e1bbi be\u00e1ll\u00edt\u00e1sok birtok\u00e1ban.<\/p>\n<p>Be\u00e1ll\u00edt\u00e1sok:<\/p>\n<ol>\n<li>Az import\u00e1lni k\u00edv\u00e1nt kateg\u00f3ri\u00e1hoz k\u00e9rj\u00fck adja meg a k\u00f6vetkez\u0151t: &#8222;hallgatok-oktatas&#8221;.<\/li>\n<li>Jelen\u00edtse meg a kiemelt k\u00e9peket.<\/li>\n<li>A megjelen\u00edteni k\u00edv\u00e1nt bejegyz\u00e9sek sz\u00e1m\u00e1t \u00e1ll\u00edtsa 5-re.<\/li>\n<li>\u00c1ll\u00edtsa be, hogy a linkre kattintva a v\u00e1lasztott h\u00edr egy \u00faj lapf\u00fclben ny\u00edljon meg.<\/li>\n<\/ol>\n<h5>V. Oldal ment\u00e9se<\/h5>\n<p>A fenti feladatok elv\u00e9gz\u00e9se ut\u00e1n <strong>kattintson a \u201cfriss\u00edt\u00e9s<\/strong>\u201d gombra.<\/p>\n<p><a class=\"btn btn-secondary\" href=\"https:\/\/semmelweis.hu\/mintahonlap\/extra-menupont\/\" target=\"_blank\" rel=\"noopener\">\u00d6nellen\u0151rz\u00e9s<\/a><\/p>\n","protected":false},"excerpt":{"rendered":"<p><a href=\"https:\/\/semmelweis.hu\/wiki\/kiegeszito-eszkozok\/bejegyzesek-megjelenitese-shortkoddal\/\" target=\"_blank\" rel=\"noopener\">Kapcsol\u00f3d\u00f3 Wiki le\u00edr\u00e1s \u2192<\/a> Nyissa meg a kor\u00e1bban l\u00e9trehozott \u201cExtra men\u00fcpont\u201d c\u00edmre keresztelt oldalt \u00e9s helyezze el rajta az al\u00e1bbi n\u00e9zeteket (shortcode-okat): I. K\u00e1rty\u00e1s vagy list\u00e1s n\u00e9zet kateg\u00f3ri\u00e1b\u00f3l vagy c\u00edmk\u00e9b\u0151l (post-cards) Be\u00e1ll\u00edt\u00e1sok: V\u00e1lassza ki az &#8222;extra&#8221; kateg\u00f3ri\u00e1t. Adja meg c\u00edmk\u00e9nt az al\u00e1bbi sz\u00f6veget: &#8222;Post minta&#8221;. A kateg\u00f3ria form\u00e1j\u00e1t k\u00e1rty\u00e1s n\u00e9zetben jel\u00f6lje meg. A meta inform\u00e1ci\u00f3kat rejtse el. A kivonat &hellip;<\/p>\n","protected":false},"author":102160,"featured_media":0,"parent":203,"menu_order":5,"comment_status":"closed","ping_status":"closed","template":"template-fullwidth.php","meta":{"_acf_changed":false,"footnotes":""},"categories":[],"tags":[],"class_list":["post-273","page","type-page","status-publish","hentry"],"acf":[],"publishpress_future_action":{"enabled":false,"date":"1970-01-01 01:00:00","action":"","terms":[],"taxonomy":"","browser_timezone_offset":0},"_links":{"self":[{"href":"https:\/\/semmelweis.hu\/mintahonlap\/wp-json\/wp\/v2\/pages\/273","targetHints":{"allow":["GET"]}}],"collection":[{"href":"https:\/\/semmelweis.hu\/mintahonlap\/wp-json\/wp\/v2\/pages"}],"about":[{"href":"https:\/\/semmelweis.hu\/mintahonlap\/wp-json\/wp\/v2\/types\/page"}],"author":[{"embeddable":true,"href":"https:\/\/semmelweis.hu\/mintahonlap\/wp-json\/wp\/v2\/users\/102160"}],"replies":[{"embeddable":true,"href":"https:\/\/semmelweis.hu\/mintahonlap\/wp-json\/wp\/v2\/comments?post=273"}],"version-history":[{"count":5,"href":"https:\/\/semmelweis.hu\/mintahonlap\/wp-json\/wp\/v2\/pages\/273\/revisions"}],"predecessor-version":[{"id":456,"href":"https:\/\/semmelweis.hu\/mintahonlap\/wp-json\/wp\/v2\/pages\/273\/revisions\/456"}],"up":[{"embeddable":true,"href":"https:\/\/semmelweis.hu\/mintahonlap\/wp-json\/wp\/v2\/pages\/203"}],"wp:attachment":[{"href":"https:\/\/semmelweis.hu\/mintahonlap\/wp-json\/wp\/v2\/media?parent=273"}],"wp:term":[{"taxonomy":"category","embeddable":true,"href":"https:\/\/semmelweis.hu\/mintahonlap\/wp-json\/wp\/v2\/categories?post=273"},{"taxonomy":"post_tag","embeddable":true,"href":"https:\/\/semmelweis.hu\/mintahonlap\/wp-json\/wp\/v2\/tags?post=273"}],"curies":[{"name":"wp","href":"https:\/\/api.w.org\/{rel}","templated":true}]}}