{"id":270,"date":"2024-07-22T11:51:04","date_gmt":"2024-07-22T09:51:04","guid":{"rendered":"https:\/\/semmelweis.hu\/mintahonlap\/?page_id=270"},"modified":"2024-11-20T15:18:58","modified_gmt":"2024-11-20T14:18:58","slug":"gyik-faq-szekcio-hozzaadasa","status":"publish","type":"page","link":"https:\/\/semmelweis.hu\/mintahonlap\/gyakorlo-feladatok-extra\/gyik-faq-szekcio-hozzaadasa\/","title":{"rendered":"GYIK\/FAQ szekci\u00f3 hozz\u00e1ad\u00e1sa"},"content":{"rendered":"<p><a href=\"https:\/\/semmelweis.hu\/wiki\/kiegeszito-eszkozok\/gyakran-ismetelt-kerdesek-azaz-gyik-faq-keszitese\/\" target=\"_blank\" rel=\"noopener\">Kapcsol\u00f3d\u00f3 Wiki le\u00edr\u00e1s \u2192<\/a><\/p>\n<h5>I. B\u0151v\u00edtm\u00e9ny bekapcsol\u00e1sa\u00a0<\/h5>\n<p>Els\u0151k\u00e9nt kapcsolja be a <strong>Quick and Easy FAQs b\u0151v\u00edtm\u00e9nyt<\/strong> a weboldalon.<\/p>\n<h5>II. GYIK\/FAQ be\u00e1ll\u00edt\u00e1sok<\/h5>\n<p>\u00c1ll\u00edtsa be az al\u00e1bbi param\u00e9tereket az FAQ megjelen\u00e9s\u00e9hez:<\/p>\n<ul>\n<li>K\u00e9rd\u00e9sek bet\u0171sz\u00edn: #1c315a<\/li>\n<li>K\u00e9rd\u00e9sek h\u00e1tt\u00e9rsz\u00edn: #ffffff<\/li>\n<li>V\u00e1lasz bet\u0171sz\u00edn: #333333<\/li>\n<li>V\u00e1lasz h\u00e1tt\u00e9rsz\u00edn: #ffffff<\/li>\n<\/ul>\n<h5>III. Az FAQ\u00a0tartalom l\u00e9trehoz\u00e1sa<\/h5>\n<p>Hozzon l\u00e9tre a <strong>Vez\u00e9rl\u0151pult &gt; FAQ &gt; Group<\/strong> men\u00fcponton bel\u00fcl egy \u00faj <strong>FAQ Group<\/strong>-ot, azaz <strong>csoportot \u201cmintat\u00e9ma\u201d<\/strong> n\u00e9ven.<\/p>\n<p>Hozzon l\u00e9tre az al\u00e1bbi 5 bekezd\u00e9s sz\u00f6veg\u00e9b\u0151l<strong> 5 darab \u00faj FAQ bejegyz\u00e9st <\/strong>(azaz k\u00e9rd\u00e9s-v\u00e1laszt)<strong> &#8222;GYIK 1&#8221;,\u00a0 &#8222;GYIK 2&#8221; stb. c\u00edmmel <\/strong>\u00fagy, hogy minden FAQ bejegyz\u00e9s az al\u00e1bbi sz\u00f6veg egyik bekezd\u00e9s\u00e9t tartalmazza<strong>. <\/strong><\/p>\n<p><strong>Mindegyik FAQ bejegyz\u00e9s <\/strong>a kor\u00e1bban l\u00e9trehozott<strong> \u201cmintat\u00e9ma\u201d FAQ Group t\u00e9mak\u00f6rbe ker\u00fclj\u00f6n.<\/strong><\/p>\n<p><em>Lorem ipsum dolor sit amet, consectetur adipiscing elit. Duis tortor augue, dapibus et tortor a, cursus dapibus urna. Donec nec lobortis eros. Aenean in sollicitudin elit. Suspendisse quis quam eu lacus semper imperdiet. Maecenas ultrices cursus vehicula. Suspendisse potenti. Suspendisse tincidunt rutrum metus, sit amet dignissim arcu sagittis et. Class aptent taciti sociosqu ad litora torquent per conubia nostra, per inceptos himenaeos. Vestibulum ante ipsum primis in faucibus orci luctus et ultrices posuere cubilia curae;<\/em><\/p>\n<p><em>Pellentesque sit amet leo posuere mauris pulvinar sollicitudin. Pellentesque vitae tortor semper justo consectetur ullamcorper. Pellentesque nec porttitor tortor. Proin venenatis at magna vel rutrum. Nunc sed dolor in turpis sodales iaculis vehicula in neque. Nam turpis nisl, varius sit amet ipsum ut, iaculis commodo mauris. Praesent sodales nec magna quis vehicula. Nullam vel tempus odio. Nunc justo risus, imperdiet in tellus vitae, dictum eleifend ex.<\/em><\/p>\n<p><em>In lacinia arcu ex, eu viverra arcu gravida in. Ut augue est, laoreet at vestibulum sit amet, euismod et massa. Curabitur eu sollicitudin libero, dignissim rhoncus urna. Duis ut ipsum eget mi feugiat fringilla. Cras nec risus non magna condimentum efficitur vel porttitor augue. Pellentesque mattis orci in molestie semper. Vestibulum tempus sollicitudin enim. Phasellus ut sagittis eros. Duis mattis lobortis odio, faucibus convallis mauris ultricies ut. Nunc dignissim at nibh at egestas. Phasellus varius leo non iaculis finibus. Donec id semper leo, non mattis erat. Nulla eros neque, iaculis sit amet molestie at, pharetra vitae dui.<\/em><\/p>\n<p><em>Aliquam venenatis, eros ac rhoncus sollicitudin, nulla orci congue ante, in dapibus nibh metus non lorem. Vestibulum nec mattis nibh. Nullam eget nisi et turpis feugiat porttitor et non felis. In mauris dui, efficitur eu magna vel, tempor facilisis lorem. Pellentesque pellentesque fermentum nibh id ullamcorper. Etiam placerat convallis ipsum ac dignissim. Donec eu mi vel enim blandit euismod et lacinia dui. Vestibulum et arcu suscipit, semper lacus et, semper diam. Class aptent taciti sociosqu ad litora torquent per conubia nostra, per inceptos himenaeos.<\/em><\/p>\n<p><em>Phasellus efficitur, sem vitae euismod suscipit, nunc dolor sollicitudin nibh, at dapibus quam sem ut odio. Phasellus at tellus vitae sem rhoncus condimentum. Duis iaculis viverra est in malesuada. Curabitur vel vestibulum diam, id egestas massa. Vivamus tempor orci vitae velit vestibulum, vel tincidunt enim vulputate. Curabitur maximus orci sed diam sollicitudin, vitae imperdiet nisl laoreet. Lorem ipsum dolor sit amet, consectetur adipiscing elit. Sed congue felis purus, sit amet feugiat elit tincidunt dictum. In ut sollicitudin nisi. Morbi et mi nisl. Curabitur ut tristique nisl. Morbi nunc nibh, fermentum vel dapibus sit amet, pellentesque eget augue. Mauris venenatis euismod lacus, sit amet sollicitudin eros pellentesque quis. Curabitur elementum lacus eget dapibus tempus. Suspendisse potenti. Curabitur dolor diam, volutpat ut condimentum sed, ullamcorper non massa.<\/em><\/p>\n<h5>II. Az FAQ oldal l\u00e9trehoz\u00e1sa<\/h5>\n<p><strong>Hozzon l\u00e9tre egy \u00faj oldalt<\/strong>, c\u00edmk\u00e9nt adja meg: Extra almen\u00fcpont 4<\/p>\n<p>Helyezze el az \u00f6sszes, a <strong>mintat\u00e9ma<\/strong> csoportba sorolt k\u00e9rd\u00e9st <strong>&#8222;leny\u00edl\u00f3 &#8211; felz\u00e1r\u00f3d\u00f3\u201d m\u00f3don<\/strong>.<\/p>\n<h5>III. GYIK\/FAQ k\u00e9rd\u00e9sek sorrendj\u00e9nek be\u00e1ll\u00edt\u00e1sa<\/h5>\n<p>A jelenlegi <strong>GYIK 5 \u20131 sorrend helyett<\/strong> \u00e1ll\u00edtsa \u00e1t a k\u00e9rd\u00e9sek sorrendj\u00e9t, az al\u00e1bbiak szerint: <strong>GYIK 1,4,2,3,5.<\/strong><\/p>\n<h5>IV. Oldalbe\u00e1ll\u00edt\u00e1sok<\/h5>\n<ul>\n<li>K\u00f6zz\u00e9t\u00e9tel k\u00f6re: Intranet<\/li>\n<li>Sz\u00fcl\u0151: Extra men\u00fcpont<\/li>\n<li>Sablonminta: alap\u00e9rtelmezett sablon<\/li>\n<li>Kateg\u00f3ria: extra<\/li>\n<li>Sorrend: 4<\/li>\n<\/ul>\n<h5>V. Oldal ment\u00e9se<\/h5>\n<p>A fenti feladatok elv\u00e9gz\u00e9se ut\u00e1n <strong>kattintson a \u201ck\u00f6zz\u00e9t\u00e9tel\u201d gombra.<\/strong><\/p>\n<p><a class=\"btn btn-secondary\" href=\"https:\/\/semmelweis.hu\/mintahonlap\/extra-menupont\/extra-almenupont-4\/\" target=\"_blank\" rel=\"noopener\">\u00d6nellen\u0151rz\u00e9s<\/a><\/p>\n","protected":false},"excerpt":{"rendered":"<p><a href=\"https:\/\/semmelweis.hu\/wiki\/kiegeszito-eszkozok\/gyakran-ismetelt-kerdesek-azaz-gyik-faq-keszitese\/\" target=\"_blank\" rel=\"noopener\">Kapcsol\u00f3d\u00f3 Wiki le\u00edr\u00e1s \u2192<\/a> I. B\u0151v\u00edtm\u00e9ny bekapcsol\u00e1sa\u00a0 Els\u0151k\u00e9nt kapcsolja be a Quick and Easy FAQs b\u0151v\u00edtm\u00e9nyt a weboldalon. II. GYIK\/FAQ be\u00e1ll\u00edt\u00e1sok \u00c1ll\u00edtsa be az al\u00e1bbi param\u00e9tereket az FAQ megjelen\u00e9s\u00e9hez: K\u00e9rd\u00e9sek bet\u0171sz\u00edn: #1c315a K\u00e9rd\u00e9sek h\u00e1tt\u00e9rsz\u00edn: #ffffff V\u00e1lasz bet\u0171sz\u00edn: #333333 V\u00e1lasz h\u00e1tt\u00e9rsz\u00edn: #ffffff III. Az FAQ\u00a0tartalom l\u00e9trehoz\u00e1sa Hozzon l\u00e9tre a Vez\u00e9rl\u0151pult &gt; FAQ &gt; Group men\u00fcponton bel\u00fcl egy \u00faj FAQ Group-ot, &hellip;<\/p>\n","protected":false},"author":102160,"featured_media":0,"parent":203,"menu_order":4,"comment_status":"closed","ping_status":"closed","template":"template-fullwidth.php","meta":{"_acf_changed":false,"footnotes":""},"categories":[],"tags":[],"class_list":["post-270","page","type-page","status-publish","hentry"],"acf":[],"publishpress_future_action":{"enabled":false,"date":"1970-01-01 01:00:00","action":"","terms":[],"taxonomy":"","browser_timezone_offset":0},"_links":{"self":[{"href":"https:\/\/semmelweis.hu\/mintahonlap\/wp-json\/wp\/v2\/pages\/270","targetHints":{"allow":["GET"]}}],"collection":[{"href":"https:\/\/semmelweis.hu\/mintahonlap\/wp-json\/wp\/v2\/pages"}],"about":[{"href":"https:\/\/semmelweis.hu\/mintahonlap\/wp-json\/wp\/v2\/types\/page"}],"author":[{"embeddable":true,"href":"https:\/\/semmelweis.hu\/mintahonlap\/wp-json\/wp\/v2\/users\/102160"}],"replies":[{"embeddable":true,"href":"https:\/\/semmelweis.hu\/mintahonlap\/wp-json\/wp\/v2\/comments?post=270"}],"version-history":[{"count":7,"href":"https:\/\/semmelweis.hu\/mintahonlap\/wp-json\/wp\/v2\/pages\/270\/revisions"}],"predecessor-version":[{"id":480,"href":"https:\/\/semmelweis.hu\/mintahonlap\/wp-json\/wp\/v2\/pages\/270\/revisions\/480"}],"up":[{"embeddable":true,"href":"https:\/\/semmelweis.hu\/mintahonlap\/wp-json\/wp\/v2\/pages\/203"}],"wp:attachment":[{"href":"https:\/\/semmelweis.hu\/mintahonlap\/wp-json\/wp\/v2\/media?parent=270"}],"wp:term":[{"taxonomy":"category","embeddable":true,"href":"https:\/\/semmelweis.hu\/mintahonlap\/wp-json\/wp\/v2\/categories?post=270"},{"taxonomy":"post_tag","embeddable":true,"href":"https:\/\/semmelweis.hu\/mintahonlap\/wp-json\/wp\/v2\/tags?post=270"}],"curies":[{"name":"wp","href":"https:\/\/api.w.org\/{rel}","templated":true}]}}