{"id":267,"date":"2024-07-22T10:36:59","date_gmt":"2024-07-22T08:36:59","guid":{"rendered":"https:\/\/semmelweis.hu\/mintahonlap\/?page_id=267"},"modified":"2024-11-20T10:56:02","modified_gmt":"2024-11-20T09:56:02","slug":"table-press-excel-fajl-importalasa","status":"publish","type":"page","link":"https:\/\/semmelweis.hu\/mintahonlap\/gyakorlo-feladatok-extra\/table-press-excel-fajl-importalasa\/","title":{"rendered":"Table Press \u2013 Excel f\u00e1jl import\u00e1l\u00e1sa"},"content":{"rendered":"<p><a href=\"https:\/\/semmelweis.hu\/wiki\/kiegeszito-eszkozok\/excel-fajl-adatainak-megjelenitese-wp-table\/\" target=\"_blank\" rel=\"noopener\">Kapcsol\u00f3d\u00f3 Wiki le\u00edr\u00e1s \u2192<\/a><\/p>\n<h5>I. Tartalom l\u00e9trehoz\u00e1sa<\/h5>\n<p>Hozzon l\u00e9tre egy <strong>\u00faj oldalt<\/strong>, c\u00edmk\u00e9nt adja meg: <strong>Extra almen\u00fcpont 3<\/strong><\/p>\n<h5>II. Excel f\u00e1jl felt\u00f6lt\u00e9se \u00e9s beilleszt\u00e9se<\/h5>\n<p>Els\u0151 l\u00e9p\u00e9sk\u00e9nt keresse meg be a <strong>Table Press b\u0151v\u00edtm\u00e9nyt<\/strong> a Vez\u00e9rl\u0151pulton, majd <strong>t\u00f6lts\u00f6n fel egy excel f\u00e1jlt<\/strong>, amelyben legal\u00e1bb 3-4 oszlop \u00e9s legal\u00e1bb ugyanennyi sor is van.<\/p>\n<p>A t\u00e1bl\u00e1zat legyen kereshet\u0151, de ne legyen sorba rendezhet\u0151 az oszlopok tartalma alapj\u00e1n <em>(megjelen\u00edt\u00e9skor majd ne legyen az els\u0151 sorban le \u00e9s felfel\u00e9 mutat\u00f3 h\u00e1romsz\u00f6g)<\/em>.\u00a0<\/p>\n<p>A felt\u00f6lt\u00e9st k\u00f6vet\u0151en <strong>illessze be a t\u00e1bl\u00e1zatot az oldalba<\/strong>.<\/p>\n<h5>III. Oldalbe\u00e1ll\u00edt\u00e1sok<\/h5>\n<ul>\n<li>K\u00f6zz\u00e9t\u00e9tel k\u00f6re: Intranet<\/li>\n<li>Sz\u00fcl\u0151: Extra men\u00fcpont<\/li>\n<li>Sablonminta: alap\u00e9rtelmezett sablon<\/li>\n<li>Kateg\u00f3ria: extra<\/li>\n<li>Sorrend: 3<\/li>\n<\/ul>\n<h5>IV. Oldal ment\u00e9se<\/h5>\n<p>A fenti feladatok elv\u00e9gz\u00e9se ut\u00e1n kattintson a \u201c<strong>k\u00f6zz\u00e9t\u00e9tel<\/strong>\u201d gombra.<\/p>\n<p><a class=\"btn btn-secondary\" href=\"https:\/\/semmelweis.hu\/mintahonlap\/extra-menupont\/extra-almenupont-3\/\" target=\"_blank\" rel=\"noopener\">\u00d6nellen\u0151rz\u00e9s<\/a><\/p>\n","protected":false},"excerpt":{"rendered":"<p><a href=\"https:\/\/semmelweis.hu\/wiki\/kiegeszito-eszkozok\/excel-fajl-adatainak-megjelenitese-wp-table\/\" target=\"_blank\" rel=\"noopener\">Kapcsol\u00f3d\u00f3 Wiki le\u00edr\u00e1s \u2192<\/a> I. Tartalom l\u00e9trehoz\u00e1sa Hozzon l\u00e9tre egy \u00faj oldalt, c\u00edmk\u00e9nt adja meg: Extra almen\u00fcpont 3 II. Excel f\u00e1jl felt\u00f6lt\u00e9se \u00e9s beilleszt\u00e9se Els\u0151 l\u00e9p\u00e9sk\u00e9nt keresse meg be a Table Press b\u0151v\u00edtm\u00e9nyt a Vez\u00e9rl\u0151pulton, majd t\u00f6lts\u00f6n fel egy excel f\u00e1jlt, amelyben legal\u00e1bb 3-4 oszlop \u00e9s legal\u00e1bb ugyanennyi sor is van. A t\u00e1bl\u00e1zat legyen kereshet\u0151, de ne legyen sorba &hellip;<\/p>\n","protected":false},"author":102160,"featured_media":0,"parent":203,"menu_order":3,"comment_status":"closed","ping_status":"closed","template":"template-fullwidth.php","meta":{"_acf_changed":false,"footnotes":""},"categories":[],"tags":[],"class_list":["post-267","page","type-page","status-publish","hentry"],"acf":[],"publishpress_future_action":{"enabled":false,"date":"1970-01-01 01:00:00","action":"","terms":[],"taxonomy":"","browser_timezone_offset":0},"_links":{"self":[{"href":"https:\/\/semmelweis.hu\/mintahonlap\/wp-json\/wp\/v2\/pages\/267","targetHints":{"allow":["GET"]}}],"collection":[{"href":"https:\/\/semmelweis.hu\/mintahonlap\/wp-json\/wp\/v2\/pages"}],"about":[{"href":"https:\/\/semmelweis.hu\/mintahonlap\/wp-json\/wp\/v2\/types\/page"}],"author":[{"embeddable":true,"href":"https:\/\/semmelweis.hu\/mintahonlap\/wp-json\/wp\/v2\/users\/102160"}],"replies":[{"embeddable":true,"href":"https:\/\/semmelweis.hu\/mintahonlap\/wp-json\/wp\/v2\/comments?post=267"}],"version-history":[{"count":7,"href":"https:\/\/semmelweis.hu\/mintahonlap\/wp-json\/wp\/v2\/pages\/267\/revisions"}],"predecessor-version":[{"id":454,"href":"https:\/\/semmelweis.hu\/mintahonlap\/wp-json\/wp\/v2\/pages\/267\/revisions\/454"}],"up":[{"embeddable":true,"href":"https:\/\/semmelweis.hu\/mintahonlap\/wp-json\/wp\/v2\/pages\/203"}],"wp:attachment":[{"href":"https:\/\/semmelweis.hu\/mintahonlap\/wp-json\/wp\/v2\/media?parent=267"}],"wp:term":[{"taxonomy":"category","embeddable":true,"href":"https:\/\/semmelweis.hu\/mintahonlap\/wp-json\/wp\/v2\/categories?post=267"},{"taxonomy":"post_tag","embeddable":true,"href":"https:\/\/semmelweis.hu\/mintahonlap\/wp-json\/wp\/v2\/tags?post=267"}],"curies":[{"name":"wp","href":"https:\/\/api.w.org\/{rel}","templated":true}]}}