{"id":261,"date":"2024-07-09T15:05:07","date_gmt":"2024-07-09T13:05:07","guid":{"rendered":"https:\/\/semmelweis.hu\/mintahonlap\/?page_id=261"},"modified":"2024-11-20T14:33:06","modified_gmt":"2024-11-20T13:33:06","slug":"lenyilo-es-felzarodo-funkcio","status":"publish","type":"page","link":"https:\/\/semmelweis.hu\/mintahonlap\/gyakorlo-feladatok-extra\/lenyilo-es-felzarodo-funkcio\/","title":{"rendered":"Leny\u00edl\u00f3 \u00e9s felz\u00e1r\u00f3d\u00f3 funkci\u00f3"},"content":{"rendered":"<p><a href=\"https:\/\/semmelweis.hu\/wiki\/kiegeszito-eszkozok\/lenyilo-es-felzarodo-funkcio-expandcollapse\/\" target=\"_blank\" rel=\"noopener\">Kapcsol\u00f3d\u00f3 Wiki le\u00edr\u00e1s \u2192<\/a><\/p>\n<h5>I. Tartalom l\u00e9trehoz\u00e1sa \u00e9s a megjelen\u00edt\u00e9s \u00e1talak\u00edt\u00e1sa<\/h5>\n<p>Hozzon l\u00e9tre egy <strong>\u00faj oldalt<\/strong>, c\u00edmk\u00e9nt adja meg: <strong>Extra almen\u00fcpont 2<\/strong><\/p>\n<p>A szerkeszt\u0151fel\u00fcletre illessze be az al\u00e1bbi sz\u00f6veget (<strong>beilleszt\u00e9s egyszer\u0171 sz\u00f6vegk\u00e9nt<\/strong>):<\/p>\n<p><em>Lorem ipsum dolor sit amet, consectetur adipiscing elit. Duis tortor augue, dapibus et tortor a, cursus dapibus urna. Donec nec lobortis eros. Aenean in sollicitudin elit. Suspendisse quis quam eu lacus semper imperdiet. Maecenas ultrices cursus vehicula. Suspendisse potenti. Suspendisse tincidunt rutrum metus, sit amet dignissim arcu sagittis et. Class aptent taciti sociosqu ad litora torquent per conubia nostra, per inceptos himenaeos. Vestibulum ante ipsum primis in faucibus orci luctus et ultrices posuere cubilia curae;<\/em><\/p>\n<p><em>Nulla at mi urna. Suspendisse faucibus tincidunt tempus. Aliquam libero massa, blandit a augue ut, finibus pellentesque tortor. Ut ullamcorper malesuada metus sit amet pellentesque. Maecenas ultricies, lorem quis bibendum bibendum, lorem mauris lacinia lorem, eu commodo velit elit ut augue. <\/em><\/p>\n<p><em>Maecenas nec blandit erat. Pellentesque a est in diam consequat ullamcorper in non lectus. Integer egestas scelerisque ex et rhoncus. Duis dictum a dui sed mattis. Nunc ac diam porta, varius mi sit amet, convallis lacus. Nunc rhoncus consequat justo sit amet elementum. Phasellus iaculis dui eu dui efficitur, in consequat turpis tincidunt.<\/em><\/p>\n<p><strong>A feladat le\u00edr\u00e1sa:\u00a0<\/strong>a m\u00e1sodik \u00e9s a harmadik bekezd\u00e9sb\u0151l k\u00e9sz\u00edtsen egy-egy <strong>leny\u00edl\u00f3 funkci\u00f3t (expand\/collapse)<\/strong>. A kattinthat\u00f3 sz\u00f6veg legyen: <strong>Leny\u00edl\u00f3 sz\u00f6vegminta 1 <\/strong>\u00e9s <strong>Leny\u00edl\u00f3 sz\u00f6vegminta 2<\/strong><\/p>\n<p>Ha szeretn\u00e9, a sz\u00f6vegeket form\u00e1zhatja (f\u00e9lk\u00f6v\u00e9r, felsorol\u00e1sok, alc\u00edmek, k\u00e9p, stb.)<\/p>\n<h5>II. Oldalbe\u00e1ll\u00edt\u00e1sok<\/h5>\n<ul>\n<li>K\u00f6zz\u00e9t\u00e9tel k\u00f6re: Intranet<\/li>\n<li>Sz\u00fcl\u0151: Extra men\u00fcpont<\/li>\n<li>Sablonminta: alap\u00e9rtelmezett sablon<\/li>\n<li>Kateg\u00f3ria: extra<\/li>\n<li>Sorrend: 2<\/li>\n<\/ul>\n<h5>III. Oldal ment\u00e9se<\/h5>\n<p>A fenti feladatok elv\u00e9gz\u00e9se ut\u00e1n kattintson a \u201c<strong>k\u00f6zz\u00e9t\u00e9tel<\/strong>\u201d gombra.<\/p>\n<p><a class=\"btn btn-secondary\" href=\"https:\/\/semmelweis.hu\/mintahonlap\/extra-menupont\/extra-almenupont-2\/\" target=\"_blank\" rel=\"noopener\">\u00d6nellen\u0151rz\u00e9s<\/a><\/p>\n","protected":false},"excerpt":{"rendered":"<p><a href=\"https:\/\/semmelweis.hu\/wiki\/kiegeszito-eszkozok\/lenyilo-es-felzarodo-funkcio-expandcollapse\/\" target=\"_blank\" rel=\"noopener\">Kapcsol\u00f3d\u00f3 Wiki le\u00edr\u00e1s \u2192<\/a> I. Tartalom l\u00e9trehoz\u00e1sa \u00e9s a megjelen\u00edt\u00e9s \u00e1talak\u00edt\u00e1sa Hozzon l\u00e9tre egy \u00faj oldalt, c\u00edmk\u00e9nt adja meg: Extra almen\u00fcpont 2 A szerkeszt\u0151fel\u00fcletre illessze be az al\u00e1bbi sz\u00f6veget (beilleszt\u00e9s egyszer\u0171 sz\u00f6vegk\u00e9nt): Lorem ipsum dolor sit amet, consectetur adipiscing elit. Duis tortor augue, dapibus et tortor a, cursus dapibus urna. Donec nec lobortis eros. Aenean in sollicitudin elit. Suspendisse &hellip;<\/p>\n","protected":false},"author":102160,"featured_media":0,"parent":203,"menu_order":2,"comment_status":"closed","ping_status":"closed","template":"template-fullwidth.php","meta":{"_acf_changed":false,"footnotes":""},"categories":[],"tags":[],"class_list":["post-261","page","type-page","status-publish","hentry"],"acf":[],"publishpress_future_action":{"enabled":false,"date":"1970-01-01 01:00:00","action":"","terms":[],"taxonomy":"","browser_timezone_offset":0},"_links":{"self":[{"href":"https:\/\/semmelweis.hu\/mintahonlap\/wp-json\/wp\/v2\/pages\/261","targetHints":{"allow":["GET"]}}],"collection":[{"href":"https:\/\/semmelweis.hu\/mintahonlap\/wp-json\/wp\/v2\/pages"}],"about":[{"href":"https:\/\/semmelweis.hu\/mintahonlap\/wp-json\/wp\/v2\/types\/page"}],"author":[{"embeddable":true,"href":"https:\/\/semmelweis.hu\/mintahonlap\/wp-json\/wp\/v2\/users\/102160"}],"replies":[{"embeddable":true,"href":"https:\/\/semmelweis.hu\/mintahonlap\/wp-json\/wp\/v2\/comments?post=261"}],"version-history":[{"count":7,"href":"https:\/\/semmelweis.hu\/mintahonlap\/wp-json\/wp\/v2\/pages\/261\/revisions"}],"predecessor-version":[{"id":478,"href":"https:\/\/semmelweis.hu\/mintahonlap\/wp-json\/wp\/v2\/pages\/261\/revisions\/478"}],"up":[{"embeddable":true,"href":"https:\/\/semmelweis.hu\/mintahonlap\/wp-json\/wp\/v2\/pages\/203"}],"wp:attachment":[{"href":"https:\/\/semmelweis.hu\/mintahonlap\/wp-json\/wp\/v2\/media?parent=261"}],"wp:term":[{"taxonomy":"category","embeddable":true,"href":"https:\/\/semmelweis.hu\/mintahonlap\/wp-json\/wp\/v2\/categories?post=261"},{"taxonomy":"post_tag","embeddable":true,"href":"https:\/\/semmelweis.hu\/mintahonlap\/wp-json\/wp\/v2\/tags?post=261"}],"curies":[{"name":"wp","href":"https:\/\/api.w.org\/{rel}","templated":true}]}}