{"id":258,"date":"2024-07-09T15:01:19","date_gmt":"2024-07-09T13:01:19","guid":{"rendered":"https:\/\/semmelweis.hu\/mintahonlap\/?page_id=258"},"modified":"2024-11-20T14:18:27","modified_gmt":"2024-11-20T13:18:27","slug":"tabulalt-fules-megjelenites","status":"publish","type":"page","link":"https:\/\/semmelweis.hu\/mintahonlap\/gyakorlo-feladatok-extra\/tabulalt-fules-megjelenites\/","title":{"rendered":"Tabul\u00e1lt &#8211; f\u00fcles megjelen\u00edt\u00e9s"},"content":{"rendered":"<p><a href=\"https:\/\/semmelweis.hu\/wiki\/kiegeszito-eszkozok\/tabulalt-fules-megjelenites-egy-oldalon-vagy-bejegyzesen-belul\/\" target=\"_blank\" rel=\"noopener\">Kapcsol\u00f3d\u00f3 Wiki le\u00edr\u00e1s \u2192<\/a><\/p>\n<h5>I. Tartalom l\u00e9trehoz\u00e1sa<\/h5>\n<p>Hozzon l\u00e9tre egy <strong>\u00faj oldalt<\/strong>, c\u00edmk\u00e9nt adja meg: <strong>Extra almen\u00fcpont 1<\/strong><\/p>\n<p>Az oldal szerkeszt\u0151fel\u00fclet\u00e9be <strong>illessze be az al\u00e1bbi sz\u00f6veget<\/strong> (beilleszt\u00e9s egyszer\u0171 sz\u00f6vegk\u00e9nt):<\/p>\n<p><em>Lorem ipsum dolor sit amet, consectetur adipiscing elit. Duis tortor augue, dapibus et tortor a, cursus dapibus urna. Donec nec lobortis eros. Aenean in sollicitudin elit. Suspendisse quis quam eu lacus semper imperdiet. Maecenas ultrices cursus vehicula. Suspendisse potenti. Suspendisse tincidunt rutrum metus, sit amet dignissim arcu sagittis et. Class aptent taciti sociosqu ad litora torquent per conubia nostra, per inceptos himenaeos. Vestibulum ante ipsum primis in faucibus orci luctus et ultrices posuere cubilia curae;\u0171<\/em><\/p>\n<p><em>Nulla at mi urna. Suspendisse faucibus tincidunt tempus. Aliquam libero massa, blandit a augue ut, finibus pellentesque tortor. Ut ullamcorper malesuada metus sit amet pellentesque. Maecenas ultricies, lorem quis bibendum bibendum, lorem mauris lacinia lorem, eu commodo velit elit ut augue. Maecenas nec blandit erat. Pellentesque a est in diam consequat ullamcorper in non lectus. Integer egestas scelerisque ex et rhoncus. Duis dictum a dui sed mattis. Nunc ac diam porta, varius mi sit amet, convallis lacus. Nunc rhoncus consequat justo sit amet elementum. Phasellus iaculis dui eu dui efficitur, in consequat turpis tincidunt.<\/em><\/p>\n<p><em>Aenean dapibus risus quis leo volutpat, vitae volutpat sem ultricies. Quisque et orci tempus ipsum pellentesque cursus vestibulum at leo. Maecenas vitae tortor nisl. Donec viverra iaculis rhoncus. Integer ac ante ut enim dignissim suscipit. Donec sodales lorem nec nunc congue sagittis. Praesent eu massa a felis laoreet pretium ac eget leo. Fusce varius malesuada ante vitae vulputate. Aenean pharetra, lacus sit amet hendrerit scelerisque, arcu augue blandit neque, id tincidunt est augue eu purus. Donec ut metus diam. Phasellus id urna et ante feugiat sollicitudin non viverra enim.<\/em><\/p>\n<p><em>Mauris vehicula pellentesque neque et ullamcorper. Pellentesque habitant morbi tristique senectus et netus et malesuada fames ac turpis egestas. Etiam magna elit, sagittis sed nisl sed, pretium bibendum est. Donec dignissim ipsum tempor ex faucibus posuere. Vestibulum vel magna commodo, aliquet nulla non, posuere eros. Quisque congue leo blandit orci facilisis, in elementum lacus sodales. In condimentum justo at sem ultricies ultrices. Vestibulum sit amet bibendum dolor. Maecenas eleifend tempor magna, non finibus ante commodo nec. Morbi sem ex, consectetur at nulla a, interdum cursus sapien. Praesent id nisi sit amet dolor eleifend ultrices.<\/em><\/p>\n<h5>II. Tabul\u00e1torok &#8222;f\u00fclek&#8221; kialak\u00edt\u00e1sa<\/h5>\n<p>A bem\u00e1solt sz\u00f6veg<strong> 4 bekezd\u00e9st tartalmaz. Minden egyes bekezd\u00e9s egy \u00faj tabban (f\u00fclben) jelenjen meg!<\/strong><\/p>\n<p>Az f\u00fclek a k\u00f6vetkez\u0151 f\u00fclc\u00edmet kapj\u00e1k meg: <strong>\u201cminta 1\u201d, \u201cminta 2\u201d, \u201cminta 3\u201d, \u201cminta 4\u201d!<\/strong><\/p>\n<p><strong>A f\u00fcleknek adjon egy-egy szabadon v\u00e1lasztott c\u00edmet<\/strong>. A c\u00edmeket szerkessze meg <strong>C\u00edmsor 3-as<\/strong> form\u00e1tumra. A sz\u00f6vegeket<strong> t\u00f6rdelje be k\u00e9t vagy h\u00e1rom bekezd\u00e9sre.\u00a0<\/strong><\/p>\n<p>A m\u00e1sodik f\u00fcl sz\u00f6vege legyen d\u0151lt bet\u0171vel. A sz\u00f6vegekben &#8211; v\u00e9letlenszer\u0171en &#8211; v\u00e9gezzen az alapk\u00e9pz\u00e9sben megismert m\u00f3dos\u00edt\u00e1sokat: <strong>f\u00e9lk\u00f6v\u00e9r\/d\u0151lt bet\u0171t\u00edpus, k\u00e9p beilleszt\u00e9se, hivatkoz\u00e1sok\/dokumentumok, k\u00e9pgal\u00e9ria elhelyez\u00e9se<\/strong>, stb. A c\u00e9l, hogy egy strukt\u00far\u00e1j\u00e1ban \u00e9s form\u00e1j\u00e1ban <strong>k\u00f6nnyen \u00e1tl\u00e1that\u00f3 sz\u00f6veget hozzon l\u00e9tre<\/strong> az \u00f6sszes f\u00fcl alatt.<\/p>\n<h5>III. Oldalbe\u00e1ll\u00edt\u00e1sok<\/h5>\n<ul>\n<li>K\u00f6zz\u00e9t\u00e9tel k\u00f6re: Intranet<\/li>\n<li>Sz\u00fcl\u0151: Extra men\u00fcpont<\/li>\n<li>Sablonminta: alap\u00e9rtelmezett sablon<\/li>\n<li>Kateg\u00f3ria: (l\u00e9trehoz\u00e1s) extra<\/li>\n<li>Sorrend: 1<\/li>\n<\/ul>\n<h5>IV. Oldal ment\u00e9se<\/h5>\n<p>A fenti feladatok elv\u00e9gz\u00e9se ut\u00e1n kattintson a \u201c<strong>k\u00f6zz\u00e9t\u00e9tel<\/strong>\u201d gombra.<\/p>\n<p><a class=\"btn btn-secondary\" href=\"https:\/\/semmelweis.hu\/mintahonlap\/extra-menupont\/extra-almenupont-1\/\" target=\"_blank\" rel=\"noopener\">\u00d6nellen\u0151rz\u00e9s<\/a><\/p>\n","protected":false},"excerpt":{"rendered":"<p><a href=\"https:\/\/semmelweis.hu\/wiki\/kiegeszito-eszkozok\/tabulalt-fules-megjelenites-egy-oldalon-vagy-bejegyzesen-belul\/\" target=\"_blank\" rel=\"noopener\">Kapcsol\u00f3d\u00f3 Wiki le\u00edr\u00e1s \u2192<\/a> I. Tartalom l\u00e9trehoz\u00e1sa Hozzon l\u00e9tre egy \u00faj oldalt, c\u00edmk\u00e9nt adja meg: Extra almen\u00fcpont 1 Az oldal szerkeszt\u0151fel\u00fclet\u00e9be illessze be az al\u00e1bbi sz\u00f6veget (beilleszt\u00e9s egyszer\u0171 sz\u00f6vegk\u00e9nt): Lorem ipsum dolor sit amet, consectetur adipiscing elit. Duis tortor augue, dapibus et tortor a, cursus dapibus urna. Donec nec lobortis eros. Aenean in sollicitudin elit. Suspendisse quis quam eu &hellip;<\/p>\n","protected":false},"author":102160,"featured_media":0,"parent":203,"menu_order":1,"comment_status":"closed","ping_status":"closed","template":"template-fullwidth.php","meta":{"_acf_changed":false,"footnotes":""},"categories":[],"tags":[],"class_list":["post-258","page","type-page","status-publish","hentry"],"acf":[],"publishpress_future_action":{"enabled":false,"date":"1970-01-01 01:00:00","action":"","terms":[],"taxonomy":"","browser_timezone_offset":0},"_links":{"self":[{"href":"https:\/\/semmelweis.hu\/mintahonlap\/wp-json\/wp\/v2\/pages\/258","targetHints":{"allow":["GET"]}}],"collection":[{"href":"https:\/\/semmelweis.hu\/mintahonlap\/wp-json\/wp\/v2\/pages"}],"about":[{"href":"https:\/\/semmelweis.hu\/mintahonlap\/wp-json\/wp\/v2\/types\/page"}],"author":[{"embeddable":true,"href":"https:\/\/semmelweis.hu\/mintahonlap\/wp-json\/wp\/v2\/users\/102160"}],"replies":[{"embeddable":true,"href":"https:\/\/semmelweis.hu\/mintahonlap\/wp-json\/wp\/v2\/comments?post=258"}],"version-history":[{"count":7,"href":"https:\/\/semmelweis.hu\/mintahonlap\/wp-json\/wp\/v2\/pages\/258\/revisions"}],"predecessor-version":[{"id":473,"href":"https:\/\/semmelweis.hu\/mintahonlap\/wp-json\/wp\/v2\/pages\/258\/revisions\/473"}],"up":[{"embeddable":true,"href":"https:\/\/semmelweis.hu\/mintahonlap\/wp-json\/wp\/v2\/pages\/203"}],"wp:attachment":[{"href":"https:\/\/semmelweis.hu\/mintahonlap\/wp-json\/wp\/v2\/media?parent=258"}],"wp:term":[{"taxonomy":"category","embeddable":true,"href":"https:\/\/semmelweis.hu\/mintahonlap\/wp-json\/wp\/v2\/categories?post=258"},{"taxonomy":"post_tag","embeddable":true,"href":"https:\/\/semmelweis.hu\/mintahonlap\/wp-json\/wp\/v2\/tags?post=258"}],"curies":[{"name":"wp","href":"https:\/\/api.w.org\/{rel}","templated":true}]}}