{"id":203,"date":"2024-06-26T10:12:09","date_gmt":"2024-06-26T08:12:09","guid":{"rendered":"https:\/\/semmelweis.hu\/mintahonlap\/?page_id=203"},"modified":"2024-11-20T14:01:36","modified_gmt":"2024-11-20T13:01:36","slug":"gyakorlo-feladatok-extra","status":"publish","type":"page","link":"https:\/\/semmelweis.hu\/mintahonlap\/gyakorlo-feladatok-extra\/","title":{"rendered":"Gyakorl\u00f3 feladatok (extra)"},"content":{"rendered":"<div class=\"keretes w-100\">\n<p>Amennyiben az <a href=\"https:\/\/semmelweis.hu\/mintahonlap\/bevezetes\/\" target=\"_blank\" rel=\"noopener\">alapfeladatokkal<\/a> m\u00e1r j\u00f3l elboldogul, <strong>k\u00f6vetkezhet a komplexebb, &#8222;extra&#8221; ter\u00fcletek gyakorl\u00e1sa<\/strong>. Az al\u00e1bbi pr\u00f3bafeladatok specifikus funkci\u00f3kat \u00f6lelnek fel, ez\u00e9rt el\u0151fordul\u00e1suk j\u00f3val ritk\u00e1bb mint az alapk\u00e9pz\u00e9sben megismert munkafolyamatok\u00e9. \u00c9rdemes csak azokkal foglalkozni, ami a saj\u00e1t honlapon van, vagy esetleg sz\u00fcks\u00e9g lehet r\u00e1.<\/p>\n<p>A gyakorl\u00f3 feladatok elv\u00e9gz\u00e9se sor\u00e1n \u00e9rdemes p\u00e1rhuzamosan a\u00a0<strong>szerkeszt\u0151i \u00fatmutat\u00f3 le\u00edr\u00e1sokat \u00e9s vide\u00f3kat tartalmaz\u00f3\u00a0<\/strong>\u00a0<a href=\"https:\/\/semmelweis.hu\/wiki\/\" target=\"_blank\" rel=\"noopener\">wiki oldalunkat<\/a>\u00a0olvasni, ahol l\u00e9p\u00e9sr\u0151l l\u00e9p\u00e9sre bemutatunk minden egyes szerkeszt\u00e9si opci\u00f3t.\u00a0<\/p>\n<\/div>\n<h3>Extra feladatokhoz egy alapoldal l\u00e9trehoz\u00e1sa<\/h3>\n<p><a href=\"https:\/\/semmelweis.hu\/wiki\/tartalom-kezeles\/uj-oldal-letrehozasa\/\" target=\"_blank\" rel=\"noopener\">Kapcsol\u00f3d\u00f3 Wiki le\u00edr\u00e1s \u2192<\/a><\/p>\n<p>Els\u0151 l\u00e9p\u00e9sk\u00e9nt hozzon l\u00e9tre egy <strong>\u00faj oldalt<\/strong>, c\u00edmk\u00e9nt adja meg: <strong>Extra men\u00fcpont<\/strong> \u00e9s \u00e1ll\u00edtsa be az al\u00e1bbiakat:<\/p>\n<h5>I. Oldalbe\u00e1ll\u00edt\u00e1sok<\/h5>\n<ul>\n<li>K\u00f6zz\u00e9t\u00e9tel k\u00f6re: Intranet<\/li>\n<li>Sz\u00fcl\u0151: nincs<\/li>\n<li>Sablonminta: alap\u00e9rtelmezett sablon<\/li>\n<li>Sorrend: 5<\/li>\n<\/ul>\n<h5>II. Oldal k\u00f6zz\u00e9t\u00e9tele (ment\u00e9se)<\/h5>\n<p>A fenti feladatok elv\u00e9gz\u00e9se ut\u00e1n kattintson a \u201c<strong>k\u00f6zz\u00e9t\u00e9tel<\/strong>\u201d gombra.<\/p>\n<p>Ez az oldal t\u00f6bb &#8211; b\u00e1r nem az \u00f6sszes &#8211; &#8222;extra&#8221; gyakorlat c\u00e9lpontja lesz majd.\u00a0<\/p>\n<style>\n           #page-grid .card-body > .line-clamp-box.excerpt{\n        width: inherit;\n        max-width: inherit;\n        display:flex;\n        min-height: 2.4em;\n        flex-direction: column;\n        justify-content: space-around;\n        background-color: #D6E4EA;\n        min-height: 3.4rem;\n        font-family: \"Montserrat\", sans-serif;\n    }\n\n    #page-grid a:hover .card-body > .line-clamp-box.excerpt {\n        background-color: #fff;\n        color: #313B40;\n    }\n\n    #page-grid .card-body .line-clamp-box.excerpt section{\n        max-width: inherit;\n        display: -webkit-box;\n        -webkit-line-clamp: 2;\n        -webkit-box-orient: vertical;\n        overflow: hidden;\n        text-overflow: ellipsis;\n        hyphens: auto;\n        margin: auto;\n        \n    }\n    .line-clamp-box.excerpt section, .line-clamp-box.excerpt section p{\n        font-size:0.8em;\n    }\n    \n<\/style>\n    <section id=\"page-grid\">\n        <section class=\"d-block d-md-flex title-row my-3 ml-0 ml-md-1\">\n<div class=\"section-title  mb-1 \">\n<h2>\n    Feladatok\n<\/h2>\n<\/div>\n<\/section>\n        <div class=\"row row-cols-1 row-cols-md-2 row-cols-lg-3 no-gutters mx-0 \">    <div class =\"col  mb-2 card-wrapper\">\n        <a class=\"d-flex flex-fill card-link-warapper m-md-1\" href=\"https:\/\/semmelweis.hu\/mintahonlap\/gyakorlo-feladatok-extra\/tabulalt-fules-megjelenites\/\">\n            <div class=\"card border border-secondary se-border flex-fill\">\n                <div class=\"row no-gutters mx-0 d-flex flex-nowrap flex-md-wrap align-items-center\">\n                    <div class =\"  col-5 col-md-12  d-none  d-md-none d-md-none  bg-image  card-image justify-content-center\">\n                        <img class='wp-post-image img-fluid landscape' src='https:\/\/semmelweis.hu\/mintahonlap\/wp-content\/themes\/se18\/dist\/images\/svg\/bg-image.svg' \/>\n                    <\/div>\n                    <div class=\"card-body  col flex-column  col-md-12 p-0\">\n                        <div class=\"line-clamp-box p-3\">\n                            <h5 class=\"ml-0 ml-sm-1 mt-2 align-items-center\"  >Tabul\u00e1lt - f\u00fcles megjelen\u00edt\u00e9s<\/h5>\n                        <\/div>\n                        \n                    <\/div>\n                <\/div>\n\n            <\/div>\n        <\/a>\n    <\/div>    <div class =\"col  mb-2 card-wrapper\">\n        <a class=\"d-flex flex-fill card-link-warapper m-md-1\" href=\"https:\/\/semmelweis.hu\/mintahonlap\/gyakorlo-feladatok-extra\/lenyilo-es-felzarodo-funkcio\/\">\n            <div class=\"card border border-secondary se-border flex-fill\">\n                <div class=\"row no-gutters mx-0 d-flex flex-nowrap flex-md-wrap align-items-center\">\n                    <div class =\"  col-5 col-md-12  d-none  d-md-none d-md-none  bg-image  card-image justify-content-center\">\n                        <img class='wp-post-image img-fluid landscape' src='https:\/\/semmelweis.hu\/mintahonlap\/wp-content\/themes\/se18\/dist\/images\/svg\/bg-image.svg' \/>\n                    <\/div>\n                    <div class=\"card-body  col flex-column  col-md-12 p-0\">\n                        <div class=\"line-clamp-box p-3\">\n                            <h5 class=\"ml-0 ml-sm-1 mt-2 align-items-center\"  >Leny\u00edl\u00f3 \u00e9s felz\u00e1r\u00f3d\u00f3 funkci\u00f3<\/h5>\n                        <\/div>\n                        \n                    <\/div>\n                <\/div>\n\n            <\/div>\n        <\/a>\n    <\/div>    <div class =\"col  mb-2 card-wrapper\">\n        <a class=\"d-flex flex-fill card-link-warapper m-md-1\" href=\"https:\/\/semmelweis.hu\/mintahonlap\/gyakorlo-feladatok-extra\/table-press-excel-fajl-importalasa\/\">\n            <div class=\"card border border-secondary se-border flex-fill\">\n                <div class=\"row no-gutters mx-0 d-flex flex-nowrap flex-md-wrap align-items-center\">\n                    <div class =\"  col-5 col-md-12  d-none  d-md-none d-md-none  bg-image  card-image justify-content-center\">\n                        <img class='wp-post-image img-fluid landscape' src='https:\/\/semmelweis.hu\/mintahonlap\/wp-content\/themes\/se18\/dist\/images\/svg\/bg-image.svg' \/>\n                    <\/div>\n                    <div class=\"card-body  col flex-column  col-md-12 p-0\">\n                        <div class=\"line-clamp-box p-3\">\n                            <h5 class=\"ml-0 ml-sm-1 mt-2 align-items-center\"  >Table Press \u2013 Excel f\u00e1jl import\u00e1l\u00e1sa<\/h5>\n                        <\/div>\n                        \n                    <\/div>\n                <\/div>\n\n            <\/div>\n        <\/a>\n    <\/div>    <div class =\"col  mb-2 card-wrapper\">\n        <a class=\"d-flex flex-fill card-link-warapper m-md-1\" href=\"https:\/\/semmelweis.hu\/mintahonlap\/gyakorlo-feladatok-extra\/gyik-faq-szekcio-hozzaadasa\/\">\n            <div class=\"card border border-secondary se-border flex-fill\">\n                <div class=\"row no-gutters mx-0 d-flex flex-nowrap flex-md-wrap align-items-center\">\n                    <div class =\"  col-5 col-md-12  d-none  d-md-none d-md-none  bg-image  card-image justify-content-center\">\n                        <img class='wp-post-image img-fluid landscape' src='https:\/\/semmelweis.hu\/mintahonlap\/wp-content\/themes\/se18\/dist\/images\/svg\/bg-image.svg' \/>\n                    <\/div>\n                    <div class=\"card-body  col flex-column  col-md-12 p-0\">\n                        <div class=\"line-clamp-box p-3\">\n                            <h5 class=\"ml-0 ml-sm-1 mt-2 align-items-center\"  >GYIK\/FAQ szekci\u00f3 hozz\u00e1ad\u00e1sa<\/h5>\n                        <\/div>\n                        \n                    <\/div>\n                <\/div>\n\n            <\/div>\n        <\/a>\n    <\/div>    <div class =\"col  mb-2 card-wrapper\">\n        <a class=\"d-flex flex-fill card-link-warapper m-md-1\" href=\"https:\/\/semmelweis.hu\/mintahonlap\/gyakorlo-feladatok-extra\/nezetek-kartyas-youtube-stb\/\">\n            <div class=\"card border border-secondary se-border flex-fill\">\n                <div class=\"row no-gutters mx-0 d-flex flex-nowrap flex-md-wrap align-items-center\">\n                    <div class =\"  col-5 col-md-12  d-none  d-md-none d-md-none  bg-image  card-image justify-content-center\">\n                        <img class='wp-post-image img-fluid landscape' src='https:\/\/semmelweis.hu\/mintahonlap\/wp-content\/themes\/se18\/dist\/images\/svg\/bg-image.svg' \/>\n                    <\/div>\n                    <div class=\"card-body  col flex-column  col-md-12 p-0\">\n                        <div class=\"line-clamp-box p-3\">\n                            <h5 class=\"ml-0 ml-sm-1 mt-2 align-items-center\"  >N\u00e9zetek (k\u00e1rty\u00e1s, YouTube, stb.)<\/h5>\n                        <\/div>\n                        \n                    <\/div>\n                <\/div>\n\n            <\/div>\n        <\/a>\n    <\/div>    <div class =\"col  mb-2 card-wrapper\">\n        <a class=\"d-flex flex-fill card-link-warapper m-md-1\" href=\"https:\/\/semmelweis.hu\/mintahonlap\/gyakorlo-feladatok-extra\/urlap-keszitese-elhelyezese\/\">\n            <div class=\"card border border-secondary se-border flex-fill\">\n                <div class=\"row no-gutters mx-0 d-flex flex-nowrap flex-md-wrap align-items-center\">\n                    <div class =\"  col-5 col-md-12  d-none  d-md-none d-md-none  bg-image  card-image justify-content-center\">\n                        <img class='wp-post-image img-fluid landscape' src='https:\/\/semmelweis.hu\/mintahonlap\/wp-content\/themes\/se18\/dist\/images\/svg\/bg-image.svg' \/>\n                    <\/div>\n                    <div class=\"card-body  col flex-column  col-md-12 p-0\">\n                        <div class=\"line-clamp-box p-3\">\n                            <h5 class=\"ml-0 ml-sm-1 mt-2 align-items-center\"  >\u0170rlap k\u00e9sz\u00edt\u00e9se - elhelyez\u00e9se<\/h5>\n                        <\/div>\n                        \n                    <\/div>\n                <\/div>\n\n            <\/div>\n        <\/a>\n    <\/div>    <div class =\"col  mb-2 card-wrapper\">\n        <a class=\"d-flex flex-fill card-link-warapper m-md-1\" href=\"https:\/\/semmelweis.hu\/mintahonlap\/gyakorlo-feladatok-extra\/bejegyzesek-letrehozasa-mentese\/\">\n            <div class=\"card border border-secondary se-border flex-fill\">\n                <div class=\"row no-gutters mx-0 d-flex flex-nowrap flex-md-wrap align-items-center\">\n                    <div class =\"  col-5 col-md-12  d-none  d-md-none d-md-none  bg-image  card-image justify-content-center\">\n                        <img class='wp-post-image img-fluid landscape' src='https:\/\/semmelweis.hu\/mintahonlap\/wp-content\/themes\/se18\/dist\/images\/svg\/bg-image.svg' \/>\n                    <\/div>\n                    <div class=\"card-body  col flex-column  col-md-12 p-0\">\n                        <div class=\"line-clamp-box p-3\">\n                            <h5 class=\"ml-0 ml-sm-1 mt-2 align-items-center\"  >Bejegyz\u00e9sek l\u00e9trehoz\u00e1sa, ment\u00e9se<\/h5>\n                        <\/div>\n                        \n                    <\/div>\n                <\/div>\n\n            <\/div>\n        <\/a>\n    <\/div>    <div class =\"col  mb-2 card-wrapper\">\n        <a class=\"d-flex flex-fill card-link-warapper m-md-1\" href=\"https:\/\/semmelweis.hu\/mintahonlap\/gyakorlo-feladatok-extra\/fooldali-szakaszok-beallitasa-extra\/\">\n            <div class=\"card border border-secondary se-border flex-fill\">\n                <div class=\"row no-gutters mx-0 d-flex flex-nowrap flex-md-wrap align-items-center\">\n                    <div class =\"  col-5 col-md-12  d-none  d-md-none d-md-none  bg-image  card-image justify-content-center\">\n                        <img class='wp-post-image img-fluid landscape' src='https:\/\/semmelweis.hu\/mintahonlap\/wp-content\/themes\/se18\/dist\/images\/svg\/bg-image.svg' \/>\n                    <\/div>\n                    <div class=\"card-body  col flex-column  col-md-12 p-0\">\n                        <div class=\"line-clamp-box p-3\">\n                            <h5 class=\"ml-0 ml-sm-1 mt-2 align-items-center\"  >F\u0151oldali szakaszok be\u00e1ll\u00edt\u00e1sa - Extra<\/h5>\n                        <\/div>\n                        \n                    <\/div>\n                <\/div>\n\n            <\/div>\n        <\/a>\n    <\/div>        <\/div>\n    <\/section>\n","protected":false},"excerpt":{"rendered":"<p>Amennyiben az <a href=\"https:\/\/semmelweis.hu\/mintahonlap\/bevezetes\/\" target=\"_blank\" rel=\"noopener\">alapfeladatokkal<\/a> m\u00e1r j\u00f3l elboldogul, k\u00f6vetkezhet a komplexebb, &#8222;extra&#8221; ter\u00fcletek gyakorl\u00e1sa. Az al\u00e1bbi pr\u00f3bafeladatok specifikus funkci\u00f3kat \u00f6lelnek fel, ez\u00e9rt el\u0151fordul\u00e1suk j\u00f3val ritk\u00e1bb mint az alapk\u00e9pz\u00e9sben megismert munkafolyamatok\u00e9. \u00c9rdemes csak azokkal foglalkozni, ami a saj\u00e1t honlapon van, vagy esetleg sz\u00fcks\u00e9g lehet r\u00e1. A gyakorl\u00f3 feladatok elv\u00e9gz\u00e9se sor\u00e1n \u00e9rdemes p\u00e1rhuzamosan a\u00a0szerkeszt\u0151i \u00fatmutat\u00f3 le\u00edr\u00e1sokat \u00e9s vide\u00f3kat tartalmaz\u00f3\u00a0\u00a0 <a href=\"https:\/\/semmelweis.hu\/wiki\/\" target=\"_blank\" rel=\"noopener\">wiki oldalunkat<\/a> \u00a0olvasni, &hellip;<\/p>\n","protected":false},"author":102160,"featured_media":0,"parent":0,"menu_order":1,"comment_status":"closed","ping_status":"closed","template":"template-fullwidth.php","meta":{"_acf_changed":false,"footnotes":""},"categories":[],"tags":[],"class_list":["post-203","page","type-page","status-publish","hentry"],"acf":[],"publishpress_future_action":{"enabled":false,"date":"1970-01-01 01:00:00","action":"","terms":[],"taxonomy":"","browser_timezone_offset":0},"_links":{"self":[{"href":"https:\/\/semmelweis.hu\/mintahonlap\/wp-json\/wp\/v2\/pages\/203","targetHints":{"allow":["GET"]}}],"collection":[{"href":"https:\/\/semmelweis.hu\/mintahonlap\/wp-json\/wp\/v2\/pages"}],"about":[{"href":"https:\/\/semmelweis.hu\/mintahonlap\/wp-json\/wp\/v2\/types\/page"}],"author":[{"embeddable":true,"href":"https:\/\/semmelweis.hu\/mintahonlap\/wp-json\/wp\/v2\/users\/102160"}],"replies":[{"embeddable":true,"href":"https:\/\/semmelweis.hu\/mintahonlap\/wp-json\/wp\/v2\/comments?post=203"}],"version-history":[{"count":10,"href":"https:\/\/semmelweis.hu\/mintahonlap\/wp-json\/wp\/v2\/pages\/203\/revisions"}],"predecessor-version":[{"id":469,"href":"https:\/\/semmelweis.hu\/mintahonlap\/wp-json\/wp\/v2\/pages\/203\/revisions\/469"}],"wp:attachment":[{"href":"https:\/\/semmelweis.hu\/mintahonlap\/wp-json\/wp\/v2\/media?parent=203"}],"wp:term":[{"taxonomy":"category","embeddable":true,"href":"https:\/\/semmelweis.hu\/mintahonlap\/wp-json\/wp\/v2\/categories?post=203"},{"taxonomy":"post_tag","embeddable":true,"href":"https:\/\/semmelweis.hu\/mintahonlap\/wp-json\/wp\/v2\/tags?post=203"}],"curies":[{"name":"wp","href":"https:\/\/api.w.org\/{rel}","templated":true}]}}