{"id":153,"date":"2024-06-17T15:39:40","date_gmt":"2024-06-17T13:39:40","guid":{"rendered":"https:\/\/semmelweis.hu\/mintahonlap\/?page_id=153"},"modified":"2024-11-20T13:58:58","modified_gmt":"2024-11-20T12:58:58","slug":"torles","status":"publish","type":"page","link":"https:\/\/semmelweis.hu\/mintahonlap\/bevezetes\/torles\/","title":{"rendered":"Lez\u00e1r\u00e1s &#8211; a gyakorl\u00f3 tartalmak t\u00f6rl\u00e9se"},"content":{"rendered":"<p>Az \u00f6nellen\u0151rz\u00e9st k\u00f6vet\u0151en, fontos, hogy <strong>a feladatsorban meghat\u00e1rozott oldalakat \u00e9s be\u00e1ll\u00edt\u00e1sokat t\u00f6r\u00f6lje <\/strong><em>(ha m\u00e9g nem tette meg).<\/em>\u00a0\u00a0<\/p>\n<ol>\n<li>Nyissa meg a <strong>Vez\u00e9rl\u0151pult &gt; Megjelen\u00e9s &gt;<\/strong> <strong>Men\u00fck <\/strong>men\u00fcpontot majd gyakorlatokhoz kapcsol\u00f3d\u00f3 men\u00fcpontokat <strong>t\u00e1vol\u00edtsa el a men\u00fcb\u0151l<\/strong> \u00e9s <strong>mentse el<\/strong> a v\u00e1ltoz\u00e1sokat.<\/li>\n<li>A <strong>Vez\u00e9rl\u0151pult &gt; Oldalak &gt; \u00d6sszes oldal<\/strong> men\u00fcpontra kattintva list\u00e1zza ki <strong>a gyakorl\u00e1s sor\u00e1n<\/strong> l\u00e9trehozott oldalakat. (d\u00e1tum vagy oldal c\u00edme alapj\u00e1n is k\u00f6nnyed\u00e9n megtal\u00e1lhat\u00f3ak). <strong>Az elk\u00e9sz\u00edtett gyakorl\u00f3 oldalakat<\/strong> <strong>helyezze a lomt\u00e1rba<\/strong>.<\/li>\n<li>Nyissa meg a <strong>f\u0151oldali szakaszokat<\/strong> \u00e9s <strong>inaktiv\u00e1lja\/\u00e1ll\u00edtsa vissza a gyakorl\u00e1s sor\u00e1n l\u00e9trehozott\/be\u00e1ll\u00edtott<\/strong> szakaszokat.<\/li>\n<\/ol>\n<p>Utols\u00f3 l\u00e9p\u00e9sk\u00e9nt <strong>ellen\u0151rizze, hogy minden l\u00e9p\u00e9st helyesen v\u00e9gzett-e el<\/strong>. Amennyiben igen, \u00fagy a weboldalnak <strong>a gyakorlatok megkezd\u00e9s\u00e9t megel\u0151z\u0151 \u00e1llapotban<\/strong> kell lennie.<\/p>\n","protected":false},"excerpt":{"rendered":"<p>Az \u00f6nellen\u0151rz\u00e9st k\u00f6vet\u0151en, fontos, hogy a feladatsorban meghat\u00e1rozott oldalakat \u00e9s be\u00e1ll\u00edt\u00e1sokat t\u00f6r\u00f6lje (ha m\u00e9g nem tette meg).\u00a0\u00a0 Nyissa meg a Vez\u00e9rl\u0151pult &gt; Megjelen\u00e9s &gt; Men\u00fck men\u00fcpontot majd gyakorlatokhoz kapcsol\u00f3d\u00f3 men\u00fcpontokat t\u00e1vol\u00edtsa el a men\u00fcb\u0151l \u00e9s mentse el a v\u00e1ltoz\u00e1sokat. A Vez\u00e9rl\u0151pult &gt; Oldalak &gt; \u00d6sszes oldal men\u00fcpontra kattintva list\u00e1zza ki a gyakorl\u00e1s sor\u00e1n l\u00e9trehozott oldalakat. &hellip;<\/p>\n","protected":false},"author":102160,"featured_media":0,"parent":80,"menu_order":4,"comment_status":"closed","ping_status":"closed","template":"template-fullwidth.php","meta":{"_acf_changed":false,"footnotes":""},"categories":[],"tags":[],"class_list":["post-153","page","type-page","status-publish","hentry"],"acf":[],"publishpress_future_action":{"enabled":false,"date":"1970-01-01 01:00:00","action":"","terms":[],"taxonomy":"","browser_timezone_offset":0},"_links":{"self":[{"href":"https:\/\/semmelweis.hu\/mintahonlap\/wp-json\/wp\/v2\/pages\/153","targetHints":{"allow":["GET"]}}],"collection":[{"href":"https:\/\/semmelweis.hu\/mintahonlap\/wp-json\/wp\/v2\/pages"}],"about":[{"href":"https:\/\/semmelweis.hu\/mintahonlap\/wp-json\/wp\/v2\/types\/page"}],"author":[{"embeddable":true,"href":"https:\/\/semmelweis.hu\/mintahonlap\/wp-json\/wp\/v2\/users\/102160"}],"replies":[{"embeddable":true,"href":"https:\/\/semmelweis.hu\/mintahonlap\/wp-json\/wp\/v2\/comments?post=153"}],"version-history":[{"count":3,"href":"https:\/\/semmelweis.hu\/mintahonlap\/wp-json\/wp\/v2\/pages\/153\/revisions"}],"predecessor-version":[{"id":358,"href":"https:\/\/semmelweis.hu\/mintahonlap\/wp-json\/wp\/v2\/pages\/153\/revisions\/358"}],"up":[{"embeddable":true,"href":"https:\/\/semmelweis.hu\/mintahonlap\/wp-json\/wp\/v2\/pages\/80"}],"wp:attachment":[{"href":"https:\/\/semmelweis.hu\/mintahonlap\/wp-json\/wp\/v2\/media?parent=153"}],"wp:term":[{"taxonomy":"category","embeddable":true,"href":"https:\/\/semmelweis.hu\/mintahonlap\/wp-json\/wp\/v2\/categories?post=153"},{"taxonomy":"post_tag","embeddable":true,"href":"https:\/\/semmelweis.hu\/mintahonlap\/wp-json\/wp\/v2\/tags?post=153"}],"curies":[{"name":"wp","href":"https:\/\/api.w.org\/{rel}","templated":true}]}}