{"id":143,"date":"2024-06-14T15:09:30","date_gmt":"2024-06-14T13:09:30","guid":{"rendered":"https:\/\/semmelweis.hu\/mintahonlap\/?page_id=143"},"modified":"2025-09-12T09:45:36","modified_gmt":"2025-09-12T07:45:36","slug":"nyitolap","status":"publish","type":"page","link":"https:\/\/semmelweis.hu\/mintahonlap\/bevezetes\/nyitolap\/","title":{"rendered":"Nyit\u00f3lapi tartalmak \u00e9s szakaszok szerkeszt\u00e9se"},"content":{"rendered":"<div class=\"keretes w-100\">\n<p>Az al\u00e1bbi gyakorl\u00f3feladatokkal a honlap nyit\u00f3lapja lesz m\u00f3dos\u00edthat\u00f3! Amennyiben \u00d6nnek m\u00e1r nyilv\u00e1nos, haszn\u00e1latban l\u00e9v\u0151 honlapja van, \u00fagy a gyakorl\u00f3feladatokat \u00e1t kell gondolni \u00e9s csak olyan id\u0151szakban szabad a nyit\u00f3lapra gyakorl\u00f3 tartalmakat kitenni, amikor azt v\u00e9lhet\u0151en nem sokan n\u00e9zik \u00e9s p\u00e1r percn\u00e9l tov\u00e1bb ne legyen gyakorl\u00f3tartalom a nyit\u00f3lapon.\u00a0<\/p>\n<h6><span style=\"font-size: 13pt;\"><strong><span style=\"color: #ff6600;\">Figyelem!<\/span><\/strong> A gyakorl\u00e1s legv\u00e9g\u00e9n <strong>minden felesleges be\u00e1ll\u00edt\u00e1st meg kell sz\u00fcntetni <\/strong>\u00a0&#8211; \u00e9rdemes menet k\u00f6zben fel\u00edrni, hogy mi volt az eredeti be\u00e1ll\u00edt\u00e1sa.\u00a0<\/span><\/h6>\n<p><a href=\"https:\/\/semmelweis.hu\/wiki\/megjelenes\/nyitolap-es-kepvalto-beallitasa\/\" target=\"_blank\" rel=\"noopener\">Kapcsol\u00f3d\u00f3 Wiki le\u00edr\u00e1s \u2192<\/a><\/p>\n<\/div>\n<h2>F\u0151oldal &#8211; nyit\u00f3lapi szakaszok<\/h2>\n<p>A f\u0151oldali szakaszok be\u00e1ll\u00edt\u00e1sa sor\u00e1n aktiv\u00e1lja, ha m\u00e9g nincs aktiv\u00e1lva<\/p>\n<ul>\n<li>a \u201cK\u00e9pv\u00e1lt\u00f3\u201d,<\/li>\n<li>&#8222;Bemutatkoz\u00e1s (infobox)\u201d,<\/li>\n<li>\u201cH\u00edrek\u201d,<\/li>\n<li>illetve \u201cHasznos linkek \u2013 Kapcsolatok\u201d szakaszokat.<\/li>\n<\/ul>\n<h3>K\u00e9pv\u00e1lt\u00f3 szakasz be\u00e1ll\u00edt\u00e1sa<\/h3>\n<p>Aktiv\u00e1lja a k\u00e9pv\u00e1lt\u00f3 szakaszt, helyezze az els\u0151 helyre, majd adja meg az al\u00e1bbi be\u00e1ll\u00edt\u00e1sokat:<\/p>\n<ul>\n<li>A k\u00e9pek k\u00f6z\u00f6tti k\u00e9sleltet\u00e9s ms-ban: 5000<\/li>\n<li>Anim\u00e1ci\u00f3 sz\u00fcneteltet\u00e9se (Ha f\u00f6l\u00e9h\u00fazza az egeret, le\u00e1ll az anim\u00e1ci\u00f3.): Yes<\/li>\n<li>El\u0151z\u0151\/k\u00f6vetkez\u0151 navig\u00e1ci\u00f3 (el\u0151z\u0151\/k\u00f6vetkez\u0151 gombok a k\u00e9pen): Yes<\/li>\n<li>Mutassuk a k\u00e9pen lev\u0151 feliratot? Yes<\/li>\n<li>Mutassuk a k\u00e9p alatti sz\u00f6veget? No<\/li>\n<li>Hivatkoz\u00e1sok megnyit\u00e1sa \u00faj ablakban? No<\/li>\n<li>K\u00e9pek sz\u00e1ma: 5<\/li>\n<\/ul>\n<p>T\u00f6ltse ki a k\u00e9pekre vonatkoz\u00f3 hivatkoz\u00e1sokat (a megadott param\u00e9terek ment\u00e9n kiv\u00e1gott, tetsz\u00e9s szerinti k\u00e9pekkel mind a teljes, mind a telefonos n\u00e9zet eset\u00e9n).<\/p>\n<p><strong>Saj\u00e1t k\u00e9p 1<\/strong><\/p>\n<ul>\n<li>C\u00e9l URL (landol\u00f3 oldal): A vonatkoz\u00f3 oldal url c\u00edme<\/li>\n<li>K\u00e9pen lev\u0151 felirat: Bemutatkozunk (Kor\u00e1bban F\u0151men\u00fcpont)<\/li>\n<\/ul>\n<p><strong>Saj\u00e1t k\u00e9p 2<\/strong><\/p>\n<ul>\n<li>C\u00e9l URL (landol\u00f3 oldal): A vonatkoz\u00f3 oldal url c\u00edme<\/li>\n<li>K\u00e9pen lev\u0151 felirat: Ismertet\u0151 (Kor\u00e1bban Almen\u00fcpont 3)<\/li>\n<\/ul>\n<p><strong>Saj\u00e1t k\u00e9p 3<\/strong><\/p>\n<ul>\n<li>C\u00e9l URL (landol\u00f3 oldal): A vonatkoz\u00f3 oldal url c\u00edme<\/li>\n<li>K\u00e9pen lev\u0151 felirat: Dokumentumok (Kor\u00e1bban Men\u00fcpont 1)<\/li>\n<\/ul>\n<p>Amint k\u00e9szen van, mentse el a v\u00e1ltoz\u00e1sokat.<\/p>\n<h3>Bemutatkoz\u00e1s (infobox) szakasz be\u00e1ll\u00edt\u00e1sa<\/h3>\n<p>Aktiv\u00e1lja a \u201cBemutatkoz\u00e1s (infobox) szakaszt majd v\u00e9gezze el az al\u00e1bbi be\u00e1ll\u00edt\u00e1sokat.<\/p>\n<ul>\n<li>Megjelen\u00edtend\u0151 oldal: Dokumentumok (Kor\u00e1bban Men\u00fcpont 1 \u2013es)<\/li>\n<li>Melyik oldalon jelenjen meg a k\u00e9p: jobb<\/li>\n<li>Milyen sz\u00edn\u0171 legyen a doboz: Kari sz\u00edn<\/li>\n<\/ul>\n<p>Amint k\u00e9szen van, mentse el a v\u00e1ltoz\u00e1sokat.<\/p>\n<h3>H\u00edrek szakasz be\u00e1ll\u00edt\u00e1sa<\/h3>\n<p>A szakasz be\u00e1ll\u00edt\u00e1sait az al\u00e1bbiak szerint v\u00e9gezze el:<\/p>\n<ul>\n<li>Forr\u00e1s: Semmelweis H\u00edrek<\/li>\n<li>Kateg\u00f3ria \/ C\u00edmke v\u00e1laszt\u00e1s: Semmelweis Vil\u00e1g<\/li>\n<li>K\u00e1rty\u00e1k sz\u00e1ma a c\u00edmoldalon: 9<\/li>\n<li>Megjelen\u00edt\u00e9s opci\u00f3k: K\u00e9p<\/li>\n<li>C\u00edm maxim\u00e1lis hossza: 120<\/li>\n<li>Kivonat maxim\u00e1lis hossza: 140<\/li>\n<li>Tov\u00e1bbmutat\u00f3 link URL: https:\/\/semmelweis.hu\/hirek\/<\/li>\n<li>Tov\u00e1bbmutat\u00f3 link sz\u00f6vege: Tov\u00e1bbi h\u00edrek<\/li>\n<\/ul>\n<p>Amint k\u00e9szen van, mentse el a v\u00e1ltoz\u00e1sokat.<\/p>\n<h3>Hasznos linkek \u2013 Kapcsolatok szakasz be\u00e1ll\u00edt\u00e1sa<\/h3>\n<p>A szakasz be\u00e1ll\u00edt\u00e1sait az al\u00e1bbiak szerint v\u00e9gezze el:<\/p>\n<p><strong>(Hasznos linkek)<\/strong><\/p>\n<ul>\n<li>Blokk c\u00edme: Alapbe\u00e1ll\u00edt\u00e1s avagy v\u00e1lasztott linkek szerint tetsz\u0151leges c\u00edm.<\/li>\n<li>Linkek: 5 darab tetsz\u0151leges (relev\u00e1ns) hivatkoz\u00e1s, n\u00e9v<\/li>\n<\/ul>\n<p><strong>(Kapcsolatok)<\/strong><\/p>\n<ul>\n<li>Blokk c\u00edme: Alapbe\u00e1ll\u00edt\u00e1s vagy v\u00e1lasztott (relev\u00e1ns) c\u00edm<\/li>\n<li>Kapcsolat oldal: Kapcsolat (kor\u00e1bban men\u00fcpont 2-es)<\/li>\n<li>Link sz\u00f6vege: Alapbe\u00e1ll\u00edt\u00e1s vagy v\u00e1lasztott (relev\u00e1ns) c\u00edm<\/li>\n<li>Megjelen\u00edtend\u0151 adatok: c\u00edm, telefon, fax, email (telefonk\u00f6nyvb\u0151l gener\u00e1lt)<\/li>\n<li>T\u00e9rk\u00e9p be\u00e1ll\u00edt\u00e1sa, helysz\u00edn: 1085 Budapest, \u00dcll\u0151i \u00fat 26.<\/li>\n<li>K\u00f6z\u00f6ss\u00e9gi oldalak<\/li>\n<li>Bevezet\u0151 sz\u00f6veg: K\u00f6vess minket<\/li>\n<li>Ikon neve: facebook<\/li>\n<li>Link c\u00edme: https:\/\/www.facebook.com\/semmelweisegyetem\/?locale=hu_HU<\/li>\n<\/ul>\n<p>Amint k\u00e9szen van, mentse el a v\u00e1ltoz\u00e1sokat.<\/p>\n","protected":false},"excerpt":{"rendered":"<p>Az al\u00e1bbi gyakorl\u00f3feladatokkal a honlap nyit\u00f3lapja lesz m\u00f3dos\u00edthat\u00f3! Amennyiben \u00d6nnek m\u00e1r nyilv\u00e1nos, haszn\u00e1latban l\u00e9v\u0151 honlapja van, \u00fagy a gyakorl\u00f3feladatokat \u00e1t kell gondolni \u00e9s csak olyan id\u0151szakban szabad a nyit\u00f3lapra gyakorl\u00f3.<br \/>\n<a href=\"#\" class=\"btn btn-secondary\">Gomb<\/a><br \/>\nsfhadkdhgjd<\/p>\n","protected":false},"author":102160,"featured_media":0,"parent":80,"menu_order":3,"comment_status":"closed","ping_status":"closed","template":"template-fullwidth.php","meta":{"_acf_changed":false,"footnotes":""},"categories":[],"tags":[],"class_list":["post-143","page","type-page","status-publish","hentry"],"acf":[],"publishpress_future_action":{"enabled":false,"date":"1970-01-01 01:00:00","action":"","terms":[],"taxonomy":"","browser_timezone_offset":0},"_links":{"self":[{"href":"https:\/\/semmelweis.hu\/mintahonlap\/wp-json\/wp\/v2\/pages\/143","targetHints":{"allow":["GET"]}}],"collection":[{"href":"https:\/\/semmelweis.hu\/mintahonlap\/wp-json\/wp\/v2\/pages"}],"about":[{"href":"https:\/\/semmelweis.hu\/mintahonlap\/wp-json\/wp\/v2\/types\/page"}],"author":[{"embeddable":true,"href":"https:\/\/semmelweis.hu\/mintahonlap\/wp-json\/wp\/v2\/users\/102160"}],"replies":[{"embeddable":true,"href":"https:\/\/semmelweis.hu\/mintahonlap\/wp-json\/wp\/v2\/comments?post=143"}],"version-history":[{"count":9,"href":"https:\/\/semmelweis.hu\/mintahonlap\/wp-json\/wp\/v2\/pages\/143\/revisions"}],"predecessor-version":[{"id":582,"href":"https:\/\/semmelweis.hu\/mintahonlap\/wp-json\/wp\/v2\/pages\/143\/revisions\/582"}],"up":[{"embeddable":true,"href":"https:\/\/semmelweis.hu\/mintahonlap\/wp-json\/wp\/v2\/pages\/80"}],"wp:attachment":[{"href":"https:\/\/semmelweis.hu\/mintahonlap\/wp-json\/wp\/v2\/media?parent=143"}],"wp:term":[{"taxonomy":"category","embeddable":true,"href":"https:\/\/semmelweis.hu\/mintahonlap\/wp-json\/wp\/v2\/categories?post=143"},{"taxonomy":"post_tag","embeddable":true,"href":"https:\/\/semmelweis.hu\/mintahonlap\/wp-json\/wp\/v2\/tags?post=143"}],"curies":[{"name":"wp","href":"https:\/\/api.w.org\/{rel}","templated":true}]}}