{"id":113,"date":"2024-06-14T14:35:08","date_gmt":"2024-06-14T12:35:08","guid":{"rendered":"https:\/\/semmelweis.hu\/mintahonlap\/?page_id=113"},"modified":"2024-11-20T13:56:58","modified_gmt":"2024-11-20T12:56:58","slug":"menu-szerkesztese-menupontok-letrehozasa","status":"publish","type":"page","link":"https:\/\/semmelweis.hu\/mintahonlap\/bevezetes\/menu-szerkesztese-menupontok-letrehozasa\/","title":{"rendered":"Men\u00fc szerkeszt\u00e9se &#8211; men\u00fcpontok l\u00e9trehoz\u00e1sa"},"content":{"rendered":"<div class=\"keretes w-100\">\n<p>Az al\u00e1bbi gyakorl\u00f3feladatokkal <a href=\"https:\/\/semmelweis.hu\/mintahonlap\/bevezetes\/oldalak-letrehozasa-szerkesztese\/\">a kor\u00e1bban l\u00e9trehozott gyakorl\u00f3oldalakat<\/a> \u00a0lehet kitenni a men\u00fcsorba (r\u00f6vid id\u0151re, csak a gyakorl\u00e1s perceire). A men\u00fcpontok hely\u00e9nek \u00e9s sorrendj\u00e9nek kialak\u00edt\u00e1sakor k\u00f6vesse a sz\u00fcl\u0151be\u00e1ll\u00edt\u00e1sokkal megadott hierarchi\u00e1t. Javasoljuk olyankor gyakorolni, amikor a honlap nem nagyon l\u00e1togatott (pl. p\u00e9ntek d\u00e9lut\u00e1n)<\/p>\n<h6><span style=\"font-size: 13pt;\"><strong><span style=\"color: #ff6600;\">Figyelem!<\/span><\/strong> A gyakorl\u00e1s legv\u00e9g\u00e9n <strong>minden l\u00e9trehozott men\u00fcpontot el kell t\u00e1vol\u00edtani a men\u00fcb\u0151l<\/strong>. <strong>N<\/strong><\/span><span style=\"font-size: 13pt;\"><strong>agyon fontos, hogy nem szabad a &#8222;men\u00fct&#8221; t\u00f6r\u00f6lni, csak a men\u00fcpontokat elt\u00e1vol\u00edtani!<\/strong><\/span><span style=\"font-size: 13pt;\">\u00a0<\/span><\/h6>\n<\/div>\n<h3>1. \u00daj oldalb\u00f3l k\u00e9sz\u00edtett men\u00fcpont hozz\u00e1ad\u00e1sa a men\u00fch\u00f6z (oldal)<\/h3>\n<p><a href=\"https:\/\/semmelweis.hu\/wiki\/megjelenes\/menuk-letrehozasa-kezelese\/\" target=\"_blank\" rel=\"noopener\">Kapcsol\u00f3d\u00f3 wiki le\u00edr\u00e1s \u2192<\/a><\/p>\n<p>A<strong> legut\u00f3bb l\u00e9trehozott oldalakat<\/strong> (F\u0151men\u00fcpont, Kapcsolat, Dokumentumok, Al-almen\u00fcpont 2 \u2013 \u00e1tir\u00e1ny\u00edtott) <strong>helyezze el a men\u00fcrendszerben a sz\u00fcl\u0151vel \u00e9s sorrenddel \u00f6sszhangban<\/strong>. Tartsa vissza a men\u00fcpontokat is intranetre!<\/p>\n<p>Ment\u00e9s ut\u00e1n ellen\u0151rizze le \u00f6nmag\u00e1t &#8211; ennek a honlapnak a men\u00fcj\u00e9ben a megfelel\u0151 helyen \u00e9s sorrendben l\u00e1thatja az oldalakat.<\/p>\n<h3>2. K\u00e9sz\u00edtsen egy\u00e9ni hivatkoz\u00e1sb\u00f3l f\u0151men\u00fcpontot<\/h3>\n<p>K\u00e9sz\u00edtsen egy &#8222;K\u00f6nyvt\u00e1r&#8221; c\u00edm\u0171 f\u0151men\u00fcpontot a Kapcsolat ut\u00e1n, amely \u00faj f\u00fclben ny\u00edlik meg \u00e9s az egyetem a K\u00f6zponti K\u00f6nyvt\u00e1r\u00e1nak honlapj\u00e1ra ugrik.\u00a0<\/p>\n<p><strong>Ment\u00e9s ut\u00e1n ellen\u0151rizze le \u00f6nmag\u00e1t &#8211; ennek a honlapnak a men\u00fcj\u00e9ben l\u00e1thatja az ugr\u00f3pontot.<\/strong><\/p>\n<h3>3. Men\u00fcpont \u00e1tnevez\u00e9se\u00a0<\/h3>\n<p>A men\u00fcszerkezetben kattintson a F\u0151men\u00fcpontra \u00e9s \u00edrja \u00e1t <strong>a navig\u00e1ci\u00f3s c\u00edmk\u00e9ben tal\u00e1lhat\u00f3 sz\u00f6veget<\/strong> \u00edrja \u00e1t tetsz\u0151legesen. Ment\u00e9s ut\u00e1n l\u00e1that\u00f3 lesz, hogy az \u00faj c\u00edmmel jelenik meg a men\u00fcsorban a men\u00fcpont, azonban az oldalra kattintva annak a c\u00edme az eredeti maradt. &#8211; Ezt n\u00e1lunk nem fogja tudni ellen\u0151rizni.\u00a0<\/p>\n<h3>4. Men\u00fcpontok \u00e1thelyez\u00e9se<\/h3>\n<p>Tetsz\u0151legesen kipr\u00f3b\u00e1lhatja a gyakorl\u00f3 men\u00fcpontok \u00e1thelyez\u00e9s\u00e9t &#8211; \u00e9lesben a men\u00fc\u00e1thelyez\u00e9st az \u00e9rintett oldal sz\u00fcl\u0151 \u00e9s a sorrend be\u00e1ll\u00edt\u00e1s\u00e1nak a m\u00f3dos\u00edtsa kell, hogy k\u00eds\u00e9rje, azaz a men\u00fc \u00e9s az oldalak sz\u00fcl\u0151z\u00e9se \u00e9s sorrendbe\u00e1ll\u00edt\u00e1sa mindig \u00f6sszhangban kell, hogy legyen.<\/p>\n<p><strong>Ment\u00e9s ut\u00e1n ellen\u0151rizze mag\u00e1t a saj\u00e1t honlapj\u00e1n<\/strong> &#8211; ezt n\u00e1lunk nem fogja tudni ellen\u0151rizni.\u00a0<\/p>\n<div class=\"fontos_div\">\n<p><span style=\"color: #ff6600;\"><strong>Figyelem!<\/strong><\/span> <strong>Legv\u00e9g\u00fcl ne felejtse el elt\u00e1vol\u00edtani a l\u00e9trehozott men\u00fcpontokat \u00e9s kit\u00f6r\u00f6lni a gyakorl\u00f3 oldalakat \u00e9s a m\u00e9diat\u00e1rb\u00f3l elt\u00e1vol\u00edtani a felt\u00f6lt\u00f6tt gyakorl\u00f3 f\u00e1jlokat, k\u00e9peket.<\/strong><\/p>\n<\/div>\n","protected":false},"excerpt":{"rendered":"<p>Az al\u00e1bbi gyakorl\u00f3feladatokkal <a href=\"https:\/\/semmelweis.hu\/mintahonlap\/bevezetes\/oldalak-letrehozasa-szerkesztese\/\">a kor\u00e1bban l\u00e9trehozott gyakorl\u00f3oldalakat<\/a> \u00a0lehet kitenni a men\u00fcsorba (r\u00f6vid id\u0151re, csak a gyakorl\u00e1s perceire). A men\u00fcpontok hely\u00e9nek \u00e9s sorrendj\u00e9nek kialak\u00edt\u00e1sakor k\u00f6vesse a sz\u00fcl\u0151be\u00e1ll\u00edt\u00e1sokkal megadott hierarchi\u00e1t. Javasoljuk olyankor gyakorolni, amikor a honlap nem nagyon l\u00e1togatott (pl. p\u00e9ntek d\u00e9lut\u00e1n) Figyelem! A gyakorl\u00e1s legv\u00e9g\u00e9n minden l\u00e9trehozott men\u00fcpontot el kell t\u00e1vol\u00edtani a men\u00fcb\u0151l. Nagyon fontos, hogy nem szabad a &#8222;men\u00fct&#8221; &hellip;<\/p>\n","protected":false},"author":102160,"featured_media":0,"parent":80,"menu_order":2,"comment_status":"closed","ping_status":"closed","template":"template-fullwidth.php","meta":{"_acf_changed":false,"footnotes":""},"categories":[],"tags":[],"class_list":["post-113","page","type-page","status-publish","hentry"],"acf":[],"publishpress_future_action":{"enabled":false,"date":"1970-01-01 01:00:00","action":"","terms":[],"taxonomy":"","browser_timezone_offset":0},"_links":{"self":[{"href":"https:\/\/semmelweis.hu\/mintahonlap\/wp-json\/wp\/v2\/pages\/113","targetHints":{"allow":["GET"]}}],"collection":[{"href":"https:\/\/semmelweis.hu\/mintahonlap\/wp-json\/wp\/v2\/pages"}],"about":[{"href":"https:\/\/semmelweis.hu\/mintahonlap\/wp-json\/wp\/v2\/types\/page"}],"author":[{"embeddable":true,"href":"https:\/\/semmelweis.hu\/mintahonlap\/wp-json\/wp\/v2\/users\/102160"}],"replies":[{"embeddable":true,"href":"https:\/\/semmelweis.hu\/mintahonlap\/wp-json\/wp\/v2\/comments?post=113"}],"version-history":[{"count":10,"href":"https:\/\/semmelweis.hu\/mintahonlap\/wp-json\/wp\/v2\/pages\/113\/revisions"}],"predecessor-version":[{"id":467,"href":"https:\/\/semmelweis.hu\/mintahonlap\/wp-json\/wp\/v2\/pages\/113\/revisions\/467"}],"up":[{"embeddable":true,"href":"https:\/\/semmelweis.hu\/mintahonlap\/wp-json\/wp\/v2\/pages\/80"}],"wp:attachment":[{"href":"https:\/\/semmelweis.hu\/mintahonlap\/wp-json\/wp\/v2\/media?parent=113"}],"wp:term":[{"taxonomy":"category","embeddable":true,"href":"https:\/\/semmelweis.hu\/mintahonlap\/wp-json\/wp\/v2\/categories?post=113"},{"taxonomy":"post_tag","embeddable":true,"href":"https:\/\/semmelweis.hu\/mintahonlap\/wp-json\/wp\/v2\/tags?post=113"}],"curies":[{"name":"wp","href":"https:\/\/api.w.org\/{rel}","templated":true}]}}